{"id":149515,"date":"2025-11-24T11:22:29","date_gmt":"2025-11-24T10:22:29","guid":{"rendered":"https:\/\/zoca.es\/producto\/v7-v7-l236va-236-led-169-reconditionne-1920x1080-fr-14177\/"},"modified":"2026-04-18T00:51:11","modified_gmt":"2026-04-17T23:51:11","slug":"v7-v7-l236va-236-led-169-reconditionne-1920x1080-fr-14177","status":"publish","type":"product","link":"https:\/\/zoca.es\/fr\/produit\/v7-v7-l236va-236-led-169-reconditionne-1920x1080-fr-14177\/","title":{"rendered":"V7 V7-L236VA 23.6\u00a0\u00bb Led 16:9 | Reconditionn\u00e9 | 1920&#215;1080"},"content":{"rendered":"<p><strong>\u00c9cran<\/strong><br \/>Led 23.6 \u00a0\u00bb FullHD avec Haut-parleurs \u00b7 16:9 \u00b7 R\u00e9solution 1920&#215;1080<br \/>Dot pitch 0.272 mm<br \/>R\u00e9ponse 5 ms<br \/>Contraste 1000:1<br \/>Luminosit\u00e9 250 cd\/m2<br \/>Angle vision 178\u00b0v\/178\u00b0h<br \/><strong>Ports vid\u00e9o<\/strong><br \/>VGA<br \/>HDMI<br \/><strong>Affichage sp\u00e9cifique<\/strong><br \/>Stand VESA<br \/>Base<br \/><strong>Autres<\/strong><br \/>hR emballage<br \/><strong>Dimensions<\/strong><br \/>55&#215;40.7&#215;21 cm.<br \/><strong>Poids<\/strong><br \/>3.20 Kg.<br \/><strong>Sp\u00e9cifications suppl\u00e9mentaires<\/strong><br \/>Le V7 L236VA est un moniteur con\u00e7u pour ceux qui ont besoin d\u2019un \u00e9cran fiable, confortable et de haute qualit\u00e9 visuelle, que ce soit en bureau ou en environnement professionnel. Son format \u00e9quilibr\u00e9 et son excellente d\u00e9finition en font un choix id\u00e9al pour les distributeurs recherchant un mod\u00e8le polyvalent et \u00e0 demande constante, ainsi que pour les utilisateurs souhaitant am\u00e9liorer facilement leur espace de travail.Avec un \u00e9cran LED de 23,6 pouces FullHD (1920&#215;1080) au format 16:9, ce moniteur offre des images nettes et des couleurs uniformes gr\u00e2ce \u00e0 son contraste de 1000:1 et \u00e0 sa luminosit\u00e9 de 250 cd\/m\u00b2. Le dot pitch de 0,272 mm apporte un niveau de d\u00e9tail pr\u00e9cis, tandis que les angles de vision de 178\u00b0\/178\u00b0 garantissent une image parfaite sous n\u2019importe quel angle. Le temps de r\u00e9ponse de 5 ms assure des transitions fluides, et les haut-parleurs int\u00e9gr\u00e9s ajoutent un plus pour les t\u00e2ches multim\u00e9dias. Les connexions VGA et HDMI assurent une compatibilit\u00e9 optimale avec les appareils actuels comme plus anciens.Le V7 L236VA se distingue par une exp\u00e9rience visuelle \u00e9quilibr\u00e9e, facile \u00e0 int\u00e9grer et pr\u00eate \u00e0 am\u00e9liorer la productivit\u00e9 d\u00e8s le premier jour. Sa fiabilit\u00e9, sa qualit\u00e9 d\u2019image et son excellent rapport qualit\u00e9-prix en font un choix s\u00fbr pour les distributeurs et professionnels recherchant un moniteur pratique, robuste et performant l\u00e0 o\u00f9 cela compte le plus.Bon \u00e9tat ext\u00e9rieur. Si vous avez des questions, appelez-nous ou utilisez notre chat pour obtenir plus d\u2019informations ou davantage de d\u00e9tails.<br \/><strong>Commentaires<\/strong><br \/><u>C\u00e2ble d&rsquo;alimentation et VGA inclus<\/u><\/p>\n","protected":false},"excerpt":{"rendered":"<p>Led 23.6 \u00a0\u00bb FullHD avec Haut-parleurs \u00b7 16:9 \u00b7 Dot pitch 0.272 mm \u00b7 R\u00e9ponse 5 ms \u00b7 Contraste 1000:1 \u00b7 Luminosit\u00e9 250 cd\/m2 \u00b7 VGA \u00b7 HDMI \u00b7<br \/>\n<u>C\u00e2ble d&rsquo;alimentation et VGA inclus<br \/>\n<\/u><\/p>\n","protected":false},"featured_media":149496,"template":"","meta":[],"product_brand":[3518],"product_cat":[2237,3127],"product_tag":[3295],"class_list":{"0":"post-149515","1":"product","2":"type-product","3":"status-publish","4":"has-post-thumbnail","6":"product_brand-v7","7":"product_cat-moniteurs-fr","8":"product_cat-moniteurs-moniteurs-fr","9":"product_tag-navidad","11":"first","12":"instock","13":"taxable","14":"shipping-taxable","15":"purchasable","16":"product-type-simple"},"bundled_by":[],"bundle_stock_status":"instock","bundle_stock_quantity":2,"bundle_virtual":false,"bundle_layout":"","bundle_add_to_cart_form_location":"","bundle_editable_in_cart":false,"bundle_sold_individually_context":"","bundle_item_grouping":"","bundle_min_size":"","bundle_max_size":"","bundle_price":[],"bundled_items":[],"bundle_sell_ids":[],"exclude_global_add_ons":true,"addons":{"webcam-upgrades":{"name":"Extension Webcam","type":"multiple_choice","position":0,"required":false,"title_format":"heading","default":"","description_enable":false,"description":"","placeholder_enable":false,"placeholder":"","display":"radiobutton","restrictions_type":"any_text","adjust_price":false,"price":"","price_type":"quantity_based","restrictions":false,"min":"0","max":"0","options":[{"label":"Conceptronic AMDIS FullHD [AMP00085]","price":"29.0000","price_type":"quantity_based","image":0,"visibility":true}]},"hdmi-upgrades":{"name":"Extension c\u00e2ble","type":"multiple_choice","position":0,"required":false,"title_format":"heading","default":"","description_enable":false,"description":"","placeholder_enable":false,"placeholder":"","display":"radiobutton","restrictions_type":"any_text","adjust_price":false,"price":"","price_type":"quantity_based","restrictions":false,"min":"0","max":"0","options":[{"label":"C\u00e2ble HDMI 2 mts. [AMP00104]","price":"6.0000","price_type":"quantity_based","image":0,"visibility":true}]}},"df_price":84.7,"df_sale_price":72,"df_regular_price":84.7,"df_image_link":"https:\/\/zoca.es\/wp-content\/uploads\/images\/product\/14177\/vsev00002_01-300x225.jpg","_links":{"self":[{"href":"https:\/\/zoca.es\/fr\/wp-json\/wp\/v2\/product\/149515","targetHints":{"allow":["GET"]}}],"collection":[{"href":"https:\/\/zoca.es\/fr\/wp-json\/wp\/v2\/product"}],"about":[{"href":"https:\/\/zoca.es\/fr\/wp-json\/wp\/v2\/types\/product"}],"wp:featuredmedia":[{"embeddable":true,"href":"https:\/\/zoca.es\/fr\/wp-json\/wp\/v2\/media\/149496"}],"wp:attachment":[{"href":"https:\/\/zoca.es\/fr\/wp-json\/wp\/v2\/media?parent=149515"}],"wp:term":[{"taxonomy":"product_brand","embeddable":true,"href":"https:\/\/zoca.es\/fr\/wp-json\/wp\/v2\/product_brand?post=149515"},{"taxonomy":"product_cat","embeddable":true,"href":"https:\/\/zoca.es\/fr\/wp-json\/wp\/v2\/product_cat?post=149515"},{"taxonomy":"product_tag","embeddable":true,"href":"https:\/\/zoca.es\/fr\/wp-json\/wp\/v2\/product_tag?post=149515"}],"curies":[{"name":"wp","href":"https:\/\/api.w.org\/{rel}","templated":true}]}}