{"id":148705,"date":"2025-11-12T15:40:07","date_gmt":"2025-11-12T14:40:07","guid":{"rendered":"https:\/\/zoca.es\/producto\/hp-elitebook-840-g8-impecable-14-reconditionne-core-i7-28ghz-32-gb-ram-512-gb-ssd-m2-1920x1080-fr-14297\/"},"modified":"2026-04-15T10:54:35","modified_gmt":"2026-04-15T09:54:35","slug":"hp-elitebook-840-g8-impecable-14-reconditionne-core-i7-28ghz-32-gb-ram-512-gb-ssd-m2-1920x1080-fr-14297","status":"publish","type":"product","link":"https:\/\/zoca.es\/fr\/produit\/hp-elitebook-840-g8-impecable-14-reconditionne-core-i7-28ghz-32-gb-ram-512-gb-ssd-m2-1920x1080-fr-14297\/","title":{"rendered":"HP EliteBook 840 G8-Impecable 14\u00a0\u00bb | Reconditionn\u00e9 | Core i7 2.8GHz | 32 GB RAM | 512 GB SSD M2 1920&#215;1080"},"content":{"rendered":"<p><strong>Processeur<\/strong><br \/>Intel Core i7 1165G7 2.8 GHz.<br \/><strong>M\u00e9moire RAM<\/strong><br \/>32 Gb. SO-DDR4 RAM<br \/><strong>Disque dur<\/strong><br \/>512 Gb. SSD M2<br \/><strong>Cartes<\/strong><br \/>Graphique: Iris Xe Graphics<br \/>Son: Bang y Olufsen audio<br \/><strong>Syst\u00e8me op\u00e9ratif<\/strong><br \/>Windows 11 Pro<br \/><strong>Ports<\/strong><br \/>2x USB-C<br \/>2x USB 3.1<br \/><strong>\u00c9cran<\/strong><br \/>IPS 14 \u00a0\u00bb FullHD 16:9  \u00b7 R\u00e9solution 1920&#215;1080<br \/><strong>Ports vid\u00e9o<\/strong><br \/>HDMI<br \/><strong>Multim\u00e9dias<\/strong><br \/>Webcam<br \/>Lecteur d&#8217;empreintes<br \/>Lecteur carte d&rsquo;identit\u00e9<br \/><strong>Connectivit\u00e9<\/strong><br \/>WIFI<br \/>Bluetooth<br \/>4G<br \/><strong>Notebook sp\u00e9cifique<\/strong><br \/>Langue du clavier Espagnol<br \/><strong>Autres<\/strong><br \/>hR emballage<br \/><strong>Dimensions<\/strong><br \/>32x21x2 cm.<br \/><strong>Poids<\/strong><br \/>1.33 Kg.<br \/><strong>Sp\u00e9cifications suppl\u00e9mentaires<\/strong><br \/>Le HP EliteBook 840 G8, \u00e9quip\u00e9 d\u2019un processeur Intel Core i7 1165G7 \u00e0 2,8 GHz, repr\u00e9sente la fusion parfaite entre puissance, l\u00e9g\u00e8ret\u00e9 et sophistication. Con\u00e7u pour les professionnels exigeants, il offre une exp\u00e9rience fluide en multit\u00e2che avanc\u00e9e, visioconf\u00e9rences ou travaux d\u2019\u00e9dition l\u00e9g\u00e8re, gr\u00e2ce \u00e0 ses 32 Go de m\u00e9moire RAM et son rapide SSD M.2 de 512 Go, garantissant un d\u00e9marrage instantan\u00e9 et une gestion efficace des projets les plus exigeants.<br \/>Son \u00e9cran IPS de 14 pouces FullHD offre une image nette et r\u00e9aliste, id\u00e9ale pour le travail comme pour le divertissement. De plus, son ch\u00e2ssis en aluminium ultrafin apporte une touche premium et une grande robustesse pour un usage quotidien.<br \/>Il int\u00e8gre un lecteur d\u2019empreintes digitales, un lecteur de carte d\u2019identit\u00e9 \u00e9lectronique et une webcam int\u00e9gr\u00e9e, offrant une combinaison parfaite de s\u00e9curit\u00e9, de connectivit\u00e9 et de confort. Avec Windows 11 Pro, profitez d\u2019un environnement moderne, fluide et optimis\u00e9 pour la productivit\u00e9 professionnelle.<br \/>Le EliteBook 840 G8 est le choix id\u00e9al pour ceux qui recherchent un ordinateur portable fiable, puissant et au design haut de gamme, pr\u00eat \u00e0 relever les d\u00e9fis du monde professionnel actuel.<br \/><b>Aspect ext\u00e9rieur impeccable<\/b>. Regardez dans \u00ab\u00a0+ Photos\u00a0\u00bb et \u00ab\u00a0Vid\u00e9o\u00a0\u00bb et si vous avez des questions, appelez-nous ou utilisez notre chat pour d\u00e9velopper les informations ou demander plus de d\u00e9tails.&nbsp;<\/p>\n","protected":false},"excerpt":{"rendered":"<p>Intel Core i7 1165G7 2.8 GHz. \u00b7 32 Gb. SO-DDR4 RAM \u00b7 512 Gb. SSD M2 \u00b7 <strong>Windows 11 Pro<\/strong> \u00b7 IPS 14 \u00a0\u00bb FullHD 16:9 \u00b7 R\u00e9solution 1920&#215;1080 \u00b7 Webcam \u00b7 Lecteur d&#8217;empreintes \u00b7 Lecteur carte d&rsquo;identit\u00e9<\/p>\n","protected":false},"featured_media":148686,"template":"","meta":[],"product_brand":[3453],"product_cat":[2254,3121],"product_tag":[],"class_list":{"0":"post-148705","1":"product","2":"type-product","3":"status-publish","4":"has-post-thumbnail","6":"product_brand-hp","7":"product_cat-notebooks-fr","8":"product_cat-notebooks-notebooks-fr","10":"first","11":"outofstock","12":"taxable","13":"shipping-taxable","14":"purchasable","15":"product-type-simple"},"bundled_by":[],"bundle_stock_status":"outofstock","bundle_stock_quantity":0,"bundle_virtual":false,"bundle_layout":"","bundle_add_to_cart_form_location":"","bundle_editable_in_cart":false,"bundle_sold_individually_context":"","bundle_item_grouping":"","bundle_min_size":"","bundle_max_size":"","bundle_price":[],"bundled_items":[],"bundle_sell_ids":[],"exclude_global_add_ons":true,"addons":{"keyboard-iso-upgrades":{"name":"Choisir langue du clavier","type":"multiple_choice","position":0,"required":false,"title_format":"heading","default":"","description_enable":false,"description":"","placeholder_enable":false,"placeholder":"","display":"radiobutton","restrictions_type":"any_text","adjust_price":false,"price":"","price_type":"quantity_based","restrictions":false,"min":"0","max":"0","options":[{"label":"Autocollants fran\u00e7ais [AMP00084]","price":"0.0000","price_type":"quantity_based","image":0,"visibility":true},{"label":"Autocollants portugais [AMP00083]","price":"0.0000","price_type":"quantity_based","image":0,"visibility":true}]},"ram-memory-upgrades":{"name":"Extension RAM","type":"multiple_choice","position":0,"required":false,"title_format":"heading","default":"","description_enable":false,"description":"","placeholder_enable":false,"placeholder":"","display":"radiobutton","restrictions_type":"any_text","adjust_price":false,"price":"","price_type":"quantity_based","restrictions":false,"min":"0","max":"0","options":[{"label":"Extension de 64 Gb de RAM DDR4 [AMP00119]","price":"230.0000","price_type":"quantity_based","image":0,"visibility":true}]},"hdd-upgrades":{"name":"Extension disque dur","type":"multiple_choice","position":0,"required":false,"title_format":"heading","default":"","description_enable":false,"description":"","placeholder_enable":false,"placeholder":"","display":"radiobutton","restrictions_type":"any_text","adjust_price":false,"price":"","price_type":"quantity_based","restrictions":false,"min":"0","max":"0","options":[{"label":"Passez au disque SSD 1 Tb. M.2 2280 PCIe [AMP00107]","price":"165.0000","price_type":"quantity_based","image":0,"visibility":true}]},"os-upgrades":{"name":"Expansion SO","type":"multiple_choice","position":0,"required":false,"title_format":"heading","default":"","description_enable":false,"description":"","placeholder_enable":false,"placeholder":"","display":"radiobutton","restrictions_type":"any_text","adjust_price":false,"price":"","price_type":"quantity_based","restrictions":false,"min":"0","max":"0","options":[{"label":"Changer la langue en fran\u00e7ais [AMP00125]","price":"0.0000","price_type":"quantity_based","image":0,"visibility":true},{"label":"Changer la langue en anglais [AMP00008]","price":"0.0000","price_type":"quantity_based","image":0,"visibility":true},{"label":"Changer la langue en portugais [AMP00009]","price":"0.0000","price_type":"quantity_based","image":0,"visibility":true}]},"briefcase-upgrades":{"name":"Porte-documents","type":"multiple_choice","position":0,"required":false,"title_format":"heading","default":"","description_enable":false,"description":"","placeholder_enable":false,"placeholder":"","display":"radiobutton","restrictions_type":"any_text","adjust_price":false,"price":"","price_type":"quantity_based","restrictions":false,"min":"0","max":"0","options":[{"label":"Mallette Notebook [AMP00041]","price":"5.0000","price_type":"quantity_based","image":0,"visibility":true}]}},"df_price":590.48,"df_sale_price":"","df_regular_price":590.48,"df_image_link":"https:\/\/zoca.es\/wp-content\/uploads\/images\/product\/14297\/hp03163_01-300x225.jpg","_links":{"self":[{"href":"https:\/\/zoca.es\/fr\/wp-json\/wp\/v2\/product\/148705","targetHints":{"allow":["GET"]}}],"collection":[{"href":"https:\/\/zoca.es\/fr\/wp-json\/wp\/v2\/product"}],"about":[{"href":"https:\/\/zoca.es\/fr\/wp-json\/wp\/v2\/types\/product"}],"wp:featuredmedia":[{"embeddable":true,"href":"https:\/\/zoca.es\/fr\/wp-json\/wp\/v2\/media\/148686"}],"wp:attachment":[{"href":"https:\/\/zoca.es\/fr\/wp-json\/wp\/v2\/media?parent=148705"}],"wp:term":[{"taxonomy":"product_brand","embeddable":true,"href":"https:\/\/zoca.es\/fr\/wp-json\/wp\/v2\/product_brand?post=148705"},{"taxonomy":"product_cat","embeddable":true,"href":"https:\/\/zoca.es\/fr\/wp-json\/wp\/v2\/product_cat?post=148705"},{"taxonomy":"product_tag","embeddable":true,"href":"https:\/\/zoca.es\/fr\/wp-json\/wp\/v2\/product_tag?post=148705"}],"curies":[{"name":"wp","href":"https:\/\/api.w.org\/{rel}","templated":true}]}}