{"id":147667,"date":"2025-11-04T11:09:04","date_gmt":"2025-11-04T10:09:04","guid":{"rendered":"https:\/\/zoca.es\/producto\/router-huawei-e5576-320-reconditionne-fr-14106\/"},"modified":"2026-03-30T10:46:17","modified_gmt":"2026-03-30T09:46:17","slug":"router-huawei-e5576-320-reconditionne-fr-14106","status":"publish","type":"product","link":"https:\/\/zoca.es\/fr\/produit\/router-huawei-e5576-320-reconditionne-fr-14106\/","title":{"rendered":"Router HUAWEI E5576-320 | Reconditionn\u00e9"},"content":{"rendered":"<p><strong>G\u00e9n\u00e9rale imprimante<\/strong><br \/>Router<br \/><strong>Autres<\/strong><br \/>hR emballage<br \/><strong>Dimensions<\/strong><br \/>10x6x1 cm.<br \/><strong>Poids<\/strong><br \/>0.50 Kg.<br \/><strong>Sp\u00e9cifications suppl\u00e9mentaires<\/strong><br \/><b>4G :<\/b><br \/>Norme de communication : LTE CAT4<br \/>R\u00e9seau compatible : LTE\/UMTS<br \/>D\u00e9bit de transmission 4G : 150 Mbit\/s \/ 50 Mbit\/s (valeur th\u00e9orique. Le d\u00e9bit r\u00e9el d\u00e9pend de l\u2019op\u00e9rateur)<br \/><b>Wi-Fi :<\/b><br \/>Bande de fr\u00e9quence : 2,4 GHz, 150 Mbit\/s<br \/><b>Antenne :<\/b><br \/>Type d\u2019antenne 4G\/3G : Antennes principales et de diversit\u00e9 LTE\/UMTS<br \/><b>Processeur :<\/b><br \/>Processeur : Puce Balong<br \/><b>Interface :<\/b><br \/>Micro USB\/SIM (2FF)<br \/><b>Commentaires<\/b><br \/>Le Huawei E5576-320 est le compagnon id\u00e9al pour ceux qui ont besoin d\u2019internet haut d\u00e9bit partout. Compact, l\u00e9ger et facile \u00e0 utiliser, ce routeur WiFi 4G portable permet de cr\u00e9er un r\u00e9seau sans fil s\u00e9curis\u00e9 pour connecter plusieurs appareils simultan\u00e9ment \u2014 que ce soit en voyage, au bureau mobile ou \u00e0 la maison. Con\u00e7u pour les professionnels en d\u00e9placement, les \u00e9tudiants ou les familles qui appr\u00e9cient la libert\u00e9 de connexion sans c\u00e2bles ni installations compliqu\u00e9es.<br \/>\u00c9quip\u00e9 de la technologie 4G LTE jusqu\u2019\u00e0 150 Mbps, le Huawei E5576-320 offre une connexion stable et fluide pour naviguer, travailler ou profiter de contenus multim\u00e9dias sans interruption. Sa batterie rechargeable longue dur\u00e9e garantit plusieurs heures d\u2019autonomie, tandis que la compatibilit\u00e9 avec de multiples appareils \u2014smartphones, tablettes, ordinateurs portables ou t\u00e9l\u00e9viseurs connect\u00e9s\u2014 en fait une solution polyvalente et efficace. De plus, son interface intuitive permet de g\u00e9rer facilement le r\u00e9seau et la s\u00e9curit\u00e9.<br \/>Le Huawei E5576-320 allie mobilit\u00e9, performance et simplicit\u00e9 dans un design \u00e9l\u00e9gant et ultra-compact. Un choix parfait pour ceux qui recherchent une connectivit\u00e9 4G fiable et portable, id\u00e9ale \u00e0 la fois pour un usage professionnel et personnel. Avec ce routeur, vous profiterez d\u2019un r\u00e9seau rapide, stable et toujours disponible o\u00f9 que vous soyez.<br \/>Bel aspect ext\u00e9rieur. Si vous avez des questions, appelez-nous ou utilisez notre chat pour obtenir plus d\u2019informations ou demander davantage de d\u00e9tails.<br \/><strong>Commentaires<\/strong><br \/><u>Routeur sans fil Wi-Fi 3s 4G LTE 150 Mbps (CAT4)<\/u><\/p>\n","protected":false},"excerpt":{"rendered":"<p>Routeur sans fil Wi-Fi 3s 4G LTE 150 Mbps (CAT4)<\/p>\n","protected":false},"featured_media":147660,"template":"","meta":[],"product_brand":[3455],"product_cat":[3217,80],"product_tag":[],"class_list":{"0":"post-147667","1":"product","2":"type-product","3":"status-publish","4":"has-post-thumbnail","6":"product_brand-huawei","7":"product_cat-networking-wireless-fr","8":"product_cat-networking-fr","10":"first","11":"instock","12":"sale","13":"taxable","14":"shipping-taxable","15":"purchasable","16":"product-type-simple"},"bundled_by":[],"bundle_stock_status":"instock","bundle_stock_quantity":31,"bundle_virtual":false,"bundle_layout":"","bundle_add_to_cart_form_location":"","bundle_editable_in_cart":false,"bundle_sold_individually_context":"","bundle_item_grouping":"","bundle_min_size":"","bundle_max_size":"","bundle_price":[],"bundled_items":[],"bundle_sell_ids":[],"exclude_global_add_ons":[],"addons":[],"df_price":54.45,"df_sale_price":54.45,"df_regular_price":60.5,"df_image_link":"https:\/\/zoca.es\/wp-content\/uploads\/images\/product\/14106\/hua00006_01-300x225.jpg","_links":{"self":[{"href":"https:\/\/zoca.es\/fr\/wp-json\/wp\/v2\/product\/147667","targetHints":{"allow":["GET"]}}],"collection":[{"href":"https:\/\/zoca.es\/fr\/wp-json\/wp\/v2\/product"}],"about":[{"href":"https:\/\/zoca.es\/fr\/wp-json\/wp\/v2\/types\/product"}],"wp:featuredmedia":[{"embeddable":true,"href":"https:\/\/zoca.es\/fr\/wp-json\/wp\/v2\/media\/147660"}],"wp:attachment":[{"href":"https:\/\/zoca.es\/fr\/wp-json\/wp\/v2\/media?parent=147667"}],"wp:term":[{"taxonomy":"product_brand","embeddable":true,"href":"https:\/\/zoca.es\/fr\/wp-json\/wp\/v2\/product_brand?post=147667"},{"taxonomy":"product_cat","embeddable":true,"href":"https:\/\/zoca.es\/fr\/wp-json\/wp\/v2\/product_cat?post=147667"},{"taxonomy":"product_tag","embeddable":true,"href":"https:\/\/zoca.es\/fr\/wp-json\/wp\/v2\/product_tag?post=147667"}],"curies":[{"name":"wp","href":"https:\/\/api.w.org\/{rel}","templated":true}]}}