{"id":147658,"date":"2025-11-04T10:44:28","date_gmt":"2025-11-04T09:44:28","guid":{"rendered":"https:\/\/zoca.es\/producto\/switch-fortinet-fortigate-240d-reconditionne-fr-14113\/"},"modified":"2026-02-25T10:41:45","modified_gmt":"2026-02-25T09:41:45","slug":"switch-fortinet-fortigate-240d-reconditionne-fr-14113","status":"publish","type":"product","link":"https:\/\/zoca.es\/fr\/produit\/switch-fortinet-fortigate-240d-reconditionne-fr-14113\/","title":{"rendered":"Switch Fortinet Fortigate 240D | Reconditionn\u00e9"},"content":{"rendered":"<p><strong>G\u00e9n\u00e9rale imprimante<\/strong><br \/>Switch<br \/><strong>Ports r\u00e9seau<\/strong><br \/>40x Ethernet 1000 Mbps.<br \/>2x Fibre 1000 Mbps.<br \/><strong>Dimensions<\/strong><br \/>43.5&#215;29.5&#215;4.5 cm.<br \/><strong>Poids<\/strong><br \/>6.00 Kg.<br \/><strong>Sp\u00e9cifications suppl\u00e9mentaires<\/strong><br \/>Le Fortinet FortiGate 240D est con\u00e7u pour les entreprises qui recherchent une protection compl\u00e8te sans compromettre la vitesse ni la fiabilit\u00e9. Ce puissant pare-feu de nouvelle g\u00e9n\u00e9ration (NGFW) offre une d\u00e9fense intelligente contre les menaces avanc\u00e9es, alliant s\u00e9curit\u00e9 de niveau entreprise et performances exceptionnelles. Id\u00e9al pour les organisations moyennes et grandes, il garantit une connectivit\u00e9 s\u00e9curis\u00e9e, stable et optimis\u00e9e pour les environnements r\u00e9seau les plus exigeants.<br \/>Dot\u00e9 d\u2019un grand nombre de ports Gigabit, le FortiGate 240D permet une segmentation efficace du r\u00e9seau, l\u2019int\u00e9gration de multiples services et une gestion centralis\u00e9e de la s\u00e9curit\u00e9. Son syst\u00e8me FortiOS offre un contr\u00f4le total du trafic, du filtrage de contenu, des VPN, de la pr\u00e9vention des intrusions (IPS) et de la protection contre les logiciels malveillants et les attaques web. Gr\u00e2ce \u00e0 son int\u00e9gration avec l\u2019\u00e9cosyst\u00e8me Fortinet Security Fabric, il fournit une visibilit\u00e9 compl\u00e8te du r\u00e9seau et une r\u00e9ponse automatis\u00e9e aux incidents, r\u00e9duisant consid\u00e9rablement les temps de r\u00e9action.<br \/>Le Fortinet FortiGate 240D est synonyme de protection, de performance et de fiabilit\u00e9 continue. Un appareil pr\u00eat \u00e0 relever les d\u00e9fis actuels de la cybers\u00e9curit\u00e9, \u00e0 am\u00e9liorer l\u2019efficacit\u00e9 du r\u00e9seau et \u00e0 maintenir la productivit\u00e9 de votre entreprise sans interruption. La solution id\u00e9ale pour ceux qui recherchent une d\u00e9fense solide, \u00e9volutive et facile \u00e0 administrer dans un environnement professionnel exigeant.<br \/>Bon aspect ext\u00e9rieur. Si vous avez des questions, appelez-nous ou utilisez notre chat pour obtenir plus d\u2019informations ou demander des d\u00e9tails suppl\u00e9mentaires.<br \/><strong>Commentaires<\/strong><br \/><u>42 ports RJ45 de 1 Go (40 LAN, 2 WAN) &#8211; Ports de liaison montante SFP : 2 ports SFP de 1 Go &#8211; Ports de gestion : 1 port de console RJ45, 1 port USB<\/u><\/p>\n","protected":false},"excerpt":{"rendered":"<p>Switch \u00b7 40x Ethernet 1000 Mbps. \u00b7 2x Fibre 1000 Mbps. \u00b7 Montage en rack \u00b7 <u>42 ports RJ45 de 1 Go (40 LAN, 2 WAN) &#8211; Ports de liaison montante SFP : 2 ports SFP de 1 Go &#8211; Ports de gestion : 1 port de console RJ45, 1 port USB<\/u><\/p>\n","protected":false},"featured_media":147654,"template":"","meta":[],"product_brand":[3520],"product_cat":[3211,80],"product_tag":[],"class_list":{"0":"post-147658","1":"product","2":"type-product","3":"status-publish","4":"has-post-thumbnail","6":"product_brand-fortinet","7":"product_cat-networking-switches-fr","8":"product_cat-networking-fr","10":"first","11":"outofstock","12":"taxable","13":"shipping-taxable","14":"purchasable","15":"product-type-simple"},"bundled_by":[],"bundle_stock_status":"outofstock","bundle_stock_quantity":0,"bundle_virtual":false,"bundle_layout":"","bundle_add_to_cart_form_location":"","bundle_editable_in_cart":false,"bundle_sold_individually_context":"","bundle_item_grouping":"","bundle_min_size":"","bundle_max_size":"","bundle_price":[],"bundled_items":[],"bundle_sell_ids":[],"exclude_global_add_ons":[],"addons":[],"df_price":217.8,"df_sale_price":"","df_regular_price":217.8,"df_image_link":"https:\/\/zoca.es\/wp-content\/uploads\/images\/product\/14113\/for00001_01-300x225.jpg","_links":{"self":[{"href":"https:\/\/zoca.es\/fr\/wp-json\/wp\/v2\/product\/147658","targetHints":{"allow":["GET"]}}],"collection":[{"href":"https:\/\/zoca.es\/fr\/wp-json\/wp\/v2\/product"}],"about":[{"href":"https:\/\/zoca.es\/fr\/wp-json\/wp\/v2\/types\/product"}],"wp:featuredmedia":[{"embeddable":true,"href":"https:\/\/zoca.es\/fr\/wp-json\/wp\/v2\/media\/147654"}],"wp:attachment":[{"href":"https:\/\/zoca.es\/fr\/wp-json\/wp\/v2\/media?parent=147658"}],"wp:term":[{"taxonomy":"product_brand","embeddable":true,"href":"https:\/\/zoca.es\/fr\/wp-json\/wp\/v2\/product_brand?post=147658"},{"taxonomy":"product_cat","embeddable":true,"href":"https:\/\/zoca.es\/fr\/wp-json\/wp\/v2\/product_cat?post=147658"},{"taxonomy":"product_tag","embeddable":true,"href":"https:\/\/zoca.es\/fr\/wp-json\/wp\/v2\/product_tag?post=147658"}],"curies":[{"name":"wp","href":"https:\/\/api.w.org\/{rel}","templated":true}]}}