{"id":147348,"date":"2025-10-30T13:57:29","date_gmt":"2025-10-30T12:57:29","guid":{"rendered":"https:\/\/zoca.es\/producto\/scanner-fujitsu-fi-7260-flatbed-reconditionne-fr-14165\/"},"modified":"2026-03-18T17:47:00","modified_gmt":"2026-03-18T16:47:00","slug":"scanner-fujitsu-fi-7260-flatbed-reconditionne-fr-14165","status":"publish","type":"product","link":"https:\/\/zoca.es\/fr\/produit\/scanner-fujitsu-fi-7260-flatbed-reconditionne-fr-14165\/","title":{"rendered":"Scanner Fujitsu FI-7260 Flatbed | Reconditionn\u00e9"},"content":{"rendered":"<p><b>Technologie<\/b><br \/>Scanner de documents couleur \u00e0 plat<br \/><b>Capteur d\u2019image<\/b><br \/>CCD couleur<br \/><b>Vitesse de num\u00e9risation<\/b><br \/>Couleur : 60 ppm<br \/><b>R\u00e9solution<\/b><br \/>Jusqu\u2019\u00e0 600 dpi<br \/><b>Connectivit\u00e9<\/b><br \/>USB 3.0 \/ USB 2.0 \/ USB 1.1<br \/><b>Recto verso<\/b><br \/>Int\u00e9gr\u00e9<br \/><b>Gestion du papier<\/b><br \/>Chargeur automatique pour 80 feuilles<br \/><b>Zone de num\u00e9risation<\/b><br \/>ADF Max. A4<br \/><b>Dimensions<\/b><br \/>300 x 570 x 230 mm<br \/><b>Poids<\/b><br \/>8 kg<br \/><b>Sp\u00e9cifications suppl\u00e9mentaires :<\/b><br \/>Le Fujitsu\u202ffi\u20117260 est un scanner de documents couleur qui combine un chargeur automatique (ADF) de 80 feuilles avec une unit\u00e9 \u00e0 plat, offrant la flexibilit\u00e9 de traiter \u00e0 la fois des lots de documents et des livres ou mat\u00e9riaux d\u00e9licats. Avec un capteur CCD couleur et la num\u00e9risation duplex int\u00e9gr\u00e9e, il atteint des vitesses allant jusqu\u2019\u00e0 60 ppm (ou 120 ipm recto-verso) en mode ADF. Sa r\u00e9solution optique maximale de 600 dpi, ainsi que la connectivit\u00e9 USB\u202f3.0\/2.0\/1.1, assurent une int\u00e9gration rapide et une excellente qualit\u00e9 de capture. Gr\u00e2ce au flatbed int\u00e9gr\u00e9, il accepte les documents qui ne peuvent pas passer par l\u2019ADF, tandis que des fonctions avanc\u00e9es telles que la d\u00e9tection ultrasonique des doubles alimentations, la r\u00e9duction du skew et la protection du papier offrent fiabilit\u00e9 dans des environnements exigeants. Le fi\u20117260 est id\u00e9al pour les entreprises qui ont besoin de num\u00e9riser factures, dossiers, livres ou archives avec grand volume, pr\u00e9cision et rapidit\u00e9.<br \/>Bon aspect ext\u00e9rieur. Le bo\u00eetier peut pr\u00e9senter une teinte jaun\u00e2tre. Consultez la section \u00ab + Photos \u00bb. Pour toute question, n&rsquo;h\u00e9sitez pas \u00e0 nous appeler ou \u00e0 utiliser notre chat pour obtenir plus d&rsquo;informations ou demander des pr\u00e9cisions.<\/p>\n","protected":false},"excerpt":{"rendered":"<p>Technologie : Scanner de documents couleur \u00e0 plat &#8211; Capteur d&rsquo;image : CCD couleur &#8211; Vitesse de num\u00e9risation : jusqu&rsquo;\u00e0 60 ppm &#8211; R\u00e9solution : jusqu&rsquo;\u00e0 600 dpi &#8211; Connectivit\u00e9 : USB 3.0\/2.0\/1.1 &#8211; Recto verso int\u00e9gr\u00e9 &#8211; Chargeur automatique de 80 feuilles.<\/p>\n","protected":false},"featured_media":147335,"template":"","meta":[],"product_brand":[3458],"product_cat":[2402],"product_tag":[3291],"class_list":{"0":"post-147348","1":"product","2":"type-product","3":"status-publish","4":"has-post-thumbnail","6":"product_brand-fujitsu","7":"product_cat-scanners-fr","8":"product_tag-oferta-permanente","10":"first","11":"instock","12":"sale","13":"taxable","14":"shipping-taxable","15":"purchasable","16":"product-type-simple"},"bundled_by":[],"bundle_stock_status":"instock","bundle_stock_quantity":1,"bundle_virtual":false,"bundle_layout":"","bundle_add_to_cart_form_location":"","bundle_editable_in_cart":false,"bundle_sold_individually_context":"","bundle_item_grouping":"","bundle_min_size":"","bundle_max_size":"","bundle_price":[],"bundled_items":[],"bundle_sell_ids":[],"exclude_global_add_ons":[],"addons":[],"df_price":423.02,"df_sale_price":423.02,"df_regular_price":528.77,"df_image_link":"https:\/\/zoca.es\/wp-content\/uploads\/images\/product\/14165\/fuji00274_01-300x225.jpg","_links":{"self":[{"href":"https:\/\/zoca.es\/fr\/wp-json\/wp\/v2\/product\/147348","targetHints":{"allow":["GET"]}}],"collection":[{"href":"https:\/\/zoca.es\/fr\/wp-json\/wp\/v2\/product"}],"about":[{"href":"https:\/\/zoca.es\/fr\/wp-json\/wp\/v2\/types\/product"}],"wp:featuredmedia":[{"embeddable":true,"href":"https:\/\/zoca.es\/fr\/wp-json\/wp\/v2\/media\/147335"}],"wp:attachment":[{"href":"https:\/\/zoca.es\/fr\/wp-json\/wp\/v2\/media?parent=147348"}],"wp:term":[{"taxonomy":"product_brand","embeddable":true,"href":"https:\/\/zoca.es\/fr\/wp-json\/wp\/v2\/product_brand?post=147348"},{"taxonomy":"product_cat","embeddable":true,"href":"https:\/\/zoca.es\/fr\/wp-json\/wp\/v2\/product_cat?post=147348"},{"taxonomy":"product_tag","embeddable":true,"href":"https:\/\/zoca.es\/fr\/wp-json\/wp\/v2\/product_tag?post=147348"}],"curies":[{"name":"wp","href":"https:\/\/api.w.org\/{rel}","templated":true}]}}