{"id":147315,"date":"2025-10-30T11:57:37","date_gmt":"2025-10-30T10:57:37","guid":{"rendered":"https:\/\/zoca.es\/producto\/scanner-fujitsu-fi-7160-reconditionne-fr-14161\/"},"modified":"2026-03-18T17:45:44","modified_gmt":"2026-03-18T16:45:44","slug":"scanner-fujitsu-fi-7160-reconditionne-fr-14161","status":"publish","type":"product","link":"https:\/\/zoca.es\/fr\/produit\/scanner-fujitsu-fi-7160-reconditionne-fr-14161\/","title":{"rendered":"Scanner Fujitsu FI-7160 | Reconditionn\u00e9"},"content":{"rendered":"<p><b>Technologie<\/b><br \/>Scanner de documents couleur<br \/><b>Capteur d\u2019image<\/b><br \/>CCD couleur<br \/><b>Vitesse de num\u00e9risation<\/b><br \/>Jusqu\u2019\u00e0 60 ppm<br \/><b>R\u00e9solution<\/b><br \/>Jusqu\u2019\u00e0 600 dpi<br \/><b>Connectivit\u00e9<\/b><br \/>USB 3.0 \/ USB 2.0 \/ USB 1.1<br \/><b>Recto verso<\/b><br \/>Int\u00e9gr\u00e9<br \/><b>Gestion du papier<\/b><br \/>Chargeur automatique de 80 feuilles<br \/><b>Zone de num\u00e9risation<\/b><br \/>ADF Max. A4<br \/><b>Dimensions<\/b><br \/>300 x 170 x 163 mm<br \/><b>Poids<\/b><br \/>4,2 kg<br \/><b>Sp\u00e9cifications suppl\u00e9mentaires :<br \/><\/b>Le Fujitsufi-7160 est un scanner de documents avanc\u00e9 con\u00e7u pour les environnements de bureau exigeants en mati\u00e8re de vitesse, de fiabilit\u00e9 et de qualit\u00e9. Dot\u00e9 de la technologie de capteur CCD couleur double face, il capture des images nettes sur les deux faces des documents (num\u00e9risation recto verso) en un seul passage, atteignant des vitesses allant jusqu&rsquo;\u00e0 60 pages par minute (ppm) ou 120 images par minute (ipm) en mode recto verso. Sa r\u00e9solution optique jusqu&rsquo;\u00e0 600 dpi, associ\u00e9e \u00e0 une connectivit\u00e9 USB 3.0\/2.0\/1.1, garantit une int\u00e9gration polyvalente aux postes de travail existants. Un chargeur automatique de documents (ADF) de 80 feuilles permet le traitement par lots de documents sans surveillance constante, optimisant ainsi les flux de num\u00e9risation. Ce mod\u00e8le dispose \u00e9galement de fonctionnalit\u00e9s d&rsquo;alimentation avanc\u00e9es telles que la d\u00e9tection ultrasonique de double alimentation, la protection intelligente du papier et la r\u00e9duction du biais, minimisant les erreurs et assurant une num\u00e9risation efficace de documents divers. Id\u00e9al pour la num\u00e9risation de factures, de contrats, de fichiers ou de documents d&rsquo;archives en milieu professionnel, le Fujitsufi-7160 allie performance, robustesse et compatibilit\u00e9, ce qui en fait un choix recommand\u00e9 pour les entreprises qui privil\u00e9gient l&rsquo;efficacit\u00e9 et la qualit\u00e9.<br \/>Bon \u00e9tat ext\u00e9rieur. Peut pr\u00e9senter un l\u00e9ger jaunissement \u00e0 peine perceptible. Voir \u00ab + Photos \u00bb et, si vous avez des questions, appelez-nous ou utilisez notre chat pour obtenir plus d&rsquo;informations ou demander des pr\u00e9cisions.<\/p>\n","protected":false},"excerpt":{"rendered":"<p>Technologie : Scanner de documents couleur &#8211; Capteur d&rsquo;image : CCD couleur &#8211; Vitesse de num\u00e9risation : jusqu&rsquo;\u00e0 60 ppm &#8211; R\u00e9solution : jusqu&rsquo;\u00e0 600 dpi &#8211; Connectivit\u00e9 : USB 3.0\/2.0\/1.1 &#8211; Recto verso int\u00e9gr\u00e9 &#8211; Chargeur automatique de 80 feuilles.<\/p>\n","protected":false},"featured_media":147305,"template":"","meta":[],"product_brand":[3458],"product_cat":[2402],"product_tag":[3291],"class_list":{"0":"post-147315","1":"product","2":"type-product","3":"status-publish","4":"has-post-thumbnail","6":"product_brand-fujitsu","7":"product_cat-scanners-fr","8":"product_tag-oferta-permanente","10":"first","11":"instock","12":"sale","13":"taxable","14":"shipping-taxable","15":"purchasable","16":"product-type-simple"},"bundled_by":[],"bundle_stock_status":"instock","bundle_stock_quantity":5,"bundle_virtual":false,"bundle_layout":"","bundle_add_to_cart_form_location":"","bundle_editable_in_cart":false,"bundle_sold_individually_context":"","bundle_item_grouping":"","bundle_min_size":"","bundle_max_size":"","bundle_price":[],"bundled_items":[],"bundle_sell_ids":[],"exclude_global_add_ons":[],"addons":[],"df_price":333.96,"df_sale_price":333.96,"df_regular_price":417.45,"df_image_link":"https:\/\/zoca.es\/wp-content\/uploads\/images\/product\/14161\/fuji00271_01-300x225.jpg","_links":{"self":[{"href":"https:\/\/zoca.es\/fr\/wp-json\/wp\/v2\/product\/147315","targetHints":{"allow":["GET"]}}],"collection":[{"href":"https:\/\/zoca.es\/fr\/wp-json\/wp\/v2\/product"}],"about":[{"href":"https:\/\/zoca.es\/fr\/wp-json\/wp\/v2\/types\/product"}],"wp:featuredmedia":[{"embeddable":true,"href":"https:\/\/zoca.es\/fr\/wp-json\/wp\/v2\/media\/147305"}],"wp:attachment":[{"href":"https:\/\/zoca.es\/fr\/wp-json\/wp\/v2\/media?parent=147315"}],"wp:term":[{"taxonomy":"product_brand","embeddable":true,"href":"https:\/\/zoca.es\/fr\/wp-json\/wp\/v2\/product_brand?post=147315"},{"taxonomy":"product_cat","embeddable":true,"href":"https:\/\/zoca.es\/fr\/wp-json\/wp\/v2\/product_cat?post=147315"},{"taxonomy":"product_tag","embeddable":true,"href":"https:\/\/zoca.es\/fr\/wp-json\/wp\/v2\/product_tag?post=147315"}],"curies":[{"name":"wp","href":"https:\/\/api.w.org\/{rel}","templated":true}]}}