{"id":146399,"date":"2025-10-23T15:40:55","date_gmt":"2025-10-23T14:40:55","guid":{"rendered":"https:\/\/zoca.es\/producto\/apple-macbook-pro-163-impecable-133-reconditionne-core-i5-14ghz-16-gb-ram-500-gb-ssd-m2-2560x1600-fr-14087\/"},"modified":"2026-03-30T10:43:52","modified_gmt":"2026-03-30T09:43:52","slug":"apple-macbook-pro-163-impecable-133-reconditionne-core-i5-14ghz-16-gb-ram-500-gb-ssd-m2-2560x1600-fr-14087","status":"publish","type":"product","link":"https:\/\/zoca.es\/fr\/produit\/apple-macbook-pro-163-impecable-133-reconditionne-core-i5-14ghz-16-gb-ram-500-gb-ssd-m2-2560x1600-fr-14087\/","title":{"rendered":"Apple MacBook Pro 16,3-Impecable 13.3\u00a0\u00bb | Reconditionn\u00e9 | Core i5 1.4GHz | 16 GB RAM | 500 GB SSD M2 2560&#215;1600"},"content":{"rendered":"<p><strong>Processeur<\/strong><br \/>Intel Core i5 8257U 1.4 GHz.<br \/><strong>M\u00e9moire RAM<\/strong><br \/>16 Gb. SO-DDR4 RAM<br \/><strong>Disque dur<\/strong><br \/>500 Gb. SSD M2<br \/><strong>Cartes<\/strong><br \/>Graphique: Intel Iris 1.5Gb<br \/><strong>Syst\u00e8me op\u00e9ratif<\/strong><br \/>macOS Sequoia<br \/><strong>Ports<\/strong><br \/>2x USB-C<br \/><strong>\u00c9cran<\/strong><br \/>Retina 13.3 \u00a0\u00bb 2K 16:9  \u00b7 R\u00e9solution 2560&#215;1600<br \/><strong>Multim\u00e9dias<\/strong><br \/>Webcam<br \/><strong>Connectivit\u00e9<\/strong><br \/>WIFI<br \/>Bluetooth<br \/><strong>Notebook sp\u00e9cifique<\/strong><br \/>Langue du clavier International (autocollants espagnols)<br \/><strong>Autres<\/strong><br \/>hR emballage<br \/><strong>Dimensions<\/strong><br \/>30.4&#215;21.2&#215;1.6 cm.<br \/><strong>Poids<\/strong><br \/>1.40 Kg.<br \/><strong>Sp\u00e9cifications suppl\u00e9mentaires<\/strong><br \/>Le Apple MacBook Pro 16,3 (A2289) est l\u2019\u00e9quilibre parfait entre puissance, style et productivit\u00e9 pour les professionnels et cr\u00e9atifs. Avec son processeur Intel Core i5 8257U et 16 Go de m\u00e9moire DDR4, cet ordinateur portable g\u00e8re multit\u00e2che, design graphique, montage vid\u00e9o et applications exigeantes avec une fluidit\u00e9 totale. Son \u00e9cran Retina 2K de 13,3 pouces offre une nettet\u00e9 exceptionnelle, des couleurs vives et un contraste impressionnant, transformant chaque projet en une exp\u00e9rience visuelle immersive.<br \/>Le SSD M.2 de 500 Go garantit des d\u00e9marrages ultra-rapides et un acc\u00e8s instantan\u00e9 aux fichiers volumineux, tandis que la Touch Bar optimise votre flux de travail avec des contr\u00f4les intelligents \u00e0 port\u00e9e de main. Avec macOS Sequoia, vous b\u00e9n\u00e9ficierez d\u2019un syst\u00e8me stable, s\u00e9curis\u00e9 et optimis\u00e9 pour maximiser votre cr\u00e9ativit\u00e9. La finition Space Gray et l\u2019\u00e9tat ext\u00e9rieur impeccable combinent sophistication et durabilit\u00e9, faisant de ce MacBook Pro un compagnon de travail fiable et \u00e9l\u00e9gant. Performance, design et pr\u00e9cision s\u2019unissent pour ex\u00e9cuter chaque t\u00e2che sans limites.<br \/><b>\u00c9tat ext\u00e9rieur impeccable<\/b>. Consultez \u201c+ Photos\u201d et si vous avez des questions, appelez-nous ou utilisez notre chat pour obtenir plus d\u2019informations ou demander des d\u00e9tails suppl\u00e9mentaires.<br \/><strong>Commentaires<\/strong><br \/><u>TouchBar &#8211; Model A2289 (2020) &#8211; Couleur Space Grey<\/u><\/p>\n","protected":false},"excerpt":{"rendered":"<p>Intel Core i5 8257U 1.4 GHz. \u00b7 16 Gb. SO-DDR4 RAM \u00b7 500 Gb. SSD M2 \u00b7 macOS Sequoia \u00b7 Retina 13.3 \u00a0\u00bb 2K 16:9 \u00b7 Webcam \u00b7<br \/>\n<strong>TouchBar<\/strong> &#8211; <u>Model A2289 (2020) &#8211; Couleur Space Grey<br \/>\n<\/u><\/p>\n","protected":false},"featured_media":146377,"template":"","meta":[],"product_brand":[3449],"product_cat":[2254,3121],"product_tag":[3291],"class_list":{"0":"post-146399","1":"product","2":"type-product","3":"status-publish","4":"has-post-thumbnail","6":"product_brand-apple","7":"product_cat-notebooks-fr","8":"product_cat-notebooks-notebooks-fr","9":"product_tag-oferta-permanente","11":"first","12":"instock","13":"sale","14":"taxable","15":"shipping-taxable","16":"purchasable","17":"product-type-simple"},"bundled_by":[],"bundle_stock_status":"instock","bundle_stock_quantity":2,"bundle_virtual":false,"bundle_layout":"","bundle_add_to_cart_form_location":"","bundle_editable_in_cart":false,"bundle_sold_individually_context":"","bundle_item_grouping":"","bundle_min_size":"","bundle_max_size":"","bundle_price":[],"bundled_items":[],"bundle_sell_ids":[],"exclude_global_add_ons":true,"addons":{"keyboard-iso-upgrades":{"name":"Choisir langue du clavier","type":"multiple_choice","position":0,"required":false,"title_format":"heading","default":"","description_enable":false,"description":"","placeholder_enable":false,"placeholder":"","display":"radiobutton","restrictions_type":"any_text","adjust_price":false,"price":"","price_type":"quantity_based","restrictions":false,"min":"0","max":"0","options":[{"label":"Autocollants espagnols [AMP00082]","price":"0.0000","price_type":"quantity_based","image":0,"visibility":true},{"label":"Autocollants fran\u00e7ais [AMP00084]","price":"0.0000","price_type":"quantity_based","image":0,"visibility":true},{"label":"Autocollants portugais [AMP00083]","price":"0.0000","price_type":"quantity_based","image":0,"visibility":true}]},"mouse-upgrades":{"name":"Extension souris","type":"multiple_choice","position":0,"required":false,"title_format":"heading","default":"","description_enable":false,"description":"","placeholder_enable":false,"placeholder":"","display":"radiobutton","restrictions_type":"any_text","adjust_price":false,"price":"","price_type":"quantity_based","restrictions":false,"min":"0","max":"0","options":[{"label":"Apple Magic Mouse 2 (A1657) [AMP00060]","price":"60.0000","price_type":"quantity_based","image":0,"visibility":true}]}},"df_price":499.73,"df_sale_price":499.73,"df_regular_price":526.35,"df_image_link":"https:\/\/zoca.es\/wp-content\/uploads\/images\/product\/14087\/appl00639_01-300x225.jpg","_links":{"self":[{"href":"https:\/\/zoca.es\/fr\/wp-json\/wp\/v2\/product\/146399","targetHints":{"allow":["GET"]}}],"collection":[{"href":"https:\/\/zoca.es\/fr\/wp-json\/wp\/v2\/product"}],"about":[{"href":"https:\/\/zoca.es\/fr\/wp-json\/wp\/v2\/types\/product"}],"wp:featuredmedia":[{"embeddable":true,"href":"https:\/\/zoca.es\/fr\/wp-json\/wp\/v2\/media\/146377"}],"wp:attachment":[{"href":"https:\/\/zoca.es\/fr\/wp-json\/wp\/v2\/media?parent=146399"}],"wp:term":[{"taxonomy":"product_brand","embeddable":true,"href":"https:\/\/zoca.es\/fr\/wp-json\/wp\/v2\/product_brand?post=146399"},{"taxonomy":"product_cat","embeddable":true,"href":"https:\/\/zoca.es\/fr\/wp-json\/wp\/v2\/product_cat?post=146399"},{"taxonomy":"product_tag","embeddable":true,"href":"https:\/\/zoca.es\/fr\/wp-json\/wp\/v2\/product_tag?post=146399"}],"curies":[{"name":"wp","href":"https:\/\/api.w.org\/{rel}","templated":true}]}}