{"id":146351,"date":"2025-10-23T15:00:29","date_gmt":"2025-10-23T14:00:29","guid":{"rendered":"https:\/\/zoca.es\/producto\/dell-latitude-5410-14-reconditionne-core-i5-16ghz-16-gb-ram-256-gb-ssd-m2-1920x1080-fr-14077\/"},"modified":"2026-02-25T10:29:13","modified_gmt":"2026-02-25T09:29:13","slug":"dell-latitude-5410-14-reconditionne-core-i5-16ghz-16-gb-ram-256-gb-ssd-m2-1920x1080-fr-14077","status":"publish","type":"product","link":"https:\/\/zoca.es\/fr\/produit\/dell-latitude-5410-14-reconditionne-core-i5-16ghz-16-gb-ram-256-gb-ssd-m2-1920x1080-fr-14077\/","title":{"rendered":"Dell Latitude 5410 14\u00a0\u00bb | Reconditionn\u00e9 | Core i5 1.6GHz | 16 GB RAM | 256 GB SSD M2 1920&#215;1080"},"content":{"rendered":"<p><strong>Processeur<\/strong><br \/>Intel Core i5 10210U 1.6 GHz.<br \/><strong>M\u00e9moire RAM<\/strong><br \/>16 Gb. SO-DDR4 RAM<br \/><strong>Disque dur<\/strong><br \/>256 Gb. SSD M2<br \/><strong>Cartes<\/strong><br \/>Graphique: Intel UHD Graphics<br \/>Son: Realtek HDA<br \/>R\u00e9seau: L219LM Gigabit Ethernet<br \/><strong>Syst\u00e8me op\u00e9ratif<\/strong><br \/>Windows 11 Pro<br \/><strong>Ports<\/strong><br \/>3x USB 3.1<br \/><strong>\u00c9cran<\/strong><br \/>Led 14 \u00a0\u00bb FullHD 16:9  \u00b7 R\u00e9solution 1920&#215;1080<br \/><strong>Ports vid\u00e9o<\/strong><br \/>HDMI<br \/>Mini Display Port<br \/><strong>Multim\u00e9dias<\/strong><br \/>Webcam<br \/>Lecteur SD<br \/>Lecteur carte d&rsquo;identit\u00e9<br \/><strong>Connectivit\u00e9<\/strong><br \/>RJ-45<br \/>WIFI<br \/>Bluetooth<br \/><strong>Notebook sp\u00e9cifique<\/strong><br \/>Langue du clavier Espagnol<br \/><strong>Autres<\/strong><br \/>hR emballage<br \/><strong>Dimensions<\/strong><br \/>22x33x2 cm.<br \/><strong>Poids<\/strong><br \/>1.40 Kg.<br \/><strong>Sp\u00e9cifications suppl\u00e9mentaires<\/strong><br \/>Le Dell Latitude 5410 est con\u00e7u pour offrir des performances solides et constantes dans les environnements professionnels et d\u2019entreprise. \u00c9quip\u00e9 d\u2019un processeur Intel Core i5 10210U de 10\u1d49 g\u00e9n\u00e9ration, cet ordinateur portable garantit efficacit\u00e9 \u00e9nerg\u00e9tique et puissance pour g\u00e9rer plusieurs t\u00e2ches simultan\u00e9es en toute fluidit\u00e9. Ses 16 Go de m\u00e9moire DDR4 assurent une exp\u00e9rience multit\u00e2che r\u00e9active, tandis que le SSD M.2 de 256 Go permet un d\u00e9marrage ultra-rapide et un acc\u00e8s instantan\u00e9 aux fichiers et applications.<br \/>L\u2019\u00e9cran LED FullHD de 14\u201d offre une image nette et lumineuse, id\u00e9ale pour travailler confortablement pendant de longues heures. De plus, la webcam int\u00e9gr\u00e9e permet des visioconf\u00e9rences de qualit\u00e9 professionnelle, assurant une communication fluide o\u00f9 que vous soyez.<br \/>Le Dell Latitude 5410 int\u00e8gre un lecteur de carte SD et un lecteur de carte d\u2019identit\u00e9, offrant polyvalence et fonctionnalit\u00e9s suppl\u00e9mentaires dans l\u2019environnement de travail. Avec Windows 11 Pro, le syst\u00e8me propose un espace de travail moderne, s\u00e9curis\u00e9 et efficace, optimis\u00e9 pour la productivit\u00e9 professionnelle.<br \/>Solide, \u00e9l\u00e9gant et fiable, ce mod\u00e8le se distingue par sa durabilit\u00e9 et ses performances \u00e9quilibr\u00e9es. Le Dell Latitude 5410 est le choix parfait pour les professionnels \u00e0 la recherche d\u2019un ordinateur portable robuste, efficace et pr\u00eat \u00e0 offrir des performances fiables jour apr\u00e8s jour.<br \/>Bon \u00e9tat ext\u00e9rieur. Peut pr\u00e9senter de l\u00e9g\u00e8res marques d\u2019usage sur le bo\u00eetier. Si vous avez des questions, appelez-nous ou utilisez notre chat pour obtenir plus d\u2019informations ou demander des d\u00e9tails suppl\u00e9mentaires.<\/p>\n","protected":false},"excerpt":{"rendered":"<p>Intel Core i5 10210U 1.6 GHz. \u00b7 16 Gb. SO-DDR4 RAM \u00b7 256 Gb. SSD M2 \u00b7 <strong>Windows 11 Pro<\/strong> \u00b7 Led 14 \u00a0\u00bb FullHD 16:9 \u00b7 R\u00e9solution 1920&#215;1080 \u00b7 Webcam \u00b7 Lecteur SD \u00b7 Lecteur carte d&rsquo;identit\u00e9<\/p>\n","protected":false},"featured_media":146320,"template":"","meta":[],"product_brand":[3445],"product_cat":[2254,3121],"product_tag":[3291],"class_list":{"0":"post-146351","1":"product","2":"type-product","3":"status-publish","4":"has-post-thumbnail","6":"product_brand-dell","7":"product_cat-notebooks-fr","8":"product_cat-notebooks-notebooks-fr","9":"product_tag-oferta-permanente","11":"first","12":"outofstock","13":"sale","14":"taxable","15":"shipping-taxable","16":"purchasable","17":"product-type-simple"},"bundled_by":[],"bundle_stock_status":"outofstock","bundle_stock_quantity":0,"bundle_virtual":false,"bundle_layout":"","bundle_add_to_cart_form_location":"","bundle_editable_in_cart":false,"bundle_sold_individually_context":"","bundle_item_grouping":"","bundle_min_size":"","bundle_max_size":"","bundle_price":[],"bundled_items":[],"bundle_sell_ids":[],"exclude_global_add_ons":true,"addons":{"keyboard-iso-upgrades":{"name":"Choisir langue du clavier","type":"multiple_choice","position":0,"required":false,"title_format":"heading","default":"","description_enable":false,"description":"","placeholder_enable":false,"placeholder":"","display":"radiobutton","restrictions_type":"any_text","adjust_price":false,"price":"","price_type":"quantity_based","restrictions":false,"min":"0","max":"0","options":[{"label":"Autocollants fran\u00e7ais [AMP00084]","price":"0.0000","price_type":"quantity_based","image":0,"visibility":true},{"label":"Autocollants portugais [AMP00083]","price":"0.0000","price_type":"quantity_based","image":0,"visibility":true}]},"ram-memory-upgrades":{"name":"Extension RAM","type":"multiple_choice","position":0,"required":false,"title_format":"heading","default":"","description_enable":false,"description":"","placeholder_enable":false,"placeholder":"","display":"radiobutton","restrictions_type":"any_text","adjust_price":false,"price":"","price_type":"quantity_based","restrictions":false,"min":"0","max":"0","options":[{"label":"Extension de 32 Gb de RAM SODIMM [AMP00098]","price":"150.0000","price_type":"quantity_based","image":0,"visibility":true}]},"hdd-upgrades":{"name":"Extension disque dur","type":"multiple_choice","position":0,"required":false,"title_format":"heading","default":"","description_enable":false,"description":"","placeholder_enable":false,"placeholder":"","display":"radiobutton","restrictions_type":"any_text","adjust_price":false,"price":"","price_type":"quantity_based","restrictions":false,"min":"0","max":"0","options":[{"label":"Passez au disque SSD de 500 Gb. M.2 2280PCIe [AMP00106]","price":110,"price_type":"quantity_based","image":0,"visibility":true},{"label":"Passez au disque SSD 1 Tb. M.2 2280 PCIe [AMP00107]","price":165,"price_type":"quantity_based","image":0,"visibility":true},{"label":"Passez au disque SSD 2 Tb. M.2 2280 PCIe [AMP00171]","price":260,"price_type":"quantity_based","image":0,"visibility":true}]},"os-upgrades":{"name":"Expansion SO","type":"multiple_choice","position":0,"required":false,"title_format":"heading","default":"","description_enable":false,"description":"","placeholder_enable":false,"placeholder":"","display":"radiobutton","restrictions_type":"any_text","adjust_price":false,"price":"","price_type":"quantity_based","restrictions":false,"min":"0","max":"0","options":[{"label":"Changer la langue en fran\u00e7ais [AMP00125]","price":"0.0000","price_type":"quantity_based","image":0,"visibility":true},{"label":"Changer la langue en anglais [AMP00008]","price":"0.0000","price_type":"quantity_based","image":0,"visibility":true},{"label":"Changer la langue en portugais [AMP00009]","price":"0.0000","price_type":"quantity_based","image":0,"visibility":true}]},"briefcase-upgrades":{"name":"Porte-documents","type":"multiple_choice","position":0,"required":false,"title_format":"heading","default":"","description_enable":false,"description":"","placeholder_enable":false,"placeholder":"","display":"radiobutton","restrictions_type":"any_text","adjust_price":false,"price":"","price_type":"quantity_based","restrictions":false,"min":"0","max":"0","options":[{"label":"Mallette Notebook [AMP00041]","price":"5.0000","price_type":"quantity_based","image":0,"visibility":true}]}},"df_price":361.79,"df_sale_price":361.79,"df_regular_price":415.03,"df_image_link":"https:\/\/zoca.es\/wp-content\/uploads\/images\/product\/14077\/dell01518_01-300x225.jpg","_links":{"self":[{"href":"https:\/\/zoca.es\/fr\/wp-json\/wp\/v2\/product\/146351","targetHints":{"allow":["GET"]}}],"collection":[{"href":"https:\/\/zoca.es\/fr\/wp-json\/wp\/v2\/product"}],"about":[{"href":"https:\/\/zoca.es\/fr\/wp-json\/wp\/v2\/types\/product"}],"wp:featuredmedia":[{"embeddable":true,"href":"https:\/\/zoca.es\/fr\/wp-json\/wp\/v2\/media\/146320"}],"wp:attachment":[{"href":"https:\/\/zoca.es\/fr\/wp-json\/wp\/v2\/media?parent=146351"}],"wp:term":[{"taxonomy":"product_brand","embeddable":true,"href":"https:\/\/zoca.es\/fr\/wp-json\/wp\/v2\/product_brand?post=146351"},{"taxonomy":"product_cat","embeddable":true,"href":"https:\/\/zoca.es\/fr\/wp-json\/wp\/v2\/product_cat?post=146351"},{"taxonomy":"product_tag","embeddable":true,"href":"https:\/\/zoca.es\/fr\/wp-json\/wp\/v2\/product_tag?post=146351"}],"curies":[{"name":"wp","href":"https:\/\/api.w.org\/{rel}","templated":true}]}}