{"id":146189,"date":"2025-10-23T08:32:09","date_gmt":"2025-10-23T07:32:09","guid":{"rendered":"https:\/\/zoca.es\/producto\/apple-mac-mini-81-impecable-reconditionne-core-i3-36ghz-8-gb-ram-128-gb-ssd-m2-fr-14141\/"},"modified":"2026-02-25T10:27:14","modified_gmt":"2026-02-25T09:27:14","slug":"apple-mac-mini-81-impecable-reconditionne-core-i3-36ghz-8-gb-ram-128-gb-ssd-m2-fr-14141","status":"publish","type":"product","link":"https:\/\/zoca.es\/fr\/produit\/apple-mac-mini-81-impecable-reconditionne-core-i3-36ghz-8-gb-ram-128-gb-ssd-m2-fr-14141\/","title":{"rendered":"Apple Mac Mini 8,1-Impecable | Reconditionn\u00e9 | Core i3 3.6GHz | 8 GB RAM | 128 GB SSD M2"},"content":{"rendered":"<p><strong>Processeur<\/strong><br \/>Intel Core i3 8100B 3.6 GHz.<br \/><strong>M\u00e9moire RAM<\/strong><br \/>8 Gb. SO-DDR4 RAM<br \/><strong>Disque dur<\/strong><br \/>128 Gb. SSD M2<br \/><strong>Cartes<\/strong><br \/>Graphique: Intel UHD Graphics 630<br \/>Son: HD Audio<br \/>R\u00e9seau: Gigabit Ethernet<br \/><strong>Syst\u00e8me op\u00e9ratif<\/strong><br \/>macOS Sequoia<br \/><strong>Ports<\/strong><br \/>2x USB 3.0<br \/>4x USB-C<br \/><strong>Ports vid\u00e9o<\/strong><br \/>HDMI<br \/><strong>Connectivit\u00e9<\/strong><br \/>RJ-45<br \/>WIFI<br \/>Bluetooth<br \/><strong>Autres<\/strong><br \/>hR emballage<br \/><strong>Dimensions<\/strong><br \/>20x20x3.6 cm.<br \/><strong>Poids<\/strong><br \/>1.30 Kg.<br \/><strong>Sp\u00e9cifications suppl\u00e9mentaires<\/strong><br \/>L\u2019Apple Mac Mini 8,1 (mod\u00e8le A1993, Fin 2018) offre la combinaison parfaite entre puissance, efficacit\u00e9 et design compact. \u00c9quip\u00e9 d\u2019un processeur Intel Core i3 8100B \u00e0 3,6 GHz, ce mod\u00e8le garantit des performances fluides et stables pour les t\u00e2ches quotidiennes, de la navigation sur le web \u00e0 la gestion de documents, en passant par la lecture multim\u00e9dia sans interruption.<br \/>Ses 8 Go de m\u00e9moire SO-DDR4 et son rapide SSD M.2 de 128 Go assurent une r\u00e9activit\u00e9 imm\u00e9diate du syst\u00e8me, des d\u00e9marrages rapides et une exp\u00e9rience fluide, m\u00eame en multit\u00e2che. Le syst\u00e8me d\u2019exploitation macOS Sequoia optimise la productivit\u00e9 gr\u00e2ce \u00e0 une interface intuitive, stable et parfaitement adapt\u00e9e au mat\u00e9riel Apple.<br \/>Avec sa finition \u00e9l\u00e9gante Space Grey, le Mac Mini 8,1 s\u2019int\u00e8gre parfaitement dans tout espace de travail moderne. Compact, silencieux et efficace, il incarne l\u2019essence du design intelligent d\u2019Apple : une puissance professionnelle dans un format r\u00e9duit, sans compromis sur le style ni la fiabilit\u00e9.<br \/><b>Aspect ext\u00e9rieur impeccable. <\/b>Si vous avez des questions, appelez-nous ou utilisez notre chat pour obtenir plus d\u2019informations ou demander des d\u00e9tails suppl\u00e9mentaires.<br \/><strong>Commentaires<\/strong><br \/><u>Mod\u00e8le A1993 (Late 2018)  &#8211; Couleur Space Grey<\/u><\/p>\n","protected":false},"excerpt":{"rendered":"<p>Intel Core i3 8100B 3.6 GHz. \u00b7 8 Gb. SO-DDR4 RAM \u00b7 128 Gb. SSD M2 \u00b7 macOS Sequoia \u00b7<br \/>\n<u>Mod\u00e8le A1993 (Late 2018) &#8211; Couleur Space Grey<br \/>\n<\/u><\/p>\n","protected":false},"featured_media":146176,"template":"","meta":[],"product_brand":[3449],"product_cat":[2219,2228],"product_tag":[],"class_list":{"0":"post-146189","1":"product","2":"type-product","3":"status-publish","4":"has-post-thumbnail","6":"product_brand-apple","7":"product_cat-ordinateurs-fr","8":"product_cat-ordinateurs-mini-fr","10":"first","11":"instock","12":"sale","13":"taxable","14":"shipping-taxable","15":"purchasable","16":"product-type-simple"},"bundled_by":[],"bundle_stock_status":"instock","bundle_stock_quantity":1,"bundle_virtual":false,"bundle_layout":"","bundle_add_to_cart_form_location":"","bundle_editable_in_cart":false,"bundle_sold_individually_context":"","bundle_item_grouping":"","bundle_min_size":"","bundle_max_size":"","bundle_price":[],"bundled_items":[],"bundle_sell_ids":[],"exclude_global_add_ons":true,"addons":{"mouse-upgrades":{"name":"Extension souris","type":"multiple_choice","position":0,"required":false,"title_format":"heading","default":"","description_enable":false,"description":"","placeholder_enable":false,"placeholder":"","display":"radiobutton","restrictions_type":"any_text","adjust_price":false,"price":"","price_type":"quantity_based","restrictions":false,"min":"0","max":"0","options":[{"label":"Apple Magic Mouse 2 (A1657) [AMP00060]","price":"60.0000","price_type":"quantity_based","image":0,"visibility":true}]},"ram-memory-upgrades":{"name":"Extension RAM","type":"multiple_choice","position":0,"required":false,"title_format":"heading","default":"","description_enable":false,"description":"","placeholder_enable":false,"placeholder":"","display":"radiobutton","restrictions_type":"any_text","adjust_price":false,"price":"","price_type":"quantity_based","restrictions":false,"min":"0","max":"0","options":[{"label":"Extension de 16 Gb Gb de RAM SO-DIMM DDR4 [AMP00081]","price":"60.0000","price_type":"quantity_based","image":0,"visibility":true}]}},"df_price":337.59,"df_sale_price":337.59,"df_regular_price":375.1,"df_image_link":"https:\/\/zoca.es\/wp-content\/uploads\/images\/product\/14141\/appl00648_01-300x225.jpg","_links":{"self":[{"href":"https:\/\/zoca.es\/fr\/wp-json\/wp\/v2\/product\/146189","targetHints":{"allow":["GET"]}}],"collection":[{"href":"https:\/\/zoca.es\/fr\/wp-json\/wp\/v2\/product"}],"about":[{"href":"https:\/\/zoca.es\/fr\/wp-json\/wp\/v2\/types\/product"}],"wp:featuredmedia":[{"embeddable":true,"href":"https:\/\/zoca.es\/fr\/wp-json\/wp\/v2\/media\/146176"}],"wp:attachment":[{"href":"https:\/\/zoca.es\/fr\/wp-json\/wp\/v2\/media?parent=146189"}],"wp:term":[{"taxonomy":"product_brand","embeddable":true,"href":"https:\/\/zoca.es\/fr\/wp-json\/wp\/v2\/product_brand?post=146189"},{"taxonomy":"product_cat","embeddable":true,"href":"https:\/\/zoca.es\/fr\/wp-json\/wp\/v2\/product_cat?post=146189"},{"taxonomy":"product_tag","embeddable":true,"href":"https:\/\/zoca.es\/fr\/wp-json\/wp\/v2\/product_tag?post=146189"}],"curies":[{"name":"wp","href":"https:\/\/api.w.org\/{rel}","templated":true}]}}