{"id":145595,"date":"2025-10-17T12:03:59","date_gmt":"2025-10-17T11:03:59","guid":{"rendered":"https:\/\/zoca.es\/producto\/clonico-v7-l236va-236-led-169-faute-1920x1080-fr-14178\/"},"modified":"2026-01-29T09:56:32","modified_gmt":"2026-01-29T08:56:32","slug":"clonico-v7-l236va-236-led-169-faute-1920x1080-fr-14178","status":"publish","type":"product","link":"https:\/\/zoca.es\/fr\/produit\/clonico-v7-l236va-236-led-169-faute-1920x1080-fr-14178\/","title":{"rendered":"Clonico V7-L236VA Avec des d\u00e9faut Avec des d\u00e9fauts, LED, 16:9, 1920 x 1080, 23.6&Prime;"},"content":{"rendered":"<p><strong>\u00c9cran<\/strong><br \/>Led 23.6 \u00a0\u00bb FullHD avec Haut-parleurs \u00b7  16:9  \u00b7 R\u00e9solution 1920&#215;1080<br \/>Dot pitch 0.272 mm<br \/>R\u00e9ponse 5 ms<br \/>Contraste 1000:1<br \/>Luminosit\u00e9 250 cd\/m2<br \/>Angle vision 178\u00b0v\/178\u00b0h<br \/><strong>Ports vid\u00e9o<\/strong><br \/>VGA<br \/>HDMI<br \/><strong>Affichage sp\u00e9cifique<\/strong><br \/>Stand VESA<br \/>Base<br \/><strong>Dimensions<\/strong><br \/>55&#215;40.7&#215;21 cm.<br \/><strong>Poids<\/strong><br \/>3.20 Kg.<br \/><strong>Commentaires<\/strong><br \/><u>L\u00e9g\u00e8res traces sur l&rsquo;\u00e9cran. Il s&rsquo;agit de petites traces sur le c\u00f4t\u00e9 droit de l&rsquo;\u00e9cran. Elles sont \u00e0 peine visibles lorsque l&rsquo;\u00e9cran est allum\u00e9. Les autres fonctions de l&rsquo;\u00e9cran sont correctes. Consultez la section \u00ab\u00a0+ Photos\u00a0\u00bb et, pour toute question, n&rsquo;h\u00e9sitez pas \u00e0 nous appeler ou \u00e0 utiliser notre chat pour obtenir plus d&rsquo;informations ou pour obtenir plus de d\u00e9tails.<\/u><\/p>\n","protected":false},"excerpt":{"rendered":"<p>Profitez du Clonico V7-L236VA reconditionn\u00e9, moniteur LED 23.6&Prime; FullHD 16:9 avec haut-parleurs int\u00e9gr\u00e9s. Offrant une r\u00e9solution 1920&#215;1080, un contraste 1000:1 et une r\u00e9ponse de 5 ms, il est parfait pour le travail ou les loisirs. L\u00e9g\u00e8res traces sur l\u2019\u00e9cran (voir \u201c+ Photos\u201d) sans impact sur l\u2019image ni les performances.<\/p>\n","protected":false},"featured_media":145576,"template":"","meta":[],"product_brand":[3482],"product_cat":[2237,167,2249,2481],"product_tag":[],"class_list":{"0":"post-145595","1":"product","2":"type-product","3":"status-publish","4":"has-post-thumbnail","6":"product_brand-clonico","7":"product_cat-moniteurs-fr","8":"product_cat-avec-des-defauts-fr","9":"product_cat-moniteurs-avec-des-defauts-fr","10":"product_cat-avec-des-defauts-moniteurs-fr","12":"first","13":"outofstock","14":"taxable","15":"shipping-taxable","16":"purchasable","17":"product-type-simple"},"bundled_by":[],"bundle_stock_status":"outofstock","bundle_stock_quantity":0,"bundle_virtual":false,"bundle_layout":"","bundle_add_to_cart_form_location":"","bundle_editable_in_cart":false,"bundle_sold_individually_context":"","bundle_item_grouping":"","bundle_min_size":"","bundle_max_size":"","bundle_price":[],"bundled_items":[],"bundle_sell_ids":[],"exclude_global_add_ons":true,"addons":{"hdmi-upgrades":{"name":"Extension c\u00e2ble","type":"multiple_choice","position":0,"required":false,"title_format":"heading","default":"","description_enable":false,"description":"","placeholder_enable":false,"placeholder":"","display":"radiobutton","restrictions_type":"any_text","adjust_price":false,"price":"","price_type":"quantity_based","restrictions":false,"min":"0","max":"0","options":[{"label":"C\u00e2ble HDMI 2 mts. [AMP00104]","price":"6.0000","price_type":"quantity_based","image":0,"visibility":true}]}},"df_price":54.45,"df_sale_price":"","df_regular_price":54.45,"df_image_link":"https:\/\/zoca.es\/wp-content\/uploads\/images\/product\/14178\/clon00156tr01_01-300x225.jpg","_links":{"self":[{"href":"https:\/\/zoca.es\/fr\/wp-json\/wp\/v2\/product\/145595","targetHints":{"allow":["GET"]}}],"collection":[{"href":"https:\/\/zoca.es\/fr\/wp-json\/wp\/v2\/product"}],"about":[{"href":"https:\/\/zoca.es\/fr\/wp-json\/wp\/v2\/types\/product"}],"wp:featuredmedia":[{"embeddable":true,"href":"https:\/\/zoca.es\/fr\/wp-json\/wp\/v2\/media\/145576"}],"wp:attachment":[{"href":"https:\/\/zoca.es\/fr\/wp-json\/wp\/v2\/media?parent=145595"}],"wp:term":[{"taxonomy":"product_brand","embeddable":true,"href":"https:\/\/zoca.es\/fr\/wp-json\/wp\/v2\/product_brand?post=145595"},{"taxonomy":"product_cat","embeddable":true,"href":"https:\/\/zoca.es\/fr\/wp-json\/wp\/v2\/product_cat?post=145595"},{"taxonomy":"product_tag","embeddable":true,"href":"https:\/\/zoca.es\/fr\/wp-json\/wp\/v2\/product_tag?post=145595"}],"curies":[{"name":"wp","href":"https:\/\/api.w.org\/{rel}","templated":true}]}}