{"id":145531,"date":"2025-10-17T10:48:32","date_gmt":"2025-10-17T09:48:32","guid":{"rendered":"https:\/\/zoca.es\/producto\/apple-macbook-air-101-133-reconditionne-m1-32ghz-16-gb-ram-256-gb-ssd-m2-2560x1600-fr-14201\/"},"modified":"2026-02-25T09:41:19","modified_gmt":"2026-02-25T08:41:19","slug":"apple-macbook-air-101-133-reconditionne-m1-32ghz-16-gb-ram-256-gb-ssd-m2-2560x1600-fr-14201","status":"publish","type":"product","link":"https:\/\/zoca.es\/fr\/produit\/apple-macbook-air-101-133-reconditionne-m1-32ghz-16-gb-ram-256-gb-ssd-m2-2560x1600-fr-14201\/","title":{"rendered":"Apple MacBook Air 10,1 13.3\u00a0\u00bb | Reconditionn\u00e9 | M1 3.2GHz | 16 GB RAM | 256 GB SSD M2 2560&#215;1600"},"content":{"rendered":"<p><strong>Processeur<\/strong><br \/>Apple M1 3.2 GHz.<br \/><strong>M\u00e9moire RAM<\/strong><br \/>16 Gb. SO-DDR4 RAM<br \/><strong>Disque dur<\/strong><br \/>256 Gb. SSD M2<br \/><strong>Cartes<\/strong><br \/>Graphique: Apple G13G<br \/>Son: HD Audio<br \/><strong>Syst\u00e8me op\u00e9ratif<\/strong><br \/>macOS Sequoia<br \/><strong>Ports<\/strong><br \/>2x USB-C<br \/><strong>\u00c9cran<\/strong><br \/>Retina 13.3 \u00a0\u00bb 2K 16:9 \u00b7 R\u00e9solution 2560&#215;1600<br \/><strong>Multim\u00e9dias<\/strong><br \/>Webcam<br \/><strong>Connectivit\u00e9<\/strong><br \/>WIFI<br \/>Bluetooth<br \/><strong>Notebook sp\u00e9cifique<\/strong><br \/>Langue du clavier International (autocollants espagnols)<br \/><strong>Autres<\/strong><br \/>hR emballage<br \/><strong>Dimensions<\/strong><br \/>30.4&#215;21.2&#215;1.6 cm.<br \/><strong>Poids<\/strong><br \/>1.30 Kg.<br \/><strong>Sp\u00e9cifications suppl\u00e9mentaires<\/strong><br \/>\u00c9l\u00e9gant, silencieux et plus puissant que vous ne l\u2019imaginez. Le MacBook Air 13,3&Prime; mod\u00e8le A2337 (2020) en Space Grey marque le d\u00e9but d\u2019une nouvelle \u00e8re gr\u00e2ce \u00e0 la puce Apple M1 \u00e0 3,2 GHz, qui r\u00e9volutionne la fa\u00e7on de travailler, cr\u00e9er et profiter du contenu sur un ordinateur ultraportable.Avec 16 Go de RAM DDR4 et un SSD M.2 de 256 Go, il offre une exp\u00e9rience fluide et r\u00e9active d\u00e8s la premi\u00e8re seconde : ouverture instantan\u00e9e des applications, multit\u00e2che sans ralentissements et excellente autonomie. Id\u00e9al pour les \u00e9tudiants comme pour les professionnels ayant besoin de performances r\u00e9elles en mobilit\u00e9.L\u2019\u00e9cran LED Retina de 13,3 pouces, avec r\u00e9solution 2K (2560&#215;1600), offre des images \u00e9clatantes et un texte parfaitement net. Parfait pour du design l\u00e9ger, une navigation intensive ou simplement profiter de s\u00e9ries et d\u2019appels vid\u00e9o en haute qualit\u00e9 gr\u00e2ce \u00e0 sa webcam HD int\u00e9gr\u00e9e.Le tout sous macOS Sequoia, le syst\u00e8me d\u2019exploitation le plus avanc\u00e9 d\u2019Apple \u00e0 ce jour.Fin, robuste et au design impeccable, ce MacBook Air A2337 prouve qu\u2019il n\u2019est pas n\u00e9cessaire d\u2019\u00eatre grand pour \u00eatre incroyablement performant.Bon aspect ext\u00e9rieur. <strong>L\u00e9g\u00e8res traces d\u2019autocollants sur le bo\u00eetier.<\/strong> Consultez \u201c+ Photos\u201d et si vous avez des questions, appelez-nous ou utilisez notre chat pour plus d\u2019informations ou pour demander davantage de d\u00e9tails.<br \/><strong>Commentaires<\/strong><br \/><u>Mod\u00e8le A2337 (2020) \u2013 Couleur Space Grey<\/u><\/p>\n","protected":false},"excerpt":{"rendered":"<p><strong>Apple M1 3.2 GHz.<\/strong> \u00b7 16 Gb. SO-DDR4 RAM \u00b7 256 Gb. SSD M2 \u00b7 macOS Sequoia \u00b7 Retina 13.3 \u00a0\u00bb 2K 16:9 \u00b7 Webcam \u00b7<br \/>\n<u>Mod\u00e8le A2337 (2020) \u2013 Couleur Space Grey \u00b7L\u00e9g\u00e8res traces d&rsquo;autocollants sur le bo\u00eetier<\/u><\/p>\n","protected":false},"featured_media":145503,"template":"","meta":[],"product_brand":[3449],"product_cat":[2254,3121],"product_tag":[],"class_list":{"0":"post-145531","1":"product","2":"type-product","3":"status-publish","4":"has-post-thumbnail","6":"product_brand-apple","7":"product_cat-notebooks-fr","8":"product_cat-notebooks-notebooks-fr","10":"first","11":"instock","12":"taxable","13":"shipping-taxable","14":"purchasable","15":"product-type-simple"},"bundled_by":[],"bundle_stock_status":"instock","bundle_stock_quantity":1,"bundle_virtual":false,"bundle_layout":"","bundle_add_to_cart_form_location":"","bundle_editable_in_cart":false,"bundle_sold_individually_context":"","bundle_item_grouping":"","bundle_min_size":"","bundle_max_size":"","bundle_price":[],"bundled_items":[],"bundle_sell_ids":[],"exclude_global_add_ons":true,"addons":{"keyboard-iso-upgrades":{"name":"Choisir langue du clavier","type":"multiple_choice","position":0,"required":false,"title_format":"heading","default":"","description_enable":false,"description":"","placeholder_enable":false,"placeholder":"","display":"radiobutton","restrictions_type":"any_text","adjust_price":false,"price":"","price_type":"quantity_based","restrictions":false,"min":"0","max":"0","options":[{"label":"Autocollants espagnols [AMP00082]","price":"0.0000","price_type":"quantity_based","image":0,"visibility":true},{"label":"Autocollants fran\u00e7ais [AMP00084]","price":"0.0000","price_type":"quantity_based","image":0,"visibility":true},{"label":"Autocollants portugais [AMP00083]","price":"0.0000","price_type":"quantity_based","image":0,"visibility":true}]},"mouse-upgrades":{"name":"Extension souris","type":"multiple_choice","position":0,"required":false,"title_format":"heading","default":"","description_enable":false,"description":"","placeholder_enable":false,"placeholder":"","display":"radiobutton","restrictions_type":"any_text","adjust_price":false,"price":"","price_type":"quantity_based","restrictions":false,"min":"0","max":"0","options":[{"label":"Apple Magic Mouse 2 (A1657) [AMP00060]","price":"60.0000","price_type":"quantity_based","image":0,"visibility":true}]}},"df_price":625.57,"df_sale_price":"","df_regular_price":625.57,"df_image_link":"https:\/\/zoca.es\/wp-content\/uploads\/images\/product\/14201\/appl00652_01-300x225.jpg","_links":{"self":[{"href":"https:\/\/zoca.es\/fr\/wp-json\/wp\/v2\/product\/145531","targetHints":{"allow":["GET"]}}],"collection":[{"href":"https:\/\/zoca.es\/fr\/wp-json\/wp\/v2\/product"}],"about":[{"href":"https:\/\/zoca.es\/fr\/wp-json\/wp\/v2\/types\/product"}],"wp:featuredmedia":[{"embeddable":true,"href":"https:\/\/zoca.es\/fr\/wp-json\/wp\/v2\/media\/145503"}],"wp:attachment":[{"href":"https:\/\/zoca.es\/fr\/wp-json\/wp\/v2\/media?parent=145531"}],"wp:term":[{"taxonomy":"product_brand","embeddable":true,"href":"https:\/\/zoca.es\/fr\/wp-json\/wp\/v2\/product_brand?post=145531"},{"taxonomy":"product_cat","embeddable":true,"href":"https:\/\/zoca.es\/fr\/wp-json\/wp\/v2\/product_cat?post=145531"},{"taxonomy":"product_tag","embeddable":true,"href":"https:\/\/zoca.es\/fr\/wp-json\/wp\/v2\/product_tag?post=145531"}],"curies":[{"name":"wp","href":"https:\/\/api.w.org\/{rel}","templated":true}]}}