{"id":142741,"date":"2025-09-23T11:07:17","date_gmt":"2025-09-23T10:07:17","guid":{"rendered":"https:\/\/zoca.es\/producto\/dell-latitude-7212-rugged-extreme-116-faute-core-i5-17ghz-8-gb-ram-256-gb-ssd-m2-1920x1080-fr-14055\/"},"modified":"2025-09-25T10:10:37","modified_gmt":"2025-09-25T09:10:37","slug":"dell-latitude-7212-rugged-extreme-116-faute-core-i5-17ghz-8-gb-ram-256-gb-ssd-m2-1920x1080-fr-14055","status":"publish","type":"product","link":"https:\/\/zoca.es\/fr\/produit\/dell-latitude-7212-rugged-extreme-116-faute-core-i5-17ghz-8-gb-ram-256-gb-ssd-m2-1920x1080-fr-14055\/","title":{"rendered":"Dell Latitude 7212 Rugged Extreme 11.6&Prime;"},"content":{"rendered":"<table class=\"table\" aria-describedby=\"heading-ficha-tecnica\">\n<caption class=\"sr-only\">Fiche technique de Dell Latitude 7212 Rugged Extreme<\/caption>\n<tbody>\n<tr class=\"compont d-flex\">\n<th scope=\"row\" class=\"col-4\">Marque<\/th>\n<td class=\"col-8\">Dell<\/td>\n<\/tr>\n<tr class=\"compont d-flex\">\n<th scope=\"row\" class=\"col-4\">Mod\u00e8le<\/th>\n<td class=\"col-8\">Latitude 7212 Rugged Extreme<\/td>\n<\/tr>\n<tr class=\"compont d-flex\">\n<th scope=\"row\" class=\"col-4\">Processeur<\/th>\n<td class=\"col-8\">Intel Core i5-8350U 1.7 GHz<\/td>\n<\/tr>\n<tr class=\"compont d-flex\">\n<th scope=\"row\" class=\"col-4\">M\u00e9moire RAM<\/th>\n<td class=\"col-8\">8 Go DDR3<\/td>\n<\/tr>\n<tr class=\"compont d-flex\">\n<th scope=\"row\" class=\"col-4\">Stockage<\/th>\n<td class=\"col-8\">256 Go SSD M.2<\/td>\n<\/tr>\n<tr class=\"compont d-flex\">\n<th scope=\"row\" class=\"col-4\">Graphique<\/th>\n<td class=\"col-8\">Intel UHD Graphics 620<\/td>\n<\/tr>\n<tr class=\"compont d-flex\">\n<th scope=\"row\" class=\"col-4\">Son<\/th>\n<td class=\"col-8\">Realtek Audio<\/td>\n<\/tr>\n<tr class=\"compont d-flex\">\n<th scope=\"row\" class=\"col-4\">Syst\u00e8me d\u2019exploitation<\/th>\n<td class=\"col-8\">Windows 11 Pro<\/td>\n<\/tr>\n<tr class=\"compont d-flex\">\n<th scope=\"row\" class=\"col-4\">\u00c9cran<\/th>\n<td class=\"col-8\">Tactile 11.6\u00a0\u00bb FullHD 16:9 \u00b7 R\u00e9solution 1920&#215;1080<\/td>\n<\/tr>\n<tr class=\"compont d-flex\">\n<th scope=\"row\" class=\"col-4\">Ports<\/th>\n<td class=\"col-8\">USB 3.0 \u00b7 USB-C (1 port USB non fonctionnel)<\/td>\n<\/tr>\n<tr class=\"compont d-flex\">\n<th scope=\"row\" class=\"col-4\">Ports vid\u00e9o<\/th>\n<td class=\"col-8\">Mini HDMI<\/td>\n<\/tr>\n<tr class=\"compont d-flex\">\n<th scope=\"row\" class=\"col-4\">Multim\u00e9dia<\/th>\n<td class=\"col-8\">Cam\u00e9ras avant et arri\u00e8re \u00b7 Lecteur d\u2019empreintes<\/td>\n<\/tr>\n<tr class=\"compont d-flex\">\n<th scope=\"row\" class=\"col-4\">Connectivit\u00e9<\/th>\n<td class=\"col-8\">Wi-Fi \u00b7 Bluetooth<\/td>\n<\/tr>\n<tr class=\"compont d-flex\">\n<th scope=\"row\" class=\"col-4\">Dimensions<\/th>\n<td class=\"col-8\">31 x 20 x 3 cm<\/td>\n<\/tr>\n<tr class=\"compont d-flex\">\n<th scope=\"row\" class=\"col-4\">Poids<\/th>\n<td class=\"col-8\">1.50 Kg<\/td>\n<\/tr>\n<\/tbody>\n<\/table>\n","protected":false},"excerpt":{"rendered":"<p>Le Dell Latitude 7212 Rugged Extreme reconditionn\u00e9 est une tablette robuste con\u00e7ue pour r\u00e9sister aux environnements exigeants. Dot\u00e9e d\u2019un Intel Core i5-8350U, de 8 Go de RAM et d\u2019un SSD M.2 de 256 Go, elle assure performance et fiabilit\u00e9. Attention : un port USB n\u2019est pas fonctionnel, mais toutes les autres fonctionnalit\u00e9s sont intactes.<\/p>\n","protected":false},"featured_media":142734,"template":"","meta":[],"product_brand":[3445],"product_cat":[2308,3130,2302,3068,167,3115],"product_tag":[],"class_list":{"0":"post-142741","1":"product","2":"type-product","3":"status-publish","4":"has-post-thumbnail","6":"product_brand-dell","7":"product_cat-tablettes-avec-des-defauts-fr","8":"product_cat-tablettes-ruggerized-fr","9":"product_cat-tablettes-fr","10":"product_cat-ruggerized-fr","11":"product_cat-avec-des-defauts-fr","12":"product_cat-avec-des-defauts-tablettes-fr","14":"first","15":"outofstock","16":"taxable","17":"shipping-taxable","18":"purchasable","19":"product-type-simple"},"bundled_by":[],"bundle_stock_status":"outofstock","bundle_stock_quantity":0,"bundle_virtual":false,"bundle_layout":"","bundle_add_to_cart_form_location":"","bundle_editable_in_cart":false,"bundle_sold_individually_context":"","bundle_item_grouping":"","bundle_min_size":"","bundle_max_size":"","bundle_price":[],"bundled_items":[],"bundle_sell_ids":[],"exclude_global_add_ons":[],"addons":[],"df_price":506.99,"df_sale_price":"","df_regular_price":506.99,"df_image_link":"https:\/\/zoca.es\/wp-content\/uploads\/images\/product\/14055\/dell01443tr01_01-300x225.jpg","_links":{"self":[{"href":"https:\/\/zoca.es\/fr\/wp-json\/wp\/v2\/product\/142741","targetHints":{"allow":["GET"]}}],"collection":[{"href":"https:\/\/zoca.es\/fr\/wp-json\/wp\/v2\/product"}],"about":[{"href":"https:\/\/zoca.es\/fr\/wp-json\/wp\/v2\/types\/product"}],"wp:featuredmedia":[{"embeddable":true,"href":"https:\/\/zoca.es\/fr\/wp-json\/wp\/v2\/media\/142734"}],"wp:attachment":[{"href":"https:\/\/zoca.es\/fr\/wp-json\/wp\/v2\/media?parent=142741"}],"wp:term":[{"taxonomy":"product_brand","embeddable":true,"href":"https:\/\/zoca.es\/fr\/wp-json\/wp\/v2\/product_brand?post=142741"},{"taxonomy":"product_cat","embeddable":true,"href":"https:\/\/zoca.es\/fr\/wp-json\/wp\/v2\/product_cat?post=142741"},{"taxonomy":"product_tag","embeddable":true,"href":"https:\/\/zoca.es\/fr\/wp-json\/wp\/v2\/product_tag?post=142741"}],"curies":[{"name":"wp","href":"https:\/\/api.w.org\/{rel}","templated":true}]}}