{"id":142703,"date":"2025-09-23T09:45:39","date_gmt":"2025-09-23T08:45:39","guid":{"rendered":"https:\/\/zoca.es\/producto\/lenovo-thinkcentre-m720s-sff-reconditionne-core-i5-29ghz-16-gb-ram-256-gb-ssd-fr-13946\/"},"modified":"2026-03-04T12:18:42","modified_gmt":"2026-03-04T11:18:42","slug":"lenovo-thinkcentre-m720s-sff-reconditionne-core-i5-29ghz-16-gb-ram-256-gb-ssd-fr-13946","status":"publish","type":"product","link":"https:\/\/zoca.es\/fr\/produit\/lenovo-thinkcentre-m720s-sff-reconditionne-core-i5-29ghz-16-gb-ram-256-gb-ssd-fr-13946\/","title":{"rendered":"Lenovo ThinkCentre M720S SFF | Reconditionn\u00e9 | Core i5 2.9GHz | 16 GB RAM | 256 GB SSD"},"content":{"rendered":"<p><strong>Processeur<\/strong><br \/>Intel Core i5 9400 2.9 GHz.<br \/><strong>Facteur de forme<\/strong><br \/>SFF<br \/><strong>M\u00e9moire RAM<\/strong><br \/>16 Gb. DDR4 RAM<br \/><strong>Disque dur<\/strong><br \/>256 Gb. SSD<br \/><strong>Cartes<\/strong><br \/>Graphique: Intel UHD Graphics 630<br \/>Son: Realtek Audio<br \/>R\u00e9seau: Ethernet I219-v<br \/><strong>Syst\u00e8me op\u00e9ratif<\/strong><br \/>Windows 11 Pro<br \/><strong>Ports<\/strong><br \/>S\u00e9rie<br \/>4x USB 2.0<br \/>USB-C<br \/>4x USB 3.1<br \/><strong>Ports vid\u00e9o<\/strong><br \/>VGA<br \/>2x Display Port<br \/><strong>Connectivit\u00e9<\/strong><br \/>RJ-45<br \/><strong>Autres<\/strong><br \/>hR emballage<br \/><strong>Dimensions<\/strong><br \/>29x34x9 cm.<br \/><strong>Poids<\/strong><br \/>4.75 Kg.<br \/><strong>Sp\u00e9cifications suppl\u00e9mentaires<\/strong><br \/>Le LENOVO ThinkCentre M720S est un ordinateur de bureau professionnel au format compact, con\u00e7u pour offrir fiabilit\u00e9, s\u00e9curit\u00e9 et haute performance dans les environnements professionnels. \u00c9quip\u00e9 d\u2019un puissant processeur Intel Core i5-9400 \u00e0 2,9 GHz, ce syst\u00e8me assure la rapidit\u00e9 n\u00e9cessaire pour travailler avec plusieurs applications et t\u00e2ches simultan\u00e9ment.<br \/>Il dispose de 16 Go de m\u00e9moire RAM DDR4 et d\u2019un SSD rapide de 256 Go, garantissant un acc\u00e8s rapide aux donn\u00e9es et une productivit\u00e9 accrue. De plus, il est livr\u00e9 avec Windows 11 Pro, offrant une exp\u00e9rience optimis\u00e9e et s\u00e9curis\u00e9e pour le travail quotidien.<br \/>Pour l\u2019expansion, il comprend 1x M.2 2280 pour le stockage, 1x PCIe X16 et 2x PCIe X1, permettant une adaptation facile aux besoins futurs. Le tout dans un design Small Form Factor (SFF), combinant puissance et efficacit\u00e9 d\u2019espace.<br \/>Bon \u00e9tat ext\u00e9rieur. Consultez \u201c+ Photos\u201d et si vous avez des questions, appelez-nous ou utilisez notre chat pour plus de d\u00e9tails.<br \/><strong>Commentaires<\/strong><br \/><u>1xM.2 2280 pour le stockage &#8211; 1xPCIe x16 \/ 2xPCIe x1<\/u><\/p>\n","protected":false},"excerpt":{"rendered":"<p>Intel Core i5 9400 2.9 GHz. \u00b7 16 Gb. DDR4 RAM \u00b7 256 Gb. SSD \u00b7 <strong>Windows 11 Pro<\/strong> \u00b7<br \/>\n<u>1xM.2 2280 pour le stockage &#8211; 1xPCIe x16 \/ 2xPCIe x1<br \/>\n<\/u><\/p>\n","protected":false},"featured_media":142681,"template":"","meta":[],"product_brand":[3452],"product_cat":[3124,2219],"product_tag":[],"class_list":{"0":"post-142703","1":"product","2":"type-product","3":"status-publish","4":"has-post-thumbnail","6":"product_brand-lenovo","7":"product_cat-ordinateurs-ordinateurs-fr","8":"product_cat-ordinateurs-fr","10":"first","11":"outofstock","12":"taxable","13":"shipping-taxable","14":"purchasable","15":"product-type-simple"},"bundled_by":[],"bundle_stock_status":"outofstock","bundle_stock_quantity":0,"bundle_virtual":false,"bundle_layout":"","bundle_add_to_cart_form_location":"","bundle_editable_in_cart":false,"bundle_sold_individually_context":"","bundle_item_grouping":"","bundle_min_size":"","bundle_max_size":"","bundle_price":[],"bundled_items":[],"bundle_sell_ids":[],"exclude_global_add_ons":true,"addons":{"webcam-upgrades":{"name":"Extension Webcam","type":"multiple_choice","position":0,"required":false,"title_format":"heading","default":"","description_enable":false,"description":"","placeholder_enable":false,"placeholder":"","display":"radiobutton","restrictions_type":"any_text","adjust_price":false,"price":"","price_type":"quantity_based","restrictions":false,"min":"0","max":"0","options":[{"label":"Conceptronic AMDIS FullHD [AMP00085]","price":"29.0000","price_type":"quantity_based","image":0,"visibility":true}]},"ram-memory-upgrades":{"name":"Extension RAM","type":"multiple_choice","position":0,"required":false,"title_format":"heading","default":"","description_enable":false,"description":"","placeholder_enable":false,"placeholder":"","display":"radiobutton","restrictions_type":"any_text","adjust_price":false,"price":"","price_type":"quantity_based","restrictions":false,"min":"0","max":"0","options":[{"label":"Extension de 32 Gb de RAM DIMM [AMP00122]","price":"150.0000","price_type":"quantity_based","image":0,"visibility":true}]},"hdd-upgrades":{"name":"Extension disque dur","type":"multiple_choice","position":0,"required":false,"title_format":"heading","default":"","description_enable":false,"description":"","placeholder_enable":false,"placeholder":"","display":"radiobutton","restrictions_type":"any_text","adjust_price":false,"price":"","price_type":"quantity_based","restrictions":false,"min":"0","max":"0","options":[{"label":"Passez au disque SSD de 480 Gb. [AMP00014]","price":"59.0000","price_type":"quantity_based","image":0,"visibility":true},{"label":"Passez au disque SSD 1 Tb. [AMP00071]","price":"95.0000","price_type":"quantity_based","image":0,"visibility":true},{"label":"Passez au disque SSD de 500 Gb. M.2 2280PCIe [AMP00106]","price":95,"price_type":"quantity_based","image":0,"visibility":true},{"label":"Passez au disque SSD 1 Tb. M.2 2280 PCIe [AMP00107]","price":165,"price_type":"quantity_based","image":0,"visibility":true},{"label":"SSD suppl\u00e9mentaire 500 Gb. M.2 2280 PCIe [AMP00108]","price":100,"price_type":"quantity_based","image":0,"visibility":true},{"label":"Disque SSD de 1 Tb. M.2 2280 PCIe suppl\u00e9mentaire [AMP00109]","price":170,"price_type":"quantity_based","image":0,"visibility":true}]},"network-card-upgrades":{"name":"Extension WIFI","type":"multiple_choice","position":0,"required":false,"title_format":"heading","default":"","description_enable":false,"description":"","placeholder_enable":false,"placeholder":"","display":"radiobutton","restrictions_type":"any_text","adjust_price":false,"price":"","price_type":"quantity_based","restrictions":false,"min":"0","max":"0","options":[{"label":"Mise \u00e0 niveau de la carte PCI Wi-Fi [AMP00017]","price":"15.0000","price_type":"quantity_based","image":0,"visibility":true},{"label":"Mise \u00e0 niveau nano USB sans fil [AMP00018]","price":"12.0000","price_type":"quantity_based","image":0,"visibility":true}]},"os-upgrades":{"name":"Expansion SO","type":"multiple_choice","position":0,"required":false,"title_format":"heading","default":"","description_enable":false,"description":"","placeholder_enable":false,"placeholder":"","display":"radiobutton","restrictions_type":"any_text","adjust_price":false,"price":"","price_type":"quantity_based","restrictions":false,"min":"0","max":"0","options":[{"label":"Changer la langue en fran\u00e7ais [AMP00125]","price":"0.0000","price_type":"quantity_based","image":0,"visibility":true},{"label":"Changer la langue en anglais [AMP00008]","price":"0.0000","price_type":"quantity_based","image":0,"visibility":true},{"label":"Changer la langue en portugais [AMP00009]","price":"0.0000","price_type":"quantity_based","image":0,"visibility":true}]},"keyboard-upgrades":{"name":"Extension clavier","type":"multiple_choice","position":0,"required":false,"title_format":"heading","default":"","description_enable":false,"description":"","placeholder_enable":false,"placeholder":"","display":"radiobutton","restrictions_type":"any_text","adjust_price":false,"price":"","price_type":"quantity_based","restrictions":false,"min":"0","max":"0","options":[{"label":"Clavier et souris [AMP00020]","price":"8.0000","price_type":"quantity_based","image":0,"visibility":true},{"label":"Clavier et souris Portuguese New [AMP00088]","price":"15.0000","price_type":"quantity_based","image":0,"visibility":true},{"label":"Clavier et souris USB espagnols (Nouveau) [AMP00068]","price":"12.0000","price_type":"quantity_based","image":0,"visibility":true}]}},"df_price":382.36,"df_sale_price":"","df_regular_price":382.36,"df_image_link":"https:\/\/zoca.es\/wp-content\/uploads\/images\/product\/13946\/leno01035_01-300x225.jpg","_links":{"self":[{"href":"https:\/\/zoca.es\/fr\/wp-json\/wp\/v2\/product\/142703","targetHints":{"allow":["GET"]}}],"collection":[{"href":"https:\/\/zoca.es\/fr\/wp-json\/wp\/v2\/product"}],"about":[{"href":"https:\/\/zoca.es\/fr\/wp-json\/wp\/v2\/types\/product"}],"wp:featuredmedia":[{"embeddable":true,"href":"https:\/\/zoca.es\/fr\/wp-json\/wp\/v2\/media\/142681"}],"wp:attachment":[{"href":"https:\/\/zoca.es\/fr\/wp-json\/wp\/v2\/media?parent=142703"}],"wp:term":[{"taxonomy":"product_brand","embeddable":true,"href":"https:\/\/zoca.es\/fr\/wp-json\/wp\/v2\/product_brand?post=142703"},{"taxonomy":"product_cat","embeddable":true,"href":"https:\/\/zoca.es\/fr\/wp-json\/wp\/v2\/product_cat?post=142703"},{"taxonomy":"product_tag","embeddable":true,"href":"https:\/\/zoca.es\/fr\/wp-json\/wp\/v2\/product_tag?post=142703"}],"curies":[{"name":"wp","href":"https:\/\/api.w.org\/{rel}","templated":true}]}}