{"id":142606,"date":"2025-09-23T07:57:06","date_gmt":"2025-09-23T06:57:06","guid":{"rendered":"https:\/\/zoca.es\/producto\/hp-zbook-fury-17-g7-173-reconditionne-core-i5-26ghz-32-gb-ram-512-gb-ssd-m2-1920x1080-fr-13982\/"},"modified":"2026-05-12T14:23:45","modified_gmt":"2026-05-12T13:23:45","slug":"hp-zbook-fury-17-g7-173-reconditionne-core-i5-26ghz-32-gb-ram-512-gb-ssd-m2-1920x1080-fr-13982","status":"publish","type":"product","link":"https:\/\/zoca.es\/fr\/produit\/hp-zbook-fury-17-g7-173-reconditionne-core-i5-26ghz-32-gb-ram-512-gb-ssd-m2-1920x1080-fr-13982\/","title":{"rendered":"HP ZBook Fury 17 G7 17.3\u00a0\u00bb | Reconditionn\u00e9 | Core i5 2.6GHz | 32 GB RAM | 512 GB SSD M2 1920&#215;1080"},"content":{"rendered":"<p><strong>Processeur<\/strong><br \/>Intel Core i5 10400H 2.6 GHz.<br \/><strong>M\u00e9moire RAM<\/strong><br \/>32 Gb. SO-DDR4 RAM<br \/><strong>Disque dur<\/strong><br \/>512 Gb. SSD M2<br \/><strong>Cartes<\/strong><br \/>Graphique: nVidia Quadro T1000 4Gb. GDDR5<br \/>Son: Bang &amp; Olufsen audio<br \/>R\u00e9seau: Intel Connection L219-LM<br \/><strong>Syst\u00e8me op\u00e9ratif<\/strong><br \/>Windows 11 Pro<br \/><strong>Ports<\/strong><br \/>2x USB-C<br \/>3x USB 3.1<br \/><strong>\u00c9cran<\/strong><br \/>IPS 17.3 \u00a0\u00bb FullHD 16:9  \u00b7 R\u00e9solution 1920&#215;1080<br \/><strong>Ports vid\u00e9o<\/strong><br \/>HDMI<br \/>Mini Display Port<br \/><strong>Multim\u00e9dias<\/strong><br \/>Webcam<br \/>Lecteur SD<br \/>Lecteur d&#8217;empreintes<br \/>Lecteur carte d&rsquo;identit\u00e9<br \/><strong>Connectivit\u00e9<\/strong><br \/>RJ-45<br \/>WIFI<br \/>Bluetooth<br \/><strong>Notebook sp\u00e9cifique<\/strong><br \/>Langue du clavier Espagnol<br \/>Clavier num\u00e9rique<br \/><strong>Autres<\/strong><br \/>hR emballage<br \/><strong>Dimensions<\/strong><br \/>40x28x3 cm.<br \/><strong>Poids<\/strong><br \/>2.90 Kg.<br \/><strong>Sp\u00e9cifications suppl\u00e9mentaires<\/strong><br \/>Le HP ZBook Fury 17 G7 est une station de travail mobile haute performance con\u00e7ue pour les professionnels qui recherchent puissance, fiabilit\u00e9 et s\u00e9curit\u00e9 dans un appareil portable grand format. \u00c9quip\u00e9 d\u2019un processeur Intel Core i5-10400H cadenc\u00e9 \u00e0 2.6 GHz et de 32 Go de m\u00e9moire RAM DDR4, il offre des performances fluides et stables m\u00eame dans les sc\u00e9narios d\u2019utilisation intensive tels que la mod\u00e9lisation 3D, le rendu, le montage vid\u00e9o ou les applications d\u2019ing\u00e9nierie et de conception avanc\u00e9e. Son SSD M.2 de 512 Go garantit rapidit\u00e9 et capacit\u00e9 suffisante pour les projets exigeants, avec la possibilit\u00e9 d\u2019ajouter du stockage via un emplacement M.2 2280 suppl\u00e9mentaire.<br \/>La partie graphique est assur\u00e9e par la nVidia Quadro T1000 avec 4 Go de m\u00e9moire GDDR5, une carte professionnelle certifi\u00e9e pour les logiciels sp\u00e9cialis\u00e9s en CAO, animation, conception graphique et applications techniques, garantissant une compatibilit\u00e9 maximale et des performances optimis\u00e9es.<br \/>Son \u00e9cran IPS de 17,3 pouces FullHD (1920&#215;1080) au format 16:9 offre une grande surface de travail visuelle de haute qualit\u00e9, id\u00e9ale pour g\u00e9rer plusieurs fen\u00eatres, des projets graphiques ou du contenu multim\u00e9dia en toute aisance. Il int\u00e8gre \u00e9galement une Webcam pour des visioconf\u00e9rences de qualit\u00e9, un lecteur de cartes SD pour une gestion rapide des fichiers, un lecteur d\u2019empreintes digitales et un lecteur DNI, offrant une s\u00e9curit\u00e9 avanc\u00e9e et des options d\u2019authentification vari\u00e9es.<br \/>Avec Windows 11 Pro et TPM 2.0, le ZBook Fury 17 G7 est pr\u00eat pour les environnements professionnels modernes, garantissant un \u00e9quilibre parfait entre puissance, s\u00e9curit\u00e9 et productivit\u00e9. Son design robuste, certifi\u00e9 selon les normes militaires, assure r\u00e9sistance et durabilit\u00e9, en faisant un outil fiable pour les professionnels qui recherchent des performances maximales en mobilit\u00e9 sans renoncer aux caract\u00e9ristiques d\u2019une station de travail de bureau.<br \/>Bon \u00e9tat ext\u00e9rieur. Peut pr\u00e9senter de l\u00e9g\u00e8res marques d\u2019utilisation sur le ch\u00e2ssis. Consultez \u201c+ Photos\u201d et contactez-nous par t\u00e9l\u00e9phone ou via le chat pour plus d\u2019informations.<br \/><strong>Commentaires<\/strong><br \/><u>nVidia Quadro T1000 4Gb. GDDR5 &#8211; 1xM.2 2280 pour le stockage<\/u><\/p>\n","protected":false},"excerpt":{"rendered":"<p>Intel Core i5 10400H 2.6 GHz. \u00b7 32 Gb. SO-DDR4 RAM \u00b7 512 Gb. SSD M2 \u00b7 <strong>Windows 11 Pro<\/strong> \u00b7 IPS 17.3 \u00a0\u00bb FullHD 16:9 \u00b7 Webcam \u00b7<br \/>\n<strong>nVidia Quadro T1000 4Gb. GDDR5<\/strong> &#8211; <u>1xM.2 2280 pour le stockage<br \/>\n<\/u><\/p>\n","protected":false},"featured_media":142587,"template":"","meta":[],"product_brand":[3453],"product_cat":[2254,3121,2260],"product_tag":[3291],"class_list":{"0":"post-142606","1":"product","2":"type-product","3":"status-publish","4":"has-post-thumbnail","6":"product_brand-hp","7":"product_cat-notebooks-fr","8":"product_cat-notebooks-notebooks-fr","9":"product_cat-notebooks-workstations-fr","10":"product_tag-oferta-permanente","12":"first","13":"instock","14":"taxable","15":"shipping-taxable","16":"purchasable","17":"product-type-simple"},"bundled_by":[],"bundle_stock_status":"instock","bundle_stock_quantity":1,"bundle_virtual":false,"bundle_layout":"","bundle_add_to_cart_form_location":"","bundle_editable_in_cart":false,"bundle_sold_individually_context":"","bundle_item_grouping":"","bundle_min_size":"","bundle_max_size":"","bundle_price":[],"bundled_items":[],"bundle_sell_ids":[],"exclude_global_add_ons":true,"addons":{"keyboard-iso-upgrades":{"name":"Choisir langue du clavier","type":"multiple_choice","position":0,"required":false,"title_format":"heading","default":"","description_enable":false,"description":"","placeholder_enable":false,"placeholder":"","display":"radiobutton","restrictions_type":"any_text","adjust_price":false,"price":"","price_type":"quantity_based","restrictions":false,"min":"0","max":"0","options":[{"label":"Autocollants fran\u00e7ais [AMP00084]","price":"0.0000","price_type":"quantity_based","image":0,"visibility":true},{"label":"Autocollants portugais [AMP00083]","price":"0.0000","price_type":"quantity_based","image":0,"visibility":true}]},"ram-memory-upgrades":{"name":"Extension RAM","type":"multiple_choice","position":0,"required":false,"title_format":"heading","default":"","description_enable":false,"description":"","placeholder_enable":false,"placeholder":"","display":"radiobutton","restrictions_type":"any_text","adjust_price":false,"price":"","price_type":"quantity_based","restrictions":false,"min":"0","max":"0","options":[{"label":"Extension de 64 Gb de RAM DDR4 ECC [AMP00134]","price":"230.0000","price_type":"quantity_based","image":0,"visibility":true}]},"hdd-upgrades":{"name":"Extension disque dur","type":"multiple_choice","position":0,"required":false,"title_format":"heading","default":"","description_enable":false,"description":"","placeholder_enable":false,"placeholder":"","display":"radiobutton","restrictions_type":"any_text","adjust_price":false,"price":"","price_type":"quantity_based","restrictions":false,"min":"0","max":"0","options":[{"label":"Passez au disque SSD 1 Tb. M.2 2280 PCIe [AMP00107]","price":"165.0000","price_type":"quantity_based","image":0,"visibility":true},{"label":"SSD suppl\u00e9mentaire 500 Gb. M.2 2280 PCIe [AMP00108]","price":"115.0000","price_type":"quantity_based","image":0,"visibility":true},{"label":"Disque SSD de 1 Tb. M.2 2280 PCIe suppl\u00e9mentaire [AMP00109]","price":"170.0000","price_type":"quantity_based","image":0,"visibility":true}]},"os-upgrades":{"name":"Expansion SO","type":"multiple_choice","position":0,"required":false,"title_format":"heading","default":"","description_enable":false,"description":"","placeholder_enable":false,"placeholder":"","display":"radiobutton","restrictions_type":"any_text","adjust_price":false,"price":"","price_type":"quantity_based","restrictions":false,"min":"0","max":"0","options":[{"label":"Changer la langue en fran\u00e7ais [AMP00125]","price":"0.0000","price_type":"quantity_based","image":0,"visibility":true},{"label":"Changer la langue en anglais [AMP00008]","price":"0.0000","price_type":"quantity_based","image":0,"visibility":true},{"label":"Changer la langue en portugais [AMP00009]","price":"0.0000","price_type":"quantity_based","image":0,"visibility":true}]}},"df_price":1086.58,"df_sale_price":"","df_regular_price":1086.58,"df_image_link":"https:\/\/zoca.es\/wp-content\/uploads\/images\/product\/13982\/hp03090_01-300x225.jpg","_links":{"self":[{"href":"https:\/\/zoca.es\/fr\/wp-json\/wp\/v2\/product\/142606","targetHints":{"allow":["GET"]}}],"collection":[{"href":"https:\/\/zoca.es\/fr\/wp-json\/wp\/v2\/product"}],"about":[{"href":"https:\/\/zoca.es\/fr\/wp-json\/wp\/v2\/types\/product"}],"wp:featuredmedia":[{"embeddable":true,"href":"https:\/\/zoca.es\/fr\/wp-json\/wp\/v2\/media\/142587"}],"wp:attachment":[{"href":"https:\/\/zoca.es\/fr\/wp-json\/wp\/v2\/media?parent=142606"}],"wp:term":[{"taxonomy":"product_brand","embeddable":true,"href":"https:\/\/zoca.es\/fr\/wp-json\/wp\/v2\/product_brand?post=142606"},{"taxonomy":"product_cat","embeddable":true,"href":"https:\/\/zoca.es\/fr\/wp-json\/wp\/v2\/product_cat?post=142606"},{"taxonomy":"product_tag","embeddable":true,"href":"https:\/\/zoca.es\/fr\/wp-json\/wp\/v2\/product_tag?post=142606"}],"curies":[{"name":"wp","href":"https:\/\/api.w.org\/{rel}","templated":true}]}}