{"id":141734,"date":"2025-09-10T14:58:54","date_gmt":"2025-09-10T13:58:54","guid":{"rendered":"https:\/\/zoca.es\/producto\/microsoft-surface-pro-6-kit-portugues-reconditionne-fr-14037\/"},"modified":"2026-04-05T16:11:41","modified_gmt":"2026-04-05T15:11:41","slug":"microsoft-surface-pro-6-kit-portugues-reconditionne-fr-14037","status":"publish","type":"product","link":"https:\/\/zoca.es\/fr\/produit\/microsoft-surface-pro-6-kit-portugues-reconditionne-fr-14037\/","title":{"rendered":"Microsoft Surface Pro 6 Kit Portugu\u00e9s | Reconditionn\u00e9"},"content":{"rendered":"<p><strong>Processeur<\/strong><br \/>Intel Core i5 8350U 1.7 GHz.<br \/><strong>M\u00e9moire RAM<\/strong><br \/>8 Gb. SO-DDR3 RAM<br \/><strong>Disque dur<\/strong><br \/>256 Gb. SSD M2<br \/><strong>Cartes<\/strong><br \/>Graphique: Intel UHD Graphics 620<br \/>Son: High Definition Audio<br \/><strong>Syst\u00e8me op\u00e9ratif<\/strong><br \/>Windows 11 Pro<br \/><strong>Ports<\/strong><br \/>USB 3.0<br \/><strong>\u00c9cran<\/strong><br \/>Tactile 12.3 \u00a0\u00bb 2K 16:9 \u00b7 R\u00e9solution 2736&#215;1824<br \/><strong>Ports vid\u00e9o<\/strong><br \/>Mini Display Port<br \/><strong>Multim\u00e9dias<\/strong><br \/>Cam\u00e9ra arri\u00e8re<br \/>Cam\u00e9ra frontale<br \/><strong>Connectivit\u00e9<\/strong><br \/>WIFI<br \/>Bluetooth<br \/><strong>Autres<\/strong><br \/>hR emballage<br \/><strong>Dimensions<\/strong><br \/>29.2&#215;20.5&#215;1 cm.<br \/><strong>Poids<\/strong><br \/>0.75 Kg.<br \/><strong>Sp\u00e9cifications suppl\u00e9mentaires<\/strong><br \/>La Microsoft Surface Pro 6 allie performance et portabilit\u00e9 dans une tablette polyvalente et \u00e9l\u00e9gante, id\u00e9ale pour les professionnels en d\u00e9placement. \u00c9quip\u00e9e d&rsquo;un processeur Intel Core i5 8350U cadenc\u00e9 \u00e0 1,7 GHz, de 8 Go de RAM DDR3 et d&rsquo;un SSD de 256 Go, cette Surface Pro offre une exp\u00e9rience rapide et fluide sous Windows 11 Professionnel. Son \u00e9cran tactile de 12,3 pouces avec une r\u00e9solution 2K (2736 x 1824) au format 16:9 offre des images nettes et d\u00e9taill\u00e9es, id\u00e9ales pour le travail visuel, les pr\u00e9sentations et une utilisation dans tous les environnements. Compacte et puissante, c&rsquo;est l&rsquo;outil id\u00e9al pour ceux qui recherchent une productivit\u00e9 illimit\u00e9e, o\u00f9 qu&rsquo;ils soient.Belle apparence ext\u00e9rieure. Voir \u00ab + Photos \u00bb et \u00ab Vid\u00e9o \u00bb. Pour toute question, n&rsquo;h\u00e9sitez pas \u00e0 nous appeler ou \u00e0 utiliser notre chat pour plus d&rsquo;informations ou pour demander plus de d\u00e9tails.<\/p>\n","protected":false},"excerpt":{"rendered":"<p>Intel Core i5 8350U 1.7 GHz. \u00b7 8 Gb. SO-DDR3 RAM \u00b7 256 Gb. SSD M2 \u00b7 <strong>Windows 11 Pro<\/strong> \u00b7 Tactile 12.3 \u00a0\u00bb 2K 16:9 \u00b7<strong>Clavier et syst\u00e8me d&rsquo;exploitation en portugais<\/strong><\/p>\n","protected":false},"featured_media":141703,"template":"","meta":[],"product_brand":[3456],"product_cat":[3186,2302],"product_tag":[],"class_list":{"0":"post-141734","1":"product","2":"type-product","3":"status-publish","4":"has-post-thumbnail","6":"product_brand-microsoft","7":"product_cat-tablettes-surface-fr","8":"product_cat-tablettes-fr","10":"first","11":"instock","12":"taxable","13":"shipping-taxable","14":"purchasable","15":"product-type-simple"},"bundled_by":[],"bundle_stock_status":"instock","bundle_stock_quantity":10,"bundle_virtual":false,"bundle_layout":"","bundle_add_to_cart_form_location":"","bundle_editable_in_cart":false,"bundle_sold_individually_context":"","bundle_item_grouping":"","bundle_min_size":"","bundle_max_size":"","bundle_price":[],"bundled_items":[],"bundle_sell_ids":[],"exclude_global_add_ons":true,"addons":{"keyboard-iso-upgrades":{"name":"Choisir langue du clavier","type":"multiple_choice","position":0,"required":false,"title_format":"heading","default":"","description_enable":false,"description":"","placeholder_enable":false,"placeholder":"","display":"radiobutton","restrictions_type":"any_text","adjust_price":false,"price":"","price_type":"quantity_based","restrictions":false,"min":"0","max":"0","options":[{"label":"Autocollants espagnols [AMP00082]","price":"0.0000","price_type":"quantity_based","image":0,"visibility":true},{"label":"Autocollants fran\u00e7ais [AMP00084]","price":"0.0000","price_type":"quantity_based","image":0,"visibility":true}]},"docking-station-upgrades":{"name":"Extension Docking Station","type":"multiple_choice","position":0,"required":false,"title_format":"heading","default":"","description_enable":false,"description":"","placeholder_enable":false,"placeholder":"","display":"radiobutton","restrictions_type":"any_text","adjust_price":false,"price":"","price_type":"quantity_based","restrictions":false,"min":"0","max":"0","options":[{"label":"Microsoft Surface Docking Station 1661 [AMP00061]","price":"45.0000","price_type":"quantity_based","image":0,"visibility":true}]},"pencil-upgrades":{"name":"Extension Crayon","type":"multiple_choice","position":0,"required":false,"title_format":"heading","default":"","description_enable":false,"description":"","placeholder_enable":false,"placeholder":"","display":"radiobutton","restrictions_type":"any_text","adjust_price":false,"price":"","price_type":"quantity_based","restrictions":false,"min":"0","max":"0","options":[{"label":"Stylet Microsoft Surface Original [AMP00087]","price":"50.0000","price_type":"quantity_based","image":0,"visibility":true}]},"os-upgrades":{"name":"Expansion SO","type":"multiple_choice","position":0,"required":false,"title_format":"heading","default":"","description_enable":false,"description":"","placeholder_enable":false,"placeholder":"","display":"radiobutton","restrictions_type":"any_text","adjust_price":false,"price":"","price_type":"quantity_based","restrictions":false,"min":"0","max":"0","options":[{"label":"Changer la langue en fran\u00e7ais [AMP00125]","price":"0.0000","price_type":"quantity_based","image":0,"visibility":true},{"label":"Changer la langue en anglais [AMP00008]","price":"0.0000","price_type":"quantity_based","image":0,"visibility":true},{"label":"Changer la langue en portugais [AMP00009]","price":"0.0000","price_type":"quantity_based","image":0,"visibility":true}]}},"df_price":446.49,"df_sale_price":"","df_regular_price":446.49,"df_image_link":"https:\/\/zoca.es\/wp-content\/uploads\/images\/product\/14037\/ms00205_01-300x225.jpg","_links":{"self":[{"href":"https:\/\/zoca.es\/fr\/wp-json\/wp\/v2\/product\/141734","targetHints":{"allow":["GET"]}}],"collection":[{"href":"https:\/\/zoca.es\/fr\/wp-json\/wp\/v2\/product"}],"about":[{"href":"https:\/\/zoca.es\/fr\/wp-json\/wp\/v2\/types\/product"}],"wp:featuredmedia":[{"embeddable":true,"href":"https:\/\/zoca.es\/fr\/wp-json\/wp\/v2\/media\/141703"}],"wp:attachment":[{"href":"https:\/\/zoca.es\/fr\/wp-json\/wp\/v2\/media?parent=141734"}],"wp:term":[{"taxonomy":"product_brand","embeddable":true,"href":"https:\/\/zoca.es\/fr\/wp-json\/wp\/v2\/product_brand?post=141734"},{"taxonomy":"product_cat","embeddable":true,"href":"https:\/\/zoca.es\/fr\/wp-json\/wp\/v2\/product_cat?post=141734"},{"taxonomy":"product_tag","embeddable":true,"href":"https:\/\/zoca.es\/fr\/wp-json\/wp\/v2\/product_tag?post=141734"}],"curies":[{"name":"wp","href":"https:\/\/api.w.org\/{rel}","templated":true}]}}