{"id":141528,"date":"2025-09-02T15:39:28","date_gmt":"2025-09-02T14:39:28","guid":{"rendered":"https:\/\/zoca.es\/producto\/wincor-nixdorf-beetle-ipos-plus-advanced-15-aio-reconditionne-core-i5-23ghz-16-gb-ram-512-gb-ssd-fr-13974\/"},"modified":"2026-02-25T10:19:04","modified_gmt":"2026-02-25T09:19:04","slug":"wincor-nixdorf-beetle-ipos-plus-advanced-15-aio-reconditionne-core-i5-23ghz-16-gb-ram-512-gb-ssd-fr-13974","status":"publish","type":"product","link":"https:\/\/zoca.es\/fr\/produit\/wincor-nixdorf-beetle-ipos-plus-advanced-15-aio-reconditionne-core-i5-23ghz-16-gb-ram-512-gb-ssd-fr-13974\/","title":{"rendered":"Wincor Nixdorf BEETLE \/iPOS Plus Advanced 15\u00a0\u00bb AIO | Reconditionn\u00e9 | Core i5 2.3GHz | 16 GB RAM | 512 GB SSD"},"content":{"rendered":"<p><strong>Processeur<\/strong><br \/>Intel Core i5 6500TE 2.3 GHz.<br \/><strong>Facteur de forme<\/strong><br \/>AIO<br \/><strong>M\u00e9moire RAM<\/strong><br \/>16 Gb. SO-DDR4 RAM<br \/><strong>Disque dur<\/strong><br \/>512 Gb. SSD<br \/><strong>Cartes<\/strong><br \/>Graphique: Intel Hd 530<br \/>Son: Realtec ALC269VC<br \/>R\u00e9seau: RTL8111\/8168\/8411<br \/><strong>Syst\u00e8me op\u00e9ratif<\/strong><br \/>Windows 10 Home<br \/><strong>Ports<\/strong><br \/>2x S\u00e9rie<br \/>4x USB 2.0<br \/>e-SATA<br \/><strong>\u00c9cran<\/strong><br \/>Tactile 15 \u00a0\u00bb HD 4:3 \u00b7 R\u00e9solution 1024&#215;768<br \/><strong>Ports vid\u00e9o<\/strong><br \/>DVI<br \/><strong>Affichage sp\u00e9cifique<\/strong><br \/>Stand VESA<br \/>Chargeur externe<br \/>Tension d&rsquo;alimentation externe 24V<br \/>Base<br \/><strong>Connectivit\u00e9<\/strong><br \/>RJ-45<br \/><strong>Autres<\/strong><br \/>hR emballage<br \/><strong>Dimensions<\/strong><br \/>36&#215;31.5&#215;18.5 cm.<br \/><strong>Poids<\/strong><br \/>5.35 Kg.<br \/><strong>Sp\u00e9cifications suppl\u00e9mentaires<\/strong><br \/>Le syst\u00e8me de point de vente Wincor Nixdorf BEETLE iPOS Plus Advanced est une solution professionnelle hautes performances con\u00e7ue pour les environnements commerciaux exigeant fiabilit\u00e9, rapidit\u00e9 et compatibilit\u00e9 avec les principaux syst\u00e8mes de gestion. Il int\u00e8gre un puissant processeur Intel Core i5 6500TE cadenc\u00e9 \u00e0 2,3 GHz, 16 Go de m\u00e9moire SO-DDR4 et un disque SSD de 512 Go, garantissant une r\u00e9activit\u00e9 et une fluidit\u00e9 optimales, m\u00eame avec des applications exigeantes. Son syst\u00e8me d&rsquo;exploitation Windows 10 Famille permet une int\u00e9gration compl\u00e8te avec les plateformes de point de vente de derni\u00e8re g\u00e9n\u00e9ration, tandis que son \u00e9cran tactile de 15 pouces au format 4.3 et en r\u00e9solution 1024&#215;768 offre une exp\u00e9rience utilisateur confortable, pr\u00e9cise et tr\u00e8s intuitive, id\u00e9ale pour les comptoirs avec service client direct. Ce mod\u00e8le dispose d&rsquo;une connectivit\u00e9 essentielle pour les environnements commerciaux, notamment un port USB 24 V et un port sp\u00e9cifique pour tiroirs-caisses, facilitant la connexion de p\u00e9riph\u00e9riques essentiels tels que des imprimantes, des lecteurs de codes-barres ou des tiroirs-caisses intelligents. Sa conception compacte, robuste et fiable fait du Wincor Nixdorf BEETLE iPOS Plus Advanced un choix id\u00e9al pour les entreprises \u00e0 la recherche d&rsquo;un terminal de point de vente tactile de haute qualit\u00e9, con\u00e7u pour une utilisation quotidienne intensive dans des secteurs tels que le commerce de d\u00e9tail, l&rsquo;h\u00f4tellerie et l&rsquo;alimentation.Excellent aspect ext\u00e9rieur. Consultez les sections \u00ab + Photos et . Pour toute question, n&rsquo;h\u00e9sitez pas \u00e0 nous appeler ou \u00e0 utiliser notre chat pour obtenir plus d&rsquo;informations ou pour demander plus de d\u00e9tails.<br \/><strong>Commentaires<\/strong><br \/><u>1xUSB 24V &#8211; 1xPort du tiroir-caisse<\/u><\/p>\n","protected":false},"excerpt":{"rendered":"<p>Intel Core i5 6500TE 2.3 GHz. \u00b7 16 Gb. SO-DDR4 RAM \u00b7 512 Gb. SSD \u00b7 Windows 10 Home \u00b7 Tactile 15 \u00a0\u00bb HD 4:3 \u00b7 R\u00e9solution 1024&#215;768 \u00b7<br \/>\n<u>1xUSB 24V &#8211; 1xPort du tiroir-caisse<br \/>\n<\/u><\/p>\n","protected":false},"featured_media":141509,"template":"","meta":[],"product_brand":[3524],"product_cat":[2312,2315],"product_tag":[],"class_list":{"0":"post-141528","1":"product","2":"type-product","3":"status-publish","4":"has-post-thumbnail","6":"product_brand-wincor-nixdorf","7":"product_cat-tpv-fr","8":"product_cat-tpv-all-in-one-fr","10":"first","11":"instock","12":"sale","13":"taxable","14":"shipping-taxable","15":"purchasable","16":"product-type-simple"},"bundled_by":[],"bundle_stock_status":"instock","bundle_stock_quantity":10,"bundle_virtual":false,"bundle_layout":"","bundle_add_to_cart_form_location":"","bundle_editable_in_cart":false,"bundle_sold_individually_context":"","bundle_item_grouping":"","bundle_min_size":"","bundle_max_size":"","bundle_price":[],"bundled_items":[],"bundle_sell_ids":[],"exclude_global_add_ons":true,"addons":{"webcam-upgrades":{"name":"Extension Webcam","type":"multiple_choice","position":0,"required":false,"title_format":"heading","default":"","description_enable":false,"description":"","placeholder_enable":false,"placeholder":"","display":"radiobutton","restrictions_type":"any_text","adjust_price":false,"price":"","price_type":"quantity_based","restrictions":false,"min":"0","max":"0","options":[{"label":"Conceptronic AMDIS FullHD [AMP00085]","price":"29.0000","price_type":"quantity_based","image":0,"visibility":true}]},"ram-memory-upgrades":{"name":"Extension RAM","type":"multiple_choice","position":0,"required":false,"title_format":"heading","default":"","description_enable":false,"description":"","placeholder_enable":false,"placeholder":"","display":"radiobutton","restrictions_type":"any_text","adjust_price":false,"price":"","price_type":"quantity_based","restrictions":false,"min":"0","max":"0","options":[{"label":"Extension de 32 Gb de RAM SODIMM [AMP00098]","price":"150.0000","price_type":"quantity_based","image":0,"visibility":true}]},"hdd-upgrades":{"name":"Extension disque dur","type":"multiple_choice","position":0,"required":false,"title_format":"heading","default":"","description_enable":false,"description":"","placeholder_enable":false,"placeholder":"","display":"radiobutton","restrictions_type":"any_text","adjust_price":false,"price":"","price_type":"quantity_based","restrictions":false,"min":"0","max":"0","options":[{"label":"Passez au disque SSD 1 Tb. [AMP00071]","price":"95.0000","price_type":"quantity_based","image":0,"visibility":true}]},"network-card-upgrades":{"name":"Extension WIFI","type":"multiple_choice","position":0,"required":false,"title_format":"heading","default":"","description_enable":false,"description":"","placeholder_enable":false,"placeholder":"","display":"radiobutton","restrictions_type":"any_text","adjust_price":false,"price":"","price_type":"quantity_based","restrictions":false,"min":"0","max":"0","options":[{"label":"Mise \u00e0 niveau nano USB sans fil [AMP00018]","price":"12.0000","price_type":"quantity_based","image":0,"visibility":true}]},"os-upgrades":{"name":"Expansion SO","type":"multiple_choice","position":0,"required":false,"title_format":"heading","default":"","description_enable":false,"description":"","placeholder_enable":false,"placeholder":"","display":"radiobutton","restrictions_type":"any_text","adjust_price":false,"price":"","price_type":"quantity_based","restrictions":false,"min":"0","max":"0","options":[{"label":"Changer la langue en fran\u00e7ais [AMP00125]","price":"0.0000","price_type":"quantity_based","image":0,"visibility":true},{"label":"Changer la langue en anglais [AMP00008]","price":"0.0000","price_type":"quantity_based","image":0,"visibility":true},{"label":"Changer la langue en portugais [AMP00009]","price":"0.0000","price_type":"quantity_based","image":0,"visibility":true}]},"keyboard-upgrades":{"name":"Extension clavier","type":"multiple_choice","position":0,"required":false,"title_format":"heading","default":"","description_enable":false,"description":"","placeholder_enable":false,"placeholder":"","display":"radiobutton","restrictions_type":"any_text","adjust_price":false,"price":"","price_type":"quantity_based","restrictions":false,"min":"0","max":"0","options":[{"label":"Clavier et souris [AMP00020]","price":"8.0000","price_type":"quantity_based","image":0,"visibility":true},{"label":"Clavier et souris Portuguese New [AMP00088]","price":"15.0000","price_type":"quantity_based","image":0,"visibility":true},{"label":"Clavier et souris USB espagnols (Nouveau) [AMP00068]","price":"12.0000","price_type":"quantity_based","image":0,"visibility":true}]}},"df_price":375.1,"df_sale_price":375.1,"df_regular_price":395.67,"df_image_link":"https:\/\/zoca.es\/wp-content\/uploads\/images\/product\/13974\/winc00071_01-300x225.jpg","_links":{"self":[{"href":"https:\/\/zoca.es\/fr\/wp-json\/wp\/v2\/product\/141528","targetHints":{"allow":["GET"]}}],"collection":[{"href":"https:\/\/zoca.es\/fr\/wp-json\/wp\/v2\/product"}],"about":[{"href":"https:\/\/zoca.es\/fr\/wp-json\/wp\/v2\/types\/product"}],"wp:featuredmedia":[{"embeddable":true,"href":"https:\/\/zoca.es\/fr\/wp-json\/wp\/v2\/media\/141509"}],"wp:attachment":[{"href":"https:\/\/zoca.es\/fr\/wp-json\/wp\/v2\/media?parent=141528"}],"wp:term":[{"taxonomy":"product_brand","embeddable":true,"href":"https:\/\/zoca.es\/fr\/wp-json\/wp\/v2\/product_brand?post=141528"},{"taxonomy":"product_cat","embeddable":true,"href":"https:\/\/zoca.es\/fr\/wp-json\/wp\/v2\/product_cat?post=141528"},{"taxonomy":"product_tag","embeddable":true,"href":"https:\/\/zoca.es\/fr\/wp-json\/wp\/v2\/product_tag?post=141528"}],"curies":[{"name":"wp","href":"https:\/\/api.w.org\/{rel}","templated":true}]}}