{"id":141298,"date":"2025-09-01T14:56:52","date_gmt":"2025-09-01T13:56:52","guid":{"rendered":"https:\/\/zoca.es\/producto\/hp-elitebook-850-g8-156-reconditionne-core-i5-26ghz-16-gb-ram-256-gb-ssd-m2-1920x1080-fr-13952\/"},"modified":"2026-04-01T09:01:21","modified_gmt":"2026-04-01T08:01:21","slug":"hp-elitebook-850-g8-156-reconditionne-core-i5-26ghz-16-gb-ram-256-gb-ssd-m2-1920x1080-fr-13952","status":"publish","type":"product","link":"https:\/\/zoca.es\/fr\/produit\/hp-elitebook-850-g8-156-reconditionne-core-i5-26ghz-16-gb-ram-256-gb-ssd-m2-1920x1080-fr-13952\/","title":{"rendered":"HP EliteBook 850 G8 15.6\u00a0\u00bb | Reconditionn\u00e9 | Core i5 2.6GHz | 16 GB RAM | 256 GB SSD M2 1920&#215;1080"},"content":{"rendered":"<p><strong>Processeur<\/strong><br \/>Intel Core i5 1145G7 2.6 GHz.<br \/><strong>M\u00e9moire RAM<\/strong><br \/>16 Gb. SO-DDR4 RAM<br \/><strong>Disque dur<\/strong><br \/>256 Gb. SSD M2<br \/><strong>Cartes<\/strong><br \/>Graphique: Intel Iris Xe Graphics<br \/>Son: Bang&amp;Olufsen Audio<br \/><strong>Syst\u00e8me op\u00e9ratif<\/strong><br \/>Windows 11 Pro<br \/><strong>Ports<\/strong><br \/>2x Thunderbolt<br \/>2x USB 3.1<br \/><strong>\u00c9cran<\/strong><br \/>IPS 15.6 \u00a0\u00bb FullHD 16:9  \u00b7 R\u00e9solution 1920&#215;1080<br \/><strong>Ports vid\u00e9o<\/strong><br \/>HDMI<br \/><strong>Multim\u00e9dias<\/strong><br \/>Webcam<br \/>Lecteur carte d&rsquo;identit\u00e9<br \/><strong>Connectivit\u00e9<\/strong><br \/>WIFI<br \/>Bluetooth<br \/><strong>Notebook sp\u00e9cifique<\/strong><br \/>Langue du clavier International (autocollants espagnols)<br \/>Clavier num\u00e9rique<br \/><strong>Autres<\/strong><br \/>hR emballage<br \/><strong>Dimensions<\/strong><br \/>36x23x1.90 cm.<br \/><strong>Poids<\/strong><br \/>1.69 Kg.<br \/><strong>Sp\u00e9cifications suppl\u00e9mentaires<\/strong><br \/>Le HP EliteBook 850 G8 est un ordinateur portable professionnel con\u00e7u pour ceux qui recherchent performance, s\u00e9curit\u00e9 et une exp\u00e9rience premium au quotidien. Il int\u00e8gre un processeur Intel Core i5-1145G7 \u00e0 2.6 GHz, associ\u00e9 \u00e0 16 Go de m\u00e9moire DDR4 RAM, offrant la puissance n\u00e9cessaire pour ex\u00e9cuter plusieurs applications en toute fluidit\u00e9, des t\u00e2ches bureautiques aux solutions professionnelles avanc\u00e9es.<br \/>Son SSD M.2 de 256 Go assure un d\u00e9marrage rapide du syst\u00e8me et une ouverture fluide des programmes, tandis que Windows 11 Pro et la puce de s\u00e9curit\u00e9 TPM 2.0 garantissent un environnement fiable et optimis\u00e9 pour les entreprises.<br \/>L\u2019\u00e9cran IPS FullHD de 15,6 pouces (1920&#215;1080) offre des images nettes et des couleurs r\u00e9alistes au format 16:9, id\u00e9al aussi bien pour le travail que pour le divertissement. De plus, la webcam int\u00e9gr\u00e9e assure des appels vid\u00e9o de qualit\u00e9, et le lecteur DNI \u00e9lectronique renforce la s\u00e9curit\u00e9 pour l\u2019authentification et l\u2019acc\u00e8s aux environnements professionnels.<br \/>L\u2019EliteBook 850 G8 combine un design l\u00e9ger et robuste avec des outils ax\u00e9s sur la productivit\u00e9, en faisant une solution parfaite pour les professionnels qui ont besoin de puissance, de mobilit\u00e9 et de fiabilit\u00e9 dans un seul appareil.Bon aspect ext\u00e9rieur. Regardez dans \u00ab\u00a0+ Photos\u00a0\u00bb et si vous avez des questions, appelez-nous ou utilisez notre chat pour d\u00e9velopper les informations ou demander plus de d\u00e9tails.<\/p>\n","protected":false},"excerpt":{"rendered":"<p>Intel Core i5 1145G7 2.6 GHz. \u00b7 16 Gb. SO-DDR4 RAM \u00b7 256 Gb. SSD M2 \u00b7 <strong>Windows 11 Pro<\/strong> \u00b7 IPS 15.6 \u00a0\u00bb FullHD 16:9 \u00b7 Webcam \u00b7<u>Clavier international avec autocollants en fran\u00e7ais<\/u><\/p>\n","protected":false},"featured_media":141279,"template":"","meta":[],"product_brand":[3453],"product_cat":[2254,3121],"product_tag":[],"class_list":{"0":"post-141298","1":"product","2":"type-product","3":"status-publish","4":"has-post-thumbnail","6":"product_brand-hp","7":"product_cat-notebooks-fr","8":"product_cat-notebooks-notebooks-fr","10":"first","11":"instock","12":"taxable","13":"shipping-taxable","14":"purchasable","15":"product-type-simple"},"bundled_by":[],"bundle_stock_status":"instock","bundle_stock_quantity":27,"bundle_virtual":false,"bundle_layout":"","bundle_add_to_cart_form_location":"","bundle_editable_in_cart":false,"bundle_sold_individually_context":"","bundle_item_grouping":"","bundle_min_size":"","bundle_max_size":"","bundle_price":[],"bundled_items":[],"bundle_sell_ids":[],"exclude_global_add_ons":true,"addons":{"keyboard-iso-upgrades":{"name":"Choisir langue du clavier","type":"multiple_choice","position":0,"required":false,"title_format":"heading","default":"","description_enable":false,"description":"","placeholder_enable":false,"placeholder":"","display":"radiobutton","restrictions_type":"any_text","adjust_price":false,"price":"","price_type":"quantity_based","restrictions":false,"min":"0","max":"0","options":[{"label":"Autocollants espagnols [AMP00082]","price":"0.0000","price_type":"quantity_based","image":0,"visibility":true},{"label":"Autocollants fran\u00e7ais [AMP00084]","price":"0.0000","price_type":"quantity_based","image":0,"visibility":true},{"label":"Autocollants portugais [AMP00083]","price":"0.0000","price_type":"quantity_based","image":0,"visibility":true}]},"ram-memory-upgrades":{"name":"Extension RAM","type":"multiple_choice","position":0,"required":false,"title_format":"heading","default":"","description_enable":false,"description":"","placeholder_enable":false,"placeholder":"","display":"radiobutton","restrictions_type":"any_text","adjust_price":false,"price":"","price_type":"quantity_based","restrictions":false,"min":"0","max":"0","options":[{"label":"Extension de 32 Gb de RAM SODIMM [AMP00098]","price":"150.0000","price_type":"quantity_based","image":0,"visibility":true}]},"hdd-upgrades":{"name":"Extension disque dur","type":"multiple_choice","position":0,"required":false,"title_format":"heading","default":"","description_enable":false,"description":"","placeholder_enable":false,"placeholder":"","display":"radiobutton","restrictions_type":"any_text","adjust_price":false,"price":"","price_type":"quantity_based","restrictions":false,"min":"0","max":"0","options":[{"label":"Passez au disque SSD de 500 Gb. M.2 2280PCIe [AMP00106]","price":"110.0000","price_type":"quantity_based","image":0,"visibility":true},{"label":"Passez au disque SSD 1 Tb. M.2 2280 PCIe [AMP00107]","price":"165.0000","price_type":"quantity_based","image":0,"visibility":true}]},"os-upgrades":{"name":"Expansion SO","type":"multiple_choice","position":0,"required":false,"title_format":"heading","default":"","description_enable":false,"description":"","placeholder_enable":false,"placeholder":"","display":"radiobutton","restrictions_type":"any_text","adjust_price":false,"price":"","price_type":"quantity_based","restrictions":false,"min":"0","max":"0","options":[{"label":"Changer la langue en fran\u00e7ais [AMP00125]","price":"0.0000","price_type":"quantity_based","image":0,"visibility":true},{"label":"Changer la langue en anglais [AMP00008]","price":"0.0000","price_type":"quantity_based","image":0,"visibility":true},{"label":"Changer la langue en portugais [AMP00009]","price":"0.0000","price_type":"quantity_based","image":0,"visibility":true}]},"briefcase-upgrades":{"name":"Porte-documents","type":"multiple_choice","position":0,"required":false,"title_format":"heading","default":"","description_enable":false,"description":"","placeholder_enable":false,"placeholder":"","display":"radiobutton","restrictions_type":"any_text","adjust_price":false,"price":"","price_type":"quantity_based","restrictions":false,"min":"0","max":"0","options":[{"label":"Mallette Notebook [AMP00041]","price":"5.0000","price_type":"quantity_based","image":0,"visibility":true}]}},"df_price":540.87,"df_sale_price":"","df_regular_price":540.87,"df_image_link":"https:\/\/zoca.es\/wp-content\/uploads\/images\/product\/13952\/hp03084_01-300x225.jpg","_links":{"self":[{"href":"https:\/\/zoca.es\/fr\/wp-json\/wp\/v2\/product\/141298","targetHints":{"allow":["GET"]}}],"collection":[{"href":"https:\/\/zoca.es\/fr\/wp-json\/wp\/v2\/product"}],"about":[{"href":"https:\/\/zoca.es\/fr\/wp-json\/wp\/v2\/types\/product"}],"wp:featuredmedia":[{"embeddable":true,"href":"https:\/\/zoca.es\/fr\/wp-json\/wp\/v2\/media\/141279"}],"wp:attachment":[{"href":"https:\/\/zoca.es\/fr\/wp-json\/wp\/v2\/media?parent=141298"}],"wp:term":[{"taxonomy":"product_brand","embeddable":true,"href":"https:\/\/zoca.es\/fr\/wp-json\/wp\/v2\/product_brand?post=141298"},{"taxonomy":"product_cat","embeddable":true,"href":"https:\/\/zoca.es\/fr\/wp-json\/wp\/v2\/product_cat?post=141298"},{"taxonomy":"product_tag","embeddable":true,"href":"https:\/\/zoca.es\/fr\/wp-json\/wp\/v2\/product_tag?post=141298"}],"curies":[{"name":"wp","href":"https:\/\/api.w.org\/{rel}","templated":true}]}}