{"id":140946,"date":"2025-08-21T19:37:39","date_gmt":"2025-08-21T18:37:39","guid":{"rendered":"https:\/\/zoca.es\/producto\/fujitsu-stylistic-q738-bateria-nueva-133-reconditionne-core-i5-17ghz-8-gb-ram-512-gb-ssd-m2-1920x1080-fr-13732\/"},"modified":"2025-08-21T19:37:45","modified_gmt":"2025-08-21T18:37:45","slug":"fujitsu-stylistic-q738-bateria-nueva-133-reconditionne-core-i5-17ghz-8-gb-ram-512-gb-ssd-m2-1920x1080-fr-13732","status":"publish","type":"product","link":"https:\/\/zoca.es\/fr\/produit\/fujitsu-stylistic-q738-bateria-nueva-133-reconditionne-core-i5-17ghz-8-gb-ram-512-gb-ssd-m2-1920x1080-fr-13732\/","title":{"rendered":"Fujitsu Stylistic Q738-Bater\u00eda Nueva 13.3\u00a0\u00bb | Reconditionn\u00e9 | Core i5 1.7GHz | 8 GB RAM | 512 GB SSD M2 1920&#215;1080"},"content":{"rendered":"<p><strong>Processeur<\/strong><br \/>Intel Core i5 8350U 1.7 GHz.<br \/><strong>M\u00e9moire RAM<\/strong><br \/>8 Gb. SO-DDR3 RAM<br \/><strong>Disque dur<\/strong><br \/>512 Gb. SSD M2<br \/><strong>Cartes<\/strong><br \/>Graphique: Intel HD Graphics 620<br \/>Son: Realtek High Definition Audio<br \/><strong>Syst\u00e8me op\u00e9ratif<\/strong><br \/>Windows 11 Pro<br \/><strong>Ports<\/strong><br \/>USB 2.0<br \/>USB 3.0<br \/><strong>\u00c9cran<\/strong><br \/>Tactile 13.3 \u00a0\u00bb FullHD 16:9 \u00b7 R\u00e9solution 1920&#215;1080<br \/><strong>Ports vid\u00e9o<\/strong><br \/>Mini HDMI<br \/><strong>Multim\u00e9dias<\/strong><br \/>Cam\u00e9ra arri\u00e8re<br \/>Cam\u00e9ra frontale<br \/><strong>Connectivit\u00e9<\/strong><br \/>WIFI<br \/>Bluetooth<br \/>4G<br \/><strong>Autres<\/strong><br \/>hR emballage<br \/><strong>Dimensions<\/strong><br \/>31.7&#215;25.2&#215;2 cm.<br \/><strong>Poids<\/strong><br \/>1.40 Kg.<br \/><strong>Sp\u00e9cifications suppl\u00e9mentaires<\/strong><br \/>La Fujitsu Stylistic Q738 est une tablette professionnelle con\u00e7ue pour ceux qui recherchent performance, polyvalence et productivit\u00e9 en mobilit\u00e9. \u00c9quip\u00e9e d\u2019un processeur Intel Core i5-8350U \u00e0 1,7 GHz, de 8 Go de m\u00e9moire SO-DDR3 et d\u2019un SSD M.2 rapide de 512 Go, elle garantit un fonctionnement fluide pour les applications bureautiques, le travail \u00e0 distance ou les environnements professionnels exigeants.Son \u00e9cran tactile FullHD de 13,3 pouces (1920&#215;1080) au format 16:9 offre des images nettes et un grand confort pour travailler pendant des heures. Elle inclut un stylet num\u00e9rique, id\u00e9al pour prendre des notes, dessiner ou travailler avec pr\u00e9cision, ainsi qu\u2019une batterie neuve, assurant une plus grande autonomie au quotidien.Avec Windows 11 Pro et TPM 2.0, la Stylistic Q738 offre un environnement moderne et s\u00e9curis\u00e9, adapt\u00e9 aux besoins actuels. Une solution robuste, l\u00e9g\u00e8re et pratique pour les professionnels ayant besoin d\u2019une tablette 2-en-1 fiable et pr\u00eate \u00e0 l\u2019emploi.Bon aspect ext\u00e9rieur. Si vous avez des questions, appelez-nous ou utilisez notre chat pour obtenir plus d\u2019informations ou demander plus de d\u00e9tails.<br \/><strong>Commentaires<\/strong><br \/><u>Comprend un crayon &#8211; une nouvelle batterie<\/u><\/p>\n","protected":false},"excerpt":{"rendered":"<p>Intel Core i5 8350U 1.7 GHz. \u00b7 8 Gb. SO-DDR3 RAM \u00b7 512 Gb. SSD M2 \u00b7 <strong>Windows 11 Pro<\/strong> \u00b7 Tactile 13.3 \u00a0\u00bb FullHD 16:9 \u00b7<br \/>\n<strong>Comprend un crayon &#8211; une nouvelle batterie<\/strong> \u00b7<u>Clavier international avec autocollants en fran\u00e7ais<\/u><\/p>\n","protected":false},"featured_media":140924,"template":"","meta":[],"product_brand":[3458],"product_cat":[3112,2302],"product_tag":[],"class_list":{"0":"post-140946","1":"product","2":"type-product","3":"status-publish","4":"has-post-thumbnail","6":"product_brand-fujitsu","7":"product_cat-tablettes-tablettes-fr","8":"product_cat-tablettes-fr","10":"first","11":"outofstock","12":"taxable","13":"shipping-taxable","14":"purchasable","15":"product-type-simple"},"bundled_by":[],"bundle_stock_status":"outofstock","bundle_stock_quantity":0,"bundle_virtual":false,"bundle_layout":"","bundle_add_to_cart_form_location":"","bundle_editable_in_cart":false,"bundle_sold_individually_context":"","bundle_item_grouping":"","bundle_min_size":"","bundle_max_size":"","bundle_price":[],"bundled_items":[],"bundle_sell_ids":[],"exclude_global_add_ons":true,"addons":{"keyboard-iso-upgrades":{"name":"Choisir langue du clavier","type":"multiple_choice","position":0,"required":false,"title_format":"heading","default":"","description_enable":false,"description":"","placeholder_enable":false,"placeholder":"","display":"radiobutton","restrictions_type":"any_text","adjust_price":false,"price":"","price_type":"quantity_based","restrictions":false,"min":"0","max":"0","options":[{"label":"Autocollants espagnols [AMP00082]","price":"0.0000","price_type":"quantity_based","image":0,"visibility":true},{"label":"Autocollants fran\u00e7ais [AMP00084]","price":"0.0000","price_type":"quantity_based","image":0,"visibility":true},{"label":"Autocollants portugais [AMP00083]","price":"0.0000","price_type":"quantity_based","image":0,"visibility":true}]},"os-upgrades":{"name":"Expansion SO","type":"multiple_choice","position":0,"required":false,"title_format":"heading","default":"","description_enable":false,"description":"","placeholder_enable":false,"placeholder":"","display":"radiobutton","restrictions_type":"any_text","adjust_price":false,"price":"","price_type":"quantity_based","restrictions":false,"min":"0","max":"0","options":[{"label":"Changer la langue en fran\u00e7ais [AMP00125]","price":"0.0000","price_type":"quantity_based","image":0,"visibility":true},{"label":"Changer la langue en anglais [AMP00008]","price":"0.0000","price_type":"quantity_based","image":0,"visibility":true},{"label":"Changer la langue en portugais [AMP00009]","price":"0.0000","price_type":"quantity_based","image":0,"visibility":true}]}},"df_price":347.27,"df_sale_price":"","df_regular_price":347.27,"df_image_link":"https:\/\/zoca.es\/wp-content\/uploads\/images\/product\/13732\/fuji00265_01-300x225.jpg","_links":{"self":[{"href":"https:\/\/zoca.es\/fr\/wp-json\/wp\/v2\/product\/140946","targetHints":{"allow":["GET"]}}],"collection":[{"href":"https:\/\/zoca.es\/fr\/wp-json\/wp\/v2\/product"}],"about":[{"href":"https:\/\/zoca.es\/fr\/wp-json\/wp\/v2\/types\/product"}],"wp:featuredmedia":[{"embeddable":true,"href":"https:\/\/zoca.es\/fr\/wp-json\/wp\/v2\/media\/140924"}],"wp:attachment":[{"href":"https:\/\/zoca.es\/fr\/wp-json\/wp\/v2\/media?parent=140946"}],"wp:term":[{"taxonomy":"product_brand","embeddable":true,"href":"https:\/\/zoca.es\/fr\/wp-json\/wp\/v2\/product_brand?post=140946"},{"taxonomy":"product_cat","embeddable":true,"href":"https:\/\/zoca.es\/fr\/wp-json\/wp\/v2\/product_cat?post=140946"},{"taxonomy":"product_tag","embeddable":true,"href":"https:\/\/zoca.es\/fr\/wp-json\/wp\/v2\/product_tag?post=140946"}],"curies":[{"name":"wp","href":"https:\/\/api.w.org\/{rel}","templated":true}]}}