{"id":139784,"date":"2025-07-29T12:29:22","date_gmt":"2025-07-29T11:29:22","guid":{"rendered":"https:\/\/zoca.es\/producto\/apple-macbook-pro-163-impecable-133-reconditionne-core-i5-14ghz-8-gb-ram-256-gb-ssd-m2-2560x1600-fr-13305\/"},"modified":"2025-10-22T12:48:54","modified_gmt":"2025-10-22T11:48:54","slug":"apple-macbook-pro-163-impecable-133-reconditionne-core-i5-14ghz-8-gb-ram-256-gb-ssd-m2-2560x1600-fr-13305","status":"publish","type":"product","link":"https:\/\/zoca.es\/fr\/produit\/apple-macbook-pro-163-impecable-133-reconditionne-core-i5-14ghz-8-gb-ram-256-gb-ssd-m2-2560x1600-fr-13305\/","title":{"rendered":"Apple MacBook Pro 16,3-Impecable 13.3\u00a0\u00bb | Reconditionn\u00e9 | Core i5 1.4GHz | 8 GB RAM | 256 GB SSD M2 2560&#215;1600"},"content":{"rendered":"<p><strong>Processeur<\/strong><br \/>Intel Core i5 8257U 1.4 GHz.<br \/><strong>M\u00e9moire RAM<\/strong><br \/>8 Gb. SO-DDR4 RAM<br \/><strong>Disque dur<\/strong><br \/>256 Gb. SSD M2<br \/><strong>Cartes<\/strong><br \/>Graphique: Intel Iris 1.5Gb<br \/><strong>Syst\u00e8me op\u00e9ratif<\/strong><br \/>macOS Sequoia<br \/><strong>Ports<\/strong><br \/>2x USB-C<br \/><strong>\u00c9cran<\/strong><br \/>Retina 13.3 \u00a0\u00bb 2K 16:9 \u00b7 R\u00e9solution 2560&#215;1600<br \/><strong>Multim\u00e9dias<\/strong><br \/>Webcam<br \/><strong>Connectivit\u00e9<\/strong><br \/>WIFI<br \/>Bluetooth<br \/><strong>Notebook sp\u00e9cifique<\/strong><br \/>Langue du clavier International (autocollants espagnols)<br \/><strong>Autres<\/strong><br \/>hR emballage<br \/><strong>Dimensions<\/strong><br \/>30.4&#215;21.2&#215;1.6 cm.<br \/><strong>Poids<\/strong><br \/>1.40 Kg.<br \/><strong>Sp\u00e9cifications suppl\u00e9mentaires<\/strong><br \/>L&rsquo;\u00e9quilibre parfait entre puissance, portabilit\u00e9 et design professionnel. Le MacBook Pro 13,3 pouces (mod\u00e8le A2289) (2020) en Gris sid\u00e9ral est con\u00e7u pour les utilisateurs qui recherchent des performances fluides, un \u00e9cran de haute qualit\u00e9 et la fiabilit\u00e9 d&rsquo;un ordinateur portable Apple au quotidien.\u00c9quip\u00e9 d&rsquo;un processeur Intel Core i5 8257U de 10e g\u00e9n\u00e9ration cadenc\u00e9 \u00e0 1,4 GHz, cet appareil offre des performances fluides et stables pour les t\u00e2ches bureautiques, la retouche l\u00e9g\u00e8re, la navigation intensive ou le travail sur le cloud. Ses 8 Go de RAM DDR4 et son SSD M.2 rapide de 256 Go garantissent une agilit\u00e9 constante, du d\u00e9marrage au multit\u00e2che.L&rsquo;\u00e9cran Retina 13,3 pouces, avec une r\u00e9solution 2K (2560 x 1600), se distingue par sa clart\u00e9, la fid\u00e9lit\u00e9 des couleurs et le confort visuel. La TouchBar int\u00e9gr\u00e9e adapte ses fonctions \u00e0 chaque application pour acc\u00e9l\u00e9rer votre flux de travail, et la webcam HD garantit des appels vid\u00e9o haute r\u00e9solution. Le tout sous macOS Sequoia, le syst\u00e8me d&rsquo;exploitation le plus avanc\u00e9 et optimis\u00e9 d&rsquo;Apple.Design et exp\u00e9rience haut de gamme. Fluide et ultra-portable : le MacBook Pro A2289 est un choix judicieux pour les professionnels comme pour les utilisateurs exigeants qui appr\u00e9cient performances et esth\u00e9tique.Apparence ext\u00e9rieure impeccable. Consultez la section \u00ab + Photos \u00bb et, pour toute question, appelez-nous ou utilisez notre chat pour plus d&rsquo;informations ou pour demander plus de d\u00e9tails.<br \/><strong>Commentaires<\/strong><br \/><u>TouchBar &#8211; Mod\u00e8le A2289 (2020) &#8211; Couleur Space Grey<\/u><\/p>\n","protected":false},"excerpt":{"rendered":"<p>Intel Core i5 8257U 1.4 GHz. \u00b7 8 Gb. SO-DDR4 RAM \u00b7 256 Gb. SSD M2 \u00b7 macOS Sequoia \u00b7 Retina 13.3 \u00a0\u00bb 2K 16:9 \u00b7 R\u00e9solution 2560&#215;1600 \u00b7 Webcam \u00b7<br \/>\n<strong>TouchBar<\/strong> &#8211; <u>Mod\u00e8le A2289 (2020) &#8211; Couleur Space Grey<br \/>\n<\/u><\/p>\n","protected":false},"featured_media":139762,"template":"","meta":[],"product_brand":[3449],"product_cat":[2254,2252,3121,3119],"product_tag":[],"class_list":{"0":"post-139784","1":"product","2":"type-product","3":"status-publish","4":"has-post-thumbnail","6":"product_brand-apple","7":"product_cat-notebooks-fr","8":"product_cat-portatiles-es","9":"product_cat-notebooks-notebooks-fr","10":"product_cat-portatiles-portatiles-es","12":"first","13":"outofstock","14":"taxable","15":"shipping-taxable","16":"purchasable","17":"product-type-simple"},"bundled_by":[],"bundle_stock_status":"outofstock","bundle_stock_quantity":0,"bundle_virtual":false,"bundle_layout":"","bundle_add_to_cart_form_location":"","bundle_editable_in_cart":false,"bundle_sold_individually_context":"","bundle_item_grouping":"","bundle_min_size":"","bundle_max_size":"","bundle_price":[],"bundled_items":[],"bundle_sell_ids":[],"exclude_global_add_ons":true,"addons":{"keyboard-iso-upgrades":{"name":"Choisir langue du clavier","type":"multiple_choice","position":0,"required":false,"title_format":"heading","default":"","description_enable":false,"description":"","placeholder_enable":false,"placeholder":"","display":"radiobutton","restrictions_type":"any_text","adjust_price":false,"price":"","price_type":"quantity_based","restrictions":false,"min":"0","max":"0","options":[{"label":"Autocollants espagnols [AMP00082]","price":"0.0000","price_type":"quantity_based","image":0,"visibility":true},{"label":"Autocollants fran\u00e7ais [AMP00084]","price":"0.0000","price_type":"quantity_based","image":0,"visibility":true},{"label":"Autocollants portugais [AMP00083]","price":"0.0000","price_type":"quantity_based","image":0,"visibility":true}]},"mouse-upgrades":{"name":"Extension souris","type":"multiple_choice","position":0,"required":false,"title_format":"heading","default":"","description_enable":false,"description":"","placeholder_enable":false,"placeholder":"","display":"radiobutton","restrictions_type":"any_text","adjust_price":false,"price":"","price_type":"quantity_based","restrictions":false,"min":"0","max":"0","options":[{"label":"Apple Magic Mouse 2 (A1657) [AMP00060]","price":"60.0000","price_type":"quantity_based","image":0,"visibility":true}]}},"df_price":521.51,"df_sale_price":"","df_regular_price":521.51,"df_image_link":"https:\/\/zoca.es\/wp-content\/uploads\/images\/product\/13305\/appl00581_01-300x225.jpg","_links":{"self":[{"href":"https:\/\/zoca.es\/fr\/wp-json\/wp\/v2\/product\/139784","targetHints":{"allow":["GET"]}}],"collection":[{"href":"https:\/\/zoca.es\/fr\/wp-json\/wp\/v2\/product"}],"about":[{"href":"https:\/\/zoca.es\/fr\/wp-json\/wp\/v2\/types\/product"}],"wp:featuredmedia":[{"embeddable":true,"href":"https:\/\/zoca.es\/fr\/wp-json\/wp\/v2\/media\/139762"}],"wp:attachment":[{"href":"https:\/\/zoca.es\/fr\/wp-json\/wp\/v2\/media?parent=139784"}],"wp:term":[{"taxonomy":"product_brand","embeddable":true,"href":"https:\/\/zoca.es\/fr\/wp-json\/wp\/v2\/product_brand?post=139784"},{"taxonomy":"product_cat","embeddable":true,"href":"https:\/\/zoca.es\/fr\/wp-json\/wp\/v2\/product_cat?post=139784"},{"taxonomy":"product_tag","embeddable":true,"href":"https:\/\/zoca.es\/fr\/wp-json\/wp\/v2\/product_tag?post=139784"}],"curies":[{"name":"wp","href":"https:\/\/api.w.org\/{rel}","templated":true}]}}