{"id":139195,"date":"2025-07-10T16:04:00","date_gmt":"2025-07-10T15:04:07","guid":{"rendered":"https:\/\/zoca.es\/producto\/apple-macbook-air-72-133-reconditionne-core-i5-18ghz-8-gb-ram-128-gb-ssd-1440x900-fr-13833\/"},"modified":"2025-07-10T16:04:07","modified_gmt":"2025-07-10T15:04:07","slug":"apple-macbook-air-72-133-reconditionne-core-i5-18ghz-8-gb-ram-128-gb-ssd-1440x900-fr-13833","status":"publish","type":"product","link":"https:\/\/zoca.es\/fr\/produit\/apple-macbook-air-72-133-reconditionne-core-i5-18ghz-8-gb-ram-128-gb-ssd-1440x900-fr-13833\/","title":{"rendered":"Apple MacBook Air 7,2 13.3\u00a0\u00bb | Reconditionn\u00e9 | Core i5 1.8GHz | 8 GB RAM | 128 GB SSD 1440&#215;900"},"content":{"rendered":"<p><strong>Processeur<\/strong><br \/>Intel Core i5 5350U 1.8 GHz.<br \/><strong>M\u00e9moire RAM<\/strong><br \/>8 Gb. SO-DDR3 RAM<br \/><strong>Disque dur<\/strong><br \/>128 Gb. SSD<br \/><strong>Cartes<\/strong><br \/>Graphique: Intel HD Graphics 6000 1.5Gb<br \/>Son: High Definition Audio<br \/><strong>Syst\u00e8me op\u00e9ratif<\/strong><br \/>macOS Monterey<br \/><strong>Ports<\/strong><br \/>Thunderbolt<br \/>2x USB 3.0<br \/><strong>\u00c9cran<\/strong><br \/>Led 13.3 \u00a0\u00bb HD 16:10  \u00b7 R\u00e9solution 1440&#215;900<br \/><strong>Multim\u00e9dias<\/strong><br \/>Webcam<br \/>Lecteur SD<br \/><strong>Connectivit\u00e9<\/strong><br \/>WIFI<br \/>Bluetooth<br \/><strong>Notebook sp\u00e9cifique<\/strong><br \/>Langue du clavier International (autocollants espagnols)<br \/><strong>Autres<\/strong><br \/>hR emballage<br \/><strong>Dimensions<\/strong><br \/>32.5&#215;22.7&#215;1.7 cm.<br \/><strong>Poids<\/strong><br \/>1.35 Kg.<br \/><strong>Sp\u00e9cifications suppl\u00e9mentaires<\/strong><br \/>Simple, fiable et pr\u00eat \u00e0 fonctionner d\u00e8s la premi\u00e8re minute. Le MacBook Air 13,3&Prime; mod\u00e8le A1466 (mi-2017) reste l&rsquo;un des ordinateurs portables les plus pris\u00e9s par ceux qui recherchent efficacit\u00e9, l\u00e9g\u00e8ret\u00e9 et une exp\u00e9rience macOS sans souci.<br \/>Il est \u00e9quip\u00e9 d&rsquo;un processeur Intel Core i5 5350U cadenc\u00e9 \u00e0 1,8 GHz, de 8 Go de RAM DDR3 et d&rsquo;un SSD de 128 Go, une combinaison id\u00e9ale pour les t\u00e2ches bureautiques, la navigation, le cloud computing, les cours en ligne ou la gestion de contenu. Le tout avec la fluidit\u00e9 de macOS Monterey, un syst\u00e8me stable et optimis\u00e9 pour cet appareil.<br \/>L&rsquo;\u00e9cran LED 13,3&Prime; avec une r\u00e9solution HD (1440 x 900) offre une bonne d\u00e9finition et une bonne luminosit\u00e9, parfait pour les environnements productifs et d&rsquo;\u00e9tude. Il est \u00e9galement \u00e9quip\u00e9 d&rsquo;une webcam HD, d&rsquo;un lecteur de carte SD et d&rsquo;une construction robuste en aluminium qui le rend durable, l\u00e9ger et facile \u00e0 transporter.<br \/>Le MacBook Air A1466 est une solution solide pour ceux qui souhaitent d\u00e9couvrir l&rsquo;univers Apple avec un appareil fonctionnel et confortable \u00e0 un excellent rapport qualit\u00e9-prix.<br \/>Bel aspect ext\u00e9rieur. <b>Un l\u00e9ger choc dans un coin de l&rsquo;\u00e9cran n&rsquo;affecte en rien l&rsquo;affichage. <\/b>Consultez les sections \u00ab + Photos \u00bb et \u00ab Vid\u00e9o \u00bb. Pour toute question, n&rsquo;h\u00e9sitez pas \u00e0 nous appeler ou \u00e0 utiliser notre chat pour obtenir plus d&rsquo;informations.<br \/><strong>Commentaires<\/strong><br \/><u>Mod. A1466 (Mid 2017)<\/u><\/p>\n","protected":false},"excerpt":{"rendered":"<p>Intel Core i5 5350U 1.8 GHz. \u00b7 8 Gb. SO-DDR3 RAM \u00b7 128 Gb. SSD \u00b7 macOS Monterey \u00b7 Led 13.3 \u00a0\u00bb HD 16:10 \u00b7 Webcam \u00b7 Lecteur SD \u00b7<br \/>\n<u>Mod. A1466 (Mid 2017) \u00b7L\u00e9g\u00e8re bosse dans le coin de l&rsquo;\u00e9cran (Voir \u00ab+ Photos\u00bb)<\/u><\/p>\n","protected":false},"featured_media":139179,"template":"","meta":[],"product_brand":[3449],"product_cat":[2254,3121],"product_tag":[],"class_list":{"0":"post-139195","1":"product","2":"type-product","3":"status-publish","4":"has-post-thumbnail","6":"product_brand-apple","7":"product_cat-notebooks-fr","8":"product_cat-notebooks-notebooks-fr","10":"first","11":"outofstock","12":"taxable","13":"shipping-taxable","14":"purchasable","15":"product-type-simple"},"bundled_by":[],"bundle_stock_status":"outofstock","bundle_stock_quantity":0,"bundle_virtual":false,"bundle_layout":"","bundle_add_to_cart_form_location":"","bundle_editable_in_cart":false,"bundle_sold_individually_context":"","bundle_item_grouping":"","bundle_min_size":"","bundle_max_size":"","bundle_price":[],"bundled_items":[],"bundle_sell_ids":[],"exclude_global_add_ons":true,"addons":{"keyboard-iso-upgrades":{"name":"Choisir langue du clavier","type":"multiple_choice","position":0,"required":false,"title_format":"heading","default":"","description_enable":false,"description":"","placeholder_enable":false,"placeholder":"","display":"radiobutton","restrictions_type":"any_text","adjust_price":false,"price":"","price_type":"quantity_based","restrictions":false,"min":"0","max":"0","options":[{"label":"Autocollants espagnols [AMP00082]","price":"0.0000","price_type":"quantity_based","image":0,"visibility":true},{"label":"Autocollants fran\u00e7ais [AMP00084]","price":"0.0000","price_type":"quantity_based","image":0,"visibility":true},{"label":"Autocollants portugais [AMP00083]","price":"0.0000","price_type":"quantity_based","image":0,"visibility":true}]},"mouse-upgrades":{"name":"Extension souris","type":"multiple_choice","position":0,"required":false,"title_format":"heading","default":"","description_enable":false,"description":"","placeholder_enable":false,"placeholder":"","display":"radiobutton","restrictions_type":"any_text","adjust_price":false,"price":"","price_type":"quantity_based","restrictions":false,"min":"0","max":"0","options":[{"label":"Apple Magic Mouse 2 (A1657) [AMP00060]","price":"60.0000","price_type":"quantity_based","image":0,"visibility":true}]}},"df_price":242,"df_sale_price":"","df_regular_price":242,"df_image_link":"https:\/\/zoca.es\/wp-content\/uploads\/images\/product\/13833\/appl00622_01-300x225.jpg","_links":{"self":[{"href":"https:\/\/zoca.es\/fr\/wp-json\/wp\/v2\/product\/139195","targetHints":{"allow":["GET"]}}],"collection":[{"href":"https:\/\/zoca.es\/fr\/wp-json\/wp\/v2\/product"}],"about":[{"href":"https:\/\/zoca.es\/fr\/wp-json\/wp\/v2\/types\/product"}],"wp:featuredmedia":[{"embeddable":true,"href":"https:\/\/zoca.es\/fr\/wp-json\/wp\/v2\/media\/139179"}],"wp:attachment":[{"href":"https:\/\/zoca.es\/fr\/wp-json\/wp\/v2\/media?parent=139195"}],"wp:term":[{"taxonomy":"product_brand","embeddable":true,"href":"https:\/\/zoca.es\/fr\/wp-json\/wp\/v2\/product_brand?post=139195"},{"taxonomy":"product_cat","embeddable":true,"href":"https:\/\/zoca.es\/fr\/wp-json\/wp\/v2\/product_cat?post=139195"},{"taxonomy":"product_tag","embeddable":true,"href":"https:\/\/zoca.es\/fr\/wp-json\/wp\/v2\/product_tag?post=139195"}],"curies":[{"name":"wp","href":"https:\/\/api.w.org\/{rel}","templated":true}]}}