{"id":138424,"date":"2025-07-01T14:50:37","date_gmt":"2025-07-01T13:50:40","guid":{"rendered":"https:\/\/zoca.es\/producto\/carte-son-amplificador-optimus-am-30-reconditionne-fr-13729\/"},"modified":"2025-07-01T14:50:40","modified_gmt":"2025-07-01T13:50:40","slug":"carte-son-amplificador-optimus-am-30-reconditionne-fr-13729","status":"publish","type":"product","link":"https:\/\/zoca.es\/fr\/produit\/carte-son-amplificador-optimus-am-30-reconditionne-fr-13729\/","title":{"rendered":"Carte son Amplificador Optimus AM-30 | Reconditionn\u00e9"},"content":{"rendered":"<p><b>Puissance<\/b><br \/>30 W RMS<br \/><b>Entr\u00e9es<\/b><br \/>2 microphones + AUX\/CD<br \/><b>\u00c9galisation<\/b><br \/>Graves\/M\u00e9diums\/Aigus \u00b110 dB<br \/><b>Priorit\u00e9 microphone<\/b><br \/>Automatique ou manuel<br \/><b>Connectivit\u00e9 haut-parleurs<\/b><br \/>4 \u03a9 \/ 8 \u03a9 \/ 70 V \/ 100 V<br \/><b>Alimentation :<\/b><br \/>230 V CA (monophas\u00e9)<\/p>\n","protected":false},"excerpt":{"rendered":"<p>L&rsquo;amplificateur Optimus AM-30 est con\u00e7u pour les syst\u00e8mes de sonorisation, id\u00e9al pour les magasins, les bureaux, les \u00e9coles et les lieux publics. Il permet la connexion de microphones et de sources auxiliaires, avec priorit\u00e9 automatique pour les annonces.<\/p>\n","protected":false},"featured_media":138420,"template":"","meta":[],"product_brand":[3465],"product_cat":[2406,2448],"product_tag":[],"class_list":{"0":"post-138424","1":"product","2":"type-product","3":"status-publish","4":"has-post-thumbnail","6":"product_brand-generic","7":"product_cat-composants-fr","8":"product_cat-composants-son-fr","10":"first","11":"outofstock","12":"taxable","13":"shipping-taxable","14":"purchasable","15":"product-type-simple"},"bundled_by":[],"bundle_stock_status":"outofstock","bundle_stock_quantity":0,"bundle_virtual":false,"bundle_layout":"","bundle_add_to_cart_form_location":"","bundle_editable_in_cart":false,"bundle_sold_individually_context":"","bundle_item_grouping":"","bundle_min_size":"","bundle_max_size":"","bundle_price":[],"bundled_items":[],"bundle_sell_ids":[],"exclude_global_add_ons":[],"addons":[],"df_price":48.4,"df_sale_price":"","df_regular_price":48.4,"df_image_link":"https:\/\/zoca.es\/wp-content\/uploads\/images\/product\/13729\/gene00324_01-300x225.jpg","_links":{"self":[{"href":"https:\/\/zoca.es\/fr\/wp-json\/wp\/v2\/product\/138424","targetHints":{"allow":["GET"]}}],"collection":[{"href":"https:\/\/zoca.es\/fr\/wp-json\/wp\/v2\/product"}],"about":[{"href":"https:\/\/zoca.es\/fr\/wp-json\/wp\/v2\/types\/product"}],"wp:featuredmedia":[{"embeddable":true,"href":"https:\/\/zoca.es\/fr\/wp-json\/wp\/v2\/media\/138420"}],"wp:attachment":[{"href":"https:\/\/zoca.es\/fr\/wp-json\/wp\/v2\/media?parent=138424"}],"wp:term":[{"taxonomy":"product_brand","embeddable":true,"href":"https:\/\/zoca.es\/fr\/wp-json\/wp\/v2\/product_brand?post=138424"},{"taxonomy":"product_cat","embeddable":true,"href":"https:\/\/zoca.es\/fr\/wp-json\/wp\/v2\/product_cat?post=138424"},{"taxonomy":"product_tag","embeddable":true,"href":"https:\/\/zoca.es\/fr\/wp-json\/wp\/v2\/product_tag?post=138424"}],"curies":[{"name":"wp","href":"https:\/\/api.w.org\/{rel}","templated":true}]}}