{"id":138094,"date":"2025-06-30T11:14:02","date_gmt":"2025-06-30T10:14:02","guid":{"rendered":"https:\/\/zoca.es\/producto\/panasonic-toughbook-fz-g1-mk4-rugged-101-reconditionne-core-i5-24ghz-8-gb-ram-128-gb-ssd-1920x1200-fr-13792\/"},"modified":"2026-03-11T12:54:11","modified_gmt":"2026-03-11T11:54:11","slug":"panasonic-toughbook-fz-g1-mk4-rugged-101-reconditionne-core-i5-24ghz-8-gb-ram-128-gb-ssd-1920x1200-fr-13792","status":"publish","type":"product","link":"https:\/\/zoca.es\/fr\/produit\/panasonic-toughbook-fz-g1-mk4-rugged-101-reconditionne-core-i5-24ghz-8-gb-ram-128-gb-ssd-1920x1200-fr-13792\/","title":{"rendered":"Panasonic ToughBook FZ-G1 MK4 Rugged 10.1\u00a0\u00bb | Reconditionn\u00e9 | Core i5 2.4GHz | 8 GB RAM | 128 GB SSD 1920&#215;1200"},"content":{"rendered":"<p><strong>Processeur<\/strong><br \/>Intel Core i5 6300U 2.4 GHz. [TPM 1.2]<br \/><strong>M\u00e9moire RAM<\/strong><br \/>8 Gb. SO-DDR3 RAM<br \/><strong>Disque dur<\/strong><br \/>128 Gb. SSD<br \/><strong>Cartes<\/strong><br \/>Graphique: Intel Graphics 620<br \/>Son: Realtek High Definition Audio<br \/><strong>Syst\u00e8me op\u00e9ratif<\/strong><br \/>Windows 10 Pro<br \/><strong>Ports<\/strong><br \/>USB 3.0<br \/><strong>\u00c9cran<\/strong><br \/>Tactile 10.1 \u00a0\u00bb FullHD 16:9  \u00b7 R\u00e9solution 1920&#215;1200<br \/><strong>Ports vid\u00e9o<\/strong><br \/>HDMI<br \/><strong>Multim\u00e9dias<\/strong><br \/>Webcam<br \/>Cam\u00e9ra arri\u00e8re<br \/>Cam\u00e9ra frontale<br \/><strong>Connectivit\u00e9<\/strong><br \/>WIFI<br \/>Bluetooth<br \/>4G<br \/><strong>Autres<\/strong><br \/>hR emballage<br \/><strong>Dimensions<\/strong><br \/>28x20x4 cm.<br \/><strong>Poids<\/strong><br \/>1.40 Kg.<br \/><strong>Sp\u00e9cifications suppl\u00e9mentaires<\/strong><br \/>La Panasonic Toughbook FZ-G1 MK4 est une tablette professionnelle enti\u00e8rement durcie, con\u00e7ue pour offrir une r\u00e9sistance maximale, une mobilit\u00e9 optimale et une fiabilit\u00e9 \u00e9prouv\u00e9e dans des secteurs exigeants tels que l\u2019industrie, les services d\u2019urgence, la d\u00e9fense, la logistique ou le b\u00e2timent. Compacte mais puissante, elle embarque un processeur Intel Core i5 de 6e g\u00e9n\u00e9ration, 8 Go de RAM et un SSD de 128 Go, ex\u00e9cutant Windows 10 Pro de mani\u00e8re fluide m\u00eame dans des conditions op\u00e9rationnelles difficiles.<br \/>Son \u00e9cran de 10,1\u201d Full HD au format 16:10 est lisible en plein soleil, multitactile et utilisable avec des gants ou un stylet \u2014 id\u00e9al pour le travail sur le terrain.<br \/><b>Caract\u00e9ristiques de robustesse<\/b><br \/><u>Ch\u00e2ssis renforc\u00e9 <\/u>en alliage de magn\u00e9sium avec coins prot\u00e9g\u00e9s, r\u00e9sistant aux chocs et aux chutes jusqu\u2019\u00e0 1,2 m\u00e8tre.<br \/><u>\u00c9cran haute luminosit\u00e9<\/u> (jusqu\u2019\u00e0 800 nits), lisible en ext\u00e9rieur et utilisable avec des gants, les doigts mouill\u00e9s ou un stylet.<br \/><u>\u00c9tanch\u00e9it\u00e9 totale \u00e0 la poussi\u00e8re et aux liquides,<\/u> avec connecteurs prot\u00e9g\u00e9s et caches \u00e9tanches.<br \/>R\u00e9siste aux vibrations, aux variations brusques de temp\u00e9rature, \u00e0 l\u2019humidit\u00e9 et \u00e0 la pression atmosph\u00e9rique \u2014 id\u00e9al pour une utilisation sur le terrain ou en milieu industriel.<br \/><b>Certifications de robustesse<\/b><br \/><u>MIL-STD-810G :<\/u> Certifie la r\u00e9sistance aux conditions environnementales extr\u00eames, aux chutes, chocs, vibrations, humidit\u00e9 et temp\u00e9ratures de -10 \u00b0C \u00e0 50 \u00b0C.<br \/><u>IP65 :<\/u> Protection compl\u00e8te contre la poussi\u00e8re et r\u00e9sistance \u00e0 l\u2019eau sous pression.<br \/><u>MIL-STD-461F :<\/u> Compatibilit\u00e9 \u00e9lectromagn\u00e9tique en environnements industriels et militaires.<br \/>La Panasonic Toughbook FZ-G1 MK4 est une tablette compacte, robuste et fiable \u2014 id\u00e9ale pour les professionnels qui ont besoin de performances constantes et d\u2019une durabilit\u00e9 maximale dans des environnements de travail hostiles.<br \/>Excellent \u00e9tat esth\u00e9tique. Pour toute question, n\u2019h\u00e9sitez pas \u00e0 nous appeler ou \u00e0 utiliser notre chat pour obtenir plus d\u2019informations ou demander des d\u00e9tails suppl\u00e9mentaires.<\/p>\n","protected":false},"excerpt":{"rendered":"<p>Intel Core i5 6300U 2.4 GHz. [TPM 1.2] \u00b7 8 Gb. SO-DDR3 RAM \u00b7 128 Gb. SSD \u00b7 Windows 10 Pro \u00b7 Tactile 10.1 \u00a0\u00bb FullHD 16:9  \u00b7 R\u00e9solution 1920&#215;1200<\/p>\n","protected":false},"featured_media":138090,"template":"","meta":[],"product_brand":[3467],"product_cat":[3130,2302,3068],"product_tag":[],"class_list":{"0":"post-138094","1":"product","2":"type-product","3":"status-publish","4":"has-post-thumbnail","6":"product_brand-panasonic","7":"product_cat-tablettes-ruggerized-fr","8":"product_cat-tablettes-fr","9":"product_cat-ruggerized-fr","11":"first","12":"instock","13":"taxable","14":"shipping-taxable","15":"purchasable","16":"product-type-simple"},"bundled_by":[],"bundle_stock_status":"instock","bundle_stock_quantity":1,"bundle_virtual":false,"bundle_layout":"","bundle_add_to_cart_form_location":"","bundle_editable_in_cart":false,"bundle_sold_individually_context":"","bundle_item_grouping":"","bundle_min_size":"","bundle_max_size":"","bundle_price":[],"bundled_items":[],"bundle_sell_ids":[],"exclude_global_add_ons":true,"addons":{"battery-upgrades":{"name":"Extension batterie","type":"multiple_choice","position":0,"required":false,"title_format":"heading","default":"","description_enable":false,"description":"","placeholder_enable":false,"placeholder":"","display":"radiobutton","restrictions_type":"any_text","adjust_price":false,"price":"","price_type":"quantity_based","restrictions":false,"min":"0","max":"0","options":[{"label":"Passer \u00e0 une nouvelle batterie compatible [AMP00167]","price":"75.0000","price_type":"quantity_based","image":0,"visibility":true}]},"docking-station-upgrades":{"name":"Extension Docking Station","type":"multiple_choice","position":0,"required":false,"title_format":"heading","default":"","description_enable":false,"description":"","placeholder_enable":false,"placeholder":"","display":"radiobutton","restrictions_type":"any_text","adjust_price":false,"price":"","price_type":"quantity_based","restrictions":false,"min":"0","max":"0","options":[{"label":"Panasonic Docking ToughPad FZ-VEBG11 [AMP00128]","price":"100.0000","price_type":"quantity_based","image":0,"visibility":true}]},"os-upgrades":{"name":"Expansion SO","type":"multiple_choice","position":0,"required":false,"title_format":"heading","default":"","description_enable":false,"description":"","placeholder_enable":false,"placeholder":"","display":"radiobutton","restrictions_type":"any_text","adjust_price":false,"price":"","price_type":"quantity_based","restrictions":false,"min":"0","max":"0","options":[{"label":"Changer la langue en fran\u00e7ais [AMP00125]","price":"0.0000","price_type":"quantity_based","image":0,"visibility":true},{"label":"Changer la langue en anglais [AMP00008]","price":"0.0000","price_type":"quantity_based","image":0,"visibility":true},{"label":"Changer la langue en portugais [AMP00009]","price":"0.0000","price_type":"quantity_based","image":0,"visibility":true}]}},"df_price":394.46,"df_sale_price":"","df_regular_price":394.46,"df_image_link":"https:\/\/zoca.es\/wp-content\/uploads\/images\/product\/13792\/pana00122_01-300x225.jpg","_links":{"self":[{"href":"https:\/\/zoca.es\/fr\/wp-json\/wp\/v2\/product\/138094","targetHints":{"allow":["GET"]}}],"collection":[{"href":"https:\/\/zoca.es\/fr\/wp-json\/wp\/v2\/product"}],"about":[{"href":"https:\/\/zoca.es\/fr\/wp-json\/wp\/v2\/types\/product"}],"wp:featuredmedia":[{"embeddable":true,"href":"https:\/\/zoca.es\/fr\/wp-json\/wp\/v2\/media\/138090"}],"wp:attachment":[{"href":"https:\/\/zoca.es\/fr\/wp-json\/wp\/v2\/media?parent=138094"}],"wp:term":[{"taxonomy":"product_brand","embeddable":true,"href":"https:\/\/zoca.es\/fr\/wp-json\/wp\/v2\/product_brand?post=138094"},{"taxonomy":"product_cat","embeddable":true,"href":"https:\/\/zoca.es\/fr\/wp-json\/wp\/v2\/product_cat?post=138094"},{"taxonomy":"product_tag","embeddable":true,"href":"https:\/\/zoca.es\/fr\/wp-json\/wp\/v2\/product_tag?post=138094"}],"curies":[{"name":"wp","href":"https:\/\/api.w.org\/{rel}","templated":true}]}}