{"id":138018,"date":"2025-06-27T10:06:10","date_gmt":"2025-06-27T09:06:10","guid":{"rendered":"https:\/\/zoca.es\/producto\/scanner-brother-ads-1600w-reconditionne-fr-13823\/"},"modified":"2026-04-28T15:06:25","modified_gmt":"2026-04-28T14:06:25","slug":"scanner-brother-ads-1600w-reconditionne-fr-13823","status":"publish","type":"product","link":"https:\/\/zoca.es\/fr\/produit\/scanner-brother-ads-1600w-reconditionne-fr-13823\/","title":{"rendered":"Scanner Brother ADS-1600W | Reconditionn\u00e9"},"content":{"rendered":"<p><b>Capteur d\u2019Image<\/b><br \/>CCD couleur<br \/><b>\u00c9cran<\/b><br \/>\u00c9cran tactile couleur 2,7&Prime;<br \/><b>Vitesse de num\u00e9risation<\/b><br \/>Couleur : jusqu\u2019\u00e0 18 ppm<br \/><b>R\u00e9solution<\/b><br \/>Jusqu\u2019\u00e0 1200 dpi<br \/><b>Connectivit\u00e9<\/b><br \/>USB 2.0 \/ Wi-Fi<br \/><b>Gestion du papier<\/b><br \/>Chargeur automatique pour 20 feuilles. Scanner de carte d\u2019identit\u00e9<br \/><b>Zone de num\u00e9risation<\/b><br \/>ADF Max. A4<br \/><b>Sp\u00e9cifications suppl\u00e9mentaires :<\/b><br \/>Le Brother\u202fADS\u20111600W est un scanner de documents compact et polyvalent, id\u00e9al pour les petits bureaux ou environnements mobiles n\u00e9cessitant une num\u00e9risation rapide et de qualit\u00e9. Avec le scan recto-verso en passage unique et une vitesse allant jusqu\u2019\u00e0 18 pages par minute (ppm) en A4, il optimise les flux de travail. Sa r\u00e9solution optique atteint 600 \u00d7 600 dpi, avec une capacit\u00e9 interpol\u00e9e jusqu\u2019\u00e0 1 200 \u00d7 1 200 dpi, assurant une excellente d\u00e9finition des images pour documents et graphiques. \u00c9quip\u00e9 d\u2019un chargeur automatique (ADF) pour 20 feuilles, il permet de num\u00e9riser des lots de documents sans intervention manuelle constante. La connectivit\u00e9 hybride prend en charge USB 2.0 et Wi-Fi, facilitant l\u2019int\u00e9gration dans les stations de travail classiques, les environnements mobiles ou en r\u00e9seau sans fil. Gr\u00e2ce \u00e0 sa taille compacte, son \u00e9cran tactile couleur et sa possibilit\u00e9 de num\u00e9risation directe sur cl\u00e9 USB ou appareils mobiles, l\u2019ADS\u20111600W est une solution id\u00e9ale pour les entreprises recherchant une num\u00e9risation rapide, fiable et moderne.<br \/>Bon aspect ext\u00e9rieur. Si vous avez des questions, appelez-nous ou utilisez notre chat pour obtenir plus d\u2019informations ou demander plus de d\u00e9tails.<\/p>\n","protected":false},"excerpt":{"rendered":"<p>Technologie :Scanner de documents et<strong>carte d\u2019identit\u00e9<\/strong>couleur- Capteur d&rsquo;image : CCD couleur \u2013 Vitesse de num\u00e9risation : Jusqu&rsquo;\u00e0 18 ppm \u2013 R\u00e9solution : Jusqu&rsquo;\u00e0 1200 dpi \u2013 Connectivit\u00e9 : USB 2.0 \/ WiFi \u2013 Duplex : Num\u00e9risation recto verso int\u00e9gr\u00e9e \u2013 Chargeur automatique de documents de 20 feuilles.<\/p>\n","protected":false},"featured_media":138011,"template":"","meta":[],"product_brand":[3446],"product_cat":[2402],"product_tag":[3275,3274,3290,3295],"class_list":{"0":"post-138018","1":"product","2":"type-product","3":"status-publish","4":"has-post-thumbnail","6":"product_brand-brother","7":"product_cat-scanners-fr","8":"product_tag-202509_123septiembre-fr","9":"product_tag-202510_halloween-fr","10":"product_tag-black-15","11":"product_tag-navidad","13":"first","14":"instock","15":"taxable","16":"shipping-taxable","17":"purchasable","18":"product-type-simple"},"bundled_by":[],"bundle_stock_status":"instock","bundle_stock_quantity":1,"bundle_virtual":false,"bundle_layout":"","bundle_add_to_cart_form_location":"","bundle_editable_in_cart":false,"bundle_sold_individually_context":"","bundle_item_grouping":"","bundle_min_size":"","bundle_max_size":"","bundle_price":[],"bundled_items":[],"bundle_sell_ids":[],"exclude_global_add_ons":[],"addons":[],"df_price":175.45,"df_sale_price":"","df_regular_price":175.45,"df_image_link":"https:\/\/zoca.es\/wp-content\/uploads\/images\/product\/13823\/brot00040_01-300x225.jpg","_links":{"self":[{"href":"https:\/\/zoca.es\/fr\/wp-json\/wp\/v2\/product\/138018","targetHints":{"allow":["GET"]}}],"collection":[{"href":"https:\/\/zoca.es\/fr\/wp-json\/wp\/v2\/product"}],"about":[{"href":"https:\/\/zoca.es\/fr\/wp-json\/wp\/v2\/types\/product"}],"wp:featuredmedia":[{"embeddable":true,"href":"https:\/\/zoca.es\/fr\/wp-json\/wp\/v2\/media\/138011"}],"wp:attachment":[{"href":"https:\/\/zoca.es\/fr\/wp-json\/wp\/v2\/media?parent=138018"}],"wp:term":[{"taxonomy":"product_brand","embeddable":true,"href":"https:\/\/zoca.es\/fr\/wp-json\/wp\/v2\/product_brand?post=138018"},{"taxonomy":"product_cat","embeddable":true,"href":"https:\/\/zoca.es\/fr\/wp-json\/wp\/v2\/product_cat?post=138018"},{"taxonomy":"product_tag","embeddable":true,"href":"https:\/\/zoca.es\/fr\/wp-json\/wp\/v2\/product_tag?post=138018"}],"curies":[{"name":"wp","href":"https:\/\/api.w.org\/{rel}","templated":true}]}}