{"id":137884,"date":"2025-06-26T09:34:11","date_gmt":"2025-06-26T08:34:11","guid":{"rendered":"https:\/\/zoca.es\/producto\/apple-macbook-pro-152-impecable-133-reconditionne-core-i5-23ghz-16-gb-ram-500-gb-ssd-m2-2560x1600-fr-13390\/"},"modified":"2026-02-25T10:25:00","modified_gmt":"2026-02-25T09:25:00","slug":"apple-macbook-pro-152-impecable-133-reconditionne-core-i5-23ghz-16-gb-ram-500-gb-ssd-m2-2560x1600-fr-13390","status":"publish","type":"product","link":"https:\/\/zoca.es\/fr\/produit\/apple-macbook-pro-152-impecable-133-reconditionne-core-i5-23ghz-16-gb-ram-500-gb-ssd-m2-2560x1600-fr-13390\/","title":{"rendered":"Apple MacBook Pro 15,2-Impecable 13.3\u00a0\u00bb | Reconditionn\u00e9 | Core i5 2.3GHz | 16 GB RAM | 500 GB SSD M2 2560&#215;1600"},"content":{"rendered":"<p><strong>Processeur<\/strong><br \/>Intel Core i5 8259U 2.3 GHz.<br \/><strong>M\u00e9moire RAM<\/strong><br \/>16 Gb. SO-DDR3 RAM<br \/><strong>Disque dur<\/strong><br \/>500 Gb. SSD M2<br \/><strong>Cartes<\/strong><br \/>Graphique: Intel Iris Plus Graphics 655<br \/>Son: HD Audio<br \/><strong>Syst\u00e8me op\u00e9ratif<\/strong><br \/>macOS Sequoia<br \/><strong>Ports<\/strong><br \/>4x USB-C<br \/><strong>\u00c9cran<\/strong><br \/>Retina 13.3 \u00a0\u00bb 2K 16:9  \u00b7 R\u00e9solution 2560&#215;1600<br \/><strong>Multim\u00e9dias<\/strong><br \/>Webcam<br \/><strong>Connectivit\u00e9<\/strong><br \/>WIFI<br \/>Bluetooth<br \/><strong>Notebook sp\u00e9cifique<\/strong><br \/>Langue du clavier International (autocollants espagnols)<br \/><strong>Autres<\/strong><br \/>hR emballage<br \/><strong>Dimensions<\/strong><br \/>34.9&#215;13.7&#215;1.5 cm.<br \/><strong>Poids<\/strong><br \/>1.83 Kg.<br \/><strong>Sp\u00e9cifications suppl\u00e9mentaires<\/strong><br \/>Le MacBook Pro 13,3 pouces (mod\u00e8le A1989) (2018) est le choix id\u00e9al pour ceux qui recherchent un ordinateur portable Apple puissant et compact, offrant un \u00e9quilibre parfait entre performances et \u00e9l\u00e9gance.<br \/>\u00c9quip\u00e9 d&rsquo;un processeur Intel Core i5 8259U cadenc\u00e9 \u00e0 2,3 GHz, de 16 Go de RAM DDR3 et d&rsquo;un SSD M.2 de 500 Go, cet appareil est pr\u00eat \u00e0 affronter tous les projets : de la retouche de documents intensive aux logiciels cr\u00e9atifs, en passant par le multit\u00e2che intensif. La fluidit\u00e9 est constante, l&rsquo;exp\u00e9rience stable et rapide.<br \/>Son \u00e9cran Retina IPS de 13,3 pouces avec une r\u00e9solution 2K (2560 x 1600) offre un niveau de d\u00e9tail impressionnant, id\u00e9al pour les designers, les photographes ou les amateurs de contenu haute d\u00e9finition. De plus, la Touch Bar vous permet d&rsquo;acc\u00e9der rapidement aux outils et fonctionnalit\u00e9s qui s&rsquo;adaptent au contexte de chaque application.<br \/>Et avec macOS Sequoia, tout fonctionne avec la fluidit\u00e9 et l&rsquo;efficacit\u00e9 que seul Apple peut offrir. Compact, professionnel et pr\u00eat \u00e0 l&#8217;emploi au quotidien, le MacBook Pro A1989 (2018) fait partie de ces appareils qui continuent de faire parler de lui. Son design est impeccable. Consultez les sections \u00ab + Photos \u00bb et \u00ab Vid\u00e9o \u00bb. Pour toute question, n&rsquo;h\u00e9sitez pas \u00e0 nous appeler ou \u00e0 utiliser notre chat pour obtenir plus d&rsquo;informations ou pour demander plus de d\u00e9tails.<br \/><strong>Commentaires<\/strong><br \/><u>TouchBar &#8211; Mod\u00e8le A1989 (2018) &#8211; Couleur Space Grey<\/u><\/p>\n","protected":false},"excerpt":{"rendered":"<p>Intel Core i5 8259U 2.3 GHz. \u00b7 16 Gb. SO-DDR3 RAM \u00b7 500 Gb. SSD M2 \u00b7 macOS Sequoia \u00b7 Retina 13.3 \u00a0\u00bb 2K 16:9 \u00b7 R\u00e9solution 2560&#215;1600 \u00b7 Webcam \u00b7<br \/>\n<strong>TouchBar <\/strong>&#8211; <u>Mod\u00e8le A1989 (2018) &#8211; Couleur Space Grey<br \/>\n<\/u><\/p>\n","protected":false},"featured_media":137862,"template":"","meta":[],"product_brand":[3449],"product_cat":[2254,3121],"product_tag":[],"class_list":{"0":"post-137884","1":"product","2":"type-product","3":"status-publish","4":"has-post-thumbnail","6":"product_brand-apple","7":"product_cat-notebooks-fr","8":"product_cat-notebooks-notebooks-fr","10":"first","11":"outofstock","12":"taxable","13":"shipping-taxable","14":"purchasable","15":"product-type-simple"},"bundled_by":[],"bundle_stock_status":"outofstock","bundle_stock_quantity":0,"bundle_virtual":false,"bundle_layout":"","bundle_add_to_cart_form_location":"","bundle_editable_in_cart":false,"bundle_sold_individually_context":"","bundle_item_grouping":"","bundle_min_size":"","bundle_max_size":"","bundle_price":[],"bundled_items":[],"bundle_sell_ids":[],"exclude_global_add_ons":true,"addons":{"keyboard-iso-upgrades":{"name":"Choisir langue du clavier","type":"multiple_choice","position":0,"required":false,"title_format":"heading","default":"","description_enable":false,"description":"","placeholder_enable":false,"placeholder":"","display":"radiobutton","restrictions_type":"any_text","adjust_price":false,"price":"","price_type":"quantity_based","restrictions":false,"min":"0","max":"0","options":[{"label":"Autocollants espagnols [AMP00082]","price":"0.0000","price_type":"quantity_based","image":0,"visibility":true},{"label":"Autocollants fran\u00e7ais [AMP00084]","price":"0.0000","price_type":"quantity_based","image":0,"visibility":true},{"label":"Autocollants portugais [AMP00083]","price":"0.0000","price_type":"quantity_based","image":0,"visibility":true}]},"mouse-upgrades":{"name":"Extension souris","type":"multiple_choice","position":0,"required":false,"title_format":"heading","default":"","description_enable":false,"description":"","placeholder_enable":false,"placeholder":"","display":"radiobutton","restrictions_type":"any_text","adjust_price":false,"price":"","price_type":"quantity_based","restrictions":false,"min":"0","max":"0","options":[{"label":"Apple Magic Mouse 2 (A1657) [AMP00060]","price":"60.0000","price_type":"quantity_based","image":0,"visibility":true}]}},"df_price":498.52,"df_sale_price":"","df_regular_price":498.52,"df_image_link":"https:\/\/zoca.es\/wp-content\/uploads\/images\/product\/13390\/appl00602_01-300x225.jpg","_links":{"self":[{"href":"https:\/\/zoca.es\/fr\/wp-json\/wp\/v2\/product\/137884","targetHints":{"allow":["GET"]}}],"collection":[{"href":"https:\/\/zoca.es\/fr\/wp-json\/wp\/v2\/product"}],"about":[{"href":"https:\/\/zoca.es\/fr\/wp-json\/wp\/v2\/types\/product"}],"wp:featuredmedia":[{"embeddable":true,"href":"https:\/\/zoca.es\/fr\/wp-json\/wp\/v2\/media\/137862"}],"wp:attachment":[{"href":"https:\/\/zoca.es\/fr\/wp-json\/wp\/v2\/media?parent=137884"}],"wp:term":[{"taxonomy":"product_brand","embeddable":true,"href":"https:\/\/zoca.es\/fr\/wp-json\/wp\/v2\/product_brand?post=137884"},{"taxonomy":"product_cat","embeddable":true,"href":"https:\/\/zoca.es\/fr\/wp-json\/wp\/v2\/product_cat?post=137884"},{"taxonomy":"product_tag","embeddable":true,"href":"https:\/\/zoca.es\/fr\/wp-json\/wp\/v2\/product_tag?post=137884"}],"curies":[{"name":"wp","href":"https:\/\/api.w.org\/{rel}","templated":true}]}}