{"id":137081,"date":"2025-06-16T11:21:29","date_gmt":"2025-06-16T10:21:29","guid":{"rendered":"https:\/\/zoca.es\/producto\/hp-1024-crt-132-crt-43-reconditionne-1024x768-fr-13537\/"},"modified":"2026-02-25T09:58:43","modified_gmt":"2026-02-25T08:58:43","slug":"hp-1024-crt-132-crt-43-reconditionne-1024x768-fr-13537","status":"publish","type":"product","link":"https:\/\/zoca.es\/fr\/produit\/hp-1024-crt-132-crt-43-reconditionne-1024x768-fr-13537\/","title":{"rendered":"HP 1024 CRT 13.2\u00a0\u00bb CRT 4:3 | Reconditionn\u00e9 | 1024&#215;768"},"content":{"rendered":"<p><strong>\u00c9cran<\/strong><br \/>CRT 13.2 \u00a0\u00bb HD 4:3  \u00b7 R\u00e9solution 1024&#215;768<br \/><strong>Ports vid\u00e9o<\/strong><br \/>VGA<br \/><strong>Affichage sp\u00e9cifique<\/strong><br \/>Base<br \/><strong>Autres<\/strong><br \/>hR emballage<br \/><strong>Dimensions<\/strong><br \/>35&#215;36.5&#215;37 cm.<br \/><strong>Poids<\/strong><br \/>11.20 Kg.<br \/><strong>Sp\u00e9cifications suppl\u00e9mentaires<\/strong><br \/>Bel aspect ext\u00e9rieur. Voir \u00ab + Photos \u00bb et, pour toute question, n&rsquo;h\u00e9sitez pas \u00e0 nous appeler ou \u00e0 utiliser notre chat pour obtenir plus d&rsquo;informations ou pour demander plus de d\u00e9tails.<br \/><strong>Commentaires<\/strong><br \/><u>C\u00e2ble d&rsquo;alimentation et VGA inclus<\/u><\/p>\n","protected":false},"excerpt":{"rendered":"<p>CRT 13.2 \u00a0\u00bb HD 4:3  \u00b7 R\u00e9solution 1024&#215;768 \u00b7 VGA \u00b7 <u>C\u00e2ble d&rsquo;alimentation et VGA inclus<\/u><\/p>\n","protected":false},"featured_media":137068,"template":"","meta":[],"product_brand":[3453],"product_cat":[2237,2246],"product_tag":[],"class_list":{"0":"post-137081","1":"product","2":"type-product","3":"status-publish","4":"has-post-thumbnail","6":"product_brand-hp","7":"product_cat-moniteurs-fr","8":"product_cat-moniteurs-autres-fr","10":"first","11":"instock","12":"taxable","13":"shipping-taxable","14":"purchasable","15":"product-type-simple"},"bundled_by":[],"bundle_stock_status":"instock","bundle_stock_quantity":1,"bundle_virtual":false,"bundle_layout":"","bundle_add_to_cart_form_location":"","bundle_editable_in_cart":false,"bundle_sold_individually_context":"","bundle_item_grouping":"","bundle_min_size":"","bundle_max_size":"","bundle_price":[],"bundled_items":[],"bundle_sell_ids":[],"exclude_global_add_ons":[],"addons":[],"df_price":212.96,"df_sale_price":"","df_regular_price":212.96,"df_image_link":"https:\/\/zoca.es\/wp-content\/uploads\/images\/product\/13537\/hp02984_01-300x225.jpg","_links":{"self":[{"href":"https:\/\/zoca.es\/fr\/wp-json\/wp\/v2\/product\/137081","targetHints":{"allow":["GET"]}}],"collection":[{"href":"https:\/\/zoca.es\/fr\/wp-json\/wp\/v2\/product"}],"about":[{"href":"https:\/\/zoca.es\/fr\/wp-json\/wp\/v2\/types\/product"}],"wp:featuredmedia":[{"embeddable":true,"href":"https:\/\/zoca.es\/fr\/wp-json\/wp\/v2\/media\/137068"}],"wp:attachment":[{"href":"https:\/\/zoca.es\/fr\/wp-json\/wp\/v2\/media?parent=137081"}],"wp:term":[{"taxonomy":"product_brand","embeddable":true,"href":"https:\/\/zoca.es\/fr\/wp-json\/wp\/v2\/product_brand?post=137081"},{"taxonomy":"product_cat","embeddable":true,"href":"https:\/\/zoca.es\/fr\/wp-json\/wp\/v2\/product_cat?post=137081"},{"taxonomy":"product_tag","embeddable":true,"href":"https:\/\/zoca.es\/fr\/wp-json\/wp\/v2\/product_tag?post=137081"}],"curies":[{"name":"wp","href":"https:\/\/api.w.org\/{rel}","templated":true}]}}