{"id":136883,"date":"2025-06-12T09:38:34","date_gmt":"2025-06-12T08:38:39","guid":{"rendered":"https:\/\/zoca.es\/producto\/fujitsu-stylistic-r727-125-reconditionne-core-i5-25ghz-8-gb-ram-256-gb-ssd-m2-1920x1080-fr-13649\/"},"modified":"2025-06-12T09:38:39","modified_gmt":"2025-06-12T08:38:39","slug":"fujitsu-stylistic-r727-125-reconditionne-core-i5-25ghz-8-gb-ram-256-gb-ssd-m2-1920x1080-fr-13649","status":"publish","type":"product","link":"https:\/\/zoca.es\/fr\/produit\/fujitsu-stylistic-r727-125-reconditionne-core-i5-25ghz-8-gb-ram-256-gb-ssd-m2-1920x1080-fr-13649\/","title":{"rendered":"Fujitsu Stylistic R727 12.5\u00a0\u00bb | Reconditionn\u00e9 | Core i5 2.5GHz | 8 GB RAM | 256 GB SSD M2 1920&#215;1080"},"content":{"rendered":"<p><strong>Processeur<\/strong><br \/>Intel Core i5 7200U 2.5 GHz.<br \/><strong>M\u00e9moire RAM<\/strong><br \/>8 Gb. SO-DDR3 RAM<br \/><strong>Disque dur<\/strong><br \/>256 Gb. SSD M2<br \/><strong>Cartes<\/strong><br \/>Graphique: Intel HD Graphics 620<br \/>Son: Realtek High Definition Audio<br \/><strong>Syst\u00e8me op\u00e9ratif<\/strong><br \/>Windows 10 Pro<br \/><strong>Ports<\/strong><br \/>USB 3.1<br \/><strong>\u00c9cran<\/strong><br \/>Tactile 12.5 \u00a0\u00bb FullHD 16:9  \u00b7 R\u00e9solution 1920&#215;1080<br \/><strong>Ports vid\u00e9o<\/strong><br \/>Mini Display Port<br \/><strong>Multim\u00e9dias<\/strong><br \/>Cam\u00e9ra arri\u00e8re<br \/>Cam\u00e9ra frontale<br \/><strong>Connectivit\u00e9<\/strong><br \/>WIFI<br \/><strong>Autres<\/strong><br \/>hR emballage<br \/><strong>Dimensions<\/strong><br \/>1.5x32x20.7 cm.<br \/><strong>Poids<\/strong><br \/>1.17 Kg.<br \/><strong>Sp\u00e9cifications suppl\u00e9mentaires<\/strong><br \/>La Fujitsu Stylistic R727 allie la polyvalence d&rsquo;une tablette \u00e0 la productivit\u00e9 d&rsquo;un ordinateur portable gr\u00e2ce \u00e0 son clavier int\u00e9gr\u00e9 et \u00e0 sa conception robuste et professionnelle. \u00c9quip\u00e9e d&rsquo;un processeur Intel Core i5-7200U cadenc\u00e9 \u00e0 2,5 GHz, de 8 Go de RAM SO-DDR3 et d&rsquo;un SSD M.2 rapide de 256 Go, elle garantit des performances optimales pour les t\u00e2ches bureautiques, le t\u00e9l\u00e9travail et les environnements professionnels exigeants.<br \/>Son \u00e9cran tactile Full HD (1920 x 1080) de 12,5 pouces au format 16:9 offre une excellente qualit\u00e9 visuelle. Avec Windows 10 Professionnel et TPM 2.0, elle offre s\u00e9curit\u00e9 et compatibilit\u00e9 avec les environnements professionnels.<br \/>Id\u00e9ale pour les utilisateurs \u00e0 la recherche d&rsquo;une tablette puissante avec un clavier fiable et pr\u00eate \u00e0 travailler o\u00f9 qu&rsquo;ils soient.<br \/>Bel aspect ext\u00e9rieur. Le bo\u00eetier peut pr\u00e9senter de l\u00e9g\u00e8res traces d&rsquo;utilisation. Pour toute question, n&rsquo;h\u00e9sitez pas \u00e0 nous appeler ou \u00e0 utiliser notre chat pour obtenir plus d&rsquo;informations.<\/p>\n","protected":false},"excerpt":{"rendered":"<p>Intel Core i5 7200U 2.5 GHz. [TPM 2.0] \u00b7 8 Gb. SO-DDR3 RAM \u00b7 256 Gb. SSD M2 \u00b7 Windows 10 Pro \u00b7 Tactile 12.5 \u00a0\u00bb FullHD 16:9 \u00b7<u>Clavier international avec autocollants en fran\u00e7ais<\/u><\/p>\n","protected":false},"featured_media":136870,"template":"","meta":[],"product_brand":[3458],"product_cat":[3112,2302],"product_tag":[],"class_list":{"0":"post-136883","1":"product","2":"type-product","3":"status-publish","4":"has-post-thumbnail","6":"product_brand-fujitsu","7":"product_cat-tablettes-tablettes-fr","8":"product_cat-tablettes-fr","10":"first","11":"outofstock","12":"taxable","13":"shipping-taxable","14":"purchasable","15":"product-type-simple"},"bundled_by":[],"bundle_stock_status":"outofstock","bundle_stock_quantity":0,"bundle_virtual":false,"bundle_layout":"","bundle_add_to_cart_form_location":"","bundle_editable_in_cart":false,"bundle_sold_individually_context":"","bundle_item_grouping":"","bundle_min_size":"","bundle_max_size":"","bundle_price":[],"bundled_items":[],"bundle_sell_ids":[],"exclude_global_add_ons":true,"addons":{"keyboard-iso-upgrades":{"name":"Choisir langue du clavier","type":"multiple_choice","position":0,"required":false,"title_format":"heading","default":"","description_enable":false,"description":"","placeholder_enable":false,"placeholder":"","display":"radiobutton","restrictions_type":"any_text","adjust_price":false,"price":"","price_type":"quantity_based","restrictions":false,"min":"0","max":"0","options":[{"label":"Autocollants espagnols [AMP00082]","price":"0.0000","price_type":"quantity_based","image":0,"visibility":true},{"label":"Autocollants fran\u00e7ais [AMP00084]","price":"0.0000","price_type":"quantity_based","image":0,"visibility":true},{"label":"Autocollants portugais [AMP00083]","price":"0.0000","price_type":"quantity_based","image":0,"visibility":true}]},"os-upgrades":{"name":"Expansion SO","type":"multiple_choice","position":0,"required":false,"title_format":"heading","default":"","description_enable":false,"description":"","placeholder_enable":false,"placeholder":"","display":"radiobutton","restrictions_type":"any_text","adjust_price":false,"price":"","price_type":"quantity_based","restrictions":false,"min":"0","max":"0","options":[{"label":"Changer la langue en fran\u00e7ais [AMP00125]","price":"0.0000","price_type":"quantity_based","image":0,"visibility":true},{"label":"Changer la langue en anglais [AMP00008]","price":"0.0000","price_type":"quantity_based","image":0,"visibility":true},{"label":"Changer la langue en portugais [AMP00009]","price":"0.0000","price_type":"quantity_based","image":0,"visibility":true}]}},"df_price":248.05,"df_sale_price":"","df_regular_price":248.05,"df_image_link":"https:\/\/zoca.es\/wp-content\/uploads\/images\/product\/13649\/fuji00264_01-300x225.jpg","_links":{"self":[{"href":"https:\/\/zoca.es\/fr\/wp-json\/wp\/v2\/product\/136883","targetHints":{"allow":["GET"]}}],"collection":[{"href":"https:\/\/zoca.es\/fr\/wp-json\/wp\/v2\/product"}],"about":[{"href":"https:\/\/zoca.es\/fr\/wp-json\/wp\/v2\/types\/product"}],"wp:featuredmedia":[{"embeddable":true,"href":"https:\/\/zoca.es\/fr\/wp-json\/wp\/v2\/media\/136870"}],"wp:attachment":[{"href":"https:\/\/zoca.es\/fr\/wp-json\/wp\/v2\/media?parent=136883"}],"wp:term":[{"taxonomy":"product_brand","embeddable":true,"href":"https:\/\/zoca.es\/fr\/wp-json\/wp\/v2\/product_brand?post=136883"},{"taxonomy":"product_cat","embeddable":true,"href":"https:\/\/zoca.es\/fr\/wp-json\/wp\/v2\/product_cat?post=136883"},{"taxonomy":"product_tag","embeddable":true,"href":"https:\/\/zoca.es\/fr\/wp-json\/wp\/v2\/product_tag?post=136883"}],"curies":[{"name":"wp","href":"https:\/\/api.w.org\/{rel}","templated":true}]}}