{"id":136424,"date":"2025-06-06T13:03:46","date_gmt":"2025-06-06T12:03:46","guid":{"rendered":"https:\/\/zoca.es\/producto\/hp-elitedisplay-e232-23-led-169-faute-1920x1080-fr-13755\/"},"modified":"2026-04-15T14:07:14","modified_gmt":"2026-04-15T13:07:14","slug":"hp-elitedisplay-e232-23-led-169-faute-1920x1080-fr-13755","status":"publish","type":"product","link":"https:\/\/zoca.es\/fr\/produit\/hp-elitedisplay-e232-23-led-169-faute-1920x1080-fr-13755\/","title":{"rendered":"HP EliteDisplay E232 23\u00a0\u00bb Led 16:9 | Faute | 1920&#215;1080"},"content":{"rendered":"<p><strong>\u00c9cran<\/strong><br \/>Led 23 \u00a0\u00bb FullHD 16:9  \u00b7 R\u00e9solution 1920&#215;1080<br \/>Dot pitch 0.265 mm<br \/>R\u00e9ponse 7 ms<br \/>Contraste 1000:1<br \/>Luminosit\u00e9 250 cd\/m2<br \/>Angle vision 178\u00b0v\/178\u00b0h<br \/><strong>Ports vid\u00e9o<\/strong><br \/>VGA<br \/>HDMI<br \/>Display Port<br \/><strong>Affichage sp\u00e9cifique<\/strong><br \/>Stand VESA<br \/>Base<br \/>R\u00e9glable en hauteur<br \/><strong>Autres<\/strong><br \/>hR emballage<br \/><strong>Dimensions<\/strong><br \/>55&#215;36.5&#215;19 cm.<br \/><strong>Poids<\/strong><br \/>5.40 Kg.<br \/><strong>Commentaires<\/strong><br \/><u>Petite tache sur l&rsquo;\u00e9cran. \u00c0 peine visible lorsque l&rsquo;\u00e9cran est allum\u00e9. Les autres fonctions du moniteur sont correctes. Consultez la section \u00ab\u00a0+ Photos\u00a0\u00bb et, pour toute question, appelez-nous ou utilisez notre chat pour plus d&rsquo;informations ou pour demander plus de d\u00e9tails.<\/u><\/p>\n","protected":false},"excerpt":{"rendered":"<p>Led 23 \u00a0\u00bb FullHD 16:9 \u00b7 R\u00e9solution 1920&#215;1080 \u00b7<u>Petite marque sur l&rsquo;\u00e9cran (Voir dans \u00ab\u00a0+ Photos\u00a0\u00bb)<\/u><\/p>\n","protected":false},"featured_media":136387,"template":"","meta":[],"product_brand":[3453],"product_cat":[2237,167,2249,2481],"product_tag":[],"class_list":{"0":"post-136424","1":"product","2":"type-product","3":"status-publish","4":"has-post-thumbnail","6":"product_brand-hp","7":"product_cat-moniteurs-fr","8":"product_cat-avec-des-defauts-fr","9":"product_cat-moniteurs-avec-des-defauts-fr","10":"product_cat-avec-des-defauts-moniteurs-fr","12":"first","13":"instock","14":"taxable","15":"shipping-taxable","16":"purchasable","17":"product-type-simple"},"bundled_by":[],"bundle_stock_status":"instock","bundle_stock_quantity":3,"bundle_virtual":false,"bundle_layout":"","bundle_add_to_cart_form_location":"","bundle_editable_in_cart":false,"bundle_sold_individually_context":"","bundle_item_grouping":"","bundle_min_size":"","bundle_max_size":"","bundle_price":[],"bundled_items":[],"bundle_sell_ids":[],"exclude_global_add_ons":true,"addons":{"hdmi-upgrades":{"name":"Extension c\u00e2ble","type":"multiple_choice","position":0,"required":false,"title_format":"heading","default":"","description_enable":false,"description":"","placeholder_enable":false,"placeholder":"","display":"radiobutton","restrictions_type":"any_text","adjust_price":false,"price":"","price_type":"quantity_based","restrictions":false,"min":"0","max":"0","options":[{"label":"C\u00e2ble HDMI 2 mts. [AMP00104]","price":"6.0000","price_type":"quantity_based","image":0,"visibility":true},{"label":"C\u00e2ble DisplayPort vers DisplayPort 1,8 mts. [AMP00103]","price":"8.0000","price_type":"quantity_based","image":0,"visibility":true}]}},"df_price":48.4,"df_sale_price":"","df_regular_price":48.4,"df_image_link":"https:\/\/zoca.es\/wp-content\/uploads\/images\/product\/13755\/hp00892tr03_01-300x225.jpg","_links":{"self":[{"href":"https:\/\/zoca.es\/fr\/wp-json\/wp\/v2\/product\/136424","targetHints":{"allow":["GET"]}}],"collection":[{"href":"https:\/\/zoca.es\/fr\/wp-json\/wp\/v2\/product"}],"about":[{"href":"https:\/\/zoca.es\/fr\/wp-json\/wp\/v2\/types\/product"}],"wp:featuredmedia":[{"embeddable":true,"href":"https:\/\/zoca.es\/fr\/wp-json\/wp\/v2\/media\/136387"}],"wp:attachment":[{"href":"https:\/\/zoca.es\/fr\/wp-json\/wp\/v2\/media?parent=136424"}],"wp:term":[{"taxonomy":"product_brand","embeddable":true,"href":"https:\/\/zoca.es\/fr\/wp-json\/wp\/v2\/product_brand?post=136424"},{"taxonomy":"product_cat","embeddable":true,"href":"https:\/\/zoca.es\/fr\/wp-json\/wp\/v2\/product_cat?post=136424"},{"taxonomy":"product_tag","embeddable":true,"href":"https:\/\/zoca.es\/fr\/wp-json\/wp\/v2\/product_tag?post=136424"}],"curies":[{"name":"wp","href":"https:\/\/api.w.org\/{rel}","templated":true}]}}