{"id":135659,"date":"2025-06-04T14:34:44","date_gmt":"2025-06-04T13:34:44","guid":{"rendered":"https:\/\/zoca.es\/producto\/dell-latitude-7320-13-reconditionne-core-i7-13ghz-16-gb-ram-512-gb-ssd-m2-1920x1280-fr-13646\/"},"modified":"2026-04-09T12:00:50","modified_gmt":"2026-04-09T11:00:50","slug":"dell-latitude-7320-13-reconditionne-core-i7-13ghz-16-gb-ram-512-gb-ssd-m2-1920x1280-fr-13646","status":"publish","type":"product","link":"https:\/\/zoca.es\/fr\/produit\/dell-latitude-7320-13-reconditionne-core-i7-13ghz-16-gb-ram-512-gb-ssd-m2-1920x1280-fr-13646\/","title":{"rendered":"Dell Latitude 7320 13\u00a0\u00bb | Reconditionn\u00e9 | Core i7 1.3GHz | 16 GB RAM | 512 GB SSD M2 1920&#215;1280"},"content":{"rendered":"<p><strong>Processeur<\/strong><br \/>Intel Core i7 1180G7 1.3 GHz.<br \/><strong>M\u00e9moire RAM<\/strong><br \/>16 Gb. SO-DDR4 RAM<br \/><strong>Disque dur<\/strong><br \/>512 Gb. SSD M2<br \/><strong>Cartes<\/strong><br \/>Graphique: Intel Iris Xe Graphics<br \/>Son: Realtek SoundWire HW<br \/><strong>Syst\u00e8me op\u00e9ratif<\/strong><br \/>Windows 11 Pro<br \/><strong>Ports<\/strong><br \/>2x USB-C<br \/><strong>\u00c9cran<\/strong><br \/>Tactile 13 \u00a0\u00bb FullHD 16:10  \u00b7 R\u00e9solution 1920&#215;1280<br \/><strong>Multim\u00e9dias<\/strong><br \/>Cam\u00e9ra arri\u00e8re<br \/>Cam\u00e9ra frontale<br \/><strong>Connectivit\u00e9<\/strong><br \/>WIFI<br \/>Bluetooth<br \/>4G<br \/><strong>Autres<\/strong><br \/>hR emballage<br \/><strong>Dimensions<\/strong><br \/>28x20x1 cm.<br \/><strong>Poids<\/strong><br \/>0.78 Kg.<br \/><strong>Sp\u00e9cifications suppl\u00e9mentaires<\/strong><br \/>Le Dell Latitude 7320 allie la puissance d&rsquo;un ordinateur portable \u00e0 la polyvalence d&rsquo;une tablette professionnelle, offrant ainsi la solution id\u00e9ale pour les environnements de travail mobiles exigeants. Il est \u00e9quip\u00e9 d&rsquo;un puissant processeur Intel Core i7-1180G7 cadenc\u00e9 \u00e0 1,3 GHz, de 16 Go de RAM SO-DDR4 et d&rsquo;un SSD M.2 rapide de 512 Go, garantissant des performances fluides m\u00eame lors de t\u00e2ches intensives.<br \/>\u00c9quip\u00e9 d&rsquo;un \u00e9cran tactile Full HD 13 pouces (1920 x 1280) au format 16:10, il offre une exp\u00e9rience visuelle confortable et productive. Avec Windows 11 Professionnel et TPM 2.0, il est pr\u00eat \u00e0 r\u00e9pondre aux exigences les plus strictes en mati\u00e8re de s\u00e9curit\u00e9 et de gestion des entreprises.<br \/>Con\u00e7u pour les professionnels nomades, le Latitude 7320 se distingue par son design \u00e9l\u00e9gant, sa l\u00e9g\u00e8ret\u00e9 et ses performances de haut niveau dans un format 2-en-1 qui s&rsquo;adapte \u00e0 tous les environnements.<br \/>Design \u00e9l\u00e9gant. Pour toute question, n&rsquo;h\u00e9sitez pas \u00e0 nous appeler ou \u00e0 utiliser notre chat pour obtenir plus d&rsquo;informations ou pour demander plus de d\u00e9tails.<\/p>\n","protected":false},"excerpt":{"rendered":"<p>Intel Core i7 1180G7 1.3 GHz. \u00b7 16 Gb. SO-DDR4 RAM \u00b7 512 Gb. SSD M2 \u00b7 <strong>Windows 11 Pro<\/strong> \u00b7 Tactile 13 \u00a0\u00bb FullHD 16:10 \u00b7 <strong>Clavier international avec autocollants en fran\u00e7ais<\/strong>.<\/p>\n","protected":false},"featured_media":135649,"template":"","meta":[],"product_brand":[3445],"product_cat":[3112,2302],"product_tag":[],"class_list":{"0":"post-135659","1":"product","2":"type-product","3":"status-publish","4":"has-post-thumbnail","6":"product_brand-dell","7":"product_cat-tablettes-tablettes-fr","8":"product_cat-tablettes-fr","10":"first","11":"instock","12":"taxable","13":"shipping-taxable","14":"purchasable","15":"product-type-simple"},"bundled_by":[],"bundle_stock_status":"instock","bundle_stock_quantity":2,"bundle_virtual":false,"bundle_layout":"","bundle_add_to_cart_form_location":"","bundle_editable_in_cart":false,"bundle_sold_individually_context":"","bundle_item_grouping":"","bundle_min_size":"","bundle_max_size":"","bundle_price":[],"bundled_items":[],"bundle_sell_ids":[],"exclude_global_add_ons":true,"addons":[{"name":"Choisir langue du clavier","type":"multiple_choice","position":0,"required":false,"title_format":"heading","default":"","description_enable":false,"description":"","placeholder_enable":false,"placeholder":"","display":"radiobutton","restrictions_type":"any_text","adjust_price":false,"price":"","price_type":"quantity_based","restrictions":false,"min":"0","max":"0","options":[{"label":"Autocollants espagnols [AMP00082]","price":"0.0000","price_type":"quantity_based","image":0,"visibility":true},{"label":"Autocollants fran\u00e7ais [AMP00084]","price":"0.0000","price_type":"quantity_based","image":0,"visibility":true},{"label":"Autocollants portugais [AMP00083]","price":"0.0000","price_type":"quantity_based","image":0,"visibility":true}],"id":1775729313},{"name":"Expansion SO","type":"multiple_choice","position":1,"required":false,"title_format":"heading","default":"","description_enable":false,"description":"","placeholder_enable":false,"placeholder":"","display":"radiobutton","restrictions_type":"any_text","adjust_price":false,"price":"","price_type":"quantity_based","restrictions":false,"min":"0","max":"0","options":[{"label":"Changer la langue en fran\u00e7ais [AMP00125]","price":"0.0000","price_type":"quantity_based","image":0,"visibility":true},{"label":"Changer la langue en anglais [AMP00008]","price":"0.0000","price_type":"quantity_based","image":0,"visibility":true},{"label":"Changer la langue en portugais [AMP00009]","price":"0.0000","price_type":"quantity_based","image":0,"visibility":true}],"id":1775729314}],"df_price":506.99,"df_sale_price":"","df_regular_price":506.99,"df_image_link":"https:\/\/zoca.es\/wp-content\/uploads\/images\/product\/13646\/dell01450_01-300x225.jpg","_links":{"self":[{"href":"https:\/\/zoca.es\/fr\/wp-json\/wp\/v2\/product\/135659","targetHints":{"allow":["GET"]}}],"collection":[{"href":"https:\/\/zoca.es\/fr\/wp-json\/wp\/v2\/product"}],"about":[{"href":"https:\/\/zoca.es\/fr\/wp-json\/wp\/v2\/types\/product"}],"wp:featuredmedia":[{"embeddable":true,"href":"https:\/\/zoca.es\/fr\/wp-json\/wp\/v2\/media\/135649"}],"wp:attachment":[{"href":"https:\/\/zoca.es\/fr\/wp-json\/wp\/v2\/media?parent=135659"}],"wp:term":[{"taxonomy":"product_brand","embeddable":true,"href":"https:\/\/zoca.es\/fr\/wp-json\/wp\/v2\/product_brand?post=135659"},{"taxonomy":"product_cat","embeddable":true,"href":"https:\/\/zoca.es\/fr\/wp-json\/wp\/v2\/product_cat?post=135659"},{"taxonomy":"product_tag","embeddable":true,"href":"https:\/\/zoca.es\/fr\/wp-json\/wp\/v2\/product_tag?post=135659"}],"curies":[{"name":"wp","href":"https:\/\/api.w.org\/{rel}","templated":true}]}}