{"id":133958,"date":"2025-05-20T15:37:03","date_gmt":"2025-05-20T14:37:03","guid":{"rendered":"https:\/\/zoca.es\/producto\/dell-latitude-7212-rugged-extreme-116-reconditionne-core-i5-17ghz-8-gb-ram-256-gb-ssd-m2-1920x1080-fr-13589\/"},"modified":"2026-05-12T14:35:41","modified_gmt":"2026-05-12T13:35:41","slug":"dell-latitude-7212-rugged-extreme-116-reconditionne-core-i5-17ghz-8-gb-ram-256-gb-ssd-m2-1920x1080-fr-13589","status":"publish","type":"product","link":"https:\/\/zoca.es\/fr\/produit\/dell-latitude-7212-rugged-extreme-116-reconditionne-core-i5-17ghz-8-gb-ram-256-gb-ssd-m2-1920x1080-fr-13589\/","title":{"rendered":"Dell Latitude 7212 Rugged Extreme 11.6\u00a0\u00bb | Reconditionn\u00e9 | Core i5 1.7GHz | 8 GB RAM | 256 GB SSD M2 1920&#215;1080"},"content":{"rendered":"<p><strong>Processeur<\/strong><br \/>Intel Core i5 8350U 1.7 GHz.<br \/><strong>M\u00e9moire RAM<\/strong><br \/>8 Gb. SO-DDR3 RAM<br \/><strong>Disque dur<\/strong><br \/>256 Gb. SSD M2<br \/><strong>Cartes<\/strong><br \/>Graphique: Intel UHD Graphics 620<br \/>Son: Realtek Audio<br \/><strong>Syst\u00e8me op\u00e9ratif<\/strong><br \/>Windows 11 Pro<br \/><strong>Ports<\/strong><br \/>USB 3.0<br \/><strong>\u00c9cran<\/strong><br \/>Tactile 11.6 \u00a0\u00bb FullHD 16:9  \u00b7 R\u00e9solution 1920&#215;1080<br \/><strong>Ports vid\u00e9o<\/strong><br \/>Mini HDMI<br \/>Mini Display Port<br \/><strong>Multim\u00e9dias<\/strong><br \/>Webcam<br \/>Lecteur d&#8217;empreintes<br \/>Cam\u00e9ra arri\u00e8re<br \/>Cam\u00e9ra frontale<br \/><strong>Connectivit\u00e9<\/strong><br \/>WIFI<br \/>Bluetooth<br \/>4G<br \/><strong>Autres<\/strong><br \/>hR emballage<br \/><strong>Dimensions<\/strong><br \/>31x20x3 cm.<br \/><strong>Poids<\/strong><br \/>1.50 Kg.<br \/><strong>Sp\u00e9cifications suppl\u00e9mentaires<\/strong><br \/>La Dell Latitude 7212 Rugged Extreme est une tablette professionnelle enti\u00e8rement durcie, con\u00e7ue pour offrir une r\u00e9sistance et une fiabilit\u00e9 maximales dans des environnements extr\u00eames. Id\u00e9ale pour des secteurs tels que les services d&rsquo;urgence, l&rsquo;industrie, les forces de s\u00e9curit\u00e9 ou les travaux sur le terrain, elle dispose d\u2019un \u00e9cran tactile de 11,6\u201d FullHD lisible en plein soleil et utilisable avec des gants ou dans des conditions humides.<br \/>\u00c9quip\u00e9e de Windows 11 Pro, d\u2019un processeur Intel Core i5, de 8 Go de RAM et d\u2019un SSD M.2 de 256 Go, elle offre des performances fluides et s\u00e9curis\u00e9es, m\u00eame dans des conditions environnementales exigeantes. L\u2019appareil comprend un stylet num\u00e9rique pour une saisie de donn\u00e9es plus pr\u00e9cise sur le terrain.<br \/><b>Caract\u00e9ristiques de robustesse<\/b><br \/><u>Conception r\u00e9sistante aux chocs :<\/u> ch\u00e2ssis renforc\u00e9 et bords amortis prot\u00e9geant contre les chutes jusqu\u2019\u00e0 1,2 m\u00e8tre.<br \/><u>\u00c9cran lisible en ext\u00e9rieur :<\/u> technologie haute luminosit\u00e9, id\u00e9ale pour une utilisation sur le terrain et en plein soleil.<br \/><u>Compatible avec gants et stylet <\/u>: saisie tactile optimis\u00e9e pour les situations op\u00e9rationnelles r\u00e9elles.<br \/><u>\u00c9tanch\u00e9it\u00e9 \u00e0 la poussi\u00e8re et aux liquides : <\/u>conception scell\u00e9e et connecteurs prot\u00e9g\u00e9s pour les environnements difficiles.<br \/><u>Temp\u00e9rature de fonctionnement \u00e9tendue : <\/u>fonctionne dans des environnements aux temp\u00e9ratures extr\u00eames, chaudes comme froides.<br \/><b>Certifications de robustesse<\/b><br \/><u>MIL-STD-810G\/H <\/u>: Certification militaire am\u00e9ricaine garantissant une r\u00e9sistance aux chocs, aux vibrations, \u00e0 la poussi\u00e8re, \u00e0 l\u2019humidit\u00e9 et aux changements brusques de temp\u00e9rature.<br \/><u>IP65 :<\/u> Protection totale contre la poussi\u00e8re et r\u00e9sistance aux jets d\u2019eau sous pression venant de toutes directions.<br \/>Bon \u00e9tat ext\u00e9rieur. Si vous avez des questions, appelez-nous ou utilisez notre chat pour plus d\u2019informations ou pour demander des d\u00e9tails suppl\u00e9mentaires.<br \/><strong>Commentaires<\/strong><br \/><u>Comprend les crayons<\/u><\/p>\n","protected":false},"excerpt":{"rendered":"<p>Intel Core i5 8350U 1.7 GHz.\u00b7 8 Gb. SO-DDR3 RAM \u00b7 256 Gb. SSD M2 \u00b7 <strong>Windows 11 Pro<\/strong> \u00b7 Tactile 11.6 \u00a0\u00bb FullHD 16:9 \u00b7 R\u00e9solution 1920&#215;1080 \u00b7<br \/>\n<u>Comprend les crayons<br \/>\n<\/u><\/p>\n","protected":false},"featured_media":133951,"template":"","meta":[],"product_brand":[3445],"product_cat":[3130,2302,3068],"product_tag":[],"class_list":{"0":"post-133958","1":"product","2":"type-product","3":"status-publish","4":"has-post-thumbnail","6":"product_brand-dell","7":"product_cat-tablettes-ruggerized-fr","8":"product_cat-tablettes-fr","9":"product_cat-ruggerized-fr","11":"first","12":"instock","13":"taxable","14":"shipping-taxable","15":"purchasable","16":"product-type-simple"},"bundled_by":[],"bundle_stock_status":"instock","bundle_stock_quantity":3,"bundle_virtual":false,"bundle_layout":"","bundle_add_to_cart_form_location":"","bundle_editable_in_cart":false,"bundle_sold_individually_context":"","bundle_item_grouping":"","bundle_min_size":"","bundle_max_size":"","bundle_price":[],"bundled_items":[],"bundle_sell_ids":[],"exclude_global_add_ons":true,"addons":{"os-upgrades":{"name":"Expansion SO","type":"multiple_choice","position":0,"required":false,"title_format":"heading","default":"","description_enable":false,"description":"","placeholder_enable":false,"placeholder":"","display":"radiobutton","restrictions_type":"any_text","adjust_price":false,"price":"","price_type":"quantity_based","restrictions":false,"min":"0","max":"0","options":[{"label":"Changer la langue en fran\u00e7ais [AMP00125]","price":"0.0000","price_type":"quantity_based","image":0,"visibility":true},{"label":"Changer la langue en anglais [AMP00008]","price":"0.0000","price_type":"quantity_based","image":0,"visibility":true},{"label":"Changer la langue en portugais [AMP00009]","price":"0.0000","price_type":"quantity_based","image":0,"visibility":true}]}},"df_price":554.18,"df_sale_price":"","df_regular_price":554.18,"df_image_link":"https:\/\/zoca.es\/wp-content\/uploads\/images\/product\/13589\/dell01443_01-300x225.jpg","_links":{"self":[{"href":"https:\/\/zoca.es\/fr\/wp-json\/wp\/v2\/product\/133958","targetHints":{"allow":["GET"]}}],"collection":[{"href":"https:\/\/zoca.es\/fr\/wp-json\/wp\/v2\/product"}],"about":[{"href":"https:\/\/zoca.es\/fr\/wp-json\/wp\/v2\/types\/product"}],"wp:featuredmedia":[{"embeddable":true,"href":"https:\/\/zoca.es\/fr\/wp-json\/wp\/v2\/media\/133951"}],"wp:attachment":[{"href":"https:\/\/zoca.es\/fr\/wp-json\/wp\/v2\/media?parent=133958"}],"wp:term":[{"taxonomy":"product_brand","embeddable":true,"href":"https:\/\/zoca.es\/fr\/wp-json\/wp\/v2\/product_brand?post=133958"},{"taxonomy":"product_cat","embeddable":true,"href":"https:\/\/zoca.es\/fr\/wp-json\/wp\/v2\/product_cat?post=133958"},{"taxonomy":"product_tag","embeddable":true,"href":"https:\/\/zoca.es\/fr\/wp-json\/wp\/v2\/product_tag?post=133958"}],"curies":[{"name":"wp","href":"https:\/\/api.w.org\/{rel}","templated":true}]}}