{"id":132888,"date":"2025-05-14T09:00:46","date_gmt":"2025-05-14T08:00:46","guid":{"rendered":"https:\/\/zoca.es\/producto\/apple-macbook-pro-171-impecable-133-reconditionne-m1-32ghz-8-gb-ram-512-gb-ssd-m2-2560x1600-fr-13291\/"},"modified":"2026-03-11T08:49:10","modified_gmt":"2026-03-11T07:49:10","slug":"apple-macbook-pro-171-impecable-133-reconditionne-m1-32ghz-8-gb-ram-512-gb-ssd-m2-2560x1600-fr-13291","status":"publish","type":"product","link":"https:\/\/zoca.es\/fr\/produit\/apple-macbook-pro-171-impecable-133-reconditionne-m1-32ghz-8-gb-ram-512-gb-ssd-m2-2560x1600-fr-13291\/","title":{"rendered":"Apple MacBook Pro 17,1-Impecable 13.3\u00a0\u00bb | Reconditionn\u00e9 | M1 3.2GHz | 8 GB RAM | 512 GB SSD M2 2560&#215;1600"},"content":{"rendered":"<p><strong>Processeur<\/strong><br \/>Apple M1 3.2 GHz.<br \/><strong>M\u00e9moire RAM<\/strong><br \/>8 Gb. SO-DDR4 RAM<br \/><strong>Disque dur<\/strong><br \/>512 Gb. SSD M2<br \/><strong>Cartes<\/strong><br \/>Graphique: Apple G13G<br \/>Son: HD Audio Dolby Atmos<br \/><strong>Syst\u00e8me op\u00e9ratif<\/strong><br \/>macOS Tahoe<br \/><strong>Ports<\/strong><br \/>2x USB-C<br \/><strong>\u00c9cran<\/strong><br \/>Retina 13.3 \u00a0\u00bb 2K 16:9  \u00b7 R\u00e9solution 2560&#215;1600<br \/><strong>Multim\u00e9dias<\/strong><br \/>Webcam<br \/><strong>Connectivit\u00e9<\/strong><br \/>WIFI<br \/>Bluetooth<br \/><strong>Notebook sp\u00e9cifique<\/strong><br \/>Langue du clavier International (autocollants espagnols)<br \/><strong>Autres<\/strong><br \/>hR emballage<br \/><strong>Dimensions<\/strong><br \/>30.4&#215;21.2&#215;1.6 cm.<br \/><strong>Poids<\/strong><br \/>1.40 Kg.<br \/><strong>Sp\u00e9cifications suppl\u00e9mentaires<\/strong><br \/>Le MacBook Pro 13&Prime; A2338 (2020) avec puce Apple M1 est la preuve que puissance et efficacit\u00e9 peuvent aller de pair. Avec son processeur 8 c\u0153urs cadenc\u00e9 \u00e0 3,2 GHz, cet ordinateur portable surpasse de loin les g\u00e9n\u00e9rations pr\u00e9c\u00e9dentes, offrant des performances ultra rapides et une consommation d&rsquo;\u00e9nergie optimis\u00e9e. Que vous travailliez dans le montage vid\u00e9o, la conception graphique ou le d\u00e9veloppement de logiciels, son architecture bas\u00e9e sur Apple Silicon porte l&rsquo;exp\u00e9rience macOS \u00e0 un autre niveau. Ses 8 Go de RAM SO-DDR4 assurent la fluidit\u00e9 au quotidien, tandis que le Le SSD M.2 de 512 Go permet des vitesses de chargement et de transfert spectaculaires. Mais ce qui impressionne vraiment, c&rsquo;est son \u00e9cran Retina de 13,3&Prime; avec une r\u00e9solution 2K (2\u00a0560 x 1\u00a0600) : des couleurs \u00e9clatantes, des d\u00e9tails nets et une qualit\u00e9 d&rsquo;image qui transforme n&rsquo;importe quelle t\u00e2che en une exp\u00e9rience visuelle incroyable. La Touch Bar continue d&rsquo;\u00eatre un point diff\u00e9renciant, s&rsquo;adaptant intelligemment \u00e0 chaque application pour acc\u00e9l\u00e9rer le travail. Et avec macOS Sequoia, l&rsquo;int\u00e9gration avec l&rsquo;\u00e9cosyst\u00e8me Apple est transparente, garantissant stabilit\u00e9, s\u00e9curit\u00e9 et performances optimis\u00e9es. Le MacBook Pro A2338 est le choix id\u00e9al pour ceux qui recherchent la portabilit\u00e9 sans sacrifier la puissance. L\u00e9ger, \u00e9l\u00e9gant et dot\u00e9 d&rsquo;une autonomie surprenante, cet ordinateur portable est votre meilleur alli\u00e9 pour la productivit\u00e9 et la cr\u00e9ativit\u00e9, o\u00f9 que vous alliez. Aspect ext\u00e9rieur impeccable. Regardez dans \u00ab + Photos \u00bb et si vous avez des questions, appelez-nous ou utilisez notre chat pour plus d&rsquo;informations ou pour demander plus de d\u00e9tails.<br \/><strong>Commentaires<\/strong><br \/><u>Touchbar &#8211; Mod\u00e8le A2338 (2020) &#8211; Couleur gris de l&rsquo;espace<\/u><\/p>\n","protected":false},"excerpt":{"rendered":"<p><strong>Apple M1 3.2 GHz.<\/strong> \u00b7 8 Gb. SO-DDR4 RAM \u00b7 512 Gb. SSD M2 \u00b7 macOS Sequoia \u00b7 Retina 13.3 \u00a0\u00bb 2K 16:9 \u00b7 R\u00e9solution 2560&#215;1600 \u00b7 Webcam \u00b7<br \/>\n<strong>Touchbar<\/strong> &#8211; <u>Mod\u00e8le A2338 (2020) &#8211; Couleur gris de l&rsquo;espace<br \/>\n<\/u><\/p>\n","protected":false},"featured_media":132866,"template":"","meta":[],"product_brand":[3449],"product_cat":[2254,3121],"product_tag":[],"class_list":{"0":"post-132888","1":"product","2":"type-product","3":"status-publish","4":"has-post-thumbnail","6":"product_brand-apple","7":"product_cat-notebooks-fr","8":"product_cat-notebooks-notebooks-fr","10":"first","11":"instock","12":"taxable","13":"shipping-taxable","14":"purchasable","15":"product-type-simple"},"bundled_by":[],"bundle_stock_status":"instock","bundle_stock_quantity":5,"bundle_virtual":false,"bundle_layout":"","bundle_add_to_cart_form_location":"","bundle_editable_in_cart":false,"bundle_sold_individually_context":"","bundle_item_grouping":"","bundle_min_size":"","bundle_max_size":"","bundle_price":[],"bundled_items":[],"bundle_sell_ids":[],"exclude_global_add_ons":true,"addons":{"keyboard-iso-upgrades":{"name":"Choisir langue du clavier","type":"multiple_choice","position":0,"required":false,"title_format":"heading","default":"","description_enable":false,"description":"","placeholder_enable":false,"placeholder":"","display":"radiobutton","restrictions_type":"any_text","adjust_price":false,"price":"","price_type":"quantity_based","restrictions":false,"min":"0","max":"0","options":[{"label":"Autocollants espagnols [AMP00082]","price":"0.0000","price_type":"quantity_based","image":0,"visibility":true},{"label":"Autocollants fran\u00e7ais [AMP00084]","price":"0.0000","price_type":"quantity_based","image":0,"visibility":true},{"label":"Autocollants portugais [AMP00083]","price":"0.0000","price_type":"quantity_based","image":0,"visibility":true}]},"mouse-upgrades":{"name":"Extension souris","type":"multiple_choice","position":0,"required":false,"title_format":"heading","default":"","description_enable":false,"description":"","placeholder_enable":false,"placeholder":"","display":"radiobutton","restrictions_type":"any_text","adjust_price":false,"price":"","price_type":"quantity_based","restrictions":false,"min":"0","max":"0","options":[{"label":"Apple Magic Mouse 2 (A1657) [AMP00060]","price":"60.0000","price_type":"quantity_based","image":0,"visibility":true}]}},"df_price":816.75,"df_sale_price":"","df_regular_price":816.75,"df_image_link":"https:\/\/zoca.es\/wp-content\/uploads\/images\/product\/13291\/appl00570_01-300x225.jpg","_links":{"self":[{"href":"https:\/\/zoca.es\/fr\/wp-json\/wp\/v2\/product\/132888","targetHints":{"allow":["GET"]}}],"collection":[{"href":"https:\/\/zoca.es\/fr\/wp-json\/wp\/v2\/product"}],"about":[{"href":"https:\/\/zoca.es\/fr\/wp-json\/wp\/v2\/types\/product"}],"wp:featuredmedia":[{"embeddable":true,"href":"https:\/\/zoca.es\/fr\/wp-json\/wp\/v2\/media\/132866"}],"wp:attachment":[{"href":"https:\/\/zoca.es\/fr\/wp-json\/wp\/v2\/media?parent=132888"}],"wp:term":[{"taxonomy":"product_brand","embeddable":true,"href":"https:\/\/zoca.es\/fr\/wp-json\/wp\/v2\/product_brand?post=132888"},{"taxonomy":"product_cat","embeddable":true,"href":"https:\/\/zoca.es\/fr\/wp-json\/wp\/v2\/product_cat?post=132888"},{"taxonomy":"product_tag","embeddable":true,"href":"https:\/\/zoca.es\/fr\/wp-json\/wp\/v2\/product_tag?post=132888"}],"curies":[{"name":"wp","href":"https:\/\/api.w.org\/{rel}","templated":true}]}}