{"id":132761,"date":"2025-05-13T09:30:38","date_gmt":"2025-05-13T08:30:38","guid":{"rendered":"https:\/\/zoca.es\/producto\/hp-eliteone-800-g5-238-tactil-aio-reconditionne-core-i5-3ghz-16-gb-ram-256-gb-ssd-m2-fr-13628\/"},"modified":"2025-10-24T08:52:42","modified_gmt":"2025-10-24T07:52:42","slug":"hp-eliteone-800-g5-238-tactil-aio-reconditionne-core-i5-3ghz-16-gb-ram-256-gb-ssd-m2-fr-13628","status":"publish","type":"product","link":"https:\/\/zoca.es\/fr\/produit\/hp-eliteone-800-g5-238-tactil-aio-reconditionne-core-i5-3ghz-16-gb-ram-256-gb-ssd-m2-fr-13628\/","title":{"rendered":"HP EliteOne 800 G5 23.8&Prime; T\u00e1ctil AIO | Reconditionn\u00e9 | Core i5 3GHz | 16 GB RAM | 256 GB SSD M2"},"content":{"rendered":"<p><strong>Processeur<\/strong><br \/>Intel Core i5 9500 3 GHz. [TPM 2.0]<br \/><strong>Facteur de forme<\/strong><br \/>AIO<br \/><strong>M\u00e9moire RAM<\/strong><br \/>16 Gb. SO-DDR4 RAM<br \/><strong>Disque dur<\/strong><br \/>256 Gb. SSD M2<br \/><strong>Cartes<\/strong><br \/>Graphique: Intel UHD Graphics 630<br \/>Son: BANG &amp; OLUFSEN \/ Synaptics HD Audio<br \/>R\u00e9seau: Intel I219-LM<br \/><strong>Syst\u00e8me op\u00e9ratif<\/strong><br \/>Windows 11 Pro<br \/><strong>Ports<\/strong><br \/>USB-C<br \/>6x USB 3.1<br \/><strong>\u00c9cran<\/strong><br \/>Tactile 23.8 \u00a0\u00bb FullHD avec Haut-parleurs \u00b7  16:9  \u00b7 R\u00e9solution 1920&#215;1080<br \/><strong>Ports vid\u00e9o<\/strong><br \/>HDMI<br \/>Display Port<br \/><strong>Multim\u00e9dias<\/strong><br \/>Lecteur SD<br \/><strong>Affichage sp\u00e9cifique<\/strong><br \/>Stand VESA<br \/>Base<br \/><strong>Connectivit\u00e9<\/strong><br \/>RJ-45<br \/>WIFI<br \/>Bluetooth<br \/><strong>Autres<\/strong><br \/>hR emballage<br \/><strong>Dimensions<\/strong><br \/>40.5x54x20.5 cm.<br \/><strong>Poids<\/strong><br \/>9.55 Kg.<br \/><strong>Sp\u00e9cifications suppl\u00e9mentaires<\/strong><br \/><u>Base non r\u00e9glable en hauteur.<\/u> Le HP EliteOne 800 G5 est un tout-en-un \u00e9l\u00e9gant et puissant con\u00e7u pour l&rsquo;environnement professionnel moderne. Il int\u00e8gre un processeur Intel Core i5 9500 \u00e0 3 GHz, 16 Go de RAM SO-DDR4 et un SSD M.2 rapide de 256 Go, offrant des performances rapides et stables.<br \/>Son \u00e9cran tactile Full HD (1920 x 1080) de 23,8 pouces permet une interaction fluide et intuitive, id\u00e9ale pour les pr\u00e9sentations, le service client ou le travail collaboratif. Il int\u00e8gre des haut-parleurs.<br \/>Avec Windows 11 Pro et TPM 2.0, il assure s\u00e9curit\u00e9 et compatibilit\u00e9 dans les environnements professionnels. Son design compact et minimaliste en fait une solution id\u00e9ale pour les bureaux modernes.<br \/>Bon aspect ext\u00e9rieur. Si vous avez des questions, appelez-nous ou utilisez notre chat pour plus d&rsquo;informations ou pour demander plus de d\u00e9tails.<\/p>\n","protected":false},"excerpt":{"rendered":"<p>Intel Core i5 9500 3 GHz. \u00b7 16 Gb. SO-DDR4 RAM \u00b7 256 Gb. SSD M2 \u00b7 <strong>Windows 11 Pro<\/strong> \u00b7 Tactile 23.8 \u00a0\u00bb FullHD avec Haut-parleurs \u00b7 16:9 \u00b7 <strong>Wi-Fi <\/strong>\u00b7 <u>Clavier et souris inclus<\/u><\/p>\n","protected":false},"featured_media":132745,"template":"","meta":[],"product_brand":[3453],"product_cat":[2223,2225,2217,2219],"product_tag":[],"class_list":{"0":"post-132761","1":"product","2":"type-product","3":"status-publish","4":"has-post-thumbnail","6":"product_brand-hp","7":"product_cat-ordenadores-all-in-one-es","8":"product_cat-ordinateurs-all-in-one-fr","9":"product_cat-ordenadores-es","10":"product_cat-ordinateurs-fr","12":"first","13":"outofstock","14":"taxable","15":"shipping-taxable","16":"purchasable","17":"product-type-simple"},"bundled_by":[],"bundle_stock_status":"outofstock","bundle_stock_quantity":0,"bundle_virtual":false,"bundle_layout":"","bundle_add_to_cart_form_location":"","bundle_editable_in_cart":false,"bundle_sold_individually_context":"","bundle_item_grouping":"","bundle_min_size":"","bundle_max_size":"","bundle_price":[],"bundled_items":[],"bundle_sell_ids":[],"exclude_global_add_ons":true,"addons":{"webcam-upgrades":{"name":"Extension Webcam","type":"multiple_choice","position":0,"required":false,"title_format":"heading","default":"","description_enable":false,"description":"","placeholder_enable":false,"placeholder":"","display":"radiobutton","restrictions_type":"any_text","adjust_price":false,"price":"","price_type":"quantity_based","restrictions":false,"min":"0","max":"0","options":[{"label":"Conceptronic AMDIS FullHD [AMP00085]","price":"29.0000","price_type":"quantity_based","image":0,"visibility":true}]},"ram-memory-upgrades":{"name":"Extension RAM","type":"multiple_choice","position":0,"required":false,"title_format":"heading","default":"","description_enable":false,"description":"","placeholder_enable":false,"placeholder":"","display":"radiobutton","restrictions_type":"any_text","adjust_price":false,"price":"","price_type":"quantity_based","restrictions":false,"min":"0","max":"0","options":[{"label":"Extension de 32 Gb de RAM SODIMM [AMP00098]","price":"70.0000","price_type":"quantity_based","image":0,"visibility":true}]},"hdd-upgrades":{"name":"Extension disque dur","type":"multiple_choice","position":0,"required":false,"title_format":"heading","default":"","description_enable":false,"description":"","placeholder_enable":false,"placeholder":"","display":"radiobutton","restrictions_type":"any_text","adjust_price":false,"price":"","price_type":"quantity_based","restrictions":false,"min":"0","max":"0","options":[{"label":"Passez au disque SSD de 500 Gb. M.2 2280PCIe [AMP00106]","price":"50.0000","price_type":"quantity_based","image":0,"visibility":true},{"label":"Passez au disque SSD 1 Tb. M.2 2280 PCIe [AMP00107]","price":"95.0000","price_type":"quantity_based","image":0,"visibility":true}]},"network-card-upgrades":{"name":"Extension WIFI","type":"multiple_choice","position":0,"required":false,"title_format":"heading","default":"","description_enable":false,"description":"","placeholder_enable":false,"placeholder":"","display":"radiobutton","restrictions_type":"any_text","adjust_price":false,"price":"","price_type":"quantity_based","restrictions":false,"min":"0","max":"0","options":[{"label":"Mise \u00e0 niveau nano USB sans fil [AMP00018]","price":"12.0000","price_type":"quantity_based","image":0,"visibility":true}]},"os-upgrades":{"name":"Expansion SO","type":"multiple_choice","position":0,"required":false,"title_format":"heading","default":"","description_enable":false,"description":"","placeholder_enable":false,"placeholder":"","display":"radiobutton","restrictions_type":"any_text","adjust_price":false,"price":"","price_type":"quantity_based","restrictions":false,"min":"0","max":"0","options":[{"label":"Changer la langue en fran\u00e7ais [AMP00125]","price":"0.0000","price_type":"quantity_based","image":0,"visibility":true},{"label":"Changer la langue en anglais [AMP00008]","price":"0.0000","price_type":"quantity_based","image":0,"visibility":true},{"label":"Changer la langue en portugais [AMP00009]","price":"0.0000","price_type":"quantity_based","image":0,"visibility":true}]}},"df_price":590.48,"df_sale_price":"","df_regular_price":590.48,"df_image_link":"https:\/\/zoca.es\/wp-content\/uploads\/images\/product\/13628\/hp03012_01-300x225.jpg","_links":{"self":[{"href":"https:\/\/zoca.es\/fr\/wp-json\/wp\/v2\/product\/132761","targetHints":{"allow":["GET"]}}],"collection":[{"href":"https:\/\/zoca.es\/fr\/wp-json\/wp\/v2\/product"}],"about":[{"href":"https:\/\/zoca.es\/fr\/wp-json\/wp\/v2\/types\/product"}],"wp:featuredmedia":[{"embeddable":true,"href":"https:\/\/zoca.es\/fr\/wp-json\/wp\/v2\/media\/132745"}],"wp:attachment":[{"href":"https:\/\/zoca.es\/fr\/wp-json\/wp\/v2\/media?parent=132761"}],"wp:term":[{"taxonomy":"product_brand","embeddable":true,"href":"https:\/\/zoca.es\/fr\/wp-json\/wp\/v2\/product_brand?post=132761"},{"taxonomy":"product_cat","embeddable":true,"href":"https:\/\/zoca.es\/fr\/wp-json\/wp\/v2\/product_cat?post=132761"},{"taxonomy":"product_tag","embeddable":true,"href":"https:\/\/zoca.es\/fr\/wp-json\/wp\/v2\/product_tag?post=132761"}],"curies":[{"name":"wp","href":"https:\/\/api.w.org\/{rel}","templated":true}]}}