{"id":132597,"date":"2025-05-12T16:00:32","date_gmt":"2025-05-12T15:00:32","guid":{"rendered":"https:\/\/zoca.es\/producto\/hp-elite-x2-g4-13-reconditionne-core-i5-16ghz-16-gb-ram-256-gb-ssd-m2-1920x1280-fr-13606\/"},"modified":"2026-02-11T16:19:30","modified_gmt":"2026-02-11T15:19:30","slug":"hp-elite-x2-g4-13-reconditionne-core-i5-16ghz-16-gb-ram-256-gb-ssd-m2-1920x1280-fr-13606","status":"publish","type":"product","link":"https:\/\/zoca.es\/fr\/produit\/hp-elite-x2-g4-13-reconditionne-core-i5-16ghz-16-gb-ram-256-gb-ssd-m2-1920x1280-fr-13606\/","title":{"rendered":"HP Elite X2 G4 13\u00a0\u00bb | Reconditionn\u00e9 | Core i5 1.6GHz | 16 GB RAM | 256 GB SSD M2 1920&#215;1280"},"content":{"rendered":"<p><strong>Processeur<\/strong><br \/>Intel Core i5 8265U 1.6 GHz.<br \/><strong>M\u00e9moire RAM<\/strong><br \/>16 Gb. SO-DDR3 RAM<br \/><strong>Disque dur<\/strong><br \/>256 Gb. SSD M2<br \/><strong>Cartes<\/strong><br \/>Graphique: Intel Graphics 620<br \/>Son: Audio Bang &amp; Olufsen<br \/><strong>Syst\u00e8me op\u00e9ratif<\/strong><br \/>Windows 11 Pro<br \/><strong>Ports<\/strong><br \/>3x USB-C<br \/><strong>\u00c9cran<\/strong><br \/>Tactile 13 \u00a0\u00bb FullHD 16:10  \u00b7 R\u00e9solution 1920&#215;1280<br \/><strong>Multim\u00e9dias<\/strong><br \/>Webcam<br \/>Lecteur d&#8217;empreintes<br \/>Cam\u00e9ra arri\u00e8re<br \/>Cam\u00e9ra frontale<br \/><strong>Connectivit\u00e9<\/strong><br \/>WIFI<br \/>Bluetooth<br \/>4G<br \/><strong>Autres<\/strong><br \/>hR emballage<br \/><strong>Dimensions<\/strong><br \/>29&#215;22.5&#215;2 cm.<br \/><strong>Poids<\/strong><br \/>1.15 Kg.<br \/><strong>Sp\u00e9cifications suppl\u00e9mentaires<\/strong><br \/>Puissance, portabilit\u00e9 et productivit\u00e9 sont r\u00e9unies dans le HP Elite x2 G4, un convertible haut de gamme con\u00e7u pour les professionnels exigeants. Aliment\u00e9 par un processeur Intel Core i5-8265U \u00e0 1,6 GHz, 16 Go de RAM SO-DDR3 et un SSD M.2 rapide de 256 Go, cet appareil offre des performances r\u00e9actives pour le multit\u00e2che, les applications professionnelles et une navigation fluide. Son \u00e9cran tactile Full HD (1920&#215;1280, 16:10) de 13 pouces offre une exp\u00e9rience visuelle immersive avec plus d&rsquo;espace vertical, id\u00e9al pour la productivit\u00e9. De plus, il est livr\u00e9 avec Windows 11 Pro, optimis\u00e9 pour les environnements professionnels et s\u00e9curis\u00e9 d\u00e8s le d\u00e9part.<br \/>Bon aspect ext\u00e9rieur. Regardez sous \u00ab + Photos \u00bb et si vous avez des questions, appelez-nous ou utilisez notre chat pour plus d\u2019informations ou pour demander plus de d\u00e9tails.<\/p>\n","protected":false},"excerpt":{"rendered":"<p>Intel Core i5 8265U 1.6 GHz. \u00b7 16 Gb. SO-DDR3 RAM \u00b7 256 Gb. SSD M2 \u00b7 <strong>Windows 11 Pro<\/strong> \u00b7 <u>Tactile 13 \u00a0\u00bb FullHD 16:10 \u00b7sans clavier<\/u><\/p>\n","protected":false},"featured_media":132578,"template":"","meta":[],"product_brand":[3453],"product_cat":[3112,2302],"product_tag":[],"class_list":{"0":"post-132597","1":"product","2":"type-product","3":"status-publish","4":"has-post-thumbnail","6":"product_brand-hp","7":"product_cat-tablettes-tablettes-fr","8":"product_cat-tablettes-fr","10":"first","11":"outofstock","12":"taxable","13":"shipping-taxable","14":"purchasable","15":"product-type-simple"},"bundled_by":[],"bundle_stock_status":"outofstock","bundle_stock_quantity":0,"bundle_virtual":false,"bundle_layout":"","bundle_add_to_cart_form_location":"","bundle_editable_in_cart":false,"bundle_sold_individually_context":"","bundle_item_grouping":"","bundle_min_size":"","bundle_max_size":"","bundle_price":[],"bundled_items":[],"bundle_sell_ids":[],"exclude_global_add_ons":[],"addons":[],"df_price":319.44,"df_sale_price":"","df_regular_price":319.44,"df_image_link":"https:\/\/zoca.es\/wp-content\/uploads\/images\/product\/13606\/hp03005_01-300x225.jpg","_links":{"self":[{"href":"https:\/\/zoca.es\/fr\/wp-json\/wp\/v2\/product\/132597","targetHints":{"allow":["GET"]}}],"collection":[{"href":"https:\/\/zoca.es\/fr\/wp-json\/wp\/v2\/product"}],"about":[{"href":"https:\/\/zoca.es\/fr\/wp-json\/wp\/v2\/types\/product"}],"wp:featuredmedia":[{"embeddable":true,"href":"https:\/\/zoca.es\/fr\/wp-json\/wp\/v2\/media\/132578"}],"wp:attachment":[{"href":"https:\/\/zoca.es\/fr\/wp-json\/wp\/v2\/media?parent=132597"}],"wp:term":[{"taxonomy":"product_brand","embeddable":true,"href":"https:\/\/zoca.es\/fr\/wp-json\/wp\/v2\/product_brand?post=132597"},{"taxonomy":"product_cat","embeddable":true,"href":"https:\/\/zoca.es\/fr\/wp-json\/wp\/v2\/product_cat?post=132597"},{"taxonomy":"product_tag","embeddable":true,"href":"https:\/\/zoca.es\/fr\/wp-json\/wp\/v2\/product_tag?post=132597"}],"curies":[{"name":"wp","href":"https:\/\/api.w.org\/{rel}","templated":true}]}}