{"id":131910,"date":"2025-05-06T13:05:42","date_gmt":"2025-05-06T12:05:42","guid":{"rendered":"https:\/\/zoca.es\/producto\/hp-z24n-24-ips-1610-reconditionne-1920x1200-fr-13535\/"},"modified":"2026-03-30T14:57:31","modified_gmt":"2026-03-30T13:57:31","slug":"hp-z24n-24-ips-1610-reconditionne-1920x1200-fr-13535","status":"publish","type":"product","link":"https:\/\/zoca.es\/fr\/produit\/hp-z24n-24-ips-1610-reconditionne-1920x1200-fr-13535\/","title":{"rendered":"HP Z24n 24\u00a0\u00bb IPS 16:10 | Reconditionn\u00e9 | 1920&#215;1200"},"content":{"rendered":"<p><strong>\u00c9cran<\/strong><br \/>IPS 24 \u00a0\u00bb FullHD 16:10 \u00b7 R\u00e9solution 1920&#215;1200<br \/>Dot pitch 0.270 mm<br \/>R\u00e9ponse 7 ms<br \/>Contraste 1000:1<br \/>Luminosit\u00e9 300 cd\/m2<br \/>Angle vision 178\u00b0v\/178\u00b0h<br \/><strong>Ports vid\u00e9o<\/strong><br \/>HDMI<br \/>Display Port<br \/>Mini Display Port<br \/>DVI<br \/><strong>Affichage sp\u00e9cifique<\/strong><br \/>Stand VESA<br \/>Base<br \/>R\u00e9glable en hauteur<br \/><strong>Autres<\/strong><br \/>hR emballage<br \/><strong>Dimensions<\/strong><br \/>53.5&#215;39.5&#215;21 cm.<br \/><strong>Poids<\/strong><br \/>5.75 Kg.<br \/><strong>Sp\u00e9cifications suppl\u00e9mentaires<\/strong><br \/>Le HP Z24n est un moniteur professionnel de 24 pouces qui se distingue par son format d&rsquo;image 16:10 et sa r\u00e9solution am\u00e9lior\u00e9e de 1920&#215;1200, id\u00e9al pour ceux qui ont besoin d&rsquo;une zone de travail verticale plus grande sans sacrifier la nettet\u00e9. Gr\u00e2ce \u00e0 sa dalle IPS, il offre des couleurs pr\u00e9cises et homog\u00e8nes sous tous les angles (178\u00b0\/178\u00b0), avec une luminosit\u00e9 de 300 cd\/m\u00b2, un contraste de 1000:1 et un pas de point de 0,270 mm qui garantissent une visualisation claire et confortable m\u00eame lors de sessions prolong\u00e9es.Con\u00e7u pour les environnements exigeants, le HP Z24n dispose d&rsquo;une connectivit\u00e9 avanc\u00e9e, notamment HDMI, DisplayPort, Mini DisplayPort, DVI et quatre ports USB 3.0 pour une int\u00e9gration flexible avec plusieurs appareils et p\u00e9riph\u00e9riques. Son temps de r\u00e9ponse de 7 ms garantit des performances fluides pour les t\u00e2ches gourmandes en graphiques, l&rsquo;\u00e9dition ou le multit\u00e2che.Le HP Z24n est le choix id\u00e9al pour les professionnels \u00e0 la recherche de pr\u00e9cision, d&rsquo;ergonomie et d&rsquo;une connectivit\u00e9 compl\u00e8te dans un moniteur durable et fiable optimis\u00e9 pour les environnements de travail hautes performances.Bon aspect ext\u00e9rieur. Regardez sous \u00ab + Photos \u00bb et si vous avez des questions, appelez-nous ou utilisez notre chat pour plus d\u2019informations ou pour demander plus de d\u00e9tails.<br \/><strong>Commentaires<\/strong><br \/><u>4xUSB 3.0 &#8211; C\u00e2ble d&rsquo;alimentation et DisplayPort inclus<\/u><\/p>\n","protected":false},"excerpt":{"rendered":"<p>IPS 24 \u00a0\u00bb FullHD 16:10\u00b7 Dot pitch 0.270 mm \u00b7 R\u00e9ponse 7 ms \u00b7 Contraste 1000:1 \u00b7 Luminosit\u00e9 300 cd\/m2\u00b7 HDMI \u00b7 Display Port \u00b7 Mini Display Port \u00b7 DVI \u00b7<br \/>\n<u>4xUSB 3.0<\/u> &#8211; <u>C\u00e2ble d&rsquo;alimentation et DisplayPort inclus<br \/>\n<\/u><\/p>\n","protected":false},"featured_media":131879,"template":"","meta":[],"product_brand":[3453],"product_cat":[2237,3127],"product_tag":[],"class_list":{"0":"post-131910","1":"product","2":"type-product","3":"status-publish","4":"has-post-thumbnail","6":"product_brand-hp","7":"product_cat-moniteurs-fr","8":"product_cat-moniteurs-moniteurs-fr","10":"first","11":"instock","12":"taxable","13":"shipping-taxable","14":"purchasable","15":"product-type-simple"},"bundled_by":[],"bundle_stock_status":"instock","bundle_stock_quantity":2,"bundle_virtual":false,"bundle_layout":"","bundle_add_to_cart_form_location":"","bundle_editable_in_cart":false,"bundle_sold_individually_context":"","bundle_item_grouping":"","bundle_min_size":"","bundle_max_size":"","bundle_price":[],"bundled_items":[],"bundle_sell_ids":[],"exclude_global_add_ons":true,"addons":{"webcam-upgrades":{"name":"Extension Webcam","type":"multiple_choice","position":0,"required":false,"title_format":"heading","default":"","description_enable":false,"description":"","placeholder_enable":false,"placeholder":"","display":"radiobutton","restrictions_type":"any_text","adjust_price":false,"price":"","price_type":"quantity_based","restrictions":false,"min":"0","max":"0","options":[{"label":"Conceptronic AMDIS FullHD [AMP00085]","price":"29.0000","price_type":"quantity_based","image":0,"visibility":true}]},"hdmi-upgrades":{"name":"Extension c\u00e2ble","type":"multiple_choice","position":0,"required":false,"title_format":"heading","default":"","description_enable":false,"description":"","placeholder_enable":false,"placeholder":"","display":"radiobutton","restrictions_type":"any_text","adjust_price":false,"price":"","price_type":"quantity_based","restrictions":false,"min":"0","max":"0","options":[{"label":"C\u00e2ble HDMI 2 mts. [AMP00104]","price":"6.0000","price_type":"quantity_based","image":0,"visibility":true},{"label":"C\u00e2ble DVI-D M\/M Dual Link 1,8 mts. [AMP00102]","price":"2.0000","price_type":"quantity_based","image":0,"visibility":true}]}},"df_price":108.9,"df_sale_price":"","df_regular_price":108.9,"df_image_link":"https:\/\/zoca.es\/wp-content\/uploads\/images\/product\/13535\/hp02983_01-300x225.jpg","_links":{"self":[{"href":"https:\/\/zoca.es\/fr\/wp-json\/wp\/v2\/product\/131910","targetHints":{"allow":["GET"]}}],"collection":[{"href":"https:\/\/zoca.es\/fr\/wp-json\/wp\/v2\/product"}],"about":[{"href":"https:\/\/zoca.es\/fr\/wp-json\/wp\/v2\/types\/product"}],"wp:featuredmedia":[{"embeddable":true,"href":"https:\/\/zoca.es\/fr\/wp-json\/wp\/v2\/media\/131879"}],"wp:attachment":[{"href":"https:\/\/zoca.es\/fr\/wp-json\/wp\/v2\/media?parent=131910"}],"wp:term":[{"taxonomy":"product_brand","embeddable":true,"href":"https:\/\/zoca.es\/fr\/wp-json\/wp\/v2\/product_brand?post=131910"},{"taxonomy":"product_cat","embeddable":true,"href":"https:\/\/zoca.es\/fr\/wp-json\/wp\/v2\/product_cat?post=131910"},{"taxonomy":"product_tag","embeddable":true,"href":"https:\/\/zoca.es\/fr\/wp-json\/wp\/v2\/product_tag?post=131910"}],"curies":[{"name":"wp","href":"https:\/\/api.w.org\/{rel}","templated":true}]}}