{"id":130804,"date":"2025-04-22T10:31:02","date_gmt":"2025-04-22T09:31:02","guid":{"rendered":"https:\/\/zoca.es\/producto\/lenovo-thinkvisiont24v-10-238-ips-169-reconditionne-1920x1080-fr-13493\/"},"modified":"2026-02-25T09:42:24","modified_gmt":"2026-02-25T08:42:24","slug":"lenovo-thinkvisiont24v-10-238-ips-169-reconditionne-1920x1080-fr-13493","status":"publish","type":"product","link":"https:\/\/zoca.es\/fr\/produit\/lenovo-thinkvisiont24v-10-238-ips-169-reconditionne-1920x1080-fr-13493\/","title":{"rendered":"Lenovo ThinkvisionT24V-10 23.8\u00a0\u00bb IPS 16:9 | Reconditionn\u00e9 | 1920&#215;1080"},"content":{"rendered":"<p><strong>\u00c9cran<\/strong><br \/>IPS 23.8 \u00a0\u00bb FullHD avec Haut-parleurs \u00b7  16:9  \u00b7 R\u00e9solution 1920&#215;1080<br \/>Dot pitch 0.275 mm<br \/>R\u00e9ponse 6 ms<br \/>Contraste 1000:1<br \/>Luminosit\u00e9 250 cd\/m2<br \/>Angle vision 178\u00b0v\/178\u00b0h<br \/><strong>Ports vid\u00e9o<\/strong><br \/>VGA<br \/>HDMI<br \/>Display Port<br \/><strong>Affichage sp\u00e9cifique<\/strong><br \/>Stand VESA<br \/>Base<br \/>R\u00e9glable en hauteur<br \/><strong>Autres<\/strong><br \/>hR emballage<br \/><strong>Dimensions<\/strong><br \/>54x40x25 cm.<br \/><strong>Poids<\/strong><br \/>5.20 Kg.<br \/><strong>Sp\u00e9cifications suppl\u00e9mentaires<\/strong><br \/>Le Lenovo ThinkVision T24v-10 est un moniteur IPS de 23,8 pouces qui offre une solution tout-en-un pour les environnements professionnels, les bureaux modernes et les espaces de t\u00e9l\u00e9travail. Avec une r\u00e9solution Full HD de 1920&#215;1080 et une qualit\u00e9 d&rsquo;image nette, ce moniteur se distingue par sa dalle IPS qui garantit des couleurs homog\u00e8nes et des angles de vision larges de 178\u00b0, parfaits pour les longues journ\u00e9es devant l&rsquo;\u00e9cran.<br \/>Sa conception comprend des haut-parleurs int\u00e9gr\u00e9s et une webcam int\u00e9gr\u00e9e avec microphone, id\u00e9ale pour la vid\u00e9oconf\u00e9rence, les r\u00e9unions virtuelles ou la formation en ligne sans avoir besoin d&rsquo;accessoires externes. Avec une luminosit\u00e9 de 250 cd\/m\u00b2, un rapport de contraste de 1000:1 et un temps de r\u00e9ponse de 6 ms, il offre des performances \u00e9quilibr\u00e9es pour les t\u00e2ches visuelles et de communication.<br \/>En termes de connectivit\u00e9, le ThinkVision T24v-10 comprend des ports VGA, HDMI et DisplayPort, s&rsquo;adaptant facilement \u00e0 tous les types d&rsquo;\u00e9quipements, des PC de bureau aux ordinateurs portables modernes. Il est livr\u00e9 avec un c\u00e2ble d&rsquo;alimentation et VGA inclus pour un d\u00e9marrage imm\u00e9diat.<br \/>Ce moniteur Lenovo se positionne comme un choix intelligent pour ceux qui recherchent productivit\u00e9, confort et fonctionnalit\u00e9 dans un seul appareil, combinant des images de haute qualit\u00e9 avec les outils n\u00e9cessaires au travail connect\u00e9.<br \/>Bon aspect ext\u00e9rieur. Regardez sous \u00ab + Photos \u00bb et si vous avez des questions, appelez-nous ou utilisez notre chat pour plus d\u2019informations ou pour demander plus de d\u00e9tails.<br \/><strong>Commentaires<\/strong><br \/><u>Inclut la webcam &#8211; le c\u00e2ble actuel et VGA inclus &#8211; 2xUSB<\/u><\/p>\n","protected":false},"excerpt":{"rendered":"<p>IPS 23.8 \u00a0\u00bb FullHD avec Haut-parleurs \u00b7 16:9\u00b7 Dot pitch 0.275 mm \u00b7 R\u00e9ponse 6 ms \u00b7 Contraste 1000:1 \u00b7 Luminosit\u00e9 250 cd\/m2\u00b7 VGA \u00b7 HDMI \u00b7 Display Port \u00b7<br \/>\n<strong>Inclut la webcam<\/strong> &#8211; <u>le c\u00e2ble actuel et VGA inclus<\/u> &#8211; <u>2xUSB<br \/>\n<\/u><\/p>\n","protected":false},"featured_media":130788,"template":"","meta":[],"product_brand":[3452],"product_cat":[2237,3127],"product_tag":[],"class_list":{"0":"post-130804","1":"product","2":"type-product","3":"status-publish","4":"has-post-thumbnail","6":"product_brand-lenovo","7":"product_cat-moniteurs-fr","8":"product_cat-moniteurs-moniteurs-fr","10":"first","11":"instock","12":"taxable","13":"shipping-taxable","14":"purchasable","15":"product-type-simple"},"bundled_by":[],"bundle_stock_status":"instock","bundle_stock_quantity":60,"bundle_virtual":false,"bundle_layout":"","bundle_add_to_cart_form_location":"","bundle_editable_in_cart":false,"bundle_sold_individually_context":"","bundle_item_grouping":"","bundle_min_size":"","bundle_max_size":"","bundle_price":[],"bundled_items":[],"bundle_sell_ids":[],"exclude_global_add_ons":true,"addons":{"hdmi-upgrades":{"name":"Extension c\u00e2ble","type":"multiple_choice","position":0,"required":false,"title_format":"heading","default":"","description_enable":false,"description":"","placeholder_enable":false,"placeholder":"","display":"radiobutton","restrictions_type":"any_text","adjust_price":false,"price":"","price_type":"quantity_based","restrictions":false,"min":"0","max":"0","options":[{"label":"C\u00e2ble HDMI 2 mts. [AMP00104]","price":"6.0000","price_type":"quantity_based","image":0,"visibility":true},{"label":"C\u00e2ble DisplayPort vers DisplayPort 1,8 mts. [AMP00103]","price":"8.0000","price_type":"quantity_based","image":0,"visibility":true}]}},"df_price":142.78,"df_sale_price":"","df_regular_price":142.78,"df_image_link":"https:\/\/zoca.es\/wp-content\/uploads\/images\/product\/13493\/leno00961_01-300x225.jpg","_links":{"self":[{"href":"https:\/\/zoca.es\/fr\/wp-json\/wp\/v2\/product\/130804","targetHints":{"allow":["GET"]}}],"collection":[{"href":"https:\/\/zoca.es\/fr\/wp-json\/wp\/v2\/product"}],"about":[{"href":"https:\/\/zoca.es\/fr\/wp-json\/wp\/v2\/types\/product"}],"wp:featuredmedia":[{"embeddable":true,"href":"https:\/\/zoca.es\/fr\/wp-json\/wp\/v2\/media\/130788"}],"wp:attachment":[{"href":"https:\/\/zoca.es\/fr\/wp-json\/wp\/v2\/media?parent=130804"}],"wp:term":[{"taxonomy":"product_brand","embeddable":true,"href":"https:\/\/zoca.es\/fr\/wp-json\/wp\/v2\/product_brand?post=130804"},{"taxonomy":"product_cat","embeddable":true,"href":"https:\/\/zoca.es\/fr\/wp-json\/wp\/v2\/product_cat?post=130804"},{"taxonomy":"product_tag","embeddable":true,"href":"https:\/\/zoca.es\/fr\/wp-json\/wp\/v2\/product_tag?post=130804"}],"curies":[{"name":"wp","href":"https:\/\/api.w.org\/{rel}","templated":true}]}}