{"id":130705,"date":"2025-04-15T09:41:25","date_gmt":"2025-04-15T08:41:25","guid":{"rendered":"https:\/\/zoca.es\/producto\/dell-7450-aio-238-tactil-reconditionne-fr-13526\/"},"modified":"2026-04-06T16:33:07","modified_gmt":"2026-04-06T15:33:07","slug":"dell-7450-aio-238-tactil-reconditionne-fr-13526","status":"publish","type":"product","link":"https:\/\/zoca.es\/fr\/produit\/dell-7450-aio-238-tactil-reconditionne-fr-13526\/","title":{"rendered":"Dell 7450 AIO 23,8&Prime; T\u00e1ctil | Reconditionn\u00e9"},"content":{"rendered":"<p><strong>Processeur<\/strong><br \/>Intel Core i5 7500 3.2 GHz. [TPM 2.0]<br \/><strong>Facteur de forme<\/strong><br \/>AIO<br \/><strong>M\u00e9moire RAM<\/strong><br \/>8 Gb. SO-DDR4 RAM<br \/><strong>Disque dur<\/strong><br \/>256 Gb. SSD M2<br \/><strong>Lecteur optique<\/strong><br \/>DVD-RW<br \/><strong>Cartes<\/strong><br \/>Graphique: AMD Radeon R9 M360 4GB GDDR5<br \/>Son: High Definition Audio<br \/>R\u00e9seau: Intel Ethernet Connection I219-LM<br \/><strong>Syst\u00e8me op\u00e9ratif<\/strong><br \/>Windows 10 Pro<br \/><strong>Ports<\/strong><br \/>2x USB 2.0<br \/>5x USB 3.0<br \/>USB-C<br \/><strong>\u00c9cran<\/strong><br \/>Tactile 23.8 \u00a0\u00bb 4K avec Haut-parleurs \u00b7 16:9 \u00b7 R\u00e9solution 3840&#215;2160<br \/><strong>Ports vid\u00e9o<\/strong><br \/>HDMI<br \/>Display Port<br \/><strong>Multim\u00e9dias<\/strong><br \/>Webcam<br \/>Lecteur SD<br \/><strong>Affichage sp\u00e9cifique<\/strong><br \/>Stand VESA<br \/><strong>Connectivit\u00e9<\/strong><br \/>RJ-45<br \/><strong>Autres<\/strong><br \/>hR emballage<br \/><strong>Dimensions<\/strong><br \/>45x57x22 cm.<br \/><strong>Poids<\/strong><br \/>9.50 Kg.<br \/><strong>Sp\u00e9cifications suppl\u00e9mentaires:<\/strong><br \/>Le Dell OptiPlex 7450 AIO combine puissance professionnelle et conception tout-en-un. Il est dot\u00e9 d&rsquo;un processeur Intel Core i5 7500 \u00e0 3,2 GHz, de 8 Go de RAM DDR4 et d&rsquo;un SSD M.2 rapide de 256 Go, offrant des performances fluides dans des environnements professionnels exigeants. Son \u00e9cran tactile 4K (3840 x 2160) de 23,8 pouces offre une exp\u00e9rience visuelle d&rsquo;une clart\u00e9 exceptionnelle, id\u00e9ale pour la conception, le montage et les t\u00e2ches multim\u00e9dias. Il int\u00e8gre une carte graphique AMD Radeon R9 M360 4 Go GDDR5 d\u00e9di\u00e9e, id\u00e9ale pour les t\u00e2ches graphiques et les contenus visuels avanc\u00e9s. Il est \u00e9quip\u00e9 de haut-parleurs int\u00e9gr\u00e9s, d&rsquo;un lecteur DVD-RW, d&rsquo;une connectivit\u00e9 polyvalente et de Windows 10 Professionnel pr\u00e9install\u00e9. Son design \u00e9pur\u00e9 permet un gain de place sans compromettre la puissance ni la connectivit\u00e9. Son esth\u00e9tique est \u00e9l\u00e9gante. Consultez les sections \u00ab+ Photos\u00bb et \u00abVid\u00e9o\u00bb. Pour toute question, n&rsquo;h\u00e9sitez pas \u00e0 nous appeler ou \u00e0 utiliser notre chat pour obtenir plus d&rsquo;informations ou pour demander plus de d\u00e9tails.<\/p>\n","protected":false},"excerpt":{"rendered":"<p>Intel Core i5 7500 3.2 GHz.\u00b7 8 Gb. SO-DDR4 RAM \u00b7 256 Gb. SSD M2 \u00b7 DVD-RW \u00b7 Windows 10 Pro \u00b7 <strong>Tactile 23.8 \u00a0\u00bb 4K avec Haut-parleurs16:9<\/strong> \u00b7<strong>AMD Radeon R9 M360 4GB GDDR5<\/strong>\u00b7 <u>Clavier et souris inclus<\/u><\/p>\n","protected":false},"featured_media":130674,"template":"","meta":[],"product_brand":[3445],"product_cat":[2225,2219],"product_tag":[3290,3295],"class_list":{"0":"post-130705","1":"product","2":"type-product","3":"status-publish","4":"has-post-thumbnail","6":"product_brand-dell","7":"product_cat-ordinateurs-all-in-one-fr","8":"product_cat-ordinateurs-fr","9":"product_tag-black-15","10":"product_tag-navidad","12":"first","13":"instock","14":"taxable","15":"shipping-taxable","16":"purchasable","17":"product-type-simple"},"bundled_by":[],"bundle_stock_status":"instock","bundle_stock_quantity":10,"bundle_virtual":false,"bundle_layout":"","bundle_add_to_cart_form_location":"","bundle_editable_in_cart":false,"bundle_sold_individually_context":"","bundle_item_grouping":"","bundle_min_size":"","bundle_max_size":"","bundle_price":[],"bundled_items":[],"bundle_sell_ids":[],"exclude_global_add_ons":true,"addons":{"ram-memory-upgrades":{"name":"Extension RAM","type":"multiple_choice","position":0,"required":false,"title_format":"heading","default":"","description_enable":false,"description":"","placeholder_enable":false,"placeholder":"","display":"radiobutton","restrictions_type":"any_text","adjust_price":false,"price":"","price_type":"quantity_based","restrictions":false,"min":"0","max":"0","options":[{"label":"Extension de 16 Gb Gb de RAM SO-DIMM DDR4 [AMP00081]","price":"60.0000","price_type":"quantity_based","image":0,"visibility":true}]},"hdd-upgrades":{"name":"Extension disque dur","type":"multiple_choice","position":0,"required":false,"title_format":"heading","default":"","description_enable":false,"description":"","placeholder_enable":false,"placeholder":"","display":"radiobutton","restrictions_type":"any_text","adjust_price":false,"price":"","price_type":"quantity_based","restrictions":false,"min":"0","max":"0","options":[{"label":"Passez au disque SSD 1 Tb. M.2 2280 PCIe [AMP00107]","price":"165.0000","price_type":"quantity_based","image":0,"visibility":true},{"label":"Passez au disque SSD de 500 Gb. M.2 2280PCIe [AMP00106]","price":"110.0000","price_type":"quantity_based","image":0,"visibility":true}]},"network-card-upgrades":{"name":"Extension WIFI","type":"multiple_choice","position":0,"required":false,"title_format":"heading","default":"","description_enable":false,"description":"","placeholder_enable":false,"placeholder":"","display":"radiobutton","restrictions_type":"any_text","adjust_price":false,"price":"","price_type":"quantity_based","restrictions":false,"min":"0","max":"0","options":[{"label":"Mise \u00e0 niveau nano USB sans fil [AMP00018]","price":"12.0000","price_type":"quantity_based","image":0,"visibility":true}]},"os-upgrades":{"name":"Expansion SO","type":"multiple_choice","position":0,"required":false,"title_format":"heading","default":"","description_enable":false,"description":"","placeholder_enable":false,"placeholder":"","display":"radiobutton","restrictions_type":"any_text","adjust_price":false,"price":"","price_type":"quantity_based","restrictions":false,"min":"0","max":"0","options":[{"label":"Changer la langue en fran\u00e7ais [AMP00125]","price":"0.0000","price_type":"quantity_based","image":0,"visibility":true},{"label":"Changer la langue en anglais [AMP00008]","price":"0.0000","price_type":"quantity_based","image":0,"visibility":true},{"label":"Changer la langue en portugais [AMP00009]","price":"0.0000","price_type":"quantity_based","image":0,"visibility":true}]}},"df_price":411.4,"df_sale_price":"","df_regular_price":411.4,"df_image_link":"https:\/\/zoca.es\/wp-content\/uploads\/images\/product\/13526\/dell01437_01-300x225.jpg","_links":{"self":[{"href":"https:\/\/zoca.es\/fr\/wp-json\/wp\/v2\/product\/130705","targetHints":{"allow":["GET"]}}],"collection":[{"href":"https:\/\/zoca.es\/fr\/wp-json\/wp\/v2\/product"}],"about":[{"href":"https:\/\/zoca.es\/fr\/wp-json\/wp\/v2\/types\/product"}],"wp:featuredmedia":[{"embeddable":true,"href":"https:\/\/zoca.es\/fr\/wp-json\/wp\/v2\/media\/130674"}],"wp:attachment":[{"href":"https:\/\/zoca.es\/fr\/wp-json\/wp\/v2\/media?parent=130705"}],"wp:term":[{"taxonomy":"product_brand","embeddable":true,"href":"https:\/\/zoca.es\/fr\/wp-json\/wp\/v2\/product_brand?post=130705"},{"taxonomy":"product_cat","embeddable":true,"href":"https:\/\/zoca.es\/fr\/wp-json\/wp\/v2\/product_cat?post=130705"},{"taxonomy":"product_tag","embeddable":true,"href":"https:\/\/zoca.es\/fr\/wp-json\/wp\/v2\/product_tag?post=130705"}],"curies":[{"name":"wp","href":"https:\/\/api.w.org\/{rel}","templated":true}]}}