{"id":130351,"date":"2025-04-10T10:13:03","date_gmt":"2025-04-10T09:13:03","guid":{"rendered":"https:\/\/zoca.es\/producto\/hp-z2-g5-workstation-tour-reconditionne-core-i7-38ghz-32-gb-ram-1024-gb-ssd-m2-fr-13417\/"},"modified":"2026-03-04T13:58:09","modified_gmt":"2026-03-04T12:58:09","slug":"hp-z2-g5-workstation-tour-reconditionne-core-i7-38ghz-32-gb-ram-1024-gb-ssd-m2-fr-13417","status":"publish","type":"product","link":"https:\/\/zoca.es\/fr\/produit\/hp-z2-g5-workstation-tour-reconditionne-core-i7-38ghz-32-gb-ram-1024-gb-ssd-m2-fr-13417\/","title":{"rendered":"HP Z2 G5 WorkStation Tour | Reconditionn\u00e9 | Core i7 3.8GHz | 32 GB RAM | 1024 GB SSD M2"},"content":{"rendered":"<p><strong>Processeur<\/strong><br \/>Intel Core i7 10700K 3.8 GHz.<br \/><strong>Facteur de forme<\/strong><br \/>Tour<br \/><strong>M\u00e9moire RAM<\/strong><br \/>32 Gb. DDR4 RAM<br \/><strong>Disque dur<\/strong><br \/>1.00 Tb. SSD M2<br \/><strong>Cartes<\/strong><br \/>Graphique: nVidia Quadro P2200 5gb GDDR5<br \/>Son: Nvidia High Definition Audio<br \/>R\u00e9seau: Intel Ethernet Connecti  I219-LM<br \/><strong>Syst\u00e8me op\u00e9ratif<\/strong><br \/>Windows 11 Pro<br \/><strong>Ports<\/strong><br \/>10x USB 3.1<br \/><strong>Ports vid\u00e9o<\/strong><br \/>4x Display Port<br \/><strong>Connectivit\u00e9<\/strong><br \/>RJ-45<br \/><strong>Autres<\/strong><br \/>hR emballage<br \/><strong>Dimensions<\/strong><br \/>39x17x38.5 cm.<br \/><strong>Poids<\/strong><br \/>7.65 Kg.<br \/><strong>Sp\u00e9cifications suppl\u00e9mentaires<\/strong><br \/>La station de travail HP Z2 G5 offre une solution fiable et puissante pour les professionnels travaillant avec des applications exigeantes. Aliment\u00e9 par un processeur Intel Core i7-10700K \u00e0 3,8 GHz et 32 \u200b\u200bGo de RAM DDR4, il permet un multit\u00e2che fluide et des performances stables pendant les flux de travail intensifs. Son SSD M.2 de 1 To assure un chargement ultra-rapide du syst\u00e8me et des fichiers volumineux, id\u00e9al pour les projets complexes. La carte graphique nVidia Quadro P2200 avec 5 Go de GDDR5 offre des performances graphiques optimis\u00e9es pour des logiciels tels qu&rsquo;AutoCAD, Revit ou Adobe Creative Suite, avec une grande stabilit\u00e9 et une pr\u00e9cision visuelle. Associ\u00e9e \u00e0 Windows 11 Pro, \u00e0 une compatibilit\u00e9 totale avec les derni\u00e8res applications et \u00e0 une connectivit\u00e9 de haut niveau gr\u00e2ce \u00e0 ses emplacements d&rsquo;extension PCIe X16 et X4, cette WorkStation est pr\u00eate \u00e0 grandir avec vous et \u00e0 vous accompagner dans chaque d\u00e9fi professionnel. Le HP Z2 G5 est l&rsquo;outil parfait pour ceux qui recherchent fiabilit\u00e9, puissance et efficacit\u00e9 dans un appareil compact et robuste.<br \/>Bon aspect ext\u00e9rieur. Peut pr\u00e9senter de l\u00e9g\u00e8res traces d&rsquo;utilisation sur le bo\u00eetier. Si vous avez des questions, appelez-nous ou utilisez notre chat pour plus d&rsquo;informations ou pour demander plus de d\u00e9tails.<br \/><strong>Commentaires<\/strong><br \/><u>nVidia Quadro P2200 5Gb GDDR5 &#8211; 2xPCIe X16 \/ 2xPCIe X4<\/u><\/p>\n","protected":false},"excerpt":{"rendered":"<p>Intel Core i7 10700K 3.8 GHz. [TPM 2.0] \u00b7 32 Gb. DDR4 RAM \u00b7 1.00 Tb. SSD M2 \u00b7 <strong>Windows 11 Pro<\/strong> \u00b7<br \/>\n<strong>nVidia Quadro P2200 5Gb GDDR5<\/strong> &#8211; <u>2xPCIe X16 \/ 2xPCIe X4<br \/>\n<\/u><\/p>\n","protected":false},"featured_media":130332,"template":"","meta":[],"product_brand":[3453],"product_cat":[2219,2222],"product_tag":[],"class_list":{"0":"post-130351","1":"product","2":"type-product","3":"status-publish","4":"has-post-thumbnail","6":"product_brand-hp","7":"product_cat-ordinateurs-fr","8":"product_cat-ordinateurs-workstations-fr","10":"first","11":"instock","12":"taxable","13":"shipping-taxable","14":"purchasable","15":"product-type-simple"},"bundled_by":[],"bundle_stock_status":"instock","bundle_stock_quantity":14,"bundle_virtual":false,"bundle_layout":"","bundle_add_to_cart_form_location":"","bundle_editable_in_cart":false,"bundle_sold_individually_context":"","bundle_item_grouping":"","bundle_min_size":"","bundle_max_size":"","bundle_price":[],"bundled_items":[],"bundle_sell_ids":[],"exclude_global_add_ons":true,"addons":{"webcam-upgrades":{"name":"Extension Webcam","type":"multiple_choice","position":0,"required":false,"title_format":"heading","default":"","description_enable":false,"description":"","placeholder_enable":false,"placeholder":"","display":"radiobutton","restrictions_type":"any_text","adjust_price":false,"price":"","price_type":"quantity_based","restrictions":false,"min":"0","max":"0","options":[{"label":"Conceptronic AMDIS FullHD [AMP00085]","price":"29.0000","price_type":"quantity_based","image":0,"visibility":true}]},"ram-memory-upgrades":{"name":"Extension RAM","type":"multiple_choice","position":0,"required":false,"title_format":"heading","default":"","description_enable":false,"description":"","placeholder_enable":false,"placeholder":"","display":"radiobutton","restrictions_type":"any_text","adjust_price":false,"price":"","price_type":"quantity_based","restrictions":false,"min":"0","max":"0","options":[{"label":"Extension de 64 Gb de RAM DDR4 [AMP00119]","price":"230.0000","price_type":"quantity_based","image":0,"visibility":true}]},"network-card-upgrades":{"name":"Extension WIFI","type":"multiple_choice","position":0,"required":false,"title_format":"heading","default":"","description_enable":false,"description":"","placeholder_enable":false,"placeholder":"","display":"radiobutton","restrictions_type":"any_text","adjust_price":false,"price":"","price_type":"quantity_based","restrictions":false,"min":"0","max":"0","options":[{"label":"Mise \u00e0 niveau de la carte PCI Wi-Fi [AMP00017]","price":"15.0000","price_type":"quantity_based","image":0,"visibility":true},{"label":"Mise \u00e0 niveau nano USB sans fil [AMP00018]","price":"12.0000","price_type":"quantity_based","image":0,"visibility":true}]},"os-upgrades":{"name":"Expansion SO","type":"multiple_choice","position":0,"required":false,"title_format":"heading","default":"","description_enable":false,"description":"","placeholder_enable":false,"placeholder":"","display":"radiobutton","restrictions_type":"any_text","adjust_price":false,"price":"","price_type":"quantity_based","restrictions":false,"min":"0","max":"0","options":[{"label":"Changer la langue en fran\u00e7ais [AMP00125]","price":"0.0000","price_type":"quantity_based","image":0,"visibility":true},{"label":"Changer la langue en anglais [AMP00008]","price":"0.0000","price_type":"quantity_based","image":0,"visibility":true},{"label":"Changer la langue en portugais [AMP00009]","price":"0.0000","price_type":"quantity_based","image":0,"visibility":true}]},"keyboard-upgrades":{"name":"Extension clavier","type":"multiple_choice","position":0,"required":false,"title_format":"heading","default":"","description_enable":false,"description":"","placeholder_enable":false,"placeholder":"","display":"radiobutton","restrictions_type":"any_text","adjust_price":false,"price":"","price_type":"quantity_based","restrictions":false,"min":"0","max":"0","options":[{"label":"Clavier et souris [AMP00020]","price":"8.0000","price_type":"quantity_based","image":0,"visibility":true},{"label":"Clavier et souris Portuguese New [AMP00088]","price":"15.0000","price_type":"quantity_based","image":0,"visibility":true},{"label":"Clavier et souris USB espagnols (Nouveau) [AMP00068]","price":"12.0000","price_type":"quantity_based","image":0,"visibility":true}]}},"df_price":1162.81,"df_sale_price":"","df_regular_price":1162.81,"df_image_link":"https:\/\/zoca.es\/wp-content\/uploads\/images\/product\/13417\/hp02939_01-300x225.jpg","_links":{"self":[{"href":"https:\/\/zoca.es\/fr\/wp-json\/wp\/v2\/product\/130351","targetHints":{"allow":["GET"]}}],"collection":[{"href":"https:\/\/zoca.es\/fr\/wp-json\/wp\/v2\/product"}],"about":[{"href":"https:\/\/zoca.es\/fr\/wp-json\/wp\/v2\/types\/product"}],"wp:featuredmedia":[{"embeddable":true,"href":"https:\/\/zoca.es\/fr\/wp-json\/wp\/v2\/media\/130332"}],"wp:attachment":[{"href":"https:\/\/zoca.es\/fr\/wp-json\/wp\/v2\/media?parent=130351"}],"wp:term":[{"taxonomy":"product_brand","embeddable":true,"href":"https:\/\/zoca.es\/fr\/wp-json\/wp\/v2\/product_brand?post=130351"},{"taxonomy":"product_cat","embeddable":true,"href":"https:\/\/zoca.es\/fr\/wp-json\/wp\/v2\/product_cat?post=130351"},{"taxonomy":"product_tag","embeddable":true,"href":"https:\/\/zoca.es\/fr\/wp-json\/wp\/v2\/product_tag?post=130351"}],"curies":[{"name":"wp","href":"https:\/\/api.w.org\/{rel}","templated":true}]}}