{"id":129568,"date":"2025-04-02T11:11:24","date_gmt":"2025-04-02T10:11:24","guid":{"rendered":"https:\/\/zoca.es\/producto\/hp-z2-g5-workstation-tour-reconditionne-core-i7-38ghz-64-gb-ram-1024-gb-ssd-m2-fr-13415\/"},"modified":"2026-03-17T10:13:02","modified_gmt":"2026-03-17T09:13:02","slug":"hp-z2-g5-workstation-tour-reconditionne-core-i7-38ghz-64-gb-ram-1024-gb-ssd-m2-fr-13415","status":"publish","type":"product","link":"https:\/\/zoca.es\/fr\/produit\/hp-z2-g5-workstation-tour-reconditionne-core-i7-38ghz-64-gb-ram-1024-gb-ssd-m2-fr-13415\/","title":{"rendered":"HP Z2 G5 WorkStation Tour | Reconditionn\u00e9 | Core i7 3.8GHz | 32 GB RAM | 1024 GB SSD M2"},"content":{"rendered":"<p><strong>Processeur<\/strong><br \/>Intel Core i7 10700K 3.8 GHz.<br \/><strong>Facteur de forme<\/strong><br \/>Tour<br \/><strong>M\u00e9moire RAM<\/strong><br \/>32 Gb. DDR4 RAM<br \/><strong>Disque dur<\/strong><br \/>1.00 Tb. SSD M2<br \/><strong>Cartes<\/strong><br \/>Graphique: nVidia Quadro RTX 5000 16 GB GDDR6<br \/>Son: Nvidia High Definition Audio<br \/>R\u00e9seau: Intel Ethernet Connecti  I219-LM<br \/><strong>Syst\u00e8me op\u00e9ratif<\/strong><br \/>Windows 11 Pro<br \/><strong>Ports<\/strong><br \/>USB-C<br \/>10x USB 3.1<br \/><strong>Ports vid\u00e9o<\/strong><br \/>4x Display Port<br \/><strong>Multim\u00e9dias<\/strong><br \/>Lecteur SD<br \/><strong>Connectivit\u00e9<\/strong><br \/>RJ-45<br \/><strong>Autres<\/strong><br \/>hR emballage<br \/><strong>Dimensions<\/strong><br \/>39x17x38.5 cm.<br \/><strong>Poids<\/strong><br \/>7.65 Kg.<br \/><strong>Sp\u00e9cifications suppl\u00e9mentaires<\/strong><br \/>La station de travail HP Z2 G5 est le choix id\u00e9al pour les concepteurs, ing\u00e9nieurs et cr\u00e9ateurs de contenu qui ont besoin de performances maximales. Avec un Intel Core i7-10700K \u00e0 3,8 GHz et 64 Go de RAM DDR4, il offre une fluidit\u00e9 dans les t\u00e2ches exigeantes comme le rendu 3D, le montage vid\u00e9o et les simulations avanc\u00e9es. Son SSD M.2 de 1 To garantit une vitesse extr\u00eame dans les t\u00e9l\u00e9chargements et les transferts de donn\u00e9es, vous permettant de travailler sans interruption. La nVidia Quadro RTX 5000 16 Go GDDR6 optimise les performances des logiciels professionnels tels qu&rsquo;AutoCAD, Premiere Pro et SolidWorks, garantissant des graphiques fluides et des temps de rendu plus rapides. De plus, avec Windows 11 Pro, la prise en charge des derni\u00e8res applications et les options d&rsquo;extension PCIe X16 et X4, cette WorkStation est pr\u00eate \u00e0 \u00e9voluer avec vos besoins. Si vous recherchez une station de travail rapide, fiable et \u00e9volutive, la station de travail HP Z2 G5 est votre meilleure option pour faire passer votre productivit\u00e9 au niveau sup\u00e9rieur. Bon aspect ext\u00e9rieur. Il peut y avoir de l\u00e9g\u00e8res traces d&rsquo;utilisation sur le bo\u00eetier. Si vous avez des questions, appelez-nous ou utilisez notre chat pour plus d&rsquo;informations ou pour demander plus de d\u00e9tails.<br \/><strong>Commentaires<\/strong><br \/><u>nVidia Quadro RTX 5000 16 GB GDDR6 &#8211; 2xPCIe X16 \/ 2xPCIe X4<\/u><\/p>\n","protected":false},"excerpt":{"rendered":"<p>Intel Core i7 10700K 3.8 GHz. \u00b7 32 Gb. DDR4 RAM \u00b7 1.00 Tb. SSD M2 \u00b7 <strong>Windows 11 Pro<\/strong> \u00b7<br \/>\n<strong>nVidia Quadro RTX 5000 16 GB GDDR6<\/strong> &#8211; <u>2xPCIe X16 \/ 2xPCIe X4<br \/>\n<\/u><\/p>\n","protected":false},"featured_media":129549,"template":"","meta":[],"product_brand":[3453],"product_cat":[2219,2222],"product_tag":[],"class_list":{"0":"post-129568","1":"product","2":"type-product","3":"status-publish","4":"has-post-thumbnail","6":"product_brand-hp","7":"product_cat-ordinateurs-fr","8":"product_cat-ordinateurs-workstations-fr","10":"first","11":"instock","12":"taxable","13":"shipping-taxable","14":"purchasable","15":"product-type-simple"},"bundled_by":[],"bundle_stock_status":"instock","bundle_stock_quantity":5,"bundle_virtual":false,"bundle_layout":"","bundle_add_to_cart_form_location":"","bundle_editable_in_cart":false,"bundle_sold_individually_context":"","bundle_item_grouping":"","bundle_min_size":"","bundle_max_size":"","bundle_price":[],"bundled_items":[],"bundle_sell_ids":[],"exclude_global_add_ons":true,"addons":{"hdd-upgrades":{"name":"Extension disque dur","type":"multiple_choice","position":0,"required":false,"title_format":"heading","default":"","description_enable":false,"description":"","placeholder_enable":false,"placeholder":"","display":"radiobutton","restrictions_type":"any_text","adjust_price":false,"price":"","price_type":"quantity_based","restrictions":false,"min":"0","max":"0","options":[{"label":"Disque SSD suppl\u00e9mentaire de 120 Gb (S.O.) [AMP00030]","price":"25.0000","price_type":"quantity_based","image":0,"visibility":true},{"label":"Disque SSD suppl\u00e9mentaire de 240 Gb (S.O.) [AMP00031]","price":"35.0000","price_type":"quantity_based","image":0,"visibility":true},{"label":"Disque SSD suppl\u00e9mentaire de 480 Gb (S.O.) [AMP00032]","price":"64.0000","price_type":"quantity_based","image":0,"visibility":true},{"label":"Disque SSD 1 Tb. Additionnel [AMP00072]","price":"100.0000","price_type":"quantity_based","image":0,"visibility":true}]},"network-card-upgrades":{"name":"Extension WIFI","type":"multiple_choice","position":0,"required":false,"title_format":"heading","default":"","description_enable":false,"description":"","placeholder_enable":false,"placeholder":"","display":"radiobutton","restrictions_type":"any_text","adjust_price":false,"price":"","price_type":"quantity_based","restrictions":false,"min":"0","max":"0","options":[{"label":"Mise \u00e0 niveau de la carte PCI Wi-Fi [AMP00017]","price":"15.0000","price_type":"quantity_based","image":0,"visibility":true},{"label":"Mise \u00e0 niveau nano USB sans fil [AMP00018]","price":"12.0000","price_type":"quantity_based","image":0,"visibility":true}]},"os-upgrades":{"name":"Expansion SO","type":"multiple_choice","position":0,"required":false,"title_format":"heading","default":"","description_enable":false,"description":"","placeholder_enable":false,"placeholder":"","display":"radiobutton","restrictions_type":"any_text","adjust_price":false,"price":"","price_type":"quantity_based","restrictions":false,"min":"0","max":"0","options":[{"label":"Changer la langue en fran\u00e7ais [AMP00125]","price":"0.0000","price_type":"quantity_based","image":0,"visibility":true},{"label":"Changer la langue en anglais [AMP00008]","price":"0.0000","price_type":"quantity_based","image":0,"visibility":true},{"label":"Changer la langue en portugais [AMP00009]","price":"0.0000","price_type":"quantity_based","image":0,"visibility":true}]},"keyboard-upgrades":{"name":"Extension clavier","type":"multiple_choice","position":0,"required":false,"title_format":"heading","default":"","description_enable":false,"description":"","placeholder_enable":false,"placeholder":"","display":"radiobutton","restrictions_type":"any_text","adjust_price":false,"price":"","price_type":"quantity_based","restrictions":false,"min":"0","max":"0","options":[{"label":"Clavier et souris [AMP00020]","price":"8.0000","price_type":"quantity_based","image":0,"visibility":true},{"label":"Clavier et souris Portuguese New [AMP00088]","price":"15.0000","price_type":"quantity_based","image":0,"visibility":true},{"label":"Clavier et souris USB espagnols (Nouveau) [AMP00068]","price":"12.0000","price_type":"quantity_based","image":0,"visibility":true}]}},"df_price":2142.91,"df_sale_price":"","df_regular_price":2142.91,"df_image_link":"https:\/\/zoca.es\/wp-content\/uploads\/images\/product\/13415\/hp02937_01-300x225.jpg","_links":{"self":[{"href":"https:\/\/zoca.es\/fr\/wp-json\/wp\/v2\/product\/129568","targetHints":{"allow":["GET"]}}],"collection":[{"href":"https:\/\/zoca.es\/fr\/wp-json\/wp\/v2\/product"}],"about":[{"href":"https:\/\/zoca.es\/fr\/wp-json\/wp\/v2\/types\/product"}],"wp:featuredmedia":[{"embeddable":true,"href":"https:\/\/zoca.es\/fr\/wp-json\/wp\/v2\/media\/129549"}],"wp:attachment":[{"href":"https:\/\/zoca.es\/fr\/wp-json\/wp\/v2\/media?parent=129568"}],"wp:term":[{"taxonomy":"product_brand","embeddable":true,"href":"https:\/\/zoca.es\/fr\/wp-json\/wp\/v2\/product_brand?post=129568"},{"taxonomy":"product_cat","embeddable":true,"href":"https:\/\/zoca.es\/fr\/wp-json\/wp\/v2\/product_cat?post=129568"},{"taxonomy":"product_tag","embeddable":true,"href":"https:\/\/zoca.es\/fr\/wp-json\/wp\/v2\/product_tag?post=129568"}],"curies":[{"name":"wp","href":"https:\/\/api.w.org\/{rel}","templated":true}]}}