{"id":129221,"date":"2025-03-26T15:09:16","date_gmt":"2025-03-26T14:09:16","guid":{"rendered":"https:\/\/zoca.es\/producto\/switch-cisco-ws-c2960-48tt-l-reconditionne-fr-13435\/"},"modified":"2026-02-25T10:02:12","modified_gmt":"2026-02-25T09:02:12","slug":"switch-cisco-ws-c2960-48tt-l-reconditionne-fr-13435","status":"publish","type":"product","link":"https:\/\/zoca.es\/fr\/produit\/switch-cisco-ws-c2960-48tt-l-reconditionne-fr-13435\/","title":{"rendered":"Switch CISCO WS-C2960-48TT-L | Reconditionn\u00e9"},"content":{"rendered":"<p><strong>G\u00e9n\u00e9rale imprimante<\/strong><br \/>Switch<br \/><strong>Ports r\u00e9seau<\/strong><br \/>48x Ethernet 100 Mbps.<br \/>2x Ethernet 1000 Mbps.<br \/><strong>Autres<\/strong><br \/>hR emballage<br \/><strong>Dimensions<\/strong><br \/>44.5x28x4.5 cm.<br \/><strong>Poids<\/strong><br \/>4.20 Kg.<br \/><strong>Commentaires<\/strong><br \/><u>Switch &#8211; 48xEthernet 10\/100 Mbps RJ45 &#8211; 2x1000BT LAN Base Image RJ45<\/u><\/p>\n","protected":false},"excerpt":{"rendered":"<p>Switch \u00b7 48x Ethernet 100 Mbps. \u00b7 2x Ethernet 1000 Mbps. \u00b7 Montage en rack \u00b7 <u>Switch &#8211; 48xEthernet 10\/100 Mbps RJ45 &#8211; 2x1000BT LAN Base Image RJ45<\/u><\/p>\n","protected":false},"featured_media":129217,"template":"","meta":[],"product_brand":[3477],"product_cat":[3211,80],"product_tag":[],"class_list":{"0":"post-129221","1":"product","2":"type-product","3":"status-publish","4":"has-post-thumbnail","6":"product_brand-cisco","7":"product_cat-networking-switches-fr","8":"product_cat-networking-fr","10":"first","11":"instock","12":"taxable","13":"shipping-taxable","14":"purchasable","15":"product-type-simple"},"bundled_by":[],"bundle_stock_status":"instock","bundle_stock_quantity":1,"bundle_virtual":false,"bundle_layout":"","bundle_add_to_cart_form_location":"","bundle_editable_in_cart":false,"bundle_sold_individually_context":"","bundle_item_grouping":"","bundle_min_size":"","bundle_max_size":"","bundle_price":[],"bundled_items":[],"bundle_sell_ids":[],"exclude_global_add_ons":[],"addons":[],"df_price":87.12,"df_sale_price":"","df_regular_price":87.12,"df_image_link":"https:\/\/zoca.es\/wp-content\/uploads\/images\/product\/13435\/cisc00107_01-300x225.jpg","_links":{"self":[{"href":"https:\/\/zoca.es\/fr\/wp-json\/wp\/v2\/product\/129221","targetHints":{"allow":["GET"]}}],"collection":[{"href":"https:\/\/zoca.es\/fr\/wp-json\/wp\/v2\/product"}],"about":[{"href":"https:\/\/zoca.es\/fr\/wp-json\/wp\/v2\/types\/product"}],"wp:featuredmedia":[{"embeddable":true,"href":"https:\/\/zoca.es\/fr\/wp-json\/wp\/v2\/media\/129217"}],"wp:attachment":[{"href":"https:\/\/zoca.es\/fr\/wp-json\/wp\/v2\/media?parent=129221"}],"wp:term":[{"taxonomy":"product_brand","embeddable":true,"href":"https:\/\/zoca.es\/fr\/wp-json\/wp\/v2\/product_brand?post=129221"},{"taxonomy":"product_cat","embeddable":true,"href":"https:\/\/zoca.es\/fr\/wp-json\/wp\/v2\/product_cat?post=129221"},{"taxonomy":"product_tag","embeddable":true,"href":"https:\/\/zoca.es\/fr\/wp-json\/wp\/v2\/product_tag?post=129221"}],"curies":[{"name":"wp","href":"https:\/\/api.w.org\/{rel}","templated":true}]}}