{"id":128440,"date":"2025-03-17T15:31:12","date_gmt":"2025-03-17T14:31:12","guid":{"rendered":"https:\/\/zoca.es\/producto\/hp-proliant-dl360-g5-barebone-rack-reconditionne-xeon-186ghz-6-gb-ram-sas-fr-12565\/"},"modified":"2026-02-25T09:54:59","modified_gmt":"2026-02-25T08:54:59","slug":"hp-proliant-dl360-g5-barebone-rack-reconditionne-xeon-186ghz-6-gb-ram-sas-fr-12565","status":"publish","type":"product","link":"https:\/\/zoca.es\/fr\/produit\/hp-proliant-dl360-g5-barebone-rack-reconditionne-xeon-186ghz-6-gb-ram-sas-fr-12565\/","title":{"rendered":"HP ProLiant DL360 G5 Barebone Rack | Reconditionn\u00e9 | Xeon 1.86GHz | 6 GB RAM | SAS"},"content":{"rendered":"<p><strong>Processeur<\/strong><br \/>Intel Xeon E5320 1.86 GHz.<br \/><strong>Facteur de forme<\/strong><br \/>Rack  (1U)<br \/><strong>M\u00e9moire RAM<\/strong><br \/>6 Gb. DDR2 ECC RAM<br \/>8 emplacements (0 vide )<br \/><strong>Disque dur<\/strong><br \/>SAS 2.5\u00a0\u00bb<br \/>6 emplacements<br \/><strong>Lecteur optique<\/strong><br \/>Combo (CD-RW\/DVD)<br \/><strong>Cartes<\/strong><br \/>Graphique: ATI ES1000 16 Mb.<br \/>R\u00e9seau: BCM5708<br \/><strong>Syst\u00e8me op\u00e9ratif<\/strong><br \/>&#8211; Sans SO &#8211;<br \/><strong>Ports<\/strong><br \/>S\u00e9rie<br \/>3x USB 2.0<br \/>2x PS2<br \/><strong>Connectivit\u00e9<\/strong><br \/>2x RJ-45<br \/><strong>Source de courant<\/strong><br \/>Alimentations (Hotplug)<br \/><strong>Dimensions<\/strong><br \/>71&#215;48.5&#215;4.5 cm.<br \/><strong>Poids<\/strong><br \/>17.00 Kg.<br \/><strong>Sp\u00e9cifications suppl\u00e9mentaires<\/strong><br \/>Le HP ProLiant DL360 G5 est un serveur rack 1U, con\u00e7u pour offrir performances et fiabilit\u00e9 dans les environnements professionnels exigeants. Equip\u00e9 d&rsquo;un processeur Intel Xeon E5320 Quad Core cadenc\u00e9 \u00e0 1,86 GHz et de 6 Go de RAM DDR2 ECC, il offre une plateforme stable pour des t\u00e2ches telles que la virtualisation l\u00e9g\u00e8re, le stockage r\u00e9seau et les applications m\u00e9tiers de base.<br \/>Il dispose de 8 baies SAS 2,5&Prime; (toutes occup\u00e9es), assurant une capacit\u00e9 de stockage optimale et extensible. De plus, il dispose de 6 baies suppl\u00e9mentaires, permettant une plus grande flexibilit\u00e9 dans la gestion du stockage. Il int\u00e8gre un lecteur Combo CD-RW\/DVD, offrant des options de lecture et d&rsquo;\u00e9criture pour les supports optiques.<br \/>Le contr\u00f4leur HP Smart Array P400i fournit un syst\u00e8me de gestion de stockage avanc\u00e9 avec des capacit\u00e9s RAID pour optimiser la s\u00e9curit\u00e9 et les performances des donn\u00e9es. Avec 2 emplacements PCIe X8 et 2 emplacements PCI, il permet une extension avec des cartes suppl\u00e9mentaires pour am\u00e9liorer sa connectivit\u00e9 et ses fonctionnalit\u00e9s.<br \/>Le HP ProLiant DL360 G5 est une solution compacte, robuste et fiable, id\u00e9ale pour les entreprises recherchant un serveur efficace pour les t\u00e2ches essentielles de l&rsquo;infrastructure informatique.<br \/>Bon aspect ext\u00e9rieur. Si vous avez des questions, appelez-nous ou utilisez notre chat pour plus d&rsquo;informations ou pour demander plus de d\u00e9tails.<br \/><strong>Commentaires<\/strong><br \/><u>HP Smart Array P400i &#8211; 2xPCIe X8 \/ 2xPCI<\/u><\/p>\n","protected":false},"excerpt":{"rendered":"<p>Intel Xeon E5320 1.86 GHz. \u00b7 6 Gb. DDR2 ECC RAM \u00b7 8 emplacements (0 vide ) \u00b7 SAS 2.5\u00a0\u00bb \u00b7 6 emplacements \u00b7 Combo (CD-RW\/DVD) \u00b7 <u>HP Smart Array P400i &#8211; 2xPCIe X8 \/ 2xPCI<\/u><\/p>\n","protected":false},"featured_media":128418,"template":"","meta":[],"product_brand":[3453],"product_cat":[3183,2339,2345],"product_tag":[],"class_list":{"0":"post-128440","1":"product","2":"type-product","3":"status-publish","4":"has-post-thumbnail","6":"product_brand-hp","7":"product_cat-barebone-fr","8":"product_cat-serveurs-fr","9":"product_cat-serveurs-rack-fr","11":"first","12":"instock","13":"taxable","14":"shipping-taxable","15":"purchasable","16":"product-type-simple"},"bundled_by":[],"bundle_stock_status":"instock","bundle_stock_quantity":2,"bundle_virtual":false,"bundle_layout":"","bundle_add_to_cart_form_location":"","bundle_editable_in_cart":false,"bundle_sold_individually_context":"","bundle_item_grouping":"","bundle_min_size":"","bundle_max_size":"","bundle_price":[],"bundled_items":[],"bundle_sell_ids":[],"exclude_global_add_ons":true,"addons":{"hdd-upgrades":{"name":"Extension disque dur","type":"multiple_choice","position":0,"required":false,"title_format":"heading","default":"","description_enable":false,"description":"","placeholder_enable":false,"placeholder":"","display":"radiobutton","restrictions_type":"any_text","adjust_price":false,"price":"","price_type":"quantity_based","restrictions":false,"min":"0","max":"0","options":[{"label":"2x disque SSD 240 Gb. [AMP00058]","price":"100.0000","price_type":"quantity_based","image":0,"visibility":true},{"label":"2x disque SSD 480 Gb. [AMP00059]","price":"200.0000","price_type":"quantity_based","image":0,"visibility":true}]}},"df_price":116.16,"df_sale_price":"","df_regular_price":116.16,"df_image_link":"https:\/\/zoca.es\/wp-content\/uploads\/images\/product\/12565\/hp02671_01-300x225.jpg","_links":{"self":[{"href":"https:\/\/zoca.es\/fr\/wp-json\/wp\/v2\/product\/128440","targetHints":{"allow":["GET"]}}],"collection":[{"href":"https:\/\/zoca.es\/fr\/wp-json\/wp\/v2\/product"}],"about":[{"href":"https:\/\/zoca.es\/fr\/wp-json\/wp\/v2\/types\/product"}],"wp:featuredmedia":[{"embeddable":true,"href":"https:\/\/zoca.es\/fr\/wp-json\/wp\/v2\/media\/128418"}],"wp:attachment":[{"href":"https:\/\/zoca.es\/fr\/wp-json\/wp\/v2\/media?parent=128440"}],"wp:term":[{"taxonomy":"product_brand","embeddable":true,"href":"https:\/\/zoca.es\/fr\/wp-json\/wp\/v2\/product_brand?post=128440"},{"taxonomy":"product_cat","embeddable":true,"href":"https:\/\/zoca.es\/fr\/wp-json\/wp\/v2\/product_cat?post=128440"},{"taxonomy":"product_tag","embeddable":true,"href":"https:\/\/zoca.es\/fr\/wp-json\/wp\/v2\/product_tag?post=128440"}],"curies":[{"name":"wp","href":"https:\/\/api.w.org\/{rel}","templated":true}]}}