{"id":128085,"date":"2025-03-11T17:39:42","date_gmt":"2025-03-11T16:39:42","guid":{"rendered":"https:\/\/zoca.es\/producto\/lenovo-m910q-tiny-mini-reconditionne-core-i5-22ghz-8-gb-ram-256-gb-ssd-fr-13402\/"},"modified":"2026-05-04T15:43:30","modified_gmt":"2026-05-04T14:43:30","slug":"lenovo-m910q-tiny-mini-reconditionne-core-i5-22ghz-8-gb-ram-256-gb-ssd-fr-13402","status":"publish","type":"product","link":"https:\/\/zoca.es\/fr\/produit\/lenovo-m910q-tiny-mini-reconditionne-core-i5-22ghz-8-gb-ram-256-gb-ssd-fr-13402\/","title":{"rendered":"Lenovo M910Q Tiny Mini | Reconditionn\u00e9 | Core i5 2.2GHz | 8 GB RAM | 240 GB SSD"},"content":{"rendered":"<p><strong>Processeur<\/strong><br \/>Intel Core i5 6400T 2.2 GHz.<br \/><strong>Facteur de forme<\/strong><br \/>Mini<br \/><strong>M\u00e9moire RAM<\/strong><br \/>8 Gb. SO-DDR4 RAM<br \/><strong>Disque dur<\/strong><br \/>240 Gb. SSD<br \/><strong>Cartes<\/strong><br \/>Graphique: Intel HD Graphics 530<br \/>Son: Realtek Audio<br \/>R\u00e9seau: Intel Ethernet Connection I219-LM<br \/><strong>Syst\u00e8me op\u00e9ratif<\/strong><br \/>Windows 10 Pro<br \/><strong>Ports<\/strong><br \/>6x USB 3.0<br \/><strong>Ports vid\u00e9o<\/strong><br \/>2x Display Port<br \/><strong>Connectivit\u00e9<\/strong><br \/>RJ-45<br \/><strong>Autres<\/strong><br \/>hR emballage<br \/><strong>Dimensions<\/strong><br \/>18x19x4 cm.<br \/><strong>Poids<\/strong><br \/>1.20 Kg.<br \/><strong>Sp\u00e9cifications suppl\u00e9mentaires<\/strong><br \/>Le Lenovo M910Q Tiny est un ordinateur ultra-compact con\u00e7u pour les environnements professionnels qui n\u00e9cessitent puissance et polyvalence dans un espace le plus r\u00e9duit possible. Equip\u00e9 d&rsquo;un Intel Core i5 6400T cadenc\u00e9 \u00e0 2,2 GHz, il offre des performances efficaces pour les t\u00e2ches bureautiques, la navigation web et les applications professionnelles. Ses 8 Go de m\u00e9moire SO-DDR4 et son SSD de 256 Go garantissent un acc\u00e8s rapide aux donn\u00e9es et une exp\u00e9rience fluide au quotidien. Avec Windows 10 Professionnel, vous fournissez un environnement s\u00e9curis\u00e9 et stable avec des outils avanc\u00e9s de gestion et de productivit\u00e9. De plus, il dispose d&rsquo;un emplacement M.2 2280 pour le stockage, permettant de futures extensions. Son design compact et silencieux en fait un choix id\u00e9al pour les bureaux modernes recherchant l&rsquo;efficacit\u00e9 sans compromettre l&rsquo;espace ou les performances.<br \/>Bon aspect ext\u00e9rieur. Regardez dans \u00ab + Photos \u00bb et \u00ab Vid\u00e9o \u00bb et si vous avez des questions, appelez-nous ou utilisez notre chat pour plus d&rsquo;informations ou pour demander plus de d\u00e9tails.<br \/><strong>Commentaires<\/strong><br \/><u>1xM.2 2280 pour le stockage<\/u><\/p>\n","protected":false},"excerpt":{"rendered":"<p>Intel Core i5 6400T 2.2 GHz. \u00b7 8 Gb. SO-DDR4 RAM \u00b7 240 Gb. SSD \u00b7 Windows 10 Pro \u00b7 <u>1xM.2 2280 pour le stockage<\/u><\/p>\n","protected":false},"featured_media":128066,"template":"","meta":[],"product_brand":[3452],"product_cat":[2219,2228],"product_tag":[],"class_list":{"0":"post-128085","1":"product","2":"type-product","3":"status-publish","4":"has-post-thumbnail","6":"product_brand-lenovo","7":"product_cat-ordinateurs-fr","8":"product_cat-ordinateurs-mini-fr","10":"first","11":"instock","12":"taxable","13":"shipping-taxable","14":"purchasable","15":"product-type-simple"},"bundled_by":[],"bundle_stock_status":"instock","bundle_stock_quantity":4,"bundle_virtual":false,"bundle_layout":"","bundle_add_to_cart_form_location":"","bundle_editable_in_cart":false,"bundle_sold_individually_context":"","bundle_item_grouping":"","bundle_min_size":"","bundle_max_size":"","bundle_price":[],"bundled_items":[],"bundle_sell_ids":[],"exclude_global_add_ons":true,"addons":{"ram-memory-upgrades":{"name":"Extension RAM","type":"multiple_choice","position":0,"required":false,"title_format":"heading","default":"","description_enable":false,"description":"","placeholder_enable":false,"placeholder":"","display":"radiobutton","restrictions_type":"any_text","adjust_price":false,"price":"","price_type":"quantity_based","restrictions":false,"min":"0","max":"0","options":[{"label":"Extension de 16 Gb Gb de RAM SO-DIMM DDR4 [AMP00081]","price":"60.0000","price_type":"quantity_based","image":0,"visibility":true}]},"hdd-upgrades":{"name":"Extension disque dur","type":"multiple_choice","position":0,"required":false,"title_format":"heading","default":"","description_enable":false,"description":"","placeholder_enable":false,"placeholder":"","display":"radiobutton","restrictions_type":"any_text","adjust_price":false,"price":"","price_type":"quantity_based","restrictions":false,"min":"0","max":"0","options":[{"label":"Passez au disque SSD de 480 Gb. [AMP00014]","price":"59.0000","price_type":"quantity_based","image":0,"visibility":true},{"label":"Passez au disque SSD 1 Tb. [AMP00071]","price":"95.0000","price_type":"quantity_based","image":0,"visibility":true},{"label":"Passez au disque SSD de 500 Gb. M.2 2280PCIe [AMP00106]","price":"110.0000","price_type":"quantity_based","image":0,"visibility":true},{"label":"Passez au disque SSD 1 Tb. M.2 2280 PCIe [AMP00107]","price":"165.0000","price_type":"quantity_based","image":0,"visibility":true},{"label":"SSD suppl\u00e9mentaire 500 Gb. M.2 2280 PCIe [AMP00108]","price":"115.0000","price_type":"quantity_based","image":0,"visibility":true},{"label":"Disque SSD de 1 Tb. M.2 2280 PCIe suppl\u00e9mentaire [AMP00109]","price":"170.0000","price_type":"quantity_based","image":0,"visibility":true}]},"network-card-upgrades":{"name":"Extension WIFI","type":"multiple_choice","position":0,"required":false,"title_format":"heading","default":"","description_enable":false,"description":"","placeholder_enable":false,"placeholder":"","display":"radiobutton","restrictions_type":"any_text","adjust_price":false,"price":"","price_type":"quantity_based","restrictions":false,"min":"0","max":"0","options":[{"label":"Mise \u00e0 niveau nano USB sans fil [AMP00018]","price":"15.0000","price_type":"quantity_based","image":0,"visibility":true}]},"os-upgrades":{"name":"Expansion SO","type":"multiple_choice","position":0,"required":false,"title_format":"heading","default":"","description_enable":false,"description":"","placeholder_enable":false,"placeholder":"","display":"radiobutton","restrictions_type":"any_text","adjust_price":false,"price":"","price_type":"quantity_based","restrictions":false,"min":"0","max":"0","options":[{"label":"Changer la langue en fran\u00e7ais [AMP00125]","price":"0.0000","price_type":"quantity_based","image":0,"visibility":true},{"label":"Changer la langue en anglais [AMP00008]","price":"0.0000","price_type":"quantity_based","image":0,"visibility":true},{"label":"Changer la langue en portugais [AMP00009]","price":"0.0000","price_type":"quantity_based","image":0,"visibility":true}]},"keyboard-upgrades":{"name":"Extension clavier","type":"multiple_choice","position":0,"required":false,"title_format":"heading","default":"","description_enable":false,"description":"","placeholder_enable":false,"placeholder":"","display":"radiobutton","restrictions_type":"any_text","adjust_price":false,"price":"","price_type":"quantity_based","restrictions":false,"min":"0","max":"0","options":[{"label":"Clavier et souris [AMP00020]","price":"8.0000","price_type":"quantity_based","image":0,"visibility":true},{"label":"Clavier et souris Portuguese New [AMP00088]","price":"15.0000","price_type":"quantity_based","image":0,"visibility":true},{"label":"Clavier et souris USB espagnols (Nouveau) [AMP00068]","price":"12.0000","price_type":"quantity_based","image":0,"visibility":true}]}},"df_price":166.98,"df_sale_price":"","df_regular_price":166.98,"df_image_link":"https:\/\/zoca.es\/wp-content\/uploads\/images\/product\/13402\/leno00947_01-300x225.jpg","_links":{"self":[{"href":"https:\/\/zoca.es\/fr\/wp-json\/wp\/v2\/product\/128085","targetHints":{"allow":["GET"]}}],"collection":[{"href":"https:\/\/zoca.es\/fr\/wp-json\/wp\/v2\/product"}],"about":[{"href":"https:\/\/zoca.es\/fr\/wp-json\/wp\/v2\/types\/product"}],"wp:featuredmedia":[{"embeddable":true,"href":"https:\/\/zoca.es\/fr\/wp-json\/wp\/v2\/media\/128066"}],"wp:attachment":[{"href":"https:\/\/zoca.es\/fr\/wp-json\/wp\/v2\/media?parent=128085"}],"wp:term":[{"taxonomy":"product_brand","embeddable":true,"href":"https:\/\/zoca.es\/fr\/wp-json\/wp\/v2\/product_brand?post=128085"},{"taxonomy":"product_cat","embeddable":true,"href":"https:\/\/zoca.es\/fr\/wp-json\/wp\/v2\/product_cat?post=128085"},{"taxonomy":"product_tag","embeddable":true,"href":"https:\/\/zoca.es\/fr\/wp-json\/wp\/v2\/product_tag?post=128085"}],"curies":[{"name":"wp","href":"https:\/\/api.w.org\/{rel}","templated":true}]}}