{"id":127866,"date":"2025-03-06T17:53:05","date_gmt":"2025-03-06T16:53:05","guid":{"rendered":"https:\/\/zoca.es\/producto\/hp-elite-x2-g8-impecable-13-reconditionne-core-i5-26ghz-8-gb-ram-256-gb-ssd-m2-3000x2000-fr-13332\/"},"modified":"2026-04-14T11:56:16","modified_gmt":"2026-04-14T10:56:16","slug":"hp-elite-x2-g8-impecable-13-reconditionne-core-i5-26ghz-8-gb-ram-256-gb-ssd-m2-3000x2000-fr-13332","status":"publish","type":"product","link":"https:\/\/zoca.es\/fr\/produit\/hp-elite-x2-g8-impecable-13-reconditionne-core-i5-26ghz-8-gb-ram-256-gb-ssd-m2-3000x2000-fr-13332\/","title":{"rendered":"HP Elite X2 G8-Impecable 13\u00a0\u00bb | Reconditionn\u00e9 | Core i5 2.6GHz | 8 GB RAM | 256 GB SSD M2 3000&#215;2000"},"content":{"rendered":"<p><strong>Processeur<\/strong><br \/>Intel Core i5 i5-1145G7 2.6 GHz.<br \/><strong>M\u00e9moire RAM<\/strong><br \/>8 Gb. SO-DDR3 RAM<br \/><strong>Disque dur<\/strong><br \/>256 Gb. SSD M2<br \/><strong>Cartes<\/strong><br \/>Graphique: Intel Irix Xe Graphics<br \/>Son: Audio Bang &amp; Olufsen<br \/><strong>Syst\u00e8me op\u00e9ratif<\/strong><br \/>Windows 11 Pro<br \/><strong>Ports<\/strong><br \/>3x USB-C<br \/><strong>\u00c9cran<\/strong><br \/>Tactile 13 \u00a0\u00bb 2K 16:10  \u00b7 R\u00e9solution 3000&#215;2000<br \/><strong>Multim\u00e9dias<\/strong><br \/>Lecteur d&#8217;empreintes<br \/>Cam\u00e9ra arri\u00e8re<br \/>Cam\u00e9ra frontale<br \/><strong>Connectivit\u00e9<\/strong><br \/>WIFI<br \/>Bluetooth<br \/>4G<br \/><strong>Autres<\/strong><br \/>hR emballage<br \/><strong>Dimensions<\/strong><br \/>29&#215;22.5&#215;2 cm.<br \/><strong>Poids<\/strong><br \/>1.15 Kg.<br \/><strong>Sp\u00e9cifications suppl\u00e9mentaires<\/strong><br \/>La HP Elite X2 G8 est une tablette 2-en-1 con\u00e7ue pour la productivit\u00e9 et la mobilit\u00e9. \u00c9quip\u00e9 d&rsquo;un puissant Intel Core i5-1145G7 \u00e0 2,6 GHz, de 8 Go de RAM SO-DDR3 et d&rsquo;un SSD M2 de 256 Go, il offre des performances fluides et efficaces dans n&rsquo;importe quel environnement.<br \/>Son \u00e9cran tactile 13 pouces 2K (3000&#215;2000) au format 16:10 garantit une exp\u00e9rience visuelle exceptionnelle, parfaite pour le travail et le divertissement. Avec Windows 11 Pro, il offre s\u00e9curit\u00e9 et fonctionnalit\u00e9s avanc\u00e9es. Comprend un clavier international avec des autocollants en espagnol pour un plus grand confort d&rsquo;\u00e9criture.<br \/>Aspect ext\u00e9rieur impeccable. Regardez dans \u00ab\u00a0+ Photos\u00a0\u00bb et si vous avez des questions, appelez-nous ou utilisez notre chat pour plus d&rsquo;informations ou pour demander plus de d\u00e9tails.<br \/><strong>Commentaires<\/strong><br \/><u>Clavier international avec autocollants Fran\u00e7ais<\/u><\/p>\n","protected":false},"excerpt":{"rendered":"<p>Intel Core i5 i5-1145G7 2.6 GHz. [TPM 2.0] \u00b7 8 Gb. SO-DDR3 RAM \u00b7 256 Gb. SSD M2 \u00b7 <strong>Windows 11 Pro<\/strong> \u00b7 Tactile 13 \u00a0\u00bb 2K 16:10\u00b7<br \/>\n<u>Clavier international avec autocollants Fran\u00e7ais<br \/>\n<\/u><\/p>\n","protected":false},"featured_media":127856,"template":"","meta":[],"product_brand":[3453],"product_cat":[3112,2302],"product_tag":[],"class_list":{"0":"post-127866","1":"product","2":"type-product","3":"status-publish","4":"has-post-thumbnail","6":"product_brand-hp","7":"product_cat-tablettes-tablettes-fr","8":"product_cat-tablettes-fr","10":"first","11":"instock","12":"taxable","13":"shipping-taxable","14":"purchasable","15":"product-type-simple"},"bundled_by":[],"bundle_stock_status":"instock","bundle_stock_quantity":1,"bundle_virtual":false,"bundle_layout":"","bundle_add_to_cart_form_location":"","bundle_editable_in_cart":false,"bundle_sold_individually_context":"","bundle_item_grouping":"","bundle_min_size":"","bundle_max_size":"","bundle_price":[],"bundled_items":[],"bundle_sell_ids":[],"exclude_global_add_ons":true,"addons":{"keyboard-iso-upgrades":{"name":"Choisir langue du clavier","type":"multiple_choice","position":0,"required":false,"title_format":"heading","default":"","description_enable":false,"description":"","placeholder_enable":false,"placeholder":"","display":"radiobutton","restrictions_type":"any_text","adjust_price":false,"price":"","price_type":"quantity_based","restrictions":false,"min":"0","max":"0","options":[{"label":"Autocollants espagnols [AMP00082]","price":"0.0000","price_type":"quantity_based","image":0,"visibility":true},{"label":"Autocollants fran\u00e7ais [AMP00084]","price":"0.0000","price_type":"quantity_based","image":0,"visibility":true},{"label":"Autocollants portugais [AMP00083]","price":"0.0000","price_type":"quantity_based","image":0,"visibility":true}]},"pencil-upgrades":{"name":"Extension Crayon","type":"multiple_choice","position":0,"required":false,"title_format":"heading","default":"","description_enable":false,"description":"","placeholder_enable":false,"placeholder":"","display":"radiobutton","restrictions_type":"any_text","adjust_price":false,"price":"","price_type":"quantity_based","restrictions":false,"min":"0","max":"0","options":[{"label":"HP Elite X2 Active Pen [AMP00092]","price":"35.0000","price_type":"quantity_based","image":0,"visibility":true}]},"os-upgrades":{"name":"Expansion SO","type":"multiple_choice","position":0,"required":false,"title_format":"heading","default":"","description_enable":false,"description":"","placeholder_enable":false,"placeholder":"","display":"radiobutton","restrictions_type":"any_text","adjust_price":false,"price":"","price_type":"quantity_based","restrictions":false,"min":"0","max":"0","options":[{"label":"Changer la langue en fran\u00e7ais [AMP00125]","price":"0.0000","price_type":"quantity_based","image":0,"visibility":true},{"label":"Changer la langue en anglais [AMP00008]","price":"0.0000","price_type":"quantity_based","image":0,"visibility":true},{"label":"Changer la langue en portugais [AMP00009]","price":"0.0000","price_type":"quantity_based","image":0,"visibility":true}]}},"df_price":498.52,"df_sale_price":"","df_regular_price":498.52,"df_image_link":"https:\/\/zoca.es\/wp-content\/uploads\/images\/product\/13332\/hp02903_01-300x225.jpg","_links":{"self":[{"href":"https:\/\/zoca.es\/fr\/wp-json\/wp\/v2\/product\/127866","targetHints":{"allow":["GET"]}}],"collection":[{"href":"https:\/\/zoca.es\/fr\/wp-json\/wp\/v2\/product"}],"about":[{"href":"https:\/\/zoca.es\/fr\/wp-json\/wp\/v2\/types\/product"}],"wp:featuredmedia":[{"embeddable":true,"href":"https:\/\/zoca.es\/fr\/wp-json\/wp\/v2\/media\/127856"}],"wp:attachment":[{"href":"https:\/\/zoca.es\/fr\/wp-json\/wp\/v2\/media?parent=127866"}],"wp:term":[{"taxonomy":"product_brand","embeddable":true,"href":"https:\/\/zoca.es\/fr\/wp-json\/wp\/v2\/product_brand?post=127866"},{"taxonomy":"product_cat","embeddable":true,"href":"https:\/\/zoca.es\/fr\/wp-json\/wp\/v2\/product_cat?post=127866"},{"taxonomy":"product_tag","embeddable":true,"href":"https:\/\/zoca.es\/fr\/wp-json\/wp\/v2\/product_tag?post=127866"}],"curies":[{"name":"wp","href":"https:\/\/api.w.org\/{rel}","templated":true}]}}