{"id":126971,"date":"2025-02-21T11:22:46","date_gmt":"2025-02-21T10:22:55","guid":{"rendered":"https:\/\/zoca.es\/producto\/hp-proliant-ml30-g9-tour-reconditionne-xeon-quad-core-3ghz-32-gb-ram-2048-gb-sas-fr-13267\/"},"modified":"2025-06-19T08:14:13","modified_gmt":"2025-06-19T07:14:13","slug":"hp-proliant-ml30-g9-tour-reconditionne-xeon-quad-core-3ghz-32-gb-ram-2048-gb-sas-fr-13267","status":"publish","type":"product","link":"https:\/\/zoca.es\/fr\/produit\/hp-proliant-ml30-g9-tour-reconditionne-xeon-quad-core-3ghz-32-gb-ram-2048-gb-sas-fr-13267\/","title":{"rendered":"HP Proliant ML30 G9 Tour | Reconditionn\u00e9 | Xeon Quad Core 3GHz | 32 GB RAM | 2048 GB SAS"},"content":{"rendered":"<p><strong>Processeur<\/strong><br \/>Intel Xeon Quad Core E3-1220 V6 3 GHz.<br \/><strong>Facteur de forme<\/strong><br \/>Tour<br \/><strong>M\u00e9moire RAM<\/strong><br \/>32 Gb. DDR4 RAM<br \/>4 emplacements (0 vide )<br \/><strong>Disque dur<\/strong><br \/>2x 2.00 Tb. SAS 2.5\u00a0\u00bb 10000rpm<br \/>8 emplacements (6 vide )<br \/><strong>Lecteur optique<\/strong><br \/>DVD<br \/><strong>Syst\u00e8me op\u00e9ratif<\/strong><br \/>&#8211; Sans SO &#8211;<br \/><strong>Ports<\/strong><br \/>2x USB 2.0<br \/>6x USB 3.0<br \/><strong>Connectivit\u00e9<\/strong><br \/>2x RJ-45<br \/><strong>Source de courant<\/strong><br \/>2x Alimentations<br \/><strong>Autres<\/strong><br \/>hR emballage<br \/><strong>Dimensions<\/strong><br \/>52x37x17.5 cm.<br \/><strong>Poids<\/strong><br \/>15.00 Kg.<br \/><strong>Sp\u00e9cifications suppl\u00e9mentaires<\/strong><br \/>Le HP ProLiant ML30 G9 est un serveur tour con\u00e7u pour les petites et moyennes entreprises qui ont besoin d&rsquo;un syst\u00e8me fiable, puissant et \u00e9volutif. Equip\u00e9 d&rsquo;un processeur Intel Xeon E3-1220 V6 Quad Core 3,0 GHz et de 32 Go de RAM DDR4, il offre des performances efficaces pour les applications professionnelles, les bases de donn\u00e9es et le stockage r\u00e9seau.<br \/>Son syst\u00e8me de stockage comprend 2 disques SAS 2,5&Prime; de 2 To chacun \u00e0 10 000 tr\/min, offrant rapidit\u00e9 et s\u00e9curit\u00e9 dans la gestion des donn\u00e9es.<br \/>Il int\u00e8gre le contr\u00f4leur HPE Smart Array P440, qui optimise les performances et la protection des donn\u00e9es gr\u00e2ce \u00e0 des fonctionnalit\u00e9s RAID avanc\u00e9es. De plus, sa capacit\u00e9 d&rsquo;extension avec 1 slot PCIe X16, 1 PCIe X4 et 2 slots PCIe X1 permet l&rsquo;int\u00e9gration de cartes suppl\u00e9mentaires pour am\u00e9liorer ses fonctionnalit\u00e9s.<br \/>Le HP ProLiant ML30 G9 allie puissance, fiabilit\u00e9 et \u00e9volutivit\u00e9 dans un design compact, ce qui en fait une solution id\u00e9ale pour les entreprises \u00e0 la recherche d&rsquo;un serveur efficace et \u00e9volutif.<br \/>Bon aspect ext\u00e9rieur. Il pr\u00e9sente des traces d&rsquo;utilisation sur le bo\u00eetier. Regardez dans \u00ab + Photos \u00bb et \u00ab Vid\u00e9o \u00bb et si vous avez des questions, appelez-nous ou utilisez notre chat pour plus d&rsquo;informations ou pour demander plus de d\u00e9tails.<br \/><strong>Commentaires<\/strong><br \/><u>HPE Smart Array P440 Controller &#8211; 1xPCIe X16 \/ 1xPCIe X4 \/ 2xPCIe X1<\/u><\/p>\n","protected":false},"excerpt":{"rendered":"<p>Intel Xeon Quad Core E3-1220 V6 3 GHz. \u00b7 32 Gb. DDR4 RAM \u00b7 4 emplacements (0 vide ) \u00b7 2x 2.00 Tb. SAS 2.5\u00a0\u00bb 10000rpm \u00b7 8 emplacements (6 vide ) \u00b7 DVD \u00b7 <u>HPE Smart Array P440 Controller &#8211; 1xPCIe X16 \/ 1xPCIe X4 \/ 2xPCIe X1<\/u><\/p>\n","protected":false},"featured_media":126955,"template":"","meta":[],"product_brand":[3453],"product_cat":[2339,2348],"product_tag":[],"class_list":{"0":"post-126971","1":"product","2":"type-product","3":"status-publish","4":"has-post-thumbnail","6":"product_brand-hp","7":"product_cat-serveurs-fr","8":"product_cat-serveurs-la-tour-fr","10":"first","11":"outofstock","12":"taxable","13":"shipping-taxable","14":"purchasable","15":"product-type-simple"},"bundled_by":[],"bundle_stock_status":"outofstock","bundle_stock_quantity":0,"bundle_virtual":false,"bundle_layout":"","bundle_add_to_cart_form_location":"","bundle_editable_in_cart":false,"bundle_sold_individually_context":"","bundle_item_grouping":"","bundle_min_size":"","bundle_max_size":"","bundle_price":[],"bundled_items":[],"bundle_sell_ids":[],"exclude_global_add_ons":true,"addons":{"ram-memory-upgrades":{"name":"Extension RAM","type":"multiple_choice","position":0,"required":false,"title_format":"heading","default":"","description_enable":false,"description":"","placeholder_enable":false,"placeholder":"","display":"radiobutton","restrictions_type":"any_text","adjust_price":false,"price":"","price_type":"quantity_based","restrictions":false,"min":"0","max":"0","options":[{"label":"Extension de 64 Gb de RAM DDR4 ECC [AMP00134]","price":"110.0000","price_type":"quantity_based","image":0,"visibility":true}]},"hdd-upgrades":{"name":"Extension disque dur","type":"multiple_choice","position":0,"required":false,"title_format":"heading","default":"","description_enable":false,"description":"","placeholder_enable":false,"placeholder":"","display":"radiobutton","restrictions_type":"any_text","adjust_price":false,"price":"","price_type":"quantity_based","restrictions":false,"min":"0","max":"0","options":[{"label":"2x disque SSD 240 Gb. [AMP00058]","price":"100.0000","price_type":"quantity_based","image":0,"visibility":true},{"label":"2x disque SSD 480 Gb. [AMP00059]","price":"200.0000","price_type":"quantity_based","image":0,"visibility":true}]}},"df_price":625.57,"df_sale_price":"","df_regular_price":625.57,"df_image_link":"https:\/\/zoca.es\/wp-content\/uploads\/images\/product\/13267\/hp02890_01-300x225.jpg","_links":{"self":[{"href":"https:\/\/zoca.es\/fr\/wp-json\/wp\/v2\/product\/126971","targetHints":{"allow":["GET"]}}],"collection":[{"href":"https:\/\/zoca.es\/fr\/wp-json\/wp\/v2\/product"}],"about":[{"href":"https:\/\/zoca.es\/fr\/wp-json\/wp\/v2\/types\/product"}],"wp:featuredmedia":[{"embeddable":true,"href":"https:\/\/zoca.es\/fr\/wp-json\/wp\/v2\/media\/126955"}],"wp:attachment":[{"href":"https:\/\/zoca.es\/fr\/wp-json\/wp\/v2\/media?parent=126971"}],"wp:term":[{"taxonomy":"product_brand","embeddable":true,"href":"https:\/\/zoca.es\/fr\/wp-json\/wp\/v2\/product_brand?post=126971"},{"taxonomy":"product_cat","embeddable":true,"href":"https:\/\/zoca.es\/fr\/wp-json\/wp\/v2\/product_cat?post=126971"},{"taxonomy":"product_tag","embeddable":true,"href":"https:\/\/zoca.es\/fr\/wp-json\/wp\/v2\/product_tag?post=126971"}],"curies":[{"name":"wp","href":"https:\/\/api.w.org\/{rel}","templated":true}]}}