{"id":126526,"date":"2025-02-14T09:51:43","date_gmt":"2025-02-14T08:51:43","guid":{"rendered":"https:\/\/zoca.es\/producto\/hp-engage-one-model-145-impecable-14-aio-reconditionne-core-i5-26ghz-8-gb-ram-128-gb-ssd-m2-fr-13237\/"},"modified":"2026-03-13T16:01:15","modified_gmt":"2026-03-13T15:01:15","slug":"hp-engage-one-model-145-impecable-14-aio-reconditionne-core-i5-26ghz-8-gb-ram-128-gb-ssd-m2-fr-13237","status":"publish","type":"product","link":"https:\/\/zoca.es\/fr\/produit\/hp-engage-one-model-145-impecable-14-aio-reconditionne-core-i5-26ghz-8-gb-ram-128-gb-ssd-m2-fr-13237\/","title":{"rendered":"HP Engage  One Model 145-Impecable 14\u00a0\u00bb AIO | Reconditionn\u00e9 | Core i5 2.6GHz | 8 GB RAM | 128 GB SSD M2"},"content":{"rendered":"<p><strong>Processeur<\/strong><br \/>Intel Core i5 7300U 2.6 GHz.<br \/><strong>Facteur de forme<\/strong><br \/>AIO<br \/><strong>M\u00e9moire RAM<\/strong><br \/>8 Gb. SO-DDR4 RAM<br \/><strong>Disque dur<\/strong><br \/>128 Gb. SSD M2<br \/><strong>Cartes<\/strong><br \/>Graphique: HD Graphics 610<br \/>Son: High Definition Audio<br \/>R\u00e9seau: Realtek PCIe GBE<br \/><strong>Syst\u00e8me op\u00e9ratif<\/strong><br \/>Windows 10 Pro<br \/><strong>Ports<\/strong><br \/>2x S\u00e9rie<br \/>4x USB 3.0<br \/>USB-C<br \/><strong>\u00c9cran<\/strong><br \/>Tactile 14 \u00a0\u00bb FullHD avec Haut-parleurs \u00b7 16:9 \u00b7 R\u00e9solution 1920&#215;1080<br \/><strong>Affichage sp\u00e9cifique<\/strong><br \/>Base<br \/><strong>Connectivit\u00e9<\/strong><br \/>RJ-45<br \/>WIFI<br \/>Bluetooth<br \/><strong>Autres<\/strong><br \/>hR emballage<br \/><strong>Dimensions<\/strong><br \/>33x31x2 cm.<br \/><strong>Poids<\/strong><br \/>7.80 Kg.<br \/><strong>Sp\u00e9cifications suppl\u00e9mentaires<\/strong><br \/>Le point de vente HP Engage One mod\u00e8le 145 allie design \u00e9l\u00e9gant, puissance et fonctionnalit\u00e9 pour offrir une solution avanc\u00e9e dans les environnements commerciaux. Equip\u00e9 d&rsquo;un processeur Intel Core i5, de 8 Go de RAM et d&rsquo;un SSD de 128 Go, il offre des performances agiles et fiables pour la gestion des ventes et des op\u00e9rations. Son \u00e9cran tactile 14\u00a0\u00bb FullHD avec haut-parleurs int\u00e9gr\u00e9s garantit une exp\u00e9rience visuelle claire et intuitive, id\u00e9ale pour une interaction fluide avec le client.Sa connectivit\u00e9 \u00e9tendue comprend 2 ports s\u00e9rie, plusieurs ports USB (2x 12V, 1x 24V et 4x USB 3.0), permettant l&rsquo;int\u00e9gration de p\u00e9riph\u00e9riques tels que des lecteurs de codes-barres, des imprimantes de tickets et des tiroirs-caisses. Avec un design compact et moderne, ce PDV est le choix parfait pour les entreprises recherchant efficacit\u00e9, fiabilit\u00e9 et esth\u00e9tique professionnelle dans leur point de vente.Aspect ext\u00e9rieur impeccable. Regardez dans \u00ab + Photos \u00bb et \u00ab Vid\u00e9o \u00bb et si vous avez des questions, appelez-nous ou utilisez notre chat pour plus d&rsquo;informations ou pour demander plus de d\u00e9tails.<br \/><strong>Commentaires<\/strong><br \/><u>2xPort S\u00e9rie \/ 2xUSB 12V \/ 1xUSB 24V \/ 4XUSB 3.0<\/u><\/p>\n","protected":false},"excerpt":{"rendered":"<p>Intel Core i5 7300U 2.6 GHz. \u00b7 8 Gb. SO-DDR4 RAM \u00b7 128 Gb. SSD M2 \u00b7 Windows 10 Pro \u00b7 Tactile 14 \u00a0\u00bb FullHD avec Haut-parleurs \u00b7 16:9 \u00b7<br \/>\n<u>2xPort S\u00e9rie \/ 2xUSB 12V \/ 1xUSB 24V \/ 4XUSB 3.0<br \/>\n<\/u><\/p>\n","protected":false},"featured_media":126495,"template":"","meta":[],"product_brand":[3453],"product_cat":[2312,2315],"product_tag":[],"class_list":{"0":"post-126526","1":"product","2":"type-product","3":"status-publish","4":"has-post-thumbnail","6":"product_brand-hp","7":"product_cat-tpv-fr","8":"product_cat-tpv-all-in-one-fr","10":"first","11":"instock","12":"sale","13":"taxable","14":"shipping-taxable","15":"purchasable","16":"product-type-simple"},"bundled_by":[],"bundle_stock_status":"instock","bundle_stock_quantity":6,"bundle_virtual":false,"bundle_layout":"","bundle_add_to_cart_form_location":"","bundle_editable_in_cart":false,"bundle_sold_individually_context":"","bundle_item_grouping":"","bundle_min_size":"","bundle_max_size":"","bundle_price":[],"bundled_items":[],"bundle_sell_ids":[],"exclude_global_add_ons":true,"addons":{"ram-memory-upgrades":{"name":"Extension RAM","type":"multiple_choice","position":0,"required":false,"title_format":"heading","default":"","description_enable":false,"description":"","placeholder_enable":false,"placeholder":"","display":"radiobutton","restrictions_type":"any_text","adjust_price":false,"price":"","price_type":"quantity_based","restrictions":false,"min":"0","max":"0","options":[{"label":"Extension de 16 Gb Gb de RAM SO-DIMM DDR4 [AMP00081]","price":"60.0000","price_type":"quantity_based","image":0,"visibility":true}]},"hdd-upgrades":{"name":"Extension disque dur","type":"multiple_choice","position":0,"required":false,"title_format":"heading","default":"","description_enable":false,"description":"","placeholder_enable":false,"placeholder":"","display":"radiobutton","restrictions_type":"any_text","adjust_price":false,"price":"","price_type":"quantity_based","restrictions":false,"min":"0","max":"0","options":[{"label":"Passez au disque SSD de 500 Gb. M.2 2280PCIe [AMP00106]","price":110,"price_type":"quantity_based","image":0,"visibility":true},{"label":"Passez au disque SSD 1 Tb. M.2 2280 PCIe [AMP00107]","price":165,"price_type":"quantity_based","image":0,"visibility":true}]},"os-upgrades":{"name":"Expansion SO","type":"multiple_choice","position":0,"required":false,"title_format":"heading","default":"","description_enable":false,"description":"","placeholder_enable":false,"placeholder":"","display":"radiobutton","restrictions_type":"any_text","adjust_price":false,"price":"","price_type":"quantity_based","restrictions":false,"min":"0","max":"0","options":[{"label":"Changer la langue en fran\u00e7ais [AMP00125]","price":"0.0000","price_type":"quantity_based","image":0,"visibility":true},{"label":"Changer la langue en anglais [AMP00008]","price":"0.0000","price_type":"quantity_based","image":0,"visibility":true},{"label":"Changer la langue en portugais [AMP00009]","price":"0.0000","price_type":"quantity_based","image":0,"visibility":true}]},"keyboard-upgrades":{"name":"Extension clavier","type":"multiple_choice","position":0,"required":false,"title_format":"heading","default":"","description_enable":false,"description":"","placeholder_enable":false,"placeholder":"","display":"radiobutton","restrictions_type":"any_text","adjust_price":false,"price":"","price_type":"quantity_based","restrictions":false,"min":"0","max":"0","options":[{"label":"Clavier et souris [AMP00020]","price":"8.0000","price_type":"quantity_based","image":0,"visibility":true},{"label":"Clavier et souris Portuguese New [AMP00088]","price":"15.0000","price_type":"quantity_based","image":0,"visibility":true},{"label":"Clavier et souris USB espagnols (Nouveau) [AMP00068]","price":"12.0000","price_type":"quantity_based","image":0,"visibility":true}]}},"df_price":430.76,"df_sale_price":430.76,"df_regular_price":479.16,"df_image_link":"https:\/\/zoca.es\/wp-content\/uploads\/images\/product\/13237\/hp02882_01-300x225.jpg","_links":{"self":[{"href":"https:\/\/zoca.es\/fr\/wp-json\/wp\/v2\/product\/126526","targetHints":{"allow":["GET"]}}],"collection":[{"href":"https:\/\/zoca.es\/fr\/wp-json\/wp\/v2\/product"}],"about":[{"href":"https:\/\/zoca.es\/fr\/wp-json\/wp\/v2\/types\/product"}],"wp:featuredmedia":[{"embeddable":true,"href":"https:\/\/zoca.es\/fr\/wp-json\/wp\/v2\/media\/126495"}],"wp:attachment":[{"href":"https:\/\/zoca.es\/fr\/wp-json\/wp\/v2\/media?parent=126526"}],"wp:term":[{"taxonomy":"product_brand","embeddable":true,"href":"https:\/\/zoca.es\/fr\/wp-json\/wp\/v2\/product_brand?post=126526"},{"taxonomy":"product_cat","embeddable":true,"href":"https:\/\/zoca.es\/fr\/wp-json\/wp\/v2\/product_cat?post=126526"},{"taxonomy":"product_tag","embeddable":true,"href":"https:\/\/zoca.es\/fr\/wp-json\/wp\/v2\/product_tag?post=126526"}],"curies":[{"name":"wp","href":"https:\/\/api.w.org\/{rel}","templated":true}]}}