{"id":125289,"date":"2025-02-04T10:45:50","date_gmt":"2025-02-04T09:45:50","guid":{"rendered":"https:\/\/zoca.es\/producto\/lot-ncr-realpos-xr7-15-pack-6-reconditionne-fr-13255\/"},"modified":"2026-02-25T09:57:46","modified_gmt":"2026-02-25T08:57:46","slug":"lot-ncr-realpos-xr7-15-pack-6-reconditionne-fr-13255","status":"publish","type":"product","link":"https:\/\/zoca.es\/fr\/produit\/lot-ncr-realpos-xr7-15-pack-6-reconditionne-fr-13255\/","title":{"rendered":"Lot NCR RealPOS XR7 15&Prime; Pack 6 | Reconditionn\u00e9"},"content":{"rendered":"<p><strong>Processeur<\/strong><br \/>Intel Core i5 4590T 2 GHz.<br \/><strong>Facteur de forme<\/strong><br \/>AIO<br \/><strong>M\u00e9moire RAM<\/strong><br \/>8 Gb. SO-DDR3 RAM<br \/><strong>Disque dur<\/strong><br \/>120 Gb. SSD<br \/><strong>Cartes<\/strong><br \/>Graphique: Intel HD 4600<br \/>Son: Realtek High Definition Audio<br \/>R\u00e9seau: Intel I217-LM<br \/><strong>Syst\u00e8me op\u00e9ratif<\/strong><br \/>Windows 10 Home<br \/><strong>Ports<\/strong><br \/>2x USB 3.0<br \/><strong>\u00c9cran<\/strong><br \/>Tactile 15 \u00a0\u00bb HD 4:3 \u00b7 R\u00e9solution 1024&#215;768<br \/><strong>Ports vid\u00e9o<\/strong><br \/>HDMI<br \/>Display Port<br \/><strong>Multim\u00e9dias<\/strong><br \/>Webcam<br \/><strong>Affichage sp\u00e9cifique<\/strong><br \/>Stand VESA<br \/>Chargeur externe<br \/>Base<br \/><strong>Connectivit\u00e9<\/strong><br \/>RJ-45<br \/><strong>Autres<\/strong><br \/>hR emballage<br \/><strong>Dimensions<\/strong><br \/>42x40x40 cm.<br \/><strong>Poids<\/strong><br \/>7.00 Kg.<br \/><strong>Sp\u00e9cifications suppl\u00e9mentaires<\/strong><br \/>Le point de vente tout-en-un NCR RealPOS XR7 est une solution id\u00e9ale pour les environnements commerciaux et les points de vente, alliant fonctionnalit\u00e9 et design compact. Son \u00e9cran tactile HD de 15 pouces (r\u00e9solution 1024&#215;768) au format 4:3 permet une interaction fluide optimis\u00e9e pour les applications PLV. Equip\u00e9 d&rsquo;un processeur Intel Core i5 4590T \u00e0 2 GHz et de 8 Go de RAM DDR3, il offre les performances n\u00e9cessaires pour g\u00e9rer les op\u00e9rations commerciales de mani\u00e8re rapide et efficace. Ce PC dispose d&rsquo;un SSD de 120 Go, permettant un d\u00e9marrage rapide et un stockage fiable pour les donn\u00e9es critiques de l&rsquo;entreprise. Sa polyvalence est \u00e9tendue avec plusieurs ports USB : trois USB 2.0 12 V, un USB 2.0 24 V et deux USB 3.0, permettant de connecter facilement des p\u00e9riph\u00e9riques tels que des imprimantes ou des lecteurs de codes-barres. De plus, il int\u00e8gre un port tiroir-caisse d\u00e9di\u00e9, compl\u00e9tant un poste de travail de point de vente complet et efficace. Avec Windows 10 Famille pr\u00e9install\u00e9, c&rsquo;est une solution fiable et facile \u00e0 int\u00e9grer dans l&rsquo;environnement professionnel. Bon aspect ext\u00e9rieur. Regardez dans \u00ab + Photos \u00bb et \u00ab Vid\u00e9o \u00bb et si vous avez des questions, appelez-nous ou utilisez notre chat pour plus d&rsquo;informations ou pour demander plus de d\u00e9tails.<br \/><strong>Commentaires<\/strong><br \/><u>3xUSB 2.0 12V \/ 1xUSB 2.0 24V \/ 2xUSB 3.0 \u2013 1xPort tiroir-caisse<\/u><\/p>\n","protected":false},"excerpt":{"rendered":"<p><strong>Pack 6 unit\u00e9s:<\/strong> Intel Core i5 4590T 2 GHz. \u00b7 8 Gb. SO-DDR3 RAM \u00b7 120 Gb. SSD \u00b7 Windows 10 Home \u00b7 Tactile 15 \u00a0\u00bb HD 4:3\u00b7<br \/>\n<u>3xUSB 2.0 12V \/ 1xUSB 2.0 24V \/ 2xUSB 3.0 \u2013 1xPort tiroir-caisse<\/u><\/p>\n","protected":false},"featured_media":125261,"template":"","meta":[],"product_brand":[3448],"product_cat":[2312,2315],"product_tag":[],"class_list":{"0":"post-125289","1":"product","2":"type-product","3":"status-publish","4":"has-post-thumbnail","6":"product_brand-ncr","7":"product_cat-tpv-fr","8":"product_cat-tpv-all-in-one-fr","10":"first","11":"outofstock","12":"taxable","13":"shipping-taxable","14":"purchasable","15":"product-type-simple"},"bundled_by":[],"bundle_stock_status":"outofstock","bundle_stock_quantity":0,"bundle_virtual":false,"bundle_layout":"","bundle_add_to_cart_form_location":"","bundle_editable_in_cart":false,"bundle_sold_individually_context":"","bundle_item_grouping":"","bundle_min_size":"","bundle_max_size":"","bundle_price":[],"bundled_items":[],"bundle_sell_ids":[],"exclude_global_add_ons":[],"addons":[],"df_price":1778.7,"df_sale_price":"","df_regular_price":1778.7,"df_image_link":"https:\/\/zoca.es\/wp-content\/uploads\/images\/product\/13255\/ncr00014_01-300x225.jpg","_links":{"self":[{"href":"https:\/\/zoca.es\/fr\/wp-json\/wp\/v2\/product\/125289","targetHints":{"allow":["GET"]}}],"collection":[{"href":"https:\/\/zoca.es\/fr\/wp-json\/wp\/v2\/product"}],"about":[{"href":"https:\/\/zoca.es\/fr\/wp-json\/wp\/v2\/types\/product"}],"wp:featuredmedia":[{"embeddable":true,"href":"https:\/\/zoca.es\/fr\/wp-json\/wp\/v2\/media\/125261"}],"wp:attachment":[{"href":"https:\/\/zoca.es\/fr\/wp-json\/wp\/v2\/media?parent=125289"}],"wp:term":[{"taxonomy":"product_brand","embeddable":true,"href":"https:\/\/zoca.es\/fr\/wp-json\/wp\/v2\/product_brand?post=125289"},{"taxonomy":"product_cat","embeddable":true,"href":"https:\/\/zoca.es\/fr\/wp-json\/wp\/v2\/product_cat?post=125289"},{"taxonomy":"product_tag","embeddable":true,"href":"https:\/\/zoca.es\/fr\/wp-json\/wp\/v2\/product_tag?post=125289"}],"curies":[{"name":"wp","href":"https:\/\/api.w.org\/{rel}","templated":true}]}}