{"id":125032,"date":"2025-01-30T17:15:50","date_gmt":"2025-01-30T16:15:50","guid":{"rendered":"https:\/\/zoca.es\/producto\/telephonie-cisco-ip-phone-7975-reconditionne-fr-1622\/"},"modified":"2026-02-25T09:36:34","modified_gmt":"2026-02-25T08:36:34","slug":"telephonie-cisco-ip-phone-7975-reconditionne-fr-1622","status":"publish","type":"product","link":"https:\/\/zoca.es\/fr\/produit\/telephonie-cisco-ip-phone-7975-reconditionne-fr-1622\/","title":{"rendered":"T\u00e9l\u00e9phonie CISCO IP Phone 7975 | Reconditionn\u00e9"},"content":{"rendered":"<p><b>Protocoles pris en charge\u00a0:<\/b><br \/>SCCP, SIP<br \/><b>Aucune ligne\u00a0:<\/b><br \/>8<br \/><b>Prenez l&rsquo;ordinateur\u00a0:<\/b><br \/>2 ports Ethernet 10\/100\/1000 PoE<br \/><b>Afficher:<\/b><br \/>\u00c9cran tactile couleur<br \/><b>Entr\u00e9e casque :<\/b><br \/>Ouais. Prise 3,5 mm.<br \/><b>Prise en charge PoE\u00a0:<\/b><br \/>Ouais.<br \/><b>Dimensions:<\/b><br \/>203 x 267 x 153 mm.<br \/><b>Poids:<\/b><br \/>1,6 kg.<br \/><b>Autres:<\/b><br \/>Licence non incluse<br \/>Possibilit\u00e9 d&rsquo;inclure CISCO et Generic Firmware<\/p>\n","protected":false},"excerpt":{"rendered":"<p>SCCP, SIP &#8211; 8 lignes &#8211; \u00c9cran tactile couleur &#8211; 2 ports Ethernet 10\/100\/1000 PoE &#8211; Prise casque &#8211; Support PoE<\/p>\n","protected":false},"featured_media":125028,"template":"","meta":[],"product_brand":[3477],"product_cat":[3220,80],"product_tag":[],"class_list":{"0":"post-125032","1":"product","2":"type-product","3":"status-publish","4":"has-post-thumbnail","6":"product_brand-cisco","7":"product_cat-networking-telephonie-ip-fr","8":"product_cat-networking-fr","10":"first","11":"instock","12":"taxable","13":"shipping-taxable","14":"purchasable","15":"product-type-simple"},"bundled_by":[],"bundle_stock_status":"instock","bundle_stock_quantity":62,"bundle_virtual":false,"bundle_layout":"","bundle_add_to_cart_form_location":"","bundle_editable_in_cart":false,"bundle_sold_individually_context":"","bundle_item_grouping":"","bundle_min_size":"","bundle_max_size":"","bundle_price":[],"bundled_items":[],"bundle_sell_ids":[],"exclude_global_add_ons":[],"addons":[],"df_price":119.79,"df_sale_price":"","df_regular_price":119.79,"df_image_link":"https:\/\/zoca.es\/wp-content\/uploads\/images\/product\/1622\/cisc00009_01-300x225.jpg","_links":{"self":[{"href":"https:\/\/zoca.es\/fr\/wp-json\/wp\/v2\/product\/125032","targetHints":{"allow":["GET"]}}],"collection":[{"href":"https:\/\/zoca.es\/fr\/wp-json\/wp\/v2\/product"}],"about":[{"href":"https:\/\/zoca.es\/fr\/wp-json\/wp\/v2\/types\/product"}],"wp:featuredmedia":[{"embeddable":true,"href":"https:\/\/zoca.es\/fr\/wp-json\/wp\/v2\/media\/125028"}],"wp:attachment":[{"href":"https:\/\/zoca.es\/fr\/wp-json\/wp\/v2\/media?parent=125032"}],"wp:term":[{"taxonomy":"product_brand","embeddable":true,"href":"https:\/\/zoca.es\/fr\/wp-json\/wp\/v2\/product_brand?post=125032"},{"taxonomy":"product_cat","embeddable":true,"href":"https:\/\/zoca.es\/fr\/wp-json\/wp\/v2\/product_cat?post=125032"},{"taxonomy":"product_tag","embeddable":true,"href":"https:\/\/zoca.es\/fr\/wp-json\/wp\/v2\/product_tag?post=125032"}],"curies":[{"name":"wp","href":"https:\/\/api.w.org\/{rel}","templated":true}]}}