{"id":122088,"date":"2024-12-11T13:16:00","date_gmt":"2024-12-11T12:16:00","guid":{"rendered":"https:\/\/zoca.es\/producto\/lenovo-thinkpad-l13-gen-1-133-reconditionne-core-i5-17ghz-8-gb-ram-240-gb-ssd-m2-1920x1080-fr-11714\/"},"modified":"2026-02-25T10:27:13","modified_gmt":"2026-02-25T09:27:13","slug":"lenovo-thinkpad-l13-gen-1-133-reconditionne-core-i5-17ghz-8-gb-ram-240-gb-ssd-m2-1920x1080-fr-11714","status":"publish","type":"product","link":"https:\/\/zoca.es\/fr\/produit\/lenovo-thinkpad-l13-gen-1-133-reconditionne-core-i5-17ghz-8-gb-ram-240-gb-ssd-m2-1920x1080-fr-11714\/","title":{"rendered":"Lenovo Thinkpad L13 Gen 1 13.3\u00a0\u00bb | Reconditionn\u00e9 | Core i5 1.7GHz | 8 GB RAM | 240 GB SSD M2 1920&#215;1080"},"content":{"rendered":"<p><strong>Processeur<\/strong><br \/>Intel Core i5 10310U 1.7 GHz.<br \/><strong>M\u00e9moire RAM<\/strong><br \/>8 Gb. SO-DDR4 RAM<br \/><strong>Disque dur<\/strong><br \/>240 Gb. SSD M2<br \/><strong>Cartes<\/strong><br \/>Graphique: Intel UHD Graphics<br \/>Son: Synaptics Audio<br \/><strong>Syst\u00e8me op\u00e9ratif<\/strong><br \/>Windows 10 Pro<br \/><strong>Ports<\/strong><br \/>USB-C<br \/>2x USB 3.1<br \/><strong>\u00c9cran<\/strong><br \/>IPS 13.3 \u00a0\u00bb FullHD 16:9  \u00b7 R\u00e9solution 1920&#215;1080<br \/><strong>Ports vid\u00e9o<\/strong><br \/>HDMI<br \/><strong>Multim\u00e9dias<\/strong><br \/>Webcam<br \/>Lecteur SD<br \/><strong>Connectivit\u00e9<\/strong><br \/>WIFI<br \/>Bluetooth<br \/><strong>Notebook sp\u00e9cifique<\/strong><br \/>Langue du clavier International (autocollants espagnols)<br \/><strong>Autres<\/strong><br \/>hR emballage<br \/><strong>Dimensions<\/strong><br \/>31x21x17 cm.<br \/><strong>Poids<\/strong><br \/>1.38 Kg.<br \/><strong>Sp\u00e9cifications suppl\u00e9mentaires<\/strong><br \/>L\u00e9g\u00e8res marques sur le bo\u00eetier. Il y a une petite d\u00e9chirure \u00e0 c\u00f4t\u00e9 du trackpad et quelques petites marques d&rsquo;usure sur le cache de l&rsquo;\u00e9cran. Cela n\u2019affecte en rien les fonctionnalit\u00e9s de l\u2019ordinateur portable. Toutes ses fonctionnalit\u00e9s sont op\u00e9rationnelles. Sans aucun doute une belle opportunit\u00e9. Regardez dans \u00ab + Photos \u00bb et \u00ab Vid\u00e9o \u00bb et si vous avez des questions, appelez-nous ou utilisez notre chat pour plus d&rsquo;informations ou pour demander plus de d\u00e9tails.<\/p>\n<p><strong>Commentaires<\/strong><br \/><u>Clavier international avec autocollants fran\u00e7ais &#8211; L\u00e9g\u00e8res marques sur le bo\u00eetier (Voir<\/u><\/p>\n","protected":false},"excerpt":{"rendered":"<p>Intel Core i5 10310U 1.7 GHz. [TPM 2.0] \u00b7 8 Gb. SO-DDR4 RAM \u00b7 240 Gb. SSD M2 \u00b7 Windows 10 Pro \u00b7 IPS 13.3 \u00a0\u00bb FullHD 16:9\u00b7<br \/>\n<u>Clavier international avec autocollants fran\u00e7ais &#8211; L\u00e9g\u00e8res marques sur le bo\u00eetier (Voir \u00ab\u00a0+ Photos\u00a0\u00bb)<br \/>\n<\/u><\/p>\n","protected":false},"featured_media":122054,"template":"","meta":[],"product_brand":[3452],"product_cat":[2254,3121],"product_tag":[],"class_list":{"0":"post-122088","1":"product","2":"type-product","3":"status-publish","4":"has-post-thumbnail","6":"product_brand-lenovo","7":"product_cat-notebooks-fr","8":"product_cat-notebooks-notebooks-fr","10":"first","11":"outofstock","12":"taxable","13":"shipping-taxable","14":"purchasable","15":"product-type-simple"},"bundled_by":[],"bundle_stock_status":"outofstock","bundle_stock_quantity":0,"bundle_virtual":false,"bundle_layout":"","bundle_add_to_cart_form_location":"","bundle_editable_in_cart":false,"bundle_sold_individually_context":"","bundle_item_grouping":"","bundle_min_size":"","bundle_max_size":"","bundle_price":[],"bundled_items":[],"bundle_sell_ids":[],"exclude_global_add_ons":true,"addons":{"keyboard-iso-upgrades":{"name":"Choisir langue du clavier","type":"multiple_choice","position":0,"required":false,"title_format":"heading","default":"","description_enable":false,"description":"","placeholder_enable":false,"placeholder":"","display":"radiobutton","restrictions_type":"any_text","adjust_price":false,"price":"","price_type":"quantity_based","restrictions":false,"min":"0","max":"0","options":[{"label":"Autocollants espagnols [AMP00082]","price":"0.0000","price_type":"quantity_based","image":0,"visibility":true},{"label":"Autocollants fran\u00e7ais [AMP00084]","price":"0.0000","price_type":"quantity_based","image":0,"visibility":true},{"label":"Autocollants portugais [AMP00083]","price":"0.0000","price_type":"quantity_based","image":0,"visibility":true}]},"hdd-upgrades":{"name":"Extension disque dur","type":"multiple_choice","position":0,"required":false,"title_format":"heading","default":"","description_enable":false,"description":"","placeholder_enable":false,"placeholder":"","display":"radiobutton","restrictions_type":"any_text","adjust_price":false,"price":"","price_type":"quantity_based","restrictions":false,"min":"0","max":"0","options":[{"label":"Passez au disque SSD de 500 Gb. M.2 2280PCIe [AMP00106]","price":110,"price_type":"quantity_based","image":0,"visibility":true},{"label":"Passez au disque SSD 1 Tb. M.2 2280 PCIe [AMP00107]","price":165,"price_type":"quantity_based","image":0,"visibility":true}]},"os-upgrades":{"name":"Expansion SO","type":"multiple_choice","position":0,"required":false,"title_format":"heading","default":"","description_enable":false,"description":"","placeholder_enable":false,"placeholder":"","display":"radiobutton","restrictions_type":"any_text","adjust_price":false,"price":"","price_type":"quantity_based","restrictions":false,"min":"0","max":"0","options":[{"label":"Changer la langue en fran\u00e7ais [AMP00125]","price":"0.0000","price_type":"quantity_based","image":0,"visibility":true},{"label":"Changer la langue en anglais [AMP00008]","price":"0.0000","price_type":"quantity_based","image":0,"visibility":true},{"label":"Changer la langue en portugais [AMP00009]","price":"0.0000","price_type":"quantity_based","image":0,"visibility":true},{"label":"MAR Windows 11 PRO [AMP00145]","price":"30.0000","price_type":"quantity_based","image":0,"visibility":true}]},"briefcase-upgrades":{"name":"Porte-documents","type":"multiple_choice","position":0,"required":false,"title_format":"heading","default":"","description_enable":false,"description":"","placeholder_enable":false,"placeholder":"","display":"radiobutton","restrictions_type":"any_text","adjust_price":false,"price":"","price_type":"quantity_based","restrictions":false,"min":"0","max":"0","options":[{"label":"Mallette Notebook [AMP00041]","price":"5.0000","price_type":"quantity_based","image":0,"visibility":true}]}},"df_price":281.93,"df_sale_price":"","df_regular_price":281.93,"df_image_link":"https:\/\/zoca.es\/wp-content\/uploads\/images\/product\/11714\/leno00842_01-300x225.jpg","_links":{"self":[{"href":"https:\/\/zoca.es\/fr\/wp-json\/wp\/v2\/product\/122088","targetHints":{"allow":["GET"]}}],"collection":[{"href":"https:\/\/zoca.es\/fr\/wp-json\/wp\/v2\/product"}],"about":[{"href":"https:\/\/zoca.es\/fr\/wp-json\/wp\/v2\/types\/product"}],"wp:featuredmedia":[{"embeddable":true,"href":"https:\/\/zoca.es\/fr\/wp-json\/wp\/v2\/media\/122054"}],"wp:attachment":[{"href":"https:\/\/zoca.es\/fr\/wp-json\/wp\/v2\/media?parent=122088"}],"wp:term":[{"taxonomy":"product_brand","embeddable":true,"href":"https:\/\/zoca.es\/fr\/wp-json\/wp\/v2\/product_brand?post=122088"},{"taxonomy":"product_cat","embeddable":true,"href":"https:\/\/zoca.es\/fr\/wp-json\/wp\/v2\/product_cat?post=122088"},{"taxonomy":"product_tag","embeddable":true,"href":"https:\/\/zoca.es\/fr\/wp-json\/wp\/v2\/product_tag?post=122088"}],"curies":[{"name":"wp","href":"https:\/\/api.w.org\/{rel}","templated":true}]}}