{"id":122025,"date":"2024-12-11T11:07:34","date_gmt":"2024-12-11T10:07:34","guid":{"rendered":"https:\/\/zoca.es\/producto\/switch-cisco-2921-k9-v03-reconditionne-fr-11895\/"},"modified":"2026-02-25T10:20:03","modified_gmt":"2026-02-25T09:20:03","slug":"switch-cisco-2921-k9-v03-reconditionne-fr-11895","status":"publish","type":"product","link":"https:\/\/zoca.es\/fr\/produit\/switch-cisco-2921-k9-v03-reconditionne-fr-11895\/","title":{"rendered":"Switch CISCO 2921-K9 V03 | Reconditionn\u00e9"},"content":{"rendered":"<p><strong>G\u00e9n\u00e9rale imprimante<\/strong><br \/>Switch<br \/><strong>Ports r\u00e9seau<\/strong><br \/>3x Ethernet 1000 Mbps.<br \/><strong>Autres<\/strong><br \/>hR emballage<br \/><strong>Dimensions<\/strong><br \/>47x44x9 cm.<br \/><strong>Poids<\/strong><br \/>13.50 Kg.<br \/><strong>Sp\u00e9cifications suppl\u00e9mentaires<\/strong><br \/>Bon aspect ext\u00e9rieur. Si vous avez des questions, appelez-nous ou utilisez notre chat pour plus d&rsquo;informations ou pour demander plus de d\u00e9tails.<\/p>\n<p><strong>Commentaires<\/strong><br \/><u>3&#215;10\/100\/1000Base-T RJ45 &#8211; Gestion : 1x Console RJ-45 \/ 1x Console mini-USB Type B &#8211; S\u00e9rie : 1x RJ-45 auxiliaire \/ USB : 2x USB Type A 4 broches \/ 1x SFP (mini-GBIC)<\/u><\/p>\n","protected":false},"excerpt":{"rendered":"<p>3 ports Ethernet 10\/100\/1000 int\u00e9gr\u00e9s avec 1 port RJ-45 ou SFP1 emplacement pour module de service4 emplacements pour carte d&rsquo;interface WAN haute vitesse am\u00e9lior\u00e9e (EHWIC)3 emplacements pour processeur de signal num\u00e9rique int\u00e9gr\u00e9s1 emplacement de module de service interne pour les services d&rsquo;applicationModule de distribution d&rsquo;alimentation enti\u00e8rement int\u00e9gr\u00e9, y compris Power over Ethernet (PoE) 802.3af et Cisco Enhanced PoE<\/p>\n","protected":false},"featured_media":122021,"template":"","meta":[],"product_brand":[3477],"product_cat":[3211,3220,80],"product_tag":[],"class_list":{"0":"post-122025","1":"product","2":"type-product","3":"status-publish","4":"has-post-thumbnail","6":"product_brand-cisco","7":"product_cat-networking-switches-fr","8":"product_cat-networking-telephonie-ip-fr","9":"product_cat-networking-fr","11":"first","12":"instock","13":"taxable","14":"shipping-taxable","15":"purchasable","16":"product-type-simple"},"bundled_by":[],"bundle_stock_status":"instock","bundle_stock_quantity":2,"bundle_virtual":false,"bundle_layout":"","bundle_add_to_cart_form_location":"","bundle_editable_in_cart":false,"bundle_sold_individually_context":"","bundle_item_grouping":"","bundle_min_size":"","bundle_max_size":"","bundle_price":[],"bundled_items":[],"bundle_sell_ids":[],"exclude_global_add_ons":[],"addons":[],"df_price":284.35,"df_sale_price":"","df_regular_price":284.35,"df_image_link":"https:\/\/zoca.es\/wp-content\/uploads\/images\/product\/11895\/cisc00058_01-300x225.jpg","_links":{"self":[{"href":"https:\/\/zoca.es\/fr\/wp-json\/wp\/v2\/product\/122025","targetHints":{"allow":["GET"]}}],"collection":[{"href":"https:\/\/zoca.es\/fr\/wp-json\/wp\/v2\/product"}],"about":[{"href":"https:\/\/zoca.es\/fr\/wp-json\/wp\/v2\/types\/product"}],"wp:featuredmedia":[{"embeddable":true,"href":"https:\/\/zoca.es\/fr\/wp-json\/wp\/v2\/media\/122021"}],"wp:attachment":[{"href":"https:\/\/zoca.es\/fr\/wp-json\/wp\/v2\/media?parent=122025"}],"wp:term":[{"taxonomy":"product_brand","embeddable":true,"href":"https:\/\/zoca.es\/fr\/wp-json\/wp\/v2\/product_brand?post=122025"},{"taxonomy":"product_cat","embeddable":true,"href":"https:\/\/zoca.es\/fr\/wp-json\/wp\/v2\/product_cat?post=122025"},{"taxonomy":"product_tag","embeddable":true,"href":"https:\/\/zoca.es\/fr\/wp-json\/wp\/v2\/product_tag?post=122025"}],"curies":[{"name":"wp","href":"https:\/\/api.w.org\/{rel}","templated":true}]}}