{"id":121733,"date":"2024-12-05T17:34:27","date_gmt":"2024-12-05T16:34:27","guid":{"rendered":"https:\/\/zoca.es\/producto\/point-dacces-cisco-air-cap2602e-e-k9-v01-reconditionne-fr-12456\/"},"modified":"2026-03-02T00:10:13","modified_gmt":"2026-03-01T23:10:13","slug":"point-dacces-cisco-air-cap2602e-e-k9-v01-reconditionne-fr-12456","status":"publish","type":"product","link":"https:\/\/zoca.es\/fr\/produit\/point-dacces-cisco-air-cap2602e-e-k9-v01-reconditionne-fr-12456\/","title":{"rendered":"Point d&rsquo;acc\u00e8s CISCO AIR-CAP2602E-E-K9 v01 | Reconditionn\u00e9"},"content":{"rendered":"<p><strong>G\u00e9n\u00e9rale imprimante<\/strong><br \/>Point d&rsquo;acc\u00e8s<br \/><strong>Ports r\u00e9seau<\/strong><br \/>Ethernet 1000 Mbps.<br \/><strong>Dimensions<\/strong><br \/>22.5&#215;22.5&#215;5 cm.<br \/><strong>Poids<\/strong><br \/>1.20 Kg.<br \/><strong>Sp\u00e9cifications suppl\u00e9mentaires<\/strong><br \/>Le Cisco AIR-CAP2602E-E-K9 v01 est un point d&rsquo;acc\u00e8s sans fil 802.11n hautes performances con\u00e7u pour les environnements d&rsquo;entreprise. Il dispose de deux radios (2,4 GHz et 5 GHz), prend en charge 3&#215;4 MIMO et offre une vitesse allant jusqu&rsquo;\u00e0 450 Mbps. Utilisez des antennes externes pour une plus grande flexibilit\u00e9 et optimisation de la couverture. Il offre des fonctions avanc\u00e9es telles que la formation de faisceaux, la d\u00e9tection d&rsquo;interf\u00e9rences et la gestion centralis\u00e9e \u00e0 l&rsquo;aide des contr\u00f4leurs Cisco. Il est id\u00e9al pour les d\u00e9ploiements r\u00e9seau avec des besoins de performances \u00e9lev\u00e9s et une densit\u00e9 d&rsquo;utilisateurs mod\u00e9r\u00e9e.<\/p>\n<p><strong>Commentaires<\/strong><br \/><u>2,4\/5 GHz &#8211; PoE &#8211; 1xGigabit Ethernet &#8211; WiFi &#8211; Antenne non incluse<\/u><\/p>\n","protected":false},"excerpt":{"rendered":"<p>Point d&rsquo;acc\u00e8s \u00b7 Ethernet 1000 Mbps. \u00b7 <u>2,4\/5 GHz &#8211; PoE &#8211; 1xGigabit Ethernet &#8211; WiFi &#8211; Antenne non incluse<\/u><\/p>\n","protected":false},"featured_media":121729,"template":"","meta":[],"product_brand":[3477],"product_cat":[3217,80],"product_tag":[3295,3291],"class_list":{"0":"post-121733","1":"product","2":"type-product","3":"status-publish","4":"has-post-thumbnail","6":"product_brand-cisco","7":"product_cat-networking-wireless-fr","8":"product_cat-networking-fr","9":"product_tag-navidad","10":"product_tag-oferta-permanente","12":"first","13":"instock","14":"sale","15":"taxable","16":"shipping-taxable","17":"purchasable","18":"product-type-simple"},"bundled_by":[],"bundle_stock_status":"instock","bundle_stock_quantity":51,"bundle_virtual":false,"bundle_layout":"","bundle_add_to_cart_form_location":"","bundle_editable_in_cart":false,"bundle_sold_individually_context":"","bundle_item_grouping":"","bundle_min_size":"","bundle_max_size":"","bundle_price":[],"bundled_items":[],"bundle_sell_ids":[],"exclude_global_add_ons":[],"addons":[],"df_price":42.35,"df_sale_price":42.35,"df_regular_price":50.82,"df_image_link":"https:\/\/zoca.es\/wp-content\/uploads\/images\/product\/12456\/cisc00065_01-300x225.jpg","_links":{"self":[{"href":"https:\/\/zoca.es\/fr\/wp-json\/wp\/v2\/product\/121733","targetHints":{"allow":["GET"]}}],"collection":[{"href":"https:\/\/zoca.es\/fr\/wp-json\/wp\/v2\/product"}],"about":[{"href":"https:\/\/zoca.es\/fr\/wp-json\/wp\/v2\/types\/product"}],"wp:featuredmedia":[{"embeddable":true,"href":"https:\/\/zoca.es\/fr\/wp-json\/wp\/v2\/media\/121729"}],"wp:attachment":[{"href":"https:\/\/zoca.es\/fr\/wp-json\/wp\/v2\/media?parent=121733"}],"wp:term":[{"taxonomy":"product_brand","embeddable":true,"href":"https:\/\/zoca.es\/fr\/wp-json\/wp\/v2\/product_brand?post=121733"},{"taxonomy":"product_cat","embeddable":true,"href":"https:\/\/zoca.es\/fr\/wp-json\/wp\/v2\/product_cat?post=121733"},{"taxonomy":"product_tag","embeddable":true,"href":"https:\/\/zoca.es\/fr\/wp-json\/wp\/v2\/product_tag?post=121733"}],"curies":[{"name":"wp","href":"https:\/\/api.w.org\/{rel}","templated":true}]}}