{"id":121687,"date":"2024-12-05T11:10:23","date_gmt":"2024-12-05T10:10:23","guid":{"rendered":"https:\/\/zoca.es\/producto\/point-dacces-cisco-air-cap3702e-e-k9-v5-reconditionne-fr-12460\/"},"modified":"2026-02-25T10:09:15","modified_gmt":"2026-02-25T09:09:15","slug":"point-dacces-cisco-air-cap3702e-e-k9-v5-reconditionne-fr-12460","status":"publish","type":"product","link":"https:\/\/zoca.es\/fr\/produit\/point-dacces-cisco-air-cap3702e-e-k9-v5-reconditionne-fr-12460\/","title":{"rendered":"Point d&rsquo;acc\u00e8s CISCO AIR-CAP3702E-E-K9 V5 | Reconditionn\u00e9"},"content":{"rendered":"<p><strong>G\u00e9n\u00e9rale imprimante<\/strong><br \/>Point d&rsquo;acc\u00e8s<br \/><strong>Dimensions<\/strong><br \/>22x22x6 cm.<br \/><strong>Poids<\/strong><br \/>1.10 Kg.<br \/><strong>Sp\u00e9cifications suppl\u00e9mentaires<\/strong><br \/>Le Cisco AIR-CAP3702E-E-K9 V5 est un point d&rsquo;acc\u00e8s sans fil d&rsquo;entreprise qui prend en charge 802.11ac Wave 2, avec deux radios (2,4 GHz et 5 GHz) et des antennes externes. Il offre des vitesses allant jusqu&rsquo;\u00e0 1,9 Gbit\/s, avec prise en charge de MU-MIMO, de la formation de faisceaux et de hautes performances dans des concentrations denses de clients. Il est id\u00e9al pour les d\u00e9ploiements n\u00e9cessitant une capacit\u00e9 \u00e9lev\u00e9e, une s\u00e9curit\u00e9 avanc\u00e9e et une gestion centralis\u00e9e via les contr\u00f4leurs Cisco. Il offre des ports Gigabit Ethernet et de gestion, en plus de disposer d&rsquo;une interface USB pour d&rsquo;\u00e9ventuelles utilisations futures.<\/p>\n<p><strong>Commentaires<\/strong><br \/><u>2,4\/5 GHz &#8211; PoE &#8211; 1xGigabit Ethernet &#8211; 1&#215;10\/100\/1000 Gestion &#8211; Antennes non incluses<\/u><\/p>\n","protected":false},"excerpt":{"rendered":"<p>Point d&rsquo;acc\u00e8s \u00b7 <u>2,4\/5 GHz &#8211; PoE &#8211; 1xGigabit Ethernet &#8211; 1&#215;10\/100\/1000 Gestion &#8211; Antennes non incluses<\/u><\/p>\n","protected":false},"featured_media":121683,"template":"","meta":[],"product_brand":[3477],"product_cat":[3217,80],"product_tag":[],"class_list":{"0":"post-121687","1":"product","2":"type-product","3":"status-publish","4":"has-post-thumbnail","6":"product_brand-cisco","7":"product_cat-networking-wireless-fr","8":"product_cat-networking-fr","10":"first","11":"instock","12":"taxable","13":"shipping-taxable","14":"purchasable","15":"product-type-simple"},"bundled_by":[],"bundle_stock_status":"instock","bundle_stock_quantity":14,"bundle_virtual":false,"bundle_layout":"","bundle_add_to_cart_form_location":"","bundle_editable_in_cart":false,"bundle_sold_individually_context":"","bundle_item_grouping":"","bundle_min_size":"","bundle_max_size":"","bundle_price":[],"bundled_items":[],"bundle_sell_ids":[],"exclude_global_add_ons":[],"addons":[],"df_price":42.35,"df_sale_price":"","df_regular_price":42.35,"df_image_link":"https:\/\/zoca.es\/wp-content\/uploads\/images\/product\/12460\/cisc00067_01-300x225.jpg","_links":{"self":[{"href":"https:\/\/zoca.es\/fr\/wp-json\/wp\/v2\/product\/121687","targetHints":{"allow":["GET"]}}],"collection":[{"href":"https:\/\/zoca.es\/fr\/wp-json\/wp\/v2\/product"}],"about":[{"href":"https:\/\/zoca.es\/fr\/wp-json\/wp\/v2\/types\/product"}],"wp:featuredmedia":[{"embeddable":true,"href":"https:\/\/zoca.es\/fr\/wp-json\/wp\/v2\/media\/121683"}],"wp:attachment":[{"href":"https:\/\/zoca.es\/fr\/wp-json\/wp\/v2\/media?parent=121687"}],"wp:term":[{"taxonomy":"product_brand","embeddable":true,"href":"https:\/\/zoca.es\/fr\/wp-json\/wp\/v2\/product_brand?post=121687"},{"taxonomy":"product_cat","embeddable":true,"href":"https:\/\/zoca.es\/fr\/wp-json\/wp\/v2\/product_cat?post=121687"},{"taxonomy":"product_tag","embeddable":true,"href":"https:\/\/zoca.es\/fr\/wp-json\/wp\/v2\/product_tag?post=121687"}],"curies":[{"name":"wp","href":"https:\/\/api.w.org\/{rel}","templated":true}]}}