{"id":121681,"date":"2024-12-05T10:47:54","date_gmt":"2024-12-05T09:47:54","guid":{"rendered":"https:\/\/zoca.es\/producto\/switch-cisco-air-ct5760-ha-k9-wireless-controller-reconditionne-fr-12485\/"},"modified":"2026-02-25T10:09:10","modified_gmt":"2026-02-25T09:09:10","slug":"switch-cisco-air-ct5760-ha-k9-wireless-controller-reconditionne-fr-12485","status":"publish","type":"product","link":"https:\/\/zoca.es\/fr\/produit\/switch-cisco-air-ct5760-ha-k9-wireless-controller-reconditionne-fr-12485\/","title":{"rendered":"Switch CISCO AIR-CT5760-HA-K9 Wireless Controller | Reconditionn\u00e9"},"content":{"rendered":"<p><strong>G\u00e9n\u00e9rale imprimante<\/strong><br \/>Switch<br \/><strong>Ports r\u00e9seau<\/strong><br \/>3x Ethernet 1000 Mbps.<br \/>6x Fibre 1000 Mbps.<br \/><strong>Autres<\/strong><br \/>hR emballage<br \/><strong>Dimensions<\/strong><br \/>44.5x45x4.5 cm.<br \/><strong>Poids<\/strong><br \/>8.00 Kg.<br \/><strong>Sp\u00e9cifications suppl\u00e9mentaires<\/strong><br \/>Le Cisco AIR-CT5760-HA-K9 est une variante du contr\u00f4leur sans fil Cisco 5700 Series, sp\u00e9cialement con\u00e7u pour garantir la haute disponibilit\u00e9 (HA) dans les r\u00e9seaux d&rsquo;entreprise. Ses principales caract\u00e9ristiques sont :<br \/><b>Fonctionnalit\u00e9s notables :<\/b><br \/><u>Haute disponibilit\u00e9 : <\/u>Permet la redondance dans une configuration active-veille, garantissant la continuit\u00e9 en cas de panne.<br \/><u>\u00c9volutivit\u00e9 :<\/u> Prend en charge jusqu&rsquo;\u00e0 1 000 points d&rsquo;acc\u00e8s et 12 000 clients, id\u00e9al pour les d\u00e9ploiements \u00e0 grande \u00e9chelle.<br \/><u>Connectivit\u00e9 :<\/u> Dispose de 8 ports Ethernet Gigabit \u00e0 g\u00e9rer trafic r\u00e9seau efficace.<br \/><u>Traitement :<\/u> Offre des performances optimis\u00e9es pour les r\u00e9seaux 802.11ac, en tirant parti de la puissance des services bas\u00e9s sur le mat\u00e9riel.<br \/><b>Sp\u00e9cifications techniques :<br \/><\/b><u>Dimensions : <\/u>17,3&Prime; x 19,9&Prime; x 1,75&Prime; (largeur, profondeur, hauteur)<br \/><u>Consommation \u00e9lectrique maximale :<\/u> 400 W<br \/><u>Redondance int\u00e9gr\u00e9e <\/u>: Oui<br \/>Ce mod\u00e8le est id\u00e9al pour les r\u00e9seaux d&rsquo;entreprise qui n\u00e9cessitent une infrastructure sans fil robuste avec des capacit\u00e9s de basculement.<b><br \/><\/b><br \/><strong>Commentaires<\/strong><br \/><u>1xRS232 &#8211; 1xMiniUSB &#8211; 1xemplacement d&rsquo;extension<\/u><\/p>\n","protected":false},"excerpt":{"rendered":"<p>Switch \u00b7 3x Ethernet 1000 Mbps. \u00b7 6x Fibre 1000 Mbps. \u00b7 Montage en rack \u00b7 <u>1xRS232 &#8211; 1xMiniUSB &#8211; 1xemplacement d&rsquo;extension<\/u><\/p>\n","protected":false},"featured_media":121677,"template":"","meta":[],"product_brand":[3477],"product_cat":[3217,80],"product_tag":[],"class_list":{"0":"post-121681","1":"product","2":"type-product","3":"status-publish","4":"has-post-thumbnail","6":"product_brand-cisco","7":"product_cat-networking-wireless-fr","8":"product_cat-networking-fr","10":"first","11":"instock","12":"taxable","13":"shipping-taxable","14":"purchasable","15":"product-type-simple"},"bundled_by":[],"bundle_stock_status":"instock","bundle_stock_quantity":1,"bundle_virtual":false,"bundle_layout":"","bundle_add_to_cart_form_location":"","bundle_editable_in_cart":false,"bundle_sold_individually_context":"","bundle_item_grouping":"","bundle_min_size":"","bundle_max_size":"","bundle_price":[],"bundled_items":[],"bundle_sell_ids":[],"exclude_global_add_ons":[],"addons":[],"df_price":347.27,"df_sale_price":"","df_regular_price":347.27,"df_image_link":"https:\/\/zoca.es\/wp-content\/uploads\/images\/product\/12485\/cisc00087_01-300x225.jpg","_links":{"self":[{"href":"https:\/\/zoca.es\/fr\/wp-json\/wp\/v2\/product\/121681","targetHints":{"allow":["GET"]}}],"collection":[{"href":"https:\/\/zoca.es\/fr\/wp-json\/wp\/v2\/product"}],"about":[{"href":"https:\/\/zoca.es\/fr\/wp-json\/wp\/v2\/types\/product"}],"wp:featuredmedia":[{"embeddable":true,"href":"https:\/\/zoca.es\/fr\/wp-json\/wp\/v2\/media\/121677"}],"wp:attachment":[{"href":"https:\/\/zoca.es\/fr\/wp-json\/wp\/v2\/media?parent=121681"}],"wp:term":[{"taxonomy":"product_brand","embeddable":true,"href":"https:\/\/zoca.es\/fr\/wp-json\/wp\/v2\/product_brand?post=121681"},{"taxonomy":"product_cat","embeddable":true,"href":"https:\/\/zoca.es\/fr\/wp-json\/wp\/v2\/product_cat?post=121681"},{"taxonomy":"product_tag","embeddable":true,"href":"https:\/\/zoca.es\/fr\/wp-json\/wp\/v2\/product_tag?post=121681"}],"curies":[{"name":"wp","href":"https:\/\/api.w.org\/{rel}","templated":true}]}}